{"id":11388,"date":"2025-07-25T08:27:22","date_gmt":"2025-07-25T06:27:22","guid":{"rendered":"https:\/\/youniquebyemilie.com\/produit\/you-ology-maschera-rinfrescante-alla-biocellulosa\/"},"modified":"2025-11-28T15:54:29","modified_gmt":"2025-11-28T14:54:29","slug":"you-ology-maschera-rinfrescante-alla-biocellulosa","status":"publish","type":"product","link":"https:\/\/youniquebyemilie.com\/it\/produit\/you-ology-maschera-rinfrescante-alla-biocellulosa\/","title":{"rendered":"YOU OLOGY maschera rinfrescante alla biocellulosa"},"content":{"rendered":"<p><span style=\"font-weight: 400;\">Hai la sensazione che la tua pelle abbia bisogno di una piccola spinta, ma non hai tempo per un trattamento termale? So esattamente come ti senti, ero nella stessa barca prima di imbattermi nel prodotto   <\/span><b>Maschera rinfrescante alla biocellulosa YOU-OLOGY<\/b><span style=\"font-weight: 400;\">.<\/span><\/p>\n<p><span style=\"font-weight: 400;\">Questa maschera \u00e8 il momento di relax definitivo. In soli   <\/span><b>15 minuti<\/b><span style=\"font-weight: 400;\">Idrata intensamente e rinfresca la mia pelle. Si applica da solo e non devi fare altro che rilassarti.  \u00c8  <\/span><b>morbido<\/b><span style=\"font-weight: 400;\">Inoltre, la biocellulosa aiuta gli ingredienti attivi a diffondersi pi\u00f9 facilmente, donando alla mia pelle un&#8217;idratazione istantanea. Niente pi\u00f9 pelle stanca e spenta, solo un incarnato radioso e rinfrescato. Ogni applicazione mi d\u00e0 la sensazione di aver trascorso un momento alle terme, ma senza la fatica di farlo.  <\/span><\/p>\n<p>&nbsp;<\/p>\n<h2><span style=\"font-weight: 400;\">Perch\u00e9 ti piacer\u00e0:<\/span><\/h2>\n<ul>\n<li style=\"font-weight: 400;\" aria-level=\"1\"><b>Idratazione istantanea<\/b><span style=\"font-weight: 400;\"> Il 93% degli utenti ha notato che la pelle era immediatamente pi\u00f9 idratata dopo soli 15 minuti.<\/span><\/li>\n<li style=\"font-weight: 400;\" aria-level=\"1\"><b>Pelle pi\u00f9 morbida e liscia<\/b><span style=\"font-weight: 400;\"> La tua pelle sar\u00e0 visibilmente pi\u00f9 liscia e morbida, pronta per la tua prossima routine.<\/span><\/li>\n<li style=\"font-weight: 400;\" aria-level=\"1\"><b>Rinfresco immediato<\/b><span style=\"font-weight: 400;\"> In soli 15 minuti potrai sentire una freschezza lenitiva e una pelle rivitalizzata.<\/span><\/li>\n<li style=\"font-weight: 400;\" aria-level=\"1\"><b>Luminosit\u00e0 naturale<\/b><span style=\"font-weight: 400;\"> L&#8217;87% degli utenti ha dichiarato di avere una pelle pi\u00f9 luminosa dopo aver usato la maschera.<\/span><\/li>\n<li style=\"font-weight: 400;\" aria-level=\"1\"><b>Un trattamento veloce<\/b><span style=\"font-weight: 400;\"> Non c&#8217;\u00e8 bisogno di passare ore a prendersi cura della propria pelle: questa maschera fa il suo lavoro in un attimo.<\/span><\/li>\n<li style=\"font-weight: 400;\" aria-level=\"1\"><b>Rispettoso della pelle e dell&#8217;ambiente<\/b><span style=\"font-weight: 400;\"> La confezione \u00e8 rispettosa del pianeta e la formula \u00e8 delicata per la tua pelle.<\/span><\/li>\n<\/ul>\n<p>&nbsp;<\/p>\n<h2><span style=\"font-weight: 400;\">Gli ingredienti che fanno la differenza:<\/span><\/h2>\n<ul>\n<li style=\"font-weight: 400;\" aria-level=\"1\"><b>Ialuronato di sodio<\/b><span style=\"font-weight: 400;\"> Ialuronato di sodio: attira l&#8217;umidit\u00e0 e aumenta l&#8217;idratazione per una pelle pi\u00f9 tonica e fresca.<\/span><\/li>\n<li style=\"font-weight: 400;\" aria-level=\"1\"><b>Vitamina C (acido etilico ascorbico 3-O)<\/b><span style=\"font-weight: 400;\"> Un potente antiossidante che illumina l&#8217;incarnato e stimola la produzione di collagene.<\/span><\/li>\n<li style=\"font-weight: 400;\" aria-level=\"1\"><b>Pantenolo (vitamina B5)<\/b><span style=\"font-weight: 400;\"> Un idratante naturale che mantiene la pelle morbida e lenisce le irritazioni.<\/span><\/li>\n<li style=\"font-weight: 400;\" aria-level=\"1\"><b>Estratto di foglie di Aloe Barbadensis<\/b><span style=\"font-weight: 400;\"> Idrata e rinfresca, fornendo un&#8217;immediata sensazione di freschezza.<\/span><\/li>\n<li style=\"font-weight: 400;\" aria-level=\"1\"><b>Glicerina<\/b><span style=\"font-weight: 400;\"> Aiuta a trattenere l&#8217;umidit\u00e0, lasciando la pelle morbida e liscia.<\/span><\/li>\n<\/ul>\n<p>&nbsp;<\/p>\n<h2><span style=\"font-weight: 400;\">Come usarlo facilmente:<\/span><\/h2>\n<ol>\n<li style=\"font-weight: 400;\" aria-level=\"1\"><span style=\"font-weight: 400;\">Apri la confezione e rimuovi con cura la maschera.<\/span>&nbsp;<\/li>\n<li style=\"font-weight: 400;\" aria-level=\"1\"><span style=\"font-weight: 400;\">Applicalo sul viso pulito e asciutto, adattandolo alla forma del viso.<\/span>&nbsp;<\/li>\n<li style=\"font-weight: 400;\" aria-level=\"1\"><span style=\"font-weight: 400;\">Lasciare agire per <\/span><b>10-15 minuti<\/b><span style=\"font-weight: 400;\">Poi rimuovi la maschera.<\/span>&nbsp;<\/li>\n<li style=\"font-weight: 400;\" aria-level=\"1\"><span style=\"font-weight: 400;\">Massaggia via il prodotto in eccesso per un assorbimento completo e continua la tua routine di cura della pelle.<\/span>&nbsp;<\/li>\n<\/ol>\n<p><span style=\"font-weight: 400;\">Vuoi un incarnato fresco e rivitalizzato in soli 15 minuti? Aggiungilo subito al tuo carrello e goditi l&#8217;idratazione e la freschezza istantanee! <\/span><\/p>\n<p>&nbsp;<\/p>\n<h2><span style=\"font-weight: 400;\">FAQ : Maschera rinfrescante alla biocellulosa YOU-OLOGY<\/span><\/h2>\n<ol>\n<li><b>  Questa maschera \u00e8 adatta alla pelle sensibile?<\/b><b><br \/>\n<\/b><span style=\"font-weight: 400;\">  S\u00ec, \u00e8 stato appositamente studiato per le pelli sensibili. Il suo involucro di biocellulosa \u00e8 ultra delicato e non irrita nemmeno la pelle pi\u00f9 delicata. <\/span><\/li>\n<li><b>  Quante volte a settimana posso usare questa maschera?<\/b><b><br \/>\n<\/b><span style=\"font-weight: 400;\">  Ti consiglio di usarlo una o due volte a settimana per dare alla tua pelle la massima freschezza e idratazione. \u00c8 perfetto per dare alla pelle una spinta dopo una giornata faticosa. <\/span><\/li>\n<li><b>  Questa maschera \u00e8 adatta alle pelli mature?<\/b><b><br \/>\n<\/b><span style=\"font-weight: 400;\">  Assolutamente s\u00ec! Grazie alle sue propriet\u00e0 idratanti e rivitalizzanti, \u00e8 particolarmente indicato per le pelli mature che hanno bisogno di una spinta di luminosit\u00e0 e idratazione. <\/span><\/li>\n<li><b>  Posso usarlo come sostituto della mia crema idratante?<\/b><b><br \/>\n<\/b><span style=\"font-weight: 400;\">  Questa maschera \u00e8 il complemento perfetto per la tua routine di cura della pelle. Anche se fornisce un&#8217;idratazione profonda, ti consigliamo di usarla insieme alla tua crema idratante per massimizzarne gli effetti. <\/span><\/li>\n<li><b>  La maschera pu\u00f2 essere utilizzata per il contorno occhi?<\/b><b><br \/>\n<\/b><span style=\"font-weight: 400;\">  Puoi usarlo sul contorno occhi, ma fai attenzione ad evitare il contatto diretto con gli occhi. Se il prodotto entra in contatto con gli occhi, risciacqua accuratamente con acqua pulita. <\/span><\/li>\n<li><b>  Questa maschera rimuove il trucco?<\/b><b><br \/>\n<\/b><span style=\"font-weight: 400;\">  Questa maschera \u00e8 pensata per idratare e rivitalizzare la pelle, ma non sostituisce uno struccante. Per ottenere risultati migliori, usala dopo aver rimosso il trucco. <\/span><\/li>\n<li><b>  Posso usare questa maschera prima o dopo un siero?<\/b><b><br \/>\n<\/b><span style=\"font-weight: 400;\">  Puoi usarlo dopo il siero per aumentare l&#8217;idratazione e massimizzare l&#8217;effetto del prodotto per la pelle. Pu\u00f2 anche essere usato prima per idratare e preparare la pelle prima di applicare altri prodotti per la cura della pelle. <\/span><\/li>\n<\/ol>\n<p><span style=\"font-weight: 400;\">La tua pelle ti ringrazier\u00e0! Aggiungi questa maschera idratante al tuo carrello e scoprirai una pelle pi\u00f9 luminosa in pochi minuti!   <\/span><b>15 minuti<\/b><span style=\"font-weight: 400;\">.<\/span><\/p>\n<p>&nbsp;<\/p>\n","protected":false},"excerpt":{"rendered":"<p><span style=\"font-weight: 400;\">Hai la sensazione che la tua pelle abbia bisogno di una piccola spinta, ma non hai tempo per un trattamento termale? So esattamente come ti senti, ero nella stessa barca prima di imbattermi nel prodotto   <\/span><b>Maschera rinfrescante alla biocellulosa YOU-OLOGY<\/b><span style=\"font-weight: 400;\">.<\/span><\/p>\n<p><span style=\"font-weight: 400;\">Questa maschera \u00e8 il momento di relax definitivo. In soli   <\/span><b>15 minuti<\/b><span style=\"font-weight: 400;\">Idrata intensamente e rinfresca la mia pelle. Si applica da solo e non devi fare altro che rilassarti.  \u00c8  <\/span><b>morbido<\/b><span style=\"font-weight: 400;\">Inoltre, la biocellulosa aiuta gli ingredienti attivi a diffondersi pi\u00f9 facilmente, donando alla mia pelle un&#8217;idratazione istantanea. Niente pi\u00f9 pelle stanca e spenta, solo un incarnato radioso e rinfrescato. Ogni applicazione mi d\u00e0 la sensazione di aver trascorso un momento alle terme, ma senza la fatica di farlo.  <\/span><\/p>\n","protected":false},"featured_media":11768,"comment_status":"open","ping_status":"closed","template":"","meta":{"_seopress_robots_primary_cat":"none","_seopress_titles_title":"","_seopress_titles_desc":"","_seopress_robots_index":"","site-sidebar-layout":"default","site-content-layout":"","ast-site-content-layout":"default","site-content-style":"default","site-sidebar-style":"default","ast-global-header-display":"","ast-banner-title-visibility":"","ast-main-header-display":"","ast-hfb-above-header-display":"","ast-hfb-below-header-display":"","ast-hfb-mobile-header-display":"","site-post-title":"","ast-breadcrumbs-content":"","ast-featured-img":"","footer-sml-layout":"","ast-disable-related-posts":"","theme-transparent-header-meta":"default","adv-header-id-meta":"","stick-header-meta":"","header-above-stick-meta":"","header-main-stick-meta":"","header-below-stick-meta":"","astra-migrate-meta-layouts":"default","ast-page-background-enabled":"default","ast-page-background-meta":{"desktop":{"background-color":"var(--ast-global-color-4)","background-image":"","background-repeat":"repeat","background-position":"center center","background-size":"auto","background-attachment":"scroll","background-type":"","background-media":"","overlay-type":"","overlay-color":"","overlay-opacity":"","overlay-gradient":""},"tablet":{"background-color":"","background-image":"","background-repeat":"repeat","background-position":"center center","background-size":"auto","background-attachment":"scroll","background-type":"","background-media":"","overlay-type":"","overlay-color":"","overlay-opacity":"","overlay-gradient":""},"mobile":{"background-color":"","background-image":"","background-repeat":"repeat","background-position":"center center","background-size":"auto","background-attachment":"scroll","background-type":"","background-media":"","overlay-type":"","overlay-color":"","overlay-opacity":"","overlay-gradient":""}},"ast-content-background-meta":{"desktop":{"background-color":"var(--ast-global-color-5)","background-image":"","background-repeat":"repeat","background-position":"center center","background-size":"auto","background-attachment":"scroll","background-type":"","background-media":"","overlay-type":"","overlay-color":"","overlay-opacity":"","overlay-gradient":""},"tablet":{"background-color":"var(--ast-global-color-5)","background-image":"","background-repeat":"repeat","background-position":"center center","background-size":"auto","background-attachment":"scroll","background-type":"","background-media":"","overlay-type":"","overlay-color":"","overlay-opacity":"","overlay-gradient":""},"mobile":{"background-color":"var(--ast-global-color-5)","background-image":"","background-repeat":"repeat","background-position":"center center","background-size":"auto","background-attachment":"scroll","background-type":"","background-media":"","overlay-type":"","overlay-color":"","overlay-opacity":"","overlay-gradient":""}}},"product_brand":[],"product_cat":[109],"product_tag":[],"class_list":{"0":"post-11388","1":"product","2":"type-product","3":"status-publish","4":"has-post-thumbnail","6":"product_cat-la-pelle","7":"desktop-align-left","8":"tablet-align-left","9":"mobile-align-left","11":"first","12":"instock","13":"sale","14":"shipping-taxable","15":"product-type-external"},"_links":{"self":[{"href":"https:\/\/youniquebyemilie.com\/it\/wp-json\/wp\/v2\/product\/11388","targetHints":{"allow":["GET"]}}],"collection":[{"href":"https:\/\/youniquebyemilie.com\/it\/wp-json\/wp\/v2\/product"}],"about":[{"href":"https:\/\/youniquebyemilie.com\/it\/wp-json\/wp\/v2\/types\/product"}],"replies":[{"embeddable":true,"href":"https:\/\/youniquebyemilie.com\/it\/wp-json\/wp\/v2\/comments?post=11388"}],"wp:featuredmedia":[{"embeddable":true,"href":"https:\/\/youniquebyemilie.com\/it\/wp-json\/wp\/v2\/media\/11768"}],"wp:attachment":[{"href":"https:\/\/youniquebyemilie.com\/it\/wp-json\/wp\/v2\/media?parent=11388"}],"wp:term":[{"taxonomy":"product_brand","embeddable":true,"href":"https:\/\/youniquebyemilie.com\/it\/wp-json\/wp\/v2\/product_brand?post=11388"},{"taxonomy":"product_cat","embeddable":true,"href":"https:\/\/youniquebyemilie.com\/it\/wp-json\/wp\/v2\/product_cat?post=11388"},{"taxonomy":"product_tag","embeddable":true,"href":"https:\/\/youniquebyemilie.com\/it\/wp-json\/wp\/v2\/product_tag?post=11388"}],"curies":[{"name":"wp","href":"https:\/\/api.w.org\/{rel}","templated":true}]}}