{"id":11534,"date":"2025-07-24T16:27:37","date_gmt":"2025-07-24T14:27:37","guid":{"rendered":"https:\/\/youniquebyemilie.com\/produit\/maschera-contorno-occhi-you-ology\/"},"modified":"2025-07-24T16:27:37","modified_gmt":"2025-07-24T14:27:37","slug":"maschera-contorno-occhi-you-ology","status":"publish","type":"product","link":"https:\/\/youniquebyemilie.com\/it\/produit\/maschera-contorno-occhi-you-ology\/","title":{"rendered":"Maschera contorno occhi YOU-OLOGY"},"content":{"rendered":"<p><span style=\"font-weight: 400;\">Hai presente quelle mattine in cui i tuoi occhi mostrano segni di stanchezza, gonfiore e quel colorito spento che ti fa sentire a disagio? Questa era la mia routine quotidiana fino a quando non ho provato la maschera per il contorno occhi YOU-OLOGY. Visita    <\/span><b>10-15 minuti<\/b><span style=\"font-weight: 400;\"> mi ha dato quella magica spinta di luminosit\u00e0: pelle pi\u00f9 liscia <\/span><b>pelle pi\u00f9 liscia<\/b><span style=\"font-weight: 400;\">, <\/span><b>idratata <\/b><span style=\"font-weight: 400;\">e <\/span><b>luminosa<\/b><span style=\"font-weight: 400;\">pronto ad affrontare la giornata. La parte migliore? Non lascia una pellicola untuosa, quindi posso truccarmi subito.  <\/span><\/p>\n<h2><span style=\"font-weight: 400;\">Cosa ottieni con la maschera YOU-OLOGY<\/span><\/h2>\n<ul>\n<li style=\"font-weight: 400;\" aria-level=\"1\"><b>Occhi visibilmente pi\u00f9 freschi e riposati<\/b><span style=\"font-weight: 400;\">anche dopo una notte breve o una giornata stressante.<\/span><\/li>\n<li style=\"font-weight: 400;\" aria-level=\"1\"><b>Pelle morbida e lenita<\/b><span style=\"font-weight: 400;\"> grazie alla camomilla e all&#8217;idrogel.<\/span><\/li>\n<li style=\"font-weight: 400;\" aria-level=\"1\"><b>Idratazione intensa<\/b><span style=\"font-weight: 400;\"> che riduce le linee sottili e l&#8217;aspetto delle borse grazie alla caffeina e allo ialuronato di sodio.<\/span><\/li>\n<li style=\"font-weight: 400;\" aria-level=\"1\"><b>Una carnagione radiosa<\/b><span style=\"font-weight: 400;\"> potenziato da<\/span><b> vitamina C<\/b><span style=\"font-weight: 400;\"> e <\/span><b>niacinamide<\/b><span style=\"font-weight: 400;\">per illuminare il contorno occhi.<\/span><\/li>\n<li style=\"font-weight: 400;\" aria-level=\"1\"><b>Un modo semplice e veloce per rilassarsi<\/b><span style=\"font-weight: 400;\">ideale per gli impegni.<\/span><\/li>\n<\/ul>\n<h2><span style=\"font-weight: 400;\">Come usare la tua maschera YOU-OLOGY come un professionista<\/span><\/h2>\n<ol>\n<li style=\"font-weight: 400;\" aria-level=\"1\"><span style=\"font-weight: 400;\">Appoggia delicatamente la maschera sotto gli occhi, premendo per farla aderire bene.<\/span><\/li>\n<li style=\"font-weight: 400;\" aria-level=\"1\"><span style=\"font-weight: 400;\">Lascia agire per<\/span><b> per 10-15 minuti<\/b><span style=\"font-weight: 400;\"> mentre ti prepari o ti rilassi.<\/span><\/li>\n<li style=\"font-weight: 400;\" aria-level=\"1\"><span style=\"font-weight: 400;\">Rimuovi la maschera e massaggia delicatamente il siero in eccesso sulla pelle.<\/span><\/li>\n<li style=\"font-weight: 400;\" aria-level=\"1\"><span style=\"font-weight: 400;\">Segui con la crema per il contorno occhi o con la tua routine abituale.<\/span><\/li>\n<\/ol>\n<h2><span style=\"font-weight: 400;\">Perch\u00e9 la maschera YOU-OLOGY \u00e8 un must have<\/span><\/h2>\n<p><b><br \/>\n<\/b> <span style=\"font-weight: 400;\"> Questa maschera \u00e8 pi\u00f9 di una semplice spinta: \u00e8 formulata con ingredienti delicati, efficaci e naturali che rispettano la tua pelle sensibile.<\/span><b> 91% degli utenti<\/b><span style=\"font-weight: 400;\"> Per me \u00e8 diventata un must prima di ogni riunione importante o quando sento che la mia pelle manca di energia.<\/span><\/p>\n<h2><span style=\"font-weight: 400;\">FAQ: Tutto quello che devi sapere sulla tua maschera per gli occhi YOU-OLOGY<\/span><\/h2>\n<ol>\n<li><b>  Perch\u00e9 usare una maschera per il contorno occhi invece di una crema classica?<\/b><b><br \/>\n<\/b><span style=\"font-weight: 400;\">  La maschera offre una maggiore concentrazione di principi attivi, un&#8217;idratazione intensa e un effetto rinfrescante immediato. Agisce in profondit\u00e0 in soli 10-15 minuti, mentre una crema agisce pi\u00f9 lentamente a lungo termine. <\/span><\/li>\n<li><b>  Qual \u00e8 la frequenza di utilizzo migliore per ottenere un effetto ottimale?<\/b><b><br \/>\n<\/b> <span style=\"font-weight: 400;\"> Puoi usarlo <\/span><b>2 o 3 volte a settimana <\/b> <span style=\"font-weight: 400;\">per una spinta intensa, o come necessario prima di un evento importante o quando la pelle \u00e8 stanca. Usato regolarmente, aiuta a mantenere un contorno occhi idratato e luminoso. <\/span><\/li>\n<li><b>  La maschera per il contorno occhi YOU-OLOGY pu\u00f2 essere utilizzata anche su altre zone del viso?<\/b><b><br \/>\n<\/b><span style=\"font-weight: 400;\">  Questa maschera \u00e8 stata formulata appositamente per la delicata zona del contorno occhi. Per le altre zone, utilizza maschere appositamente studiate o i sieri YOU-OLOGY per una cura della pelle mirata. <\/span><\/li>\n<li><b>  La maschera \u00e8 adatta alle pelli sensibili e reattive?<\/b><b><br \/>\n<\/b><span style=\"font-weight: 400;\">  S\u00ec, grazie alla sua formula non grassa e delicata, ricca di camomilla e idrogel lenitivi, \u00e8 ideale anche per le pelli sensibili o soggette ad arrossamenti.<\/span><\/li>\n<li><b>  Come ci si sente dopo l&#8217;applicazione?<\/b><b><br \/>\n<\/b><span style=\"font-weight: 400;\">  La maschera offre un&#8217;immediata sensazione di freschezza, allevia la tensione e lascia la pelle morbida, elastica e lenita.<\/span><\/li>\n<\/ol>\n<p><span style=\"font-weight: 400;\">Occhi freschi e luminosi, pronti ad affrontare la giornata? Basta un click! Ordina la tua maschera YOU-OLOGY e sentirai subito la differenza.  <\/span><\/p>\n","protected":false},"excerpt":{"rendered":"<p><span style=\"font-weight: 400;\">Hai presente quelle mattine in cui i tuoi occhi mostrano segni di stanchezza, gonfiore e quel colorito spento che ti fa sentire a disagio? Questa era la mia routine quotidiana fino a quando non ho provato la maschera per il contorno occhi YOU-OLOGY. Visita    <\/span><b>10-15 minuti<\/b><span style=\"font-weight: 400;\"> mi ha dato quella magica spinta di luminosit\u00e0: pelle pi\u00f9 liscia <\/span><b>pelle pi\u00f9 liscia<\/b><span style=\"font-weight: 400;\">, <\/span><b>idratata <\/b><span style=\"font-weight: 400;\">e <\/span><b>luminosa<\/b><span style=\"font-weight: 400;\">pronto ad affrontare la giornata. La parte migliore? Non lascia una pellicola untuosa, quindi posso truccarmi subito.  <\/span><\/p>\n","protected":false},"featured_media":11540,"comment_status":"open","ping_status":"closed","template":"","meta":{"_seopress_robots_primary_cat":"none","_seopress_titles_title":"","_seopress_titles_desc":"","_seopress_robots_index":"","site-sidebar-layout":"default","site-content-layout":"","ast-site-content-layout":"default","site-content-style":"default","site-sidebar-style":"default","ast-global-header-display":"","ast-banner-title-visibility":"","ast-main-header-display":"","ast-hfb-above-header-display":"","ast-hfb-below-header-display":"","ast-hfb-mobile-header-display":"","site-post-title":"","ast-breadcrumbs-content":"","ast-featured-img":"","footer-sml-layout":"","ast-disable-related-posts":"","theme-transparent-header-meta":"default","adv-header-id-meta":"","stick-header-meta":"","header-above-stick-meta":"","header-main-stick-meta":"","header-below-stick-meta":"","astra-migrate-meta-layouts":"default","ast-page-background-enabled":"default","ast-page-background-meta":{"desktop":{"background-color":"var(--ast-global-color-4)","background-image":"","background-repeat":"repeat","background-position":"center center","background-size":"auto","background-attachment":"scroll","background-type":"","background-media":"","overlay-type":"","overlay-color":"","overlay-opacity":"","overlay-gradient":""},"tablet":{"background-color":"","background-image":"","background-repeat":"repeat","background-position":"center center","background-size":"auto","background-attachment":"scroll","background-type":"","background-media":"","overlay-type":"","overlay-color":"","overlay-opacity":"","overlay-gradient":""},"mobile":{"background-color":"","background-image":"","background-repeat":"repeat","background-position":"center center","background-size":"auto","background-attachment":"scroll","background-type":"","background-media":"","overlay-type":"","overlay-color":"","overlay-opacity":"","overlay-gradient":""}},"ast-content-background-meta":{"desktop":{"background-color":"var(--ast-global-color-5)","background-image":"","background-repeat":"repeat","background-position":"center center","background-size":"auto","background-attachment":"scroll","background-type":"","background-media":"","overlay-type":"","overlay-color":"","overlay-opacity":"","overlay-gradient":""},"tablet":{"background-color":"var(--ast-global-color-5)","background-image":"","background-repeat":"repeat","background-position":"center center","background-size":"auto","background-attachment":"scroll","background-type":"","background-media":"","overlay-type":"","overlay-color":"","overlay-opacity":"","overlay-gradient":""},"mobile":{"background-color":"var(--ast-global-color-5)","background-image":"","background-repeat":"repeat","background-position":"center center","background-size":"auto","background-attachment":"scroll","background-type":"","background-media":"","overlay-type":"","overlay-color":"","overlay-opacity":"","overlay-gradient":""}}},"product_brand":[],"product_cat":[94],"product_tag":[],"class_list":{"0":"post-11534","1":"product","2":"type-product","3":"status-publish","4":"has-post-thumbnail","6":"product_cat-occhi","7":"desktop-align-left","8":"tablet-align-left","9":"mobile-align-left","11":"first","12":"instock","13":"sale","14":"shipping-taxable","15":"product-type-external"},"_links":{"self":[{"href":"https:\/\/youniquebyemilie.com\/it\/wp-json\/wp\/v2\/product\/11534","targetHints":{"allow":["GET"]}}],"collection":[{"href":"https:\/\/youniquebyemilie.com\/it\/wp-json\/wp\/v2\/product"}],"about":[{"href":"https:\/\/youniquebyemilie.com\/it\/wp-json\/wp\/v2\/types\/product"}],"replies":[{"embeddable":true,"href":"https:\/\/youniquebyemilie.com\/it\/wp-json\/wp\/v2\/comments?post=11534"}],"wp:featuredmedia":[{"embeddable":true,"href":"https:\/\/youniquebyemilie.com\/it\/wp-json\/wp\/v2\/media\/11540"}],"wp:attachment":[{"href":"https:\/\/youniquebyemilie.com\/it\/wp-json\/wp\/v2\/media?parent=11534"}],"wp:term":[{"taxonomy":"product_brand","embeddable":true,"href":"https:\/\/youniquebyemilie.com\/it\/wp-json\/wp\/v2\/product_brand?post=11534"},{"taxonomy":"product_cat","embeddable":true,"href":"https:\/\/youniquebyemilie.com\/it\/wp-json\/wp\/v2\/product_cat?post=11534"},{"taxonomy":"product_tag","embeddable":true,"href":"https:\/\/youniquebyemilie.com\/it\/wp-json\/wp\/v2\/product_tag?post=11534"}],"curies":[{"name":"wp","href":"https:\/\/api.w.org\/{rel}","templated":true}]}}