{"id":11607,"date":"2025-07-24T15:57:35","date_gmt":"2025-07-24T13:57:35","guid":{"rendered":"https:\/\/youniquebyemilie.com\/produit\/matita-per-occhi-moodstruck-precision\/"},"modified":"2025-07-24T15:57:35","modified_gmt":"2025-07-24T13:57:35","slug":"matita-per-occhi-moodstruck-precision","status":"publish","type":"product","link":"https:\/\/youniquebyemilie.com\/it\/produit\/matita-per-occhi-moodstruck-precision\/","title":{"rendered":"Matita per occhi MOODSTRUCK PRECISION"},"content":{"rendered":"<p><span style=\"font-weight: 400;\">Sai, ho sempre avuto problemi con <\/span><b>eyeliner<\/b><span style=\"font-weight: 400;\">. Una mano tremolante, linee irregolari. In breve, non era il massimo. Ma dato che ho testato il c  <\/span><b>Scaffale MOODSTRUCK PRECISION,<\/b><span style=\"font-weight: 400;\">  \u00e8 un gioco da ragazzi. Questa matita ultra precisa scivola in modo fluido e ti permette di tracciare linee nette, sia sottili per un look naturale che pi\u00f9 spesse per un look smoky decisamente sexy. La parte migliore?    <\/span><b>Dura davvero tutto il giorno,<\/b><span style=\"font-weight: 400;\">  anche se sei in modalit\u00e0 maratona. Se anche tu sei stanco delle bave, lo adorerai. <\/span><\/p>\n<h2><span style=\"font-weight: 400;\">Cosa ottieni con la matita MOODSTRUCK PRECISION<\/span><\/h2>\n<ul>\n<li style=\"font-weight: 400;\" aria-level=\"1\"><b>Pigmentazione ultra-intensa<\/b><span style=\"font-weight: 400;\"> che veste i tuoi occhi di nero profondo o di tonalit\u00e0 ricche per un effetto wow istantaneo.<\/span><\/li>\n<li style=\"font-weight: 400;\" aria-level=\"1\"><b>Una texture morbida e fluida<\/b><span style=\"font-weight: 400;\"> scivola sulla pelle senza strofinare, perfetta anche per chi \u00e8 alle prime armi con il make-up.<\/span><\/li>\n<li style=\"font-weight: 400;\" aria-level=\"1\"><b>Una linea precisa e regolabile<\/b><span style=\"font-weight: 400;\"> Da linee sottili e naturali a un drammatico eyeliner fumoso, la scelta \u00e8 tua.<\/span><\/li>\n<li style=\"font-weight: 400;\" aria-level=\"1\"><b>Tenuta a lunga durata<\/b><span style=\"font-weight: 400;\"> resiste a sudore, lacrime e giornate intense, senza sbavature o ritocchi.<\/span><\/li>\n<li style=\"font-weight: 400;\" aria-level=\"1\"><b>Un tappo dal design intelligente<\/b><span style=\"font-weight: 400;\"> che mantiene la punta fresca e impedisce che si secchi, per non perdere mai la qualit\u00e0.<\/span><\/li>\n<li style=\"font-weight: 400;\" aria-level=\"1\"><b>Una formula delicata<\/b><span style=\"font-weight: 400;\"> che rispetta la pelle sensibile del contorno occhi, senza compromettere le prestazioni.<\/span><\/li>\n<\/ul>\n<h2><span style=\"font-weight: 400;\">Come usare la matita MOODSTRUCK PRECISION per un look da urlo<\/span><\/h2>\n<ul>\n<li style=\"font-weight: 400;\" aria-level=\"1\"><span style=\"font-weight: 400;\">Affila la punta della matita per ottenere la massima precisione (un temperamatite per il trucco \u00e8 l&#8217;ideale).<\/span><\/li>\n<li style=\"font-weight: 400;\" aria-level=\"1\"><span style=\"font-weight: 400;\">Traccia una linea lungo la radice delle ciglia superiori, dall&#8217;angolo interno a quello esterno.<\/span><\/li>\n<li style=\"font-weight: 400;\" aria-level=\"1\"><span style=\"font-weight: 400;\">Regola lo spessore della linea in base al tuo umore: sottile per il giorno, pi\u00f9 spessa per la sera.<\/span><\/li>\n<li style=\"font-weight: 400;\" aria-level=\"1\"><span style=\"font-weight: 400;\">Per uno <\/span><b>occhio fumoso<\/b><span style=\"font-weight: 400;\">Per uno smoky eye, sfuma delicatamente la linea con un pennello da sfumatura o con le dita, subito dopo l&#8217;applicazione.<\/span><\/li>\n<li style=\"font-weight: 400;\" aria-level=\"1\"><span style=\"font-weight: 400;\">Se lo desideri, traccia una linea sottile lungo le ciglia inferiori per un effetto pi\u00f9 intenso.<\/span><\/li>\n<li style=\"font-weight: 400;\" aria-level=\"1\"><span style=\"font-weight: 400;\">Rimetti sempre il cappuccio ben stretto per preservare la qualit\u00e0 della tua matita.<\/span><\/li>\n<\/ul>\n<h2><span style=\"font-weight: 400;\">Perch\u00e9 questa matita \u00e8 un must del tuo kit<\/span><\/h2>\n<p><span style=\"font-weight: 400;\">Questa matita \u00e8 la combinazione perfetta: <\/span><b>colore intenso<\/b><span style=\"font-weight: 400;\">,<\/span><b> facile applicazione<\/b><span style=\"font-weight: 400;\">e<\/span><b> tenuta concreta<\/b><span style=\"font-weight: 400;\">. Con questo sistema, il tuo make-up rimane inalterato senza che tu debba pensarci. Ti piacer\u00e0. La sua texture fluida e la sua pigmentazione fanno la differenza, anche quando hai poco tempo.    <\/span><\/p>\n<p><span style=\"font-weight: 400;\">E poich\u00e9 sappiamo che la pelle del contorno occhi \u00e8 delicata, la sua formula rispetta la tua sensibilit\u00e0. Aggiungi la matita MOODSTRUCK PRECISION al tuo kit e trasforma il tuo look in un batter d&#8217;occhio! <\/span><\/p>\n<h2><span style=\"font-weight: 400;\">FAQ: Tutto quello che devi sapere sulla tua matita occhi MOODSTRUCK PRECISION<\/span><\/h2>\n<ol>\n<li style=\"font-weight: 400;\" aria-level=\"1\"><b>MOODSTRUCK PRECISION \u00e8 adatto agli occhi sensibili?<\/b><b><br \/>\n<\/b><span style=\"font-weight: 400;\">  S\u00ec, la sua formula delicata \u00e8 stata appositamente studiata per ridurre al minimo il rischio di irritazione, rendendolo ideale anche per gli occhi sensibili e per chi porta le lenti a contatto.<\/span><\/li>\n<li style=\"font-weight: 400;\" aria-level=\"1\"><b>Questa matita pu\u00f2 essere utilizzata per delineare l&#8217;interno della palpebra?<\/b><b><br \/>\n<\/b><span style=\"font-weight: 400;\">  S\u00ec, \u00e8 abbastanza delicato e preciso da poter essere applicato sulla linea interna delle ciglia senza bruciare o seccare.<\/span><\/li>\n<li style=\"font-weight: 400;\" aria-level=\"1\"><b>MOODSTRUCK PRECISION \u00e8 impermeabile?<\/b><b><br \/>\n<\/b><span style=\"font-weight: 400;\">  \u00c8 altamente resistente al sudore, alle lacrime e all&#8217;umidit\u00e0, ma \u00e8 consigliabile evitare di sfregare intensamente per prolungarne la tenuta.<\/span><\/li>\n<li style=\"font-weight: 400;\" aria-level=\"1\"><b>Posso combinare questa matita con altri prodotti YOUNIQUE per ottenere un look completo?<\/b><b><br \/>\n<\/b><span style=\"font-weight: 400;\">  In assoluto, si abbina perfettamente al mascara MOODSTRUCK EPIC e all&#8217;ombretto compatto MOODSTRUCK per un make-up armonioso.<\/span><\/li>\n<li style=\"font-weight: 400;\" aria-level=\"1\"><b>Quali sono i colori disponibili per la matita MOODSTRUCK PRECISION?<\/b><b><br \/>\n<\/b><span style=\"font-weight: 400;\">  Puoi scegliere tra quattro tonalit\u00e0 essenziali:<\/span><\/li>\n<\/ol>\n<ul>\n<li style=\"font-weight: 400;\" aria-level=\"1\"><i><span style=\"font-weight: 400;\">Perfetto<\/span><\/i><span style=\"font-weight: 400;\"> - Nero intenso, per occhi profondi e intensi<\/span><\/li>\n<li style=\"font-weight: 400;\" aria-level=\"1\"><i><span style=\"font-weight: 400;\">Corretto<\/span><\/i><span style=\"font-weight: 400;\"> - Cioccolato fondente, per un look caldo e naturale<\/span><\/li>\n<li style=\"font-weight: 400;\" aria-level=\"1\"><i><span style=\"font-weight: 400;\">Prevalente<\/span><\/i><span style=\"font-weight: 400;\"> - Marrone, perfetto per un make-up sottile e quotidiano<\/span><\/li>\n<li style=\"font-weight: 400;\" aria-level=\"1\"><i><span style=\"font-weight: 400;\">Prevalente<\/span><\/i><span style=\"font-weight: 400;\"> - Marrone (edizione esclusiva), una tonalit\u00e0 unica da scoprire<\/span><\/li>\n<\/ul>\n<p><span style=\"font-weight: 400;\">Sei pronto a dire addio ai ritocchi? Scegli la tua matita MOODSTRUCK PRECISION, aggiungila al carrello e scopri la magia di un tratto preciso e intenso che dura da mattina a sera. Non esitare, questo \u00e8 il momento di bellezza di cui hai bisogno!  <\/span><\/p>\n","protected":false},"excerpt":{"rendered":"<p><span style=\"font-weight: 400;\">Sai, ho sempre avuto problemi con <\/span><b>eyeliner<\/b><span style=\"font-weight: 400;\">. Una mano tremolante, linee irregolari. In breve, non era il massimo. Ma dato che ho testato il c  <\/span><b>Scaffale MOODSTRUCK PRECISION,<\/b><span style=\"font-weight: 400;\">  \u00e8 un gioco da ragazzi. Questa matita ultra precisa scivola in modo fluido e ti permette di tracciare linee nette, sia sottili per un look naturale che pi\u00f9 spesse per un look smoky decisamente sexy. La parte migliore?    <\/span><b>Dura davvero tutto il giorno,<\/b><span style=\"font-weight: 400;\">  anche se sei in modalit\u00e0 maratona. Se anche tu sei stanco delle bave, lo adorerai. <\/span><\/p>\n","protected":false},"featured_media":11609,"comment_status":"open","ping_status":"closed","template":"","meta":{"_seopress_robots_primary_cat":"none","_seopress_titles_title":"","_seopress_titles_desc":"","_seopress_robots_index":"","site-sidebar-layout":"default","site-content-layout":"","ast-site-content-layout":"default","site-content-style":"default","site-sidebar-style":"default","ast-global-header-display":"","ast-banner-title-visibility":"","ast-main-header-display":"","ast-hfb-above-header-display":"","ast-hfb-below-header-display":"","ast-hfb-mobile-header-display":"","site-post-title":"","ast-breadcrumbs-content":"","ast-featured-img":"","footer-sml-layout":"","ast-disable-related-posts":"","theme-transparent-header-meta":"default","adv-header-id-meta":"","stick-header-meta":"","header-above-stick-meta":"","header-main-stick-meta":"","header-below-stick-meta":"","astra-migrate-meta-layouts":"default","ast-page-background-enabled":"default","ast-page-background-meta":{"desktop":{"background-color":"var(--ast-global-color-4)","background-image":"","background-repeat":"repeat","background-position":"center center","background-size":"auto","background-attachment":"scroll","background-type":"","background-media":"","overlay-type":"","overlay-color":"","overlay-opacity":"","overlay-gradient":""},"tablet":{"background-color":"","background-image":"","background-repeat":"repeat","background-position":"center center","background-size":"auto","background-attachment":"scroll","background-type":"","background-media":"","overlay-type":"","overlay-color":"","overlay-opacity":"","overlay-gradient":""},"mobile":{"background-color":"","background-image":"","background-repeat":"repeat","background-position":"center center","background-size":"auto","background-attachment":"scroll","background-type":"","background-media":"","overlay-type":"","overlay-color":"","overlay-opacity":"","overlay-gradient":""}},"ast-content-background-meta":{"desktop":{"background-color":"var(--ast-global-color-5)","background-image":"","background-repeat":"repeat","background-position":"center center","background-size":"auto","background-attachment":"scroll","background-type":"","background-media":"","overlay-type":"","overlay-color":"","overlay-opacity":"","overlay-gradient":""},"tablet":{"background-color":"var(--ast-global-color-5)","background-image":"","background-repeat":"repeat","background-position":"center center","background-size":"auto","background-attachment":"scroll","background-type":"","background-media":"","overlay-type":"","overlay-color":"","overlay-opacity":"","overlay-gradient":""},"mobile":{"background-color":"var(--ast-global-color-5)","background-image":"","background-repeat":"repeat","background-position":"center center","background-size":"auto","background-attachment":"scroll","background-type":"","background-media":"","overlay-type":"","overlay-color":"","overlay-opacity":"","overlay-gradient":""}}},"product_brand":[],"product_cat":[94],"product_tag":[],"class_list":{"0":"post-11607","1":"product","2":"type-product","3":"status-publish","4":"has-post-thumbnail","6":"product_cat-occhi","7":"desktop-align-left","8":"tablet-align-left","9":"mobile-align-left","11":"first","12":"instock","13":"sale","14":"shipping-taxable","15":"product-type-external"},"_links":{"self":[{"href":"https:\/\/youniquebyemilie.com\/it\/wp-json\/wp\/v2\/product\/11607","targetHints":{"allow":["GET"]}}],"collection":[{"href":"https:\/\/youniquebyemilie.com\/it\/wp-json\/wp\/v2\/product"}],"about":[{"href":"https:\/\/youniquebyemilie.com\/it\/wp-json\/wp\/v2\/types\/product"}],"replies":[{"embeddable":true,"href":"https:\/\/youniquebyemilie.com\/it\/wp-json\/wp\/v2\/comments?post=11607"}],"wp:featuredmedia":[{"embeddable":true,"href":"https:\/\/youniquebyemilie.com\/it\/wp-json\/wp\/v2\/media\/11609"}],"wp:attachment":[{"href":"https:\/\/youniquebyemilie.com\/it\/wp-json\/wp\/v2\/media?parent=11607"}],"wp:term":[{"taxonomy":"product_brand","embeddable":true,"href":"https:\/\/youniquebyemilie.com\/it\/wp-json\/wp\/v2\/product_brand?post=11607"},{"taxonomy":"product_cat","embeddable":true,"href":"https:\/\/youniquebyemilie.com\/it\/wp-json\/wp\/v2\/product_cat?post=11607"},{"taxonomy":"product_tag","embeddable":true,"href":"https:\/\/youniquebyemilie.com\/it\/wp-json\/wp\/v2\/product_tag?post=11607"}],"curies":[{"name":"wp","href":"https:\/\/api.w.org\/{rel}","templated":true}]}}