{"id":11626,"date":"2025-07-24T15:44:00","date_gmt":"2025-07-24T13:44:00","guid":{"rendered":"https:\/\/youniquebyemilie.com\/produit\/matita-per-sopracciglia-modellante-moodstruck\/"},"modified":"2025-07-24T15:44:00","modified_gmt":"2025-07-24T13:44:00","slug":"matita-per-sopracciglia-modellante-moodstruck","status":"publish","type":"product","link":"https:\/\/youniquebyemilie.com\/it\/produit\/matita-per-sopracciglia-modellante-moodstruck\/","title":{"rendered":"Matita per sopracciglia modellante MOODSTRUCK"},"content":{"rendered":"<p><span style=\"font-weight: 400;\">Se non ne puoi pi\u00f9 di sopracciglia che fanno quello che vogliono, ho buone notizie: ho provato la <b>matita per sopracciglia MOODSTRUCK<\/b> ed \u00e8 diventata il mio must-have. \u00c8 perfetta per ottenere un look naturale o ben definito, senza alcuno sforzo e dura tutto il giorno. E credimi, anche per i principianti va benissimo!  <\/span><\/p>\n<p><span style=\"font-weight: 400;\">Con la sua<\/span><b> formula ricca e flessibile<\/b><span style=\"font-weight: 400;\"> e <\/span><b>resistente alle macchie<\/b><span style=\"font-weight: 400;\">s, otterrai risultati impeccabili fino a <\/span><b>fino a 12 ore<\/b><span style=\"font-weight: 400;\">senza trasferire o sbavare. La punta triangolare crea <\/span><b>  caratteristiche ultra-realistiche<\/b><span style=\"font-weight: 400;\">  che imitano le setole, e la base piatta riempie facilmente le aree pi\u00f9 rade per un effetto denso ma naturale. E il piccolo pennello incorporato? Leviga, pettina e fissa tutto con delicatezza, per sopracciglia che ti rispecchiano.  <\/span><\/p>\n<h2><span style=\"font-weight: 400;\">Cosa ottieni con la matita per sopracciglia MOODSTRUCK<\/span><\/h2>\n<ul>\n<li style=\"font-weight: 400;\" aria-level=\"1\"><span style=\"font-weight: 400;\">Sopracciglia naturalmente piene e perfettamente modellate, anche nelle aree pi\u00f9 rade.<\/span><\/li>\n<li style=\"font-weight: 400;\" aria-level=\"1\"><span style=\"font-weight: 400;\">A <\/span><b>tenuta impermeabile a lunga durata<\/b><span style=\"font-weight: 400;\"> che rimane pulito da mattina a sera, senza bisogno di ritocchi.<\/span><\/li>\n<li style=\"font-weight: 400;\" aria-level=\"1\"><span style=\"font-weight: 400;\">Applicazione facile e veloce grazie alla matita per sopracciglia facile da sfumare, ideale per principianti e professionisti.<\/span><\/li>\n<li style=\"font-weight: 400;\" aria-level=\"1\"><span style=\"font-weight: 400;\">Una formula che rispetta la pelle e nutre le sopracciglia con una miscela di cere e oli naturali.<\/span><\/li>\n<li style=\"font-weight: 400;\" aria-level=\"1\"><span style=\"font-weight: 400;\">Un look che si adatta a ogni tuo stato d&#8217;animo, da discretamente naturale a decisamente elegante.<\/span><\/li>\n<\/ul>\n<p>&nbsp;<\/p>\n<h2><span style=\"font-weight: 400;\">Come usare la tua matita MOODSTRUCK per ottenere un effetto wow<\/span><\/h2>\n<ol>\n<li style=\"font-weight: 400;\" aria-level=\"1\"><span style=\"font-weight: 400;\">Gira la ruota per scoprire un piccolo punto.<\/span><\/li>\n<li style=\"font-weight: 400;\" aria-level=\"1\"><span style=\"font-weight: 400;\">Con il bordo piatto, disegna il contorno della parte inferiore del sopracciglio.<\/span><\/li>\n<li style=\"font-weight: 400;\" aria-level=\"1\"><span style=\"font-weight: 400;\">Riempi le aree rade disegnando piccole linee nella direzione naturale dei capelli con la punta triangolare.<\/span><\/li>\n<li style=\"font-weight: 400;\" aria-level=\"1\"><span style=\"font-weight: 400;\">Termina con il pennello incorporato per sfumare, disciplinare e fissare le sopracciglia.<\/span><\/li>\n<\/ol>\n<p><span style=\"font-weight: 400;\">Un gesto semplice, un look senza sforzo.<\/span><\/p>\n<h2><span style=\"font-weight: 400;\">Ingredienti che si prendono cura delle sopracciglia<\/span><\/h2>\n<ul>\n<li style=\"font-weight: 400;\" aria-level=\"1\"><b>Cere microcristalline e cera d&#8217;api sintetica<\/b><span style=\"font-weight: 400;\"> Per fissare il colore e scolpire senza indurire.<\/span><\/li>\n<li style=\"font-weight: 400;\" aria-level=\"1\"><b>Olio di semi di girasole (Helianthus Annuus)<\/b><span style=\"font-weight: 400;\"> Ricco di antiossidanti, nutre e leviga i capelli fragili.<\/span><\/li>\n<li style=\"font-weight: 400;\" aria-level=\"1\"><b>Pigmenti ricchi e a lunga durata<\/b><span style=\"font-weight: 400;\"> Per un finish intenso, naturale e a lunga durata.<\/span><\/li>\n<li style=\"font-weight: 400;\" aria-level=\"1\"><b>Formula resistente all&#8217;acqua, al trasferimento e alle macchie<\/b><span style=\"font-weight: 400;\">Per una tenuta impeccabile anche quando sei in movimento.<\/span><\/li>\n<\/ul>\n<h2><span style=\"font-weight: 400;\">Perch\u00e9 ti piacer\u00e0 questa matita<\/span><\/h2>\n<p><span style=\"font-weight: 400;\">Rende la vita pi\u00f9 facile, valorizza il tuo look e ti d\u00e0 sicurezza, anche nelle mattine pi\u00f9 frenetiche. Non devi essere un professionista per avere delle sopracciglia perfette, fa tutto il lavoro per te. Un piccolo gesto che cambia tutto.  <\/span><\/p>\n<h2><span style=\"font-weight: 400;\">FAQ: Tutto quello che devi sapere sulla tua matita per sopracciglia modellante MOODSTRUCK<\/span><\/h2>\n<h3><b>FAQ - Tutto ci\u00f2 che devi sapere sulla tua matita per sopracciglia modellante MOODSTRUCK<\/b><\/h3>\n<ol>\n<li style=\"font-weight: 400;\" aria-level=\"1\"><b>Posso usare questa matita se ho la pelle sensibile intorno alle sopracciglia?<\/b><b><br \/>\n<\/b><span style=\"font-weight: 400;\">  S\u00ec, la sua formula delicata \u00e8 studiata per rispettare la pelle sensibile, soprattutto quella del contorno occhi, senza causare irritazioni.<\/span><\/li>\n<li style=\"font-weight: 400;\" aria-level=\"1\"><b>Come si fa a tagliare la punta triangolare se diventa troppo corta?<\/b><b><br \/>\n<\/b><span style=\"font-weight: 400;\">  Usa un classico temperino per make-up, facendo attenzione a mantenere la forma triangolare per un&#8217;applicazione precisa.<\/span><\/li>\n<li style=\"font-weight: 400;\" aria-level=\"1\"><b>Questa matita \u00e8 adatta a tutti i colori di capelli?<\/b><b><br \/>\n<\/b><span style=\"font-weight: 400;\"> S\u00ec, \u00e8 disponibile in <\/span><b>5 tonalit\u00e0<\/b><span style=\"font-weight: 400;\"> per adattarsi perfettamente al tuo colore naturale di capelli, che sia biondo, bruno, rosso o altro.<\/span><\/li>\n<li style=\"font-weight: 400;\" aria-level=\"1\"><b>Posso usare questa matita per correggere la forma delle mie sopracciglia o solo per riempirle?<\/b><b><br \/>\n<\/b><span style=\"font-weight: 400;\">  Entrambi! La base piatta ti permette di disegnare una forma precisa, mentre la punta triangolare riempie e addensa per un look naturale. <\/span><\/li>\n<li style=\"font-weight: 400;\" aria-level=\"1\"><b>Come faccio a mantenere la spazzola incorporata?<\/b><b><br \/>\n<\/b><span style=\"font-weight: 400;\">  Per mantenere la spazzola pulita ed efficace, lavala regolarmente con un sapone delicato e lasciala asciugare all&#8217;aria.<\/span><\/li>\n<li style=\"font-weight: 400;\" aria-level=\"1\"><b>Qual \u00e8 la durata media di una matita una volta aperta?<\/b><b><br \/>\n<\/b><span style=\"font-weight: 400;\"> Circa <\/span><b>12 mesi di vita ottimale<\/b><span style=\"font-weight: 400;\"> una volta aperta, a patto che si chiuda bene il cappuccio.<\/span><\/li>\n<\/ol>\n<p>&nbsp;<\/p>\n<p><span style=\"font-weight: 400;\">Allora, sei pronto a scoprire sopracciglia perfettamente scolpite, senza alcuno sforzo? Con la matita per sopracciglia MOODSTRUCK hai tutto ci\u00f2 che ti serve per avere un look da urlo, per tutto il giorno. Non perdere un altro secondo, aggiungila al tuo kit di bellezza e diventa il professionista delle sopracciglia naturali ed eleganti. Ordinala subito e fai la differenza a prima vista!   <\/span><\/p>\n<p>&nbsp;<\/p>\n","protected":false},"excerpt":{"rendered":"<p><span style=\"font-weight: 400;\">Se non ne puoi pi\u00f9 di sopracciglia che fanno quello che vogliono, ho una buona notizia: ho testato la matita per sopracciglia <\/span><b>Matita per sopracciglia MOODSTRUCK<\/b><span style=\"font-weight: 400;\">  ed \u00e8 diventato il mio must-have. \u00c8 perfetto per ottenere un look naturale o ben curato che sia facile da vedere e che duri tutto il giorno. E credimi, anche i principianti ci riescono alla grande!  <\/span><\/p>\n","protected":false},"featured_media":11630,"comment_status":"open","ping_status":"closed","template":"","meta":{"_seopress_robots_primary_cat":"none","_seopress_titles_title":"","_seopress_titles_desc":"","_seopress_robots_index":"","site-sidebar-layout":"default","site-content-layout":"","ast-site-content-layout":"default","site-content-style":"default","site-sidebar-style":"default","ast-global-header-display":"","ast-banner-title-visibility":"","ast-main-header-display":"","ast-hfb-above-header-display":"","ast-hfb-below-header-display":"","ast-hfb-mobile-header-display":"","site-post-title":"","ast-breadcrumbs-content":"","ast-featured-img":"","footer-sml-layout":"","ast-disable-related-posts":"","theme-transparent-header-meta":"default","adv-header-id-meta":"","stick-header-meta":"","header-above-stick-meta":"","header-main-stick-meta":"","header-below-stick-meta":"","astra-migrate-meta-layouts":"default","ast-page-background-enabled":"default","ast-page-background-meta":{"desktop":{"background-color":"var(--ast-global-color-4)","background-image":"","background-repeat":"repeat","background-position":"center center","background-size":"auto","background-attachment":"scroll","background-type":"","background-media":"","overlay-type":"","overlay-color":"","overlay-opacity":"","overlay-gradient":""},"tablet":{"background-color":"","background-image":"","background-repeat":"repeat","background-position":"center center","background-size":"auto","background-attachment":"scroll","background-type":"","background-media":"","overlay-type":"","overlay-color":"","overlay-opacity":"","overlay-gradient":""},"mobile":{"background-color":"","background-image":"","background-repeat":"repeat","background-position":"center center","background-size":"auto","background-attachment":"scroll","background-type":"","background-media":"","overlay-type":"","overlay-color":"","overlay-opacity":"","overlay-gradient":""}},"ast-content-background-meta":{"desktop":{"background-color":"var(--ast-global-color-5)","background-image":"","background-repeat":"repeat","background-position":"center center","background-size":"auto","background-attachment":"scroll","background-type":"","background-media":"","overlay-type":"","overlay-color":"","overlay-opacity":"","overlay-gradient":""},"tablet":{"background-color":"var(--ast-global-color-5)","background-image":"","background-repeat":"repeat","background-position":"center center","background-size":"auto","background-attachment":"scroll","background-type":"","background-media":"","overlay-type":"","overlay-color":"","overlay-opacity":"","overlay-gradient":""},"mobile":{"background-color":"var(--ast-global-color-5)","background-image":"","background-repeat":"repeat","background-position":"center center","background-size":"auto","background-attachment":"scroll","background-type":"","background-media":"","overlay-type":"","overlay-color":"","overlay-opacity":"","overlay-gradient":""}}},"product_brand":[],"product_cat":[94],"product_tag":[],"class_list":{"0":"post-11626","1":"product","2":"type-product","3":"status-publish","4":"has-post-thumbnail","6":"product_cat-occhi","7":"desktop-align-left","8":"tablet-align-left","9":"mobile-align-left","11":"first","12":"instock","13":"sale","14":"shipping-taxable","15":"product-type-external"},"_links":{"self":[{"href":"https:\/\/youniquebyemilie.com\/it\/wp-json\/wp\/v2\/product\/11626","targetHints":{"allow":["GET"]}}],"collection":[{"href":"https:\/\/youniquebyemilie.com\/it\/wp-json\/wp\/v2\/product"}],"about":[{"href":"https:\/\/youniquebyemilie.com\/it\/wp-json\/wp\/v2\/types\/product"}],"replies":[{"embeddable":true,"href":"https:\/\/youniquebyemilie.com\/it\/wp-json\/wp\/v2\/comments?post=11626"}],"wp:featuredmedia":[{"embeddable":true,"href":"https:\/\/youniquebyemilie.com\/it\/wp-json\/wp\/v2\/media\/11630"}],"wp:attachment":[{"href":"https:\/\/youniquebyemilie.com\/it\/wp-json\/wp\/v2\/media?parent=11626"}],"wp:term":[{"taxonomy":"product_brand","embeddable":true,"href":"https:\/\/youniquebyemilie.com\/it\/wp-json\/wp\/v2\/product_brand?post=11626"},{"taxonomy":"product_cat","embeddable":true,"href":"https:\/\/youniquebyemilie.com\/it\/wp-json\/wp\/v2\/product_cat?post=11626"},{"taxonomy":"product_tag","embeddable":true,"href":"https:\/\/youniquebyemilie.com\/it\/wp-json\/wp\/v2\/product_tag?post=11626"}],"curies":[{"name":"wp","href":"https:\/\/api.w.org\/{rel}","templated":true}]}}