{"id":11659,"date":"2025-06-16T16:34:54","date_gmt":"2025-06-16T16:34:54","guid":{"rendered":"https:\/\/youniquebyemilie.com\/produit\/ombretto-compatto-moodstruck-astuccio-singolo\/"},"modified":"2025-06-16T16:34:54","modified_gmt":"2025-06-16T14:34:54","slug":"ombretto-compatto-moodstruck-astuccio-singolo","status":"publish","type":"product","link":"https:\/\/youniquebyemilie.com\/it\/produit\/ombretto-compatto-moodstruck-astuccio-singolo\/","title":{"rendered":"Ombretto compatto MOODSTRUCK astuccio singolo"},"content":{"rendered":"<p><span style=\"font-weight: 400;\">Stai cercando una macchina compatta<\/span><b> compatta<\/b><span style=\"font-weight: 400;\">, <\/span><b>ricaricabile<\/b><span style=\"font-weight: 400;\">,<\/span><b> facile da applicare<\/b><span style=\"font-weight: 400;\">  e che duri tutto il giorno senza che tu debba preoccupartene? Ho trovato il mio must-have con gli ombretti compatti MOODSTRUCK. La loro texture vellutata \u00e8 una vera gioia da applicare e la tenuta? Fino a     <\/span><b>12 ore senza ritocco<\/b><span style=\"font-weight: 400;\">. <\/span> <\/p>\n<p><span style=\"font-weight: 400;\">Che tu preferisca un look naturale e discreto o un look smoky ultra glamour, il risultato ti piacer\u00e0. E il piccolo extra che fa la differenza: l&#8217;astuccio \u00e8 ricaricabile, quindi puoi cambiare colore ogni volta che vuoi senza perdere la tua tonalit\u00e0 preferita. <\/span><\/p>\n<h2><span style=\"font-weight: 400;\">Cosa ottieni con la borsa compatta MOODSTRUCK<\/span><\/h2>\n<ul>\n<li style=\"font-weight: 400;\" aria-level=\"1\"><span style=\"font-weight: 400;\">A <\/span><b>tenuta concreta fino a 12 ore<\/b><span style=\"font-weight: 400;\"> grazie a una base integrata che cattura il colore.<\/span><\/li>\n<li style=\"font-weight: 400;\" aria-level=\"1\"><span style=\"font-weight: 400;\">A<\/span><b> texture ultra delicata e modulabile<\/b><span style=\"font-weight: 400;\">Si applica e si sfuma in un batter d&#8217;occhio.<\/span><\/li>\n<li style=\"font-weight: 400;\" aria-level=\"1\"><span style=\"font-weight: 400;\">A <\/span><b>custodia compatta ricaricabile<\/b><span style=\"font-weight: 400;\">\u00c8 comodissima per passare da un look all&#8217;altro.<\/span><\/li>\n<li style=\"font-weight: 400;\" aria-level=\"1\"><span style=\"font-weight: 400;\">Da<\/span><b> pigmenti ricchi e intensi<\/b><span style=\"font-weight: 400;\"> che risvegliano lo sguardo e durano tutto il giorno, anche quando sei in giro.<\/span><\/li>\n<li style=\"font-weight: 400;\" aria-level=\"1\"><span style=\"font-weight: 400;\">A<\/span><b> formula pulita, priva di parabeni e ingredienti aggressivi,<\/b><span style=\"font-weight: 400;\"> per coccolare la tua pelle sensibile.<\/span><\/li>\n<\/ul>\n<h2><span style=\"font-weight: 400;\">Come usare l&#8217;ombretto compatto MOODSTRUCK e vincere sempre<\/span><\/h2>\n<ol>\n<li style=\"font-weight: 400;\" aria-level=\"1\"><span style=\"font-weight: 400;\">Applica la base MOODSTRUCK su palpebre e sopracciglia per preparare la pelle e aumentare la tenuta.<\/span><\/li>\n<li style=\"font-weight: 400;\" aria-level=\"1\"><span style=\"font-weight: 400;\">Con il tuo <\/span><b>pennello YOUNIQUE preferito<\/b><span style=\"font-weight: 400;\">applica l&#8217;ombretto compatto sulla palpebra e sull&#8217;arcata sopraccigliare.<\/span><\/li>\n<li style=\"font-weight: 400;\" aria-level=\"1\"><span style=\"font-weight: 400;\">Mescola bene per ottenere un risultato armonioso e, se vuoi, aggiungi un altro strato.<\/span><\/li>\n<li style=\"font-weight: 400;\" aria-level=\"1\"><span style=\"font-weight: 400;\">Cambia colore ogni volta che vuoi semplicemente ricaricando la scatola.<\/span><\/li>\n<\/ol>\n<p><span style=\"font-weight: 400;\">In pochi semplici passi, i tuoi occhi saranno pronti a farsi notare per tutto il giorno.<\/span><\/p>\n<p>&nbsp;<\/p>\n<h2><span style=\"font-weight: 400;\">Ingredienti che si prendono cura di te<\/span><\/h2>\n<ul>\n<li style=\"font-weight: 400;\" aria-level=\"1\"><b>Dimeticone<\/b><span style=\"font-weight: 400;\">Per una texture morbida e liscia, comoda da indossare.<\/span><\/li>\n<li style=\"font-weight: 400;\" aria-level=\"1\"><b>Cere naturali<\/b><span style=\"font-weight: 400;\"> (carnauba, candelilla, cera d&#8217;api) che fissano la polvere e garantiscono una tenuta perfetta.<\/span><\/li>\n<li style=\"font-weight: 400;\" aria-level=\"1\"><b>Agenti filmogeni<\/b><span style=\"font-weight: 400;\"> per un&#8217;applicazione fluida e una finitura intensa.<\/span><\/li>\n<li style=\"font-weight: 400;\" aria-level=\"1\"><b>Pigmenti e ossidi naturali<\/b><span style=\"font-weight: 400;\"> per colori vivaci e ricchi che rispettano la tua pelle delicata.<\/span><\/li>\n<li style=\"font-weight: 400;\" aria-level=\"1\"><span style=\"font-weight: 400;\">Senza parabeni e sostanze aggressive, perch\u00e9 la tua pelle merita il meglio.<\/span><\/li>\n<\/ul>\n<p><span style=\"font-weight: 400;\">Con questo semplice astuccio di ombretti MOODSTRUCK hai tutto ci\u00f2 che ti serve per ravvivare i tuoi occhi, risparmiare tempo e ottenere un look che ti somiglia, senza stress. Aggiungilo al tuo kit e non te ne pentirai. <\/span><\/p>\n<h2><span style=\"font-weight: 400;\">FAQ: Tutto quello che devi sapere sul tuo semplice astuccio per ombretti MOODSTRUCK<\/span><\/h2>\n<ol>\n<li><b>  Questa custodia compatta \u00e8 compatibile con tutte le tonalit\u00e0 MOODSTRUCK?<\/b><b><br \/>\n<\/b><span style=\"font-weight: 400;\">  S\u00ec, questo astuccio \u00e8 stato progettato per adattarsi perfettamente a tutti gli ombretti compatti MOODSTRUCK, cos\u00ec potrai personalizzare il tuo make-up a tuo piacimento.<\/span><\/li>\n<li><b>  \u00c8 facile cambiare l&#8217;ombra nell&#8217;alloggiamento senza causare danni?<\/b><b><br \/>\n<\/b><span style=\"font-weight: 400;\">  S\u00ec, il sistema di ricarica \u00e8 semplice e pulito. Puoi cambiare tonalit\u00e0 in un batter d&#8217;occhio, senza sprecare alcun prodotto. <\/span><\/li>\n<li><b>  L&#8217;astuccio include uno specchio o un applicatore?<\/b><b><br \/>\n<\/b><span style=\"font-weight: 400;\">  L&#8217;astuccio semplice e minimalista, senza specchio n\u00e9 applicatore, lo rende leggero e super pratico. Puoi utilizzare i tuoi pennelli YOUNIQUE preferiti per ottenere un look professionale. <\/span><\/li>\n<li><b>  Posso raccogliere pi\u00f9 ricariche con la stessa scatola?<\/b><b><br \/>\n<\/b><span style=\"font-weight: 400;\">  Assolutamente s\u00ec, \u00e8 fatto apposta! Puoi avere diverse ricariche e cambiarle in base al tuo umore e al tuo stile. <\/span><\/li>\n<li><b>  Cosa devo fare se la chiusura della scatola diventa meno efficace con il passare del tempo?<\/b><\/li>\n<\/ol>\n<p><span style=\"font-weight: 400;\">Non farti prendere dal panico, spesso basta una piccola pulizia delle clip e del bordo della custodia con un panno morbido per ripristinare una tenuta perfetta.<\/span><\/p>\n<p><span style=\"font-weight: 400;\">Aggiungi subito al tuo kit questa custodia compatta e ricaricabile MOODSTRUCK. Cambia il tuo look a tuo piacimento.   <\/span><b>a lungo termine<\/b><span style=\"font-weight: 400;\">  e occhi belli e senza stress per tutto il giorno. Provaci, ti innamorerai di questa piccola spinta di bellezza che cambia tutto! <\/span><\/p>\n","protected":false},"excerpt":{"rendered":"<p>Cerchi un <strong>ombretto<\/strong> facile da applicare che duri tutto il giorno senza bisogno di ritocchi? Gli <strong>ombretti compatti MOODSTRUCK<\/strong> fanno al caso tuo! La loro texture vellutata \u00e8 super piacevole da applicare e quanto dura? Fino a 12 ore, senza muoversi. Pratici e <strong>ricaricabili<\/strong>, puoi cambiare colore in base al tuo umore, senza perdere la tua tonalit\u00e0 preferita.    <\/p>\n<h3><strong>Perch\u00e9 amerai gli ombretti compatti MOODSTRUCK<\/strong>:<\/h3>\n<ul>\n<li><strong>Lunga durata<\/strong> fino a 12 ore grazie alla base incorporata.<\/li>\n<li><strong>Texture morbida e modulabile<\/strong>: facile da applicare e da sfumare.<\/li>\n<li><strong>La custodia ricaricabile<\/strong> ti permette di cambiare colore ogni volta che vuoi.<\/li>\n<li><strong>Pigmenti intensi<\/strong> per occhi vibranti e un effetto a lunga durata.<\/li>\n<li><strong>Formula pulita<\/strong> senza parabeni o sostanze aggressive.<\/li>\n<\/ul>\n<p>Aggiungili al tuo kit e goditi un look impeccabile e senza stress.<\/p>\n","protected":false},"featured_media":11660,"comment_status":"open","ping_status":"closed","template":"","meta":{"_seopress_robots_primary_cat":"none","_seopress_titles_title":"","_seopress_titles_desc":"","_seopress_robots_index":"","site-sidebar-layout":"default","site-content-layout":"","ast-site-content-layout":"default","site-content-style":"default","site-sidebar-style":"default","ast-global-header-display":"","ast-banner-title-visibility":"","ast-main-header-display":"","ast-hfb-above-header-display":"","ast-hfb-below-header-display":"","ast-hfb-mobile-header-display":"","site-post-title":"","ast-breadcrumbs-content":"","ast-featured-img":"","footer-sml-layout":"","ast-disable-related-posts":"","theme-transparent-header-meta":"default","adv-header-id-meta":"","stick-header-meta":"","header-above-stick-meta":"","header-main-stick-meta":"","header-below-stick-meta":"","astra-migrate-meta-layouts":"default","ast-page-background-enabled":"default","ast-page-background-meta":{"desktop":{"background-color":"var(--ast-global-color-4)","background-image":"","background-repeat":"repeat","background-position":"center center","background-size":"auto","background-attachment":"scroll","background-type":"","background-media":"","overlay-type":"","overlay-color":"","overlay-opacity":"","overlay-gradient":""},"tablet":{"background-color":"","background-image":"","background-repeat":"repeat","background-position":"center center","background-size":"auto","background-attachment":"scroll","background-type":"","background-media":"","overlay-type":"","overlay-color":"","overlay-opacity":"","overlay-gradient":""},"mobile":{"background-color":"","background-image":"","background-repeat":"repeat","background-position":"center center","background-size":"auto","background-attachment":"scroll","background-type":"","background-media":"","overlay-type":"","overlay-color":"","overlay-opacity":"","overlay-gradient":""}},"ast-content-background-meta":{"desktop":{"background-color":"var(--ast-global-color-5)","background-image":"","background-repeat":"repeat","background-position":"center center","background-size":"auto","background-attachment":"scroll","background-type":"","background-media":"","overlay-type":"","overlay-color":"","overlay-opacity":"","overlay-gradient":""},"tablet":{"background-color":"var(--ast-global-color-5)","background-image":"","background-repeat":"repeat","background-position":"center center","background-size":"auto","background-attachment":"scroll","background-type":"","background-media":"","overlay-type":"","overlay-color":"","overlay-opacity":"","overlay-gradient":""},"mobile":{"background-color":"var(--ast-global-color-5)","background-image":"","background-repeat":"repeat","background-position":"center center","background-size":"auto","background-attachment":"scroll","background-type":"","background-media":"","overlay-type":"","overlay-color":"","overlay-opacity":"","overlay-gradient":""}}},"product_brand":[],"product_cat":[94],"product_tag":[],"class_list":{"0":"post-11659","1":"product","2":"type-product","3":"status-publish","4":"has-post-thumbnail","6":"product_cat-occhi","7":"desktop-align-left","8":"tablet-align-left","9":"mobile-align-left","11":"first","12":"instock","13":"shipping-taxable","14":"product-type-external"},"_links":{"self":[{"href":"https:\/\/youniquebyemilie.com\/it\/wp-json\/wp\/v2\/product\/11659","targetHints":{"allow":["GET"]}}],"collection":[{"href":"https:\/\/youniquebyemilie.com\/it\/wp-json\/wp\/v2\/product"}],"about":[{"href":"https:\/\/youniquebyemilie.com\/it\/wp-json\/wp\/v2\/types\/product"}],"replies":[{"embeddable":true,"href":"https:\/\/youniquebyemilie.com\/it\/wp-json\/wp\/v2\/comments?post=11659"}],"wp:featuredmedia":[{"embeddable":true,"href":"https:\/\/youniquebyemilie.com\/it\/wp-json\/wp\/v2\/media\/11660"}],"wp:attachment":[{"href":"https:\/\/youniquebyemilie.com\/it\/wp-json\/wp\/v2\/media?parent=11659"}],"wp:term":[{"taxonomy":"product_brand","embeddable":true,"href":"https:\/\/youniquebyemilie.com\/it\/wp-json\/wp\/v2\/product_brand?post=11659"},{"taxonomy":"product_cat","embeddable":true,"href":"https:\/\/youniquebyemilie.com\/it\/wp-json\/wp\/v2\/product_cat?post=11659"},{"taxonomy":"product_tag","embeddable":true,"href":"https:\/\/youniquebyemilie.com\/it\/wp-json\/wp\/v2\/product_tag?post=11659"}],"curies":[{"name":"wp","href":"https:\/\/api.w.org\/{rel}","templated":true}]}}