{"id":11678,"date":"2025-06-16T16:31:47","date_gmt":"2025-06-16T16:31:47","guid":{"rendered":"https:\/\/youniquebyemilie.com\/produit\/base-per-ciglia-moodstruck-epic\/"},"modified":"2025-06-16T16:31:47","modified_gmt":"2025-06-16T14:31:47","slug":"base-per-ciglia-moodstruck-epic","status":"publish","type":"product","link":"https:\/\/youniquebyemilie.com\/it\/produit\/base-per-ciglia-moodstruck-epic\/","title":{"rendered":"Base per ciglia MOODSTRUCK EPIC"},"content":{"rendered":"<p><span style=\"font-weight: 400;\">Vuoi che il tuo mascara dia il meglio di s\u00e9, ma senti che le tue ciglia hanno bisogno di una piccola spinta? Ho un consiglio che ti piacer\u00e0:   <\/span><b>il database di MOODSTRUCK EPIC<\/b><span style=\"font-weight: 400;\">.<\/span><\/p>\n<p><span style=\"font-weight: 400;\">Con il suo pennello curvo che cattura tutte le ciglia in un unico movimento, le nutre e le rafforza e prepara perfettamente la base per un volume XXL e una tenuta a lunga durata. Il risultato: occhi intensi e ciglia pi\u00f9 lunghe, senza grumi e senza colature da mattina a sera. <\/span><\/p>\n<h2><span style=\"font-weight: 400;\">Cosa ottieni realmente con la base MOODSTRUCK EPIC<\/span><\/h2>\n<ul>\n<li style=\"font-weight: 400;\" aria-level=\"1\"><span style=\"font-weight: 400;\">A <\/span><b>applicazione facile e veloce<\/b><span style=\"font-weight: 400;\"> che cattura tutte le ciglia in un unico movimento per un effetto volume XXL.<\/span><\/li>\n<li style=\"font-weight: 400;\" aria-level=\"1\"><span style=\"font-weight: 400;\">Le tue ciglia sono <\/span><b>nutrite, rafforzate e protette<\/b><span style=\"font-weight: 400;\">pronte a dare il meglio di s\u00e9 con il mascara.<\/span><\/li>\n<li style=\"font-weight: 400;\" aria-level=\"1\"><span style=\"font-weight: 400;\">Il tuo mascara <\/span><b>tiene meglio e pi\u00f9 a lungo<\/b><span style=\"font-weight: 400;\">Per un look fresco dalla mattina alla sera.<\/span><\/li>\n<li style=\"font-weight: 400;\" aria-level=\"1\"><span style=\"font-weight: 400;\">Consistenza leggera, <\/span><b>non appiccicoso<\/b><span style=\"font-weight: 400;\">Facile da applicare e rimuovere.<\/span><\/li>\n<li style=\"font-weight: 400;\" aria-level=\"1\"><span style=\"font-weight: 400;\">Una formula pulita e naturale, priva di parabeni e solfati, per una cura della pelle delicata ed efficace.<\/span><\/li>\n<\/ul>\n<h2><span style=\"font-weight: 400;\">Ingredienti chiave per la cura delle ciglia<\/span><\/h2>\n<p><span style=\"font-weight: 400;\">Questa base contiene una miscela di ingredienti selezionati per nutrire e proteggere le ciglia:<\/span><\/p>\n<ul>\n<li style=\"font-weight: 400;\" aria-level=\"1\"><b>Acqua<\/b><span style=\"font-weight: 400;\"> per ottenere una consistenza leggera.<\/span><\/li>\n<li style=\"font-weight: 400;\" aria-level=\"1\"><b>Cere naturali<\/b><span style=\"font-weight: 400;\"> (riso, cera d&#8217;api, carnauba) che strutturano la base e proteggono le ciglia.<\/span><\/li>\n<li style=\"font-weight: 400;\" aria-level=\"1\"><b>Poliquaternium-10<\/b><span style=\"font-weight: 400;\"> per un effetto filmogeno che prepara le ciglia al mascara.<\/span><\/li>\n<li style=\"font-weight: 400;\" aria-level=\"1\"><b>Oli ed estratti naturali<\/b><span style=\"font-weight: 400;\"> che idratano e rafforzano la fibra delle ciglia.<\/span><\/li>\n<li style=\"font-weight: 400;\" aria-level=\"1\"><b>Agenti addensanti<\/b><span style=\"font-weight: 400;\"> per un&#8217;applicazione uniforme e una finitura impeccabile.<\/span><span style=\"font-weight: 400;\"><br \/>\n<\/span><span style=\"font-weight: 400;\"> <\/span><\/li>\n<\/ul>\n<p><span style=\"font-weight: 400;\">Senza parabeni, solfati o ingredienti aggressivi.<\/span><\/p>\n<p>&nbsp;<\/p>\n<h3><span style=\"font-weight: 400;\">Come utilizzare la base MOODSTRUCK EPIC per un look da star<\/span><\/h3>\n<p><span style=\"font-weight: 400;\">Niente di pi\u00f9 semplice:<\/span><\/p>\n<ol>\n<li style=\"font-weight: 400;\" aria-level=\"1\"><span style=\"font-weight: 400;\">Fai scorrere il pennello lungo la base delle ciglia naturali.<\/span><\/li>\n<li style=\"font-weight: 400;\" aria-level=\"1\"><span style=\"font-weight: 400;\">Spazzola delicatamente fino alle punte dei capelli con un movimento fluido.<\/span><\/li>\n<li style=\"font-weight: 400;\" aria-level=\"1\"><span style=\"font-weight: 400;\">Lascia asciugare, poi applica il mascara MOODSTRUCK EPIC o il tuo preferito.<\/span><\/li>\n<\/ol>\n<p><b>Non saltare questo passaggio<\/b><span style=\"font-weight: 400;\"> La tua routine di make-up non sar\u00e0 pi\u00f9 la stessa.<\/span><\/p>\n<p><span style=\"font-weight: 400;\">La base MOODSTRUCK EPIC fa la differenza tra un look giusto e un look accattivante. Un&#8217;applicazione veloce, un effetto sorprendente. Aggiungila al tuo kit e ordinala subito. I tuoi occhi meritano il meglio.   <\/span><\/p>\n<h2><span style=\"font-weight: 400;\">FAQ : Primer per ciglia MOODSTRUCK EPIC  <\/span><\/h2>\n<ol>\n<li><b>  Questa base funziona con tutti i mascara?<\/b><b><br \/>\n<\/b><span style=\"font-weight: 400;\">  S\u00ec, anche se \u00e8 stato pensato per MOODSTRUCK EPIC, \u00e8 perfettamente adatto a tutti i mascara per aumentarne la tenuta e l&#8217;effetto volume.<\/span><\/li>\n<li> <b> Posso usare questa base ogni giorno?<\/b><b><br \/>\n<\/b><span style=\"font-weight: 400;\"> Assolutamente s\u00ec, \u00e8 pensata per <\/span><b>l&#8217;uso quotidiano<\/b><span style=\"font-weight: 400;\">Nutre delicatamente le ciglia senza appesantirle.<\/span><\/li>\n<li><b>  Questa base pu\u00f2 causare irritazioni o allergie?<\/b><b><br \/>\n<\/b><span style=\"font-weight: 400;\">  No, \u00e8 formulato senza ingredienti aggressivi e dermatologicamente testato, ma se hai un&#8217;allergia nota, fai un test su una piccola area.<\/span><\/li>\n<li><b>  Si pu\u00f2 usare senza mascara?<\/b><b><br \/>\n<\/b><span style=\"font-weight: 400;\">  Puoi usarlo da solo per nutrire le ciglia, ma il suo effetto volume viene ottimizzato con il mascara.<\/span><\/li>\n<li> <b> Quanto dura un flacone con un uso normale?<\/b><b><br \/>\n<\/b><span style=\"font-weight: 400;\"> Con un uso quotidiano, un flacone durer\u00e0 circa <\/span><b>2 o 3 mesi<\/b><span style=\"font-weight: 400;\">.<\/span><\/li>\n<\/ol>\n<p>&nbsp;<\/p>\n","protected":false},"excerpt":{"rendered":"<p><strong>MOODSTRUCK EPIC Lash Base<\/strong> trasforma la tua routine di make-up. Grazie al suo <g id=\"gid_1\">pennello curvo<\/g>, prepara le ciglia in un solo passaggio per un <g id=\"gid_2\">volume XXL<\/g> e una <g id=\"gid_3\">tenuta a lunga durata<\/g>. <strong>Nutre<\/strong> e <strong>rinforza<\/strong> le ciglia, regalandoti uno sguardo pi\u00f9 intenso e duraturo senza grumi o sbavature.  <\/p>\n<p>Facile da applicare, con una texture leggera e non appiccicosa, questa base \u00e8 perfetta per essere indossata tutto il giorno. La sua formula <g id=\"gid_1\">senza<\/g> <g id=\"gid_0\">parabeni<\/g> e <g id=\"gid_1\">solfati<\/g> rispetta anche le ciglia pi\u00f9 sensibili. Usala ogni giorno per avere ciglia belle e nutrite, pronte a ricevere il tuo mascara.  <\/p>\n","protected":false},"featured_media":11679,"comment_status":"open","ping_status":"closed","template":"","meta":{"_seopress_robots_primary_cat":"none","_seopress_titles_title":"","_seopress_titles_desc":"","_seopress_robots_index":"","site-sidebar-layout":"default","site-content-layout":"","ast-site-content-layout":"default","site-content-style":"default","site-sidebar-style":"default","ast-global-header-display":"","ast-banner-title-visibility":"","ast-main-header-display":"","ast-hfb-above-header-display":"","ast-hfb-below-header-display":"","ast-hfb-mobile-header-display":"","site-post-title":"","ast-breadcrumbs-content":"","ast-featured-img":"","footer-sml-layout":"","ast-disable-related-posts":"","theme-transparent-header-meta":"default","adv-header-id-meta":"","stick-header-meta":"","header-above-stick-meta":"","header-main-stick-meta":"","header-below-stick-meta":"","astra-migrate-meta-layouts":"default","ast-page-background-enabled":"default","ast-page-background-meta":{"desktop":{"background-color":"var(--ast-global-color-4)","background-image":"","background-repeat":"repeat","background-position":"center center","background-size":"auto","background-attachment":"scroll","background-type":"","background-media":"","overlay-type":"","overlay-color":"","overlay-opacity":"","overlay-gradient":""},"tablet":{"background-color":"","background-image":"","background-repeat":"repeat","background-position":"center center","background-size":"auto","background-attachment":"scroll","background-type":"","background-media":"","overlay-type":"","overlay-color":"","overlay-opacity":"","overlay-gradient":""},"mobile":{"background-color":"","background-image":"","background-repeat":"repeat","background-position":"center center","background-size":"auto","background-attachment":"scroll","background-type":"","background-media":"","overlay-type":"","overlay-color":"","overlay-opacity":"","overlay-gradient":""}},"ast-content-background-meta":{"desktop":{"background-color":"var(--ast-global-color-5)","background-image":"","background-repeat":"repeat","background-position":"center center","background-size":"auto","background-attachment":"scroll","background-type":"","background-media":"","overlay-type":"","overlay-color":"","overlay-opacity":"","overlay-gradient":""},"tablet":{"background-color":"var(--ast-global-color-5)","background-image":"","background-repeat":"repeat","background-position":"center center","background-size":"auto","background-attachment":"scroll","background-type":"","background-media":"","overlay-type":"","overlay-color":"","overlay-opacity":"","overlay-gradient":""},"mobile":{"background-color":"var(--ast-global-color-5)","background-image":"","background-repeat":"repeat","background-position":"center center","background-size":"auto","background-attachment":"scroll","background-type":"","background-media":"","overlay-type":"","overlay-color":"","overlay-opacity":"","overlay-gradient":""}}},"product_brand":[],"product_cat":[94],"product_tag":[],"class_list":{"0":"post-11678","1":"product","2":"type-product","3":"status-publish","4":"has-post-thumbnail","6":"product_cat-occhi","7":"desktop-align-left","8":"tablet-align-left","9":"mobile-align-left","11":"first","12":"instock","13":"sale","14":"shipping-taxable","15":"product-type-external"},"_links":{"self":[{"href":"https:\/\/youniquebyemilie.com\/it\/wp-json\/wp\/v2\/product\/11678","targetHints":{"allow":["GET"]}}],"collection":[{"href":"https:\/\/youniquebyemilie.com\/it\/wp-json\/wp\/v2\/product"}],"about":[{"href":"https:\/\/youniquebyemilie.com\/it\/wp-json\/wp\/v2\/types\/product"}],"replies":[{"embeddable":true,"href":"https:\/\/youniquebyemilie.com\/it\/wp-json\/wp\/v2\/comments?post=11678"}],"wp:featuredmedia":[{"embeddable":true,"href":"https:\/\/youniquebyemilie.com\/it\/wp-json\/wp\/v2\/media\/11679"}],"wp:attachment":[{"href":"https:\/\/youniquebyemilie.com\/it\/wp-json\/wp\/v2\/media?parent=11678"}],"wp:term":[{"taxonomy":"product_brand","embeddable":true,"href":"https:\/\/youniquebyemilie.com\/it\/wp-json\/wp\/v2\/product_brand?post=11678"},{"taxonomy":"product_cat","embeddable":true,"href":"https:\/\/youniquebyemilie.com\/it\/wp-json\/wp\/v2\/product_cat?post=11678"},{"taxonomy":"product_tag","embeddable":true,"href":"https:\/\/youniquebyemilie.com\/it\/wp-json\/wp\/v2\/product_tag?post=11678"}],"curies":[{"name":"wp","href":"https:\/\/api.w.org\/{rel}","templated":true}]}}