{"id":11772,"date":"2025-07-24T17:12:13","date_gmt":"2025-07-24T15:12:13","guid":{"rendered":"https:\/\/youniquebyemilie.com\/produit\/ricarica-ombretto-compatto-moodstruck\/"},"modified":"2025-07-24T17:12:13","modified_gmt":"2025-07-24T15:12:13","slug":"ricarica-ombretto-compatto-moodstruck","status":"publish","type":"product","link":"https:\/\/youniquebyemilie.com\/it\/produit\/ricarica-ombretto-compatto-moodstruck\/","title":{"rendered":"Ricarica ombretto compatto MOODSTRUCK"},"content":{"rendered":"<p><span style=\"font-weight: 400;\">Sai cosa manca a volte nel tuo beauty kit? Un ombretto che duri tutto il giorno, che sia facile da applicare e che abbia una pigmentazione straordinaria! La    <\/span><b>Ricarica per ombretto compatto MOODSTRUCK<\/b><span style=\"font-weight: 400;\"> \u00e8 qui per semplificarti la vita e far apparire i tuoi occhi al meglio in un batter d&#8217;occhio. <\/span> <\/p>\n<h2><span style=\"font-weight: 400;\">Perch\u00e9 ti piacer\u00e0 questa ricarica?<\/span><\/h2>\n<ul>\n<li style=\"font-weight: 400;\" aria-level=\"1\"><b>Tenuta a lunga durata<\/b><span style=\"font-weight: 400;\"> Grazie alla sua tecnologia a base infusa, questo ombretto dura fino a <\/span><b>12 ore<\/b><span style=\"font-weight: 400;\"> senza sgualcirsi, per un trucco impeccabile per tutto il giorno.<\/span>&nbsp;<\/li>\n<li style=\"font-weight: 400;\" aria-level=\"1\"><b>Una gamma di colori<\/b><span style=\"font-weight: 400;\"> da <\/span><b>vellutato opaco<\/b><span style=\"font-weight: 400;\"> a <\/span><b>metallizzato scintillante<\/b><span style=\"font-weight: 400;\">c&#8217;\u00e8 qualcosa per tutti i gusti, da <\/span><b>intensit\u00e0<\/b><span style=\"font-weight: 400;\"> \u00e0 <\/span><b>morbido<\/b><span style=\"font-weight: 400;\">per ogni occasione e per ogni stato d&#8217;animo.<\/span>&nbsp;<\/li>\n<li style=\"font-weight: 400;\" aria-level=\"1\"><b>Personalizzazione<\/b><span style=\"font-weight: 400;\">  Ricariche magnetiche: adatta la tua tavolozza alla tua personalit\u00e0. Crea la tua gamma di colori in base al tuo umore. <\/span>&nbsp;<\/li>\n<li style=\"font-weight: 400;\" aria-level=\"1\"><b>Applicazione facile<\/b><span style=\"font-weight: 400;\"> Grazie alla sua formula setosa, questo ombretto si sfuma perfettamente e puoi applicarlo con il tuo pennello Younique per ottenere un finish naturale o intenso, a seconda del tuo umore.<\/span>&nbsp;<\/li>\n<\/ul>\n<h2><span style=\"font-weight: 400;\">I colori disponibili (e la loro magia!)<\/span><\/h2>\n<ul>\n<li style=\"font-weight: 400;\" aria-level=\"1\"><b>Inquisizione<\/b><span style=\"font-weight: 400;\"> Corallo satinato, per un tocco di luminosa morbidezza.<\/span>&nbsp;<\/li>\n<li style=\"font-weight: 400;\" aria-level=\"1\"><b>Inconcepibile<\/b><span style=\"font-weight: 400;\"> Smeraldo: smeraldo scintillante, perfetto per i look pi\u00f9 audaci.<\/span>&nbsp;<\/li>\n<li style=\"font-weight: 400;\" aria-level=\"1\"><b>Zazzy<\/b><span style=\"font-weight: 400;\"> Zazzy: verde dorato metallizzato, un must-have per un look audace e originale.<\/span>&nbsp;<\/li>\n<li style=\"font-weight: 400;\" aria-level=\"1\"><b>Visionario<\/b><span style=\"font-weight: 400;\"> rame-oro metallizzato, un tocco di glamour immediato.<\/span>&nbsp;<\/li>\n<li style=\"font-weight: 400;\" aria-level=\"1\"><b>Covetous<\/b><span style=\"font-weight: 400;\"> pesca nude metallizzato, per una finitura delicata ma accattivante.<\/span>&nbsp;<\/li>\n<li style=\"font-weight: 400;\" aria-level=\"1\"><b>A portata di mano<\/b><span style=\"font-weight: 400;\"> Metallo di rame, un elemento essenziale per la lucentezza.<\/span>&nbsp;<\/li>\n<li style=\"font-weight: 400;\" aria-level=\"1\"><b>Delizioso<\/b><span style=\"font-weight: 400;\"> Marrone fum\u00e9 metallizzato: l&#8217;ombretto perfetto per un look fum\u00e9 chic.<\/span>&nbsp;<\/li>\n<li style=\"font-weight: 400;\" aria-level=\"1\"><b>Terrestre<\/b><span style=\"font-weight: 400;\"> Marrone pecan satinato, la tonalit\u00e0 naturale per eccellenza.<\/span>&nbsp;<\/li>\n<li style=\"font-weight: 400;\" aria-level=\"1\"><b>Incluso<\/b><span style=\"font-weight: 400;\"> Rosa pesca satinato, luminosit\u00e0 naturale per un trucco fresco.<\/span>&nbsp;<\/li>\n<li style=\"font-weight: 400;\" aria-level=\"1\"><b>Dauntless<\/b><span style=\"font-weight: 400;\"> Dauntless: abbronzatura sabbiosa opaca, ideale per un look discreto ma strutturato.<\/span>&nbsp;<\/li>\n<li style=\"font-weight: 400;\" aria-level=\"1\"><b>Impish<\/b><span style=\"font-weight: 400;\"> pesca scuro opaco, per un effetto profondo e sofisticato.<\/span>&nbsp;<\/li>\n<li style=\"font-weight: 400;\" aria-level=\"1\"><b>Melodioso<\/b><span style=\"font-weight: 400;\"> Un pesca opaco morbido e classico.<\/span>&nbsp;<\/li>\n<li style=\"font-weight: 400;\" aria-level=\"1\"><b>Assurdo<\/b><span style=\"font-weight: 400;\"> rosa marrone opaco, un tocco moderno per un tocco chic.<\/span>&nbsp;<\/li>\n<li style=\"font-weight: 400;\" aria-level=\"1\"><b>Merveilleux<\/b><span style=\"font-weight: 400;\"> Ombretto marrone scuro opaco per occhi intensi.<\/span>&nbsp;<\/li>\n<li style=\"font-weight: 400;\" aria-level=\"1\"><b>Leggendario<\/b><span style=\"font-weight: 400;\"> Nero opaco, per un look da sera impeccabile.<\/span>&nbsp;<\/li>\n<\/ul>\n<h2><span style=\"font-weight: 400;\">Gli ingredienti chiave che fanno la differenza  <\/span><\/h2>\n<p><span style=\"font-weight: 400;\">Quando scegli questo ombretto MOODSTRUCK, scegli molto di pi\u00f9 di un semplice colore. Ogni ingrediente \u00e8 stato selezionato per offrirti un&#8217;applicazione perfetta e un risultato impeccabile. Dai un&#8217;occhiata a ci\u00f2 che ogni ingrediente ha da offrire:  <\/span><\/p>\n<ul>\n<li style=\"font-weight: 400;\" aria-level=\"1\"><b>Talco<\/b><span style=\"font-weight: 400;\"> Questo classico aiuta la cipria a scivolare facilmente sulla pelle, per un&#8217;applicazione omogenea e senza interruzioni.<\/span>&nbsp;<\/li>\n<li style=\"font-weight: 400;\" aria-level=\"1\"><b>Dimeticone<\/b><span style=\"font-weight: 400;\"> Garantisce una texture super liscia sulla pelle e assicura che il trucco rimanga inalterato per tutto il giorno, senza muoversi.<\/span>&nbsp;<\/li>\n<li style=\"font-weight: 400;\" aria-level=\"1\"><b>Octyldodecyl stearoyl stearate<\/b><span style=\"font-weight: 400;\"> Questo piccolo ingrediente serve a rendere l&#8217;applicazione ancora pi\u00f9 facile e a mantenere la polvere in posizione, anche nelle giornate pi\u00f9 lunghe.<\/span>&nbsp;<\/li>\n<li style=\"font-weight: 400;\" aria-level=\"1\"><b>Caprylyl Glycol e Fenossietanolo<\/b><span style=\"font-weight: 400;\"> Questi idratanti e conservanti mantengono il prodotto fresco, in modo che tu possa godere della sua qualit\u00e0 fino all&#8217;ultimo momento.<\/span>&nbsp;<\/li>\n<li style=\"font-weight: 400;\" aria-level=\"1\"><b>Mica<\/b><span style=\"font-weight: 400;\"> Mica: aggiunge un sottile scintillio alle palpebre, per una lucentezza naturale e un colore luminoso che non passer\u00e0 inosservato.<\/span>&nbsp;<\/li>\n<li style=\"font-weight: 400;\" aria-level=\"1\"><b>Ossidi di ferro<\/b><span style=\"font-weight: 400;\"> Questi pigmenti minerali sono essenziali per dare un colore intenso e una tenuta duratura, per occhi che catturano l&#8217;attenzione.<\/span>&nbsp;<\/li>\n<\/ul>\n<p><span style=\"font-weight: 400;\">Grazie a questi ingredienti, non solo otterrai un colore splendido, ma anche una texture morbida e sfumabile e un trucco che dura nel tempo.  <\/span><\/p>\n<p>&nbsp;<\/p>\n<h2><span style=\"font-weight: 400;\">Come si applica l&#8217;ombretto MOODSTRUCK per un look perfetto?<\/span><\/h2>\n<ol>\n<li style=\"font-weight: 400;\" aria-level=\"1\"><b>Prepara<\/b><span style=\"font-weight: 400;\"> le palpebre con la base occhi MOODSTRUCK.<\/span>&nbsp;<\/li>\n<li style=\"font-weight: 400;\" aria-level=\"1\"><b>Applica<\/b><span style=\"font-weight: 400;\"> il colore che hai scelto sulle palpebre e sull&#8217;arcata sopraccigliare usando il tuo pennello Younique preferito.<\/span>&nbsp;<\/li>\n<li style=\"font-weight: 400;\" aria-level=\"1\"><b>Mescolate<\/b><span style=\"font-weight: 400;\"> e mescola le tonalit\u00e0 per ottenere un look naturale o pi\u00f9 audace, a seconda del tuo umore.<\/span>&nbsp;<\/li>\n<li style=\"font-weight: 400;\" aria-level=\"1\"><b>Intensifica<\/b><span style=\"font-weight: 400;\"> gli occhi con un&#8217;ombra scura nell&#8217;angolo esterno per un effetto profondo.<\/span>&nbsp;<\/li>\n<\/ol>\n<h2><span style=\"font-weight: 400;\">Perch\u00e9 scegliere questa ricarica MOODSTRUCK?<\/span><\/h2>\n<p><span style=\"font-weight: 400;\">Combina tutto ci\u00f2 che cerchi in un prodotto di bellezza: <\/span><b>qualit\u00e0<\/b><span style=\"font-weight: 400;\">, <\/span><b>prestazioni<\/b><span style=\"font-weight: 400;\"> e <\/span><b>personalizzazione<\/b><span style=\"font-weight: 400;\">. Facile da usare, questa ricarica \u00e8 un vero e proprio must per un trucco veloce che dura tutto il giorno. Inoltre, grazie alla sua formula priva di talco e agli ingredienti di qualit\u00e0, potrai truccarti in tutta tranquillit\u00e0. Unisciti a me nell&#8217;aggiungere questa ricarica MOODSTRUCK al tuo kit di bellezza per avere occhi splendidi ad ogni applicazione!    <\/span><\/p>\n<h4><span style=\"font-weight: 400;\">Ordina subito la tua ricarica di ombretto compatto MOODSTRUCK e personalizza il tuo look con un colore intenso che dura tutto il giorno!<\/span><\/h4>\n<p>&nbsp;<\/p>\n<h2><span style=\"font-weight: 400;\">FAQ: Tutto quello che c&#8217;\u00e8 da sapere sulla tua ricarica di ombretto compatto MOODSTRUCK<\/span><\/h2>\n<ol>\n<li style=\"font-weight: 400;\" aria-level=\"1\"><b>Questo ombretto \u00e8 adatto alle pelli sensibili?<\/b><b><br \/>\n<\/b><span style=\"font-weight: 400;\"> S\u00ec, \u00e8 formulato senza talco e con ingredienti delicati come <\/span><b>caprylyl glycol<\/b><span style=\"font-weight: 400;\"> per adattarsi a tutti i tipi di pelle, anche le pi\u00f9 sensibili.<\/span><\/li>\n<\/ol>\n<p>&nbsp;<\/p>\n<ol>\n<li style=\"font-weight: 400;\" aria-level=\"1\"><b>Posso mescolare diverse tonalit\u00e0 di questa ricarica?<\/b><b><br \/>\n<\/b><span style=\"font-weight: 400;\">  S\u00ec, questi ombretti sono facili da sfumare e la loro texture modulabile ti permette di creare effetti sottili o audaci in base al tuo look.<\/span>&nbsp;<\/li>\n<li style=\"font-weight: 400;\" aria-level=\"1\"><b>Come posso pulire il pennello dopo aver usato questo ombretto?<\/b><b><br \/>\n<\/b><span style=\"font-weight: 400;\">  Per garantire un&#8217;applicazione ottimale, ricordati di pulire regolarmente il pennello con un sapone delicato o un detergente specifico per pennelli.<\/span>&nbsp;<\/li>\n<li style=\"font-weight: 400;\" aria-level=\"1\"><b>Pu\u00f2 essere utilizzato per il trucco da sera?<\/b><b><br \/>\n<\/b><span style=\"font-weight: 400;\"> Assolutamente s\u00ec, questi colori si prestano a tutti gli stili, dal <\/span><b>trucco naturale da giorno<\/b><span style=\"font-weight: 400;\"> a <\/span><b>smoky eye intensi<\/b><span style=\"font-weight: 400;\"> per la sera.<\/span><span style=\"font-weight: 400;\"><br \/>\n<\/span><\/li>\n<\/ol>\n","protected":false},"excerpt":{"rendered":"<p><span style=\"font-weight: 400;\">Sai cosa manca a volte nel tuo beauty kit? Un ombretto che duri tutto il giorno, che sia facile da applicare e che abbia una pigmentazione straordinaria! La    <\/span><b>Ricarica per ombretto compatto MOODSTRUCK<\/b><span style=\"font-weight: 400;\"> \u00e8 qui per semplificarti la vita e far apparire i tuoi occhi al meglio in un batter d&#8217;occhio. <\/span> <\/p>\n","protected":false},"featured_media":11775,"comment_status":"open","ping_status":"closed","template":"","meta":{"_seopress_robots_primary_cat":"none","_seopress_titles_title":"","_seopress_titles_desc":"","_seopress_robots_index":"","site-sidebar-layout":"default","site-content-layout":"","ast-site-content-layout":"default","site-content-style":"default","site-sidebar-style":"default","ast-global-header-display":"","ast-banner-title-visibility":"","ast-main-header-display":"","ast-hfb-above-header-display":"","ast-hfb-below-header-display":"","ast-hfb-mobile-header-display":"","site-post-title":"","ast-breadcrumbs-content":"","ast-featured-img":"","footer-sml-layout":"","ast-disable-related-posts":"","theme-transparent-header-meta":"default","adv-header-id-meta":"","stick-header-meta":"","header-above-stick-meta":"","header-main-stick-meta":"","header-below-stick-meta":"","astra-migrate-meta-layouts":"default","ast-page-background-enabled":"default","ast-page-background-meta":{"desktop":{"background-color":"var(--ast-global-color-4)","background-image":"","background-repeat":"repeat","background-position":"center center","background-size":"auto","background-attachment":"scroll","background-type":"","background-media":"","overlay-type":"","overlay-color":"","overlay-opacity":"","overlay-gradient":""},"tablet":{"background-color":"","background-image":"","background-repeat":"repeat","background-position":"center center","background-size":"auto","background-attachment":"scroll","background-type":"","background-media":"","overlay-type":"","overlay-color":"","overlay-opacity":"","overlay-gradient":""},"mobile":{"background-color":"","background-image":"","background-repeat":"repeat","background-position":"center center","background-size":"auto","background-attachment":"scroll","background-type":"","background-media":"","overlay-type":"","overlay-color":"","overlay-opacity":"","overlay-gradient":""}},"ast-content-background-meta":{"desktop":{"background-color":"var(--ast-global-color-5)","background-image":"","background-repeat":"repeat","background-position":"center center","background-size":"auto","background-attachment":"scroll","background-type":"","background-media":"","overlay-type":"","overlay-color":"","overlay-opacity":"","overlay-gradient":""},"tablet":{"background-color":"var(--ast-global-color-5)","background-image":"","background-repeat":"repeat","background-position":"center center","background-size":"auto","background-attachment":"scroll","background-type":"","background-media":"","overlay-type":"","overlay-color":"","overlay-opacity":"","overlay-gradient":""},"mobile":{"background-color":"var(--ast-global-color-5)","background-image":"","background-repeat":"repeat","background-position":"center center","background-size":"auto","background-attachment":"scroll","background-type":"","background-media":"","overlay-type":"","overlay-color":"","overlay-opacity":"","overlay-gradient":""}}},"product_brand":[],"product_cat":[94],"product_tag":[],"class_list":{"0":"post-11772","1":"product","2":"type-product","3":"status-publish","4":"has-post-thumbnail","6":"product_cat-occhi","7":"desktop-align-left","8":"tablet-align-left","9":"mobile-align-left","11":"first","12":"instock","13":"sale","14":"shipping-taxable","15":"product-type-external"},"_links":{"self":[{"href":"https:\/\/youniquebyemilie.com\/it\/wp-json\/wp\/v2\/product\/11772","targetHints":{"allow":["GET"]}}],"collection":[{"href":"https:\/\/youniquebyemilie.com\/it\/wp-json\/wp\/v2\/product"}],"about":[{"href":"https:\/\/youniquebyemilie.com\/it\/wp-json\/wp\/v2\/types\/product"}],"replies":[{"embeddable":true,"href":"https:\/\/youniquebyemilie.com\/it\/wp-json\/wp\/v2\/comments?post=11772"}],"wp:featuredmedia":[{"embeddable":true,"href":"https:\/\/youniquebyemilie.com\/it\/wp-json\/wp\/v2\/media\/11775"}],"wp:attachment":[{"href":"https:\/\/youniquebyemilie.com\/it\/wp-json\/wp\/v2\/media?parent=11772"}],"wp:term":[{"taxonomy":"product_brand","embeddable":true,"href":"https:\/\/youniquebyemilie.com\/it\/wp-json\/wp\/v2\/product_brand?post=11772"},{"taxonomy":"product_cat","embeddable":true,"href":"https:\/\/youniquebyemilie.com\/it\/wp-json\/wp\/v2\/product_cat?post=11772"},{"taxonomy":"product_tag","embeddable":true,"href":"https:\/\/youniquebyemilie.com\/it\/wp-json\/wp\/v2\/product_tag?post=11772"}],"curies":[{"name":"wp","href":"https:\/\/api.w.org\/{rel}","templated":true}]}}