{"id":11117,"date":"2025-07-24T18:38:17","date_gmt":"2025-07-24T16:38:17","guid":{"rendered":"https:\/\/youniquebyemilie.com\/produit\/multi-gebruik-lip-en-wangstick-bare-younique\/"},"modified":"2025-07-24T18:38:17","modified_gmt":"2025-07-24T16:38:17","slug":"multi-gebruik-lip-en-wangstick-bare-younique","status":"publish","type":"product","link":"https:\/\/youniquebyemilie.com\/nl\/produit\/multi-gebruik-lip-en-wangstick-bare-younique\/","title":{"rendered":"Multi-gebruik lip- en wangstick BARE YOUNIQUE"},"content":{"rendered":"<p><span style=\"font-weight: 400;\">Die dag was ik in een race tegen de klok. Het was een lange dag geweest en ik had een belangrijke avond voor te bereiden, maar ik kwam tijd tekort. Mijn make-up tas was overvol en ik wist dat ik geen tijd had om alles te gebruiken. Op zoek naar een product dat alles kon, vond ik de <strong>Multi-Purpose Stick<\/strong>.   <\/span> <strong> alles-in-\u00e9\u00e9n kleur YOUNIQUE BARE-YOU<\/strong><span style=\"font-weight: 400;\">en ik dacht: <\/span><b>Waarom niet \u00e9\u00e9n product voor alles?<\/b><\/p>\n<p><span style=\"font-weight: 400;\">Zodra ik het probeerde, was het als een openbaring! In een paar snelle bewegingen had ik mijn   <\/span><b>blozen<\/b><span style=\"font-weight: 400;\">mijn <\/span><b>contour<\/b><span style=\"font-weight: 400;\">mijn <\/span><b>highlighter<\/b><span style=\"font-weight: 400;\">en zelfs mijn <\/span><b>lippenstift<\/b><span style=\"font-weight: 400;\">. Complete, egale make-up zonder dat je duizend producten nodig hebt. <strong>Multifunctionele stick<\/strong> <\/span> <strong> YOUNIQUE BARE-YOU<\/strong><span style=\"font-weight: 400;\"> is mijn bondgenoot geworden, mijn snelle maar effectieve schoonheidsoplossing, en het heeft mijn routine compleet veranderd.<\/span><\/p>\n<p><span style=\"font-weight: 400;\">Het mooiste is dat het niet alleen make-up aanbrengt, maar ook je huid voedt dankzij de natuurlijke ingredi\u00ebnten. Er is geen compromis tussen schoonheid en huidverzorging. Of je nu op zoek bent naar natuurlijke make-up voor overdag of een gewaagdere look voor &#8217;s avonds, je kunt het allemaal doen met \u00e9\u00e9n product zonder stress.  <\/span><\/p>\n<p>&nbsp;<\/p>\n<h2><span style=\"font-weight: 400;\">Waarom je het leuk zult vinden:<\/span><\/h2>\n<ul>\n<li style=\"font-weight: 400;\" aria-level=\"1\"><b>Multifunctioneel<\/b><span style=\"font-weight: 400;\"> :<\/span><b> Blush, contour, highlighter<\/b><span style=\"font-weight: 400;\"> en <\/span><b>lippenstift<\/b><span style=\"font-weight: 400;\">  in \u00e9\u00e9n product. E\u00e9n stick doet alles. Nooit meer meerdere producten in je handtas!  <\/span>&nbsp;<\/li>\n<li style=\"font-weight: 400;\" aria-level=\"1\"><b>Gemakkelijk aan te brengen<\/b><span style=\"font-weight: 400;\"> De cr\u00e8mige textuur en praktische vorm brengen zacht aan en versmelten perfect met de huid, voor een natuurlijke finish in slechts een paar bewegingen.<\/span>&nbsp;<\/li>\n<li style=\"font-weight: 400;\" aria-level=\"1\"><b>Kleuren voor iedereen<\/b><span style=\"font-weight: 400;\"> Of je nu een frisse, stralende teint wilt met <\/span><b>Speels Roze<\/b><span style=\"font-weight: 400;\">een subtiele contour met <\/span><b>Nauwelijks Gebronsd<\/b><span style=\"font-weight: 400;\">of een gouden gloed met <\/span><b>Champagne Shimmer<\/b><span style=\"font-weight: 400;\">deze stick heeft voor ieder wat wils.<\/span>&nbsp;<\/li>\n<li style=\"font-weight: 400;\" aria-level=\"1\"><b>Voedende ingredi\u00ebnten<\/b><span style=\"font-weight: 400;\"> Met <\/span><b>sheaboter<\/b><span style=\"font-weight: 400;\">boter<\/span><b>avocado-olie<\/b><span style=\"font-weight: 400;\">en<\/span><b>zonnebloemzaadolie<\/b><span style=\"font-weight: 400;\">Deze stick hydrateert je huid en geeft haar een stralende, natuurlijke gloed.<\/span>&nbsp;<\/li>\n<li style=\"font-weight: 400;\" aria-level=\"1\"><b>Langdurig<\/b><span style=\"font-weight: 400;\"> Comfortabele fixatie <\/span><b>tot 10 uur<\/b><span style=\"font-weight: 400;\">Geen touch-ups. Perfect voor een drukke dag zonder je zorgen te hoeven maken over make-up. <\/span>&nbsp;<\/li>\n<\/ul>\n<p>&nbsp;<\/p>\n<h2><span style=\"font-weight: 400;\">Hoe te gebruiken :<\/span><\/h2>\n<ol>\n<li style=\"font-weight: 400;\" aria-level=\"1\"><b>Wangen en lippen<\/b><span style=\"font-weight: 400;\">  Breng direct aan op je wangen en lippen. Vervaag met je vinger, een kwast of de applicator voor een natuurlijke, stralende finish. <\/span>&nbsp;<\/li>\n<li style=\"font-weight: 400;\" aria-level=\"1\"><b>Contour<\/b><span style=\"font-weight: 400;\"> Applique <\/span><b>Nauwelijks gebronsd<\/b><span style=\"font-weight: 400;\"> of <\/span><b>Chocoladesouffl\u00e9<\/b><span style=\"font-weight: 400;\"> Langs de zijkanten van je neus, over je voorhoofd en onder je kaak om je gezicht vorm te geven.<\/span>&nbsp;<\/li>\n<li style=\"font-weight: 400;\" aria-level=\"1\"><b>Markeerstift<\/b><span style=\"font-weight: 400;\"> Appliqu\u00e9 <\/span><b>Frost<\/b><span style=\"font-weight: 400;\"> of <\/span><b>Champagne Schittering<\/b><span style=\"font-weight: 400;\"> op je jukbeenderen, Cupido&#8217;s boog en onder je wenkbrauwen om het licht te vangen.<\/span>&nbsp;<\/li>\n<\/ol>\n<p><b>Pro tip<\/b><span style=\"font-weight: 400;\"> Gebruik het voor een natuurlijker sculpting effect <\/span><b>voor<\/b><span style=\"font-weight: 400;\">  je foundation. Zo cre\u00eber je een egale, naadloze basis. <\/span><\/p>\n<p>&nbsp;<\/p>\n<p>&nbsp;<\/p>\n<h2><span style=\"font-weight: 400;\">Vind je perfecte tint: kleuren die passen bij jouw stijl en huidskleur<\/span><\/h2>\n<ul>\n<li style=\"font-weight: 400;\" aria-level=\"1\"><b>Blush Strand<\/b><span style=\"font-weight: 400;\">  Subtiel roze, perfect voor een natuurlijke, frisse look. Ideaal voor de lichte tot medium huid. <\/span>&nbsp;<\/li>\n<li style=\"font-weight: 400;\" aria-level=\"1\"><b>Koperen bries<\/b><span style=\"font-weight: 400;\">  Een kopertint die warmte en glans brengt. Ideaal voor medium tot donkere huidtinten. <\/span>&nbsp;<\/li>\n<li style=\"font-weight: 400;\" aria-level=\"1\"><b>Sappige abrikoos<\/b><span style=\"font-weight: 400;\"> Een heldere perzikkleur die lichte tot medium huidtinten opwarmt.<\/span>&nbsp;<\/li>\n<li style=\"font-weight: 400;\" aria-level=\"1\"><b>Bevroren Druif<\/b><span style=\"font-weight: 400;\"> Een diepe, rijke tint, ideaal voor opvallende make-up op een donkere huid.<\/span>&nbsp;<\/li>\n<li style=\"font-weight: 400;\" aria-level=\"1\"><b>Magenta<\/b><span style=\"font-weight: 400;\"> Een levendig magenta voor een moderne, stralende look, geschikt voor medium tot donkere huidtinten.<\/span>&nbsp;<\/li>\n<li style=\"font-weight: 400;\" aria-level=\"1\"><b>Speels roze<\/b><span style=\"font-weight: 400;\"> Een helder, vrolijk roze, perfect voor alle huidtinten.<\/span>&nbsp;<\/li>\n<li style=\"font-weight: 400;\" aria-level=\"1\"><b>Nauwelijks gebronsd<\/b><span style=\"font-weight: 400;\"> Een subtiele, natuurlijke contour, perfect voor medium teint.<\/span>&nbsp;<\/li>\n<li style=\"font-weight: 400;\" aria-level=\"1\"><b>Chocoladesouffl\u00e9<\/b><span style=\"font-weight: 400;\"> Een donkere contour, ideaal voor de donkere huid, om te modelleren en te defini\u00ebren.<\/span>&nbsp;<\/li>\n<li style=\"font-weight: 400;\" aria-level=\"1\"><b>Frost Frost<\/b><span style=\"font-weight: 400;\"> Een doorschijnende, glinsterende highlighter om lichte tot donkere teint op te lichten.<\/span>&nbsp;<\/li>\n<li style=\"font-weight: 400;\" aria-level=\"1\"><b>Champagne Schittering<\/b><span style=\"font-weight: 400;\"> Een stralende, gouden highlighter die perfect is voor alle huidtypes.<\/span>&nbsp;<\/li>\n<li style=\"font-weight: 400;\" aria-level=\"1\"><b>Blozend<\/b><span style=\"font-weight: 400;\"> Zacht, lichtroze, perfect voor de lichte huid.<\/span>&nbsp;<\/li>\n<li style=\"font-weight: 400;\" aria-level=\"1\"><b>Pioenroze<\/b><span style=\"font-weight: 400;\"> Een zacht, fris roze, ideaal voor een romantische look.<\/span>&nbsp;<\/li>\n<li style=\"font-weight: 400;\" aria-level=\"1\"><b>Kaneel Latte<\/b><span style=\"font-weight: 400;\"> Een zachte, neutrale tint, ideaal voor medium tot donkere huidtinten.<\/span>&nbsp;<\/li>\n<li style=\"font-weight: 400;\" aria-level=\"1\"><b>Verse orchidee<\/b><span style=\"font-weight: 400;\"> Fris, delicaat roze voor een subtiele uitstraling.<\/span>&nbsp;<\/li>\n<\/ul>\n<p>&nbsp;<\/p>\n<h2><span style=\"font-weight: 400;\">Ingredi\u00ebnten die voeden en verfraaien:<\/span><\/h2>\n<ul>\n<li style=\"font-weight: 400;\" aria-level=\"1\"><b>Sheaboter<\/b><span style=\"font-weight: 400;\"> Hydrateert en voedt de huid en maakt haar soepel en glad.<\/span>&nbsp;<\/li>\n<li style=\"font-weight: 400;\" aria-level=\"1\"><b>Avocado-olie<\/b><span style=\"font-weight: 400;\"> Voedt en beschermt de huid diepgaand tegen agressieve invloeden van buitenaf.<\/span>&nbsp;<\/li>\n<li style=\"font-weight: 400;\" aria-level=\"1\"><b>Zonnebloemzaadolie<\/b><span style=\"font-weight: 400;\"> Rijk aan antioxidanten, beschermt de huid en houdt haar gehydrateerd.<\/span>&nbsp;<\/li>\n<li style=\"font-weight: 400;\" aria-level=\"1\"><b>Natriumhyaluronaat<\/b><span style=\"font-weight: 400;\"> Een krachtige vochtinbrenger die de huid zacht en vol houdt.<\/span>&nbsp;<\/li>\n<\/ul>\n<p>&nbsp;<\/p>\n<h2><span style=\"font-weight: 400;\">Wat gebruikers zeggen:<\/span><\/h2>\n<ul>\n<li style=\"font-weight: 400;\" aria-level=\"1\"><b>97%<\/b><span style=\"font-weight: 400;\"> van de gebruikers vindt het <\/span><b>gemakkelijk aan te brengen<\/b><span style=\"font-weight: 400;\"> en <\/span><b>zelfs<\/b><span style=\"font-weight: 400;\">.<\/span>&nbsp;<\/li>\n<li style=\"font-weight: 400;\" aria-level=\"1\"><b>91%<\/b><span style=\"font-weight: 400;\"> zegt dat hun teint <\/span><b>teint stralender is<\/b><span style=\"font-weight: 400;\"> na het aanbrengen.<\/span>&nbsp;<\/li>\n<li style=\"font-weight: 400;\" aria-level=\"1\"><b>85%<\/b><span style=\"font-weight: 400;\"> merkt dat hun <\/span><b>huid gladder is<\/b><span style=\"font-weight: 400;\"> na gebruik.<\/span>&nbsp;<\/li>\n<li style=\"font-weight: 400;\" aria-level=\"1\"><b>82%<\/b><span style=\"font-weight: 400;\"> zegt dat de <\/span><b>contour natuurlijker is<\/b><span style=\"font-weight: 400;\"> en <\/span><b>gebeeldhouwde gezichtsvorm<\/b><span style=\"font-weight: 400;\">.<\/span>&nbsp;<\/li>\n<\/ul>\n<p><span style=\"font-weight: 400;\">Het is tijd om te stralen! Voeg deze kleur toe aan je mandje en laat je schoonheid stralen. <\/span><\/p>\n","protected":false},"excerpt":{"rendered":"<p><span style=\"font-weight: 400;\">Die dag was ik in een race tegen de klok. Het was een lange dag geweest en ik had een belangrijke avond voor te bereiden, maar ik kwam tijd tekort. Mijn make-up tas was overvol en ik wist dat ik geen tijd had om alles te gebruiken. Op zoek naar een product dat alles zou doen, vond ik de     <\/span><b>YOUNIQUE BARE-YOU Alles-in-\u00e9\u00e9n Kleur Stick<\/b><span style=\"font-weight: 400;\">en ik dacht: <\/span><b>Waarom niet \u00e9\u00e9n product voor alles?<\/b><\/p>\n<p><span style=\"font-weight: 400;\">Zodra ik het probeerde, was het als een openbaring! In een paar snelle bewegingen had ik mijn   <\/span><b>blozen<\/b><span style=\"font-weight: 400;\">mijn <\/span><b>contour<\/b><span style=\"font-weight: 400;\">mijn <\/span><b>highlighter<\/b><span style=\"font-weight: 400;\">en zelfs mijn <\/span><b>lippenstift<\/b><span style=\"font-weight: 400;\">. Volle, egale make-up, zonder dat je duizend producten nodig hebt. Bezoek   <\/span><b>YOUNIQUE BARE-YOU Stick<\/b><span style=\"font-weight: 400;\"> is mijn bondgenoot geworden, mijn snelle maar effectieve schoonheidsoplossing, en het heeft mijn routine compleet veranderd.<\/span><\/p>\n","protected":false},"featured_media":11120,"comment_status":"open","ping_status":"closed","template":"","meta":{"_seopress_robots_primary_cat":"none","_seopress_titles_title":"","_seopress_titles_desc":"","_seopress_robots_index":"","site-sidebar-layout":"default","site-content-layout":"","ast-site-content-layout":"default","site-content-style":"default","site-sidebar-style":"default","ast-global-header-display":"","ast-banner-title-visibility":"","ast-main-header-display":"","ast-hfb-above-header-display":"","ast-hfb-below-header-display":"","ast-hfb-mobile-header-display":"","site-post-title":"","ast-breadcrumbs-content":"","ast-featured-img":"","footer-sml-layout":"","ast-disable-related-posts":"","theme-transparent-header-meta":"default","adv-header-id-meta":"","stick-header-meta":"","header-above-stick-meta":"","header-main-stick-meta":"","header-below-stick-meta":"","astra-migrate-meta-layouts":"default","ast-page-background-enabled":"default","ast-page-background-meta":{"desktop":{"background-color":"var(--ast-global-color-4)","background-image":"","background-repeat":"repeat","background-position":"center center","background-size":"auto","background-attachment":"scroll","background-type":"","background-media":"","overlay-type":"","overlay-color":"","overlay-opacity":"","overlay-gradient":""},"tablet":{"background-color":"","background-image":"","background-repeat":"repeat","background-position":"center center","background-size":"auto","background-attachment":"scroll","background-type":"","background-media":"","overlay-type":"","overlay-color":"","overlay-opacity":"","overlay-gradient":""},"mobile":{"background-color":"","background-image":"","background-repeat":"repeat","background-position":"center center","background-size":"auto","background-attachment":"scroll","background-type":"","background-media":"","overlay-type":"","overlay-color":"","overlay-opacity":"","overlay-gradient":""}},"ast-content-background-meta":{"desktop":{"background-color":"var(--ast-global-color-5)","background-image":"","background-repeat":"repeat","background-position":"center center","background-size":"auto","background-attachment":"scroll","background-type":"","background-media":"","overlay-type":"","overlay-color":"","overlay-opacity":"","overlay-gradient":""},"tablet":{"background-color":"var(--ast-global-color-5)","background-image":"","background-repeat":"repeat","background-position":"center center","background-size":"auto","background-attachment":"scroll","background-type":"","background-media":"","overlay-type":"","overlay-color":"","overlay-opacity":"","overlay-gradient":""},"mobile":{"background-color":"var(--ast-global-color-5)","background-image":"","background-repeat":"repeat","background-position":"center center","background-size":"auto","background-attachment":"scroll","background-type":"","background-media":"","overlay-type":"","overlay-color":"","overlay-opacity":"","overlay-gradient":""}}},"product_brand":[],"product_cat":[116],"product_tag":[],"class_list":{"0":"post-11117","1":"product","2":"type-product","3":"status-publish","4":"has-post-thumbnail","6":"product_cat-lippen","7":"desktop-align-left","8":"tablet-align-left","9":"mobile-align-left","11":"first","12":"instock","13":"sale","14":"shipping-taxable","15":"product-type-external"},"_links":{"self":[{"href":"https:\/\/youniquebyemilie.com\/nl\/wp-json\/wp\/v2\/product\/11117","targetHints":{"allow":["GET"]}}],"collection":[{"href":"https:\/\/youniquebyemilie.com\/nl\/wp-json\/wp\/v2\/product"}],"about":[{"href":"https:\/\/youniquebyemilie.com\/nl\/wp-json\/wp\/v2\/types\/product"}],"replies":[{"embeddable":true,"href":"https:\/\/youniquebyemilie.com\/nl\/wp-json\/wp\/v2\/comments?post=11117"}],"wp:featuredmedia":[{"embeddable":true,"href":"https:\/\/youniquebyemilie.com\/nl\/wp-json\/wp\/v2\/media\/11120"}],"wp:attachment":[{"href":"https:\/\/youniquebyemilie.com\/nl\/wp-json\/wp\/v2\/media?parent=11117"}],"wp:term":[{"taxonomy":"product_brand","embeddable":true,"href":"https:\/\/youniquebyemilie.com\/nl\/wp-json\/wp\/v2\/product_brand?post=11117"},{"taxonomy":"product_cat","embeddable":true,"href":"https:\/\/youniquebyemilie.com\/nl\/wp-json\/wp\/v2\/product_cat?post=11117"},{"taxonomy":"product_tag","embeddable":true,"href":"https:\/\/youniquebyemilie.com\/nl\/wp-json\/wp\/v2\/product_tag?post=11117"}],"curies":[{"name":"wp","href":"https:\/\/api.w.org\/{rel}","templated":true}]}}