{"id":10160,"date":"2025-02-03T06:23:09","date_gmt":"2025-02-03T05:23:09","guid":{"rendered":"https:\/\/youniquebyemilie.com\/mapa-witryny\/"},"modified":"2025-11-28T15:32:09","modified_gmt":"2025-11-28T14:32:09","slug":"mapa-witryny","status":"publish","type":"page","link":"https:\/\/youniquebyemilie.com\/pl\/mapa-witryny\/","title":{"rendered":"Mapa witryny"},"content":{"rendered":"\t\t<div data-elementor-type=\"wp-page\" data-elementor-id=\"10160\" class=\"elementor elementor-10160 elementor-2543\">\n\t\t\t\t<div class=\"elementor-element elementor-element-49385180 e-flex e-con-boxed wpr-particle-no wpr-jarallax-no wpr-parallax-no wpr-sticky-section-no wpr-equal-height-no e-con e-parent\" data-id=\"49385180\" data-element_type=\"container\" data-e-type=\"container\">\n\t\t\t\t\t<div class=\"e-con-inner\">\n\t\t\t\t<div class=\"elementor-element elementor-element-3efdfea elementor-widget elementor-widget-shortcode\" data-id=\"3efdfea\" data-element_type=\"widget\" data-e-type=\"widget\" data-widget_type=\"shortcode.default\">\n\t\t\t\t<div class=\"elementor-widget-container\">\n\t\t\t\t\t\t\t<div class=\"elementor-shortcode\">[rank_math_html_sitemap]<\/div>\n\t\t\t\t\t\t<\/div>\n\t\t\t\t<\/div>\n\t\t\t\t\t<\/div>\n\t\t\t\t<\/div>\n\t\t<div class=\"elementor-element elementor-element-247a2d6 e-flex e-con-boxed wpr-particle-no wpr-jarallax-no wpr-parallax-no wpr-sticky-section-no wpr-equal-height-no e-con e-parent\" data-id=\"247a2d6\" data-element_type=\"container\" data-e-type=\"container\" data-settings=\"{&quot;background_background&quot;:&quot;classic&quot;}\">\n\t\t\t\t\t<div class=\"e-con-inner\">\n\t\t<div class=\"elementor-element elementor-element-8195a2c e-con-full e-flex wpr-particle-no wpr-jarallax-no wpr-parallax-no wpr-sticky-section-no wpr-equal-height-no e-con e-child\" data-id=\"8195a2c\" data-element_type=\"container\" data-e-type=\"container\">\n\t\t\t\t<div class=\"elementor-element elementor-element-597a43f elementor-widget elementor-widget-spacer\" data-id=\"597a43f\" data-element_type=\"widget\" data-e-type=\"widget\" data-widget_type=\"spacer.default\">\n\t\t\t\t<div class=\"elementor-widget-container\">\n\t\t\t\t\t\t\t<div class=\"elementor-spacer\">\n\t\t\t<div class=\"elementor-spacer-inner\"><\/div>\n\t\t<\/div>\n\t\t\t\t\t\t<\/div>\n\t\t\t\t<\/div>\n\t\t<div class=\"elementor-element elementor-element-dee6020 e-con-full e-flex wpr-particle-no wpr-jarallax-no wpr-parallax-no wpr-sticky-section-no wpr-equal-height-no e-con e-child\" data-id=\"dee6020\" data-element_type=\"container\" data-e-type=\"container\">\n\t\t\t\t<div class=\"elementor-element elementor-element-db1110b elementor-widget elementor-widget-heading\" data-id=\"db1110b\" data-element_type=\"widget\" data-e-type=\"widget\" data-widget_type=\"heading.default\">\n\t\t\t\t<div class=\"elementor-widget-container\">\n\t\t\t\t\t<span class=\"elementor-heading-title elementor-size-default\">Younique by Emilie\n<\/span>\t\t\t\t<\/div>\n\t\t\t\t<\/div>\n\t\t\t\t<div class=\"elementor-element elementor-element-c9de319 elementor-widget__width-initial elementor-widget-mobile__width-inherit elementor-widget elementor-widget-heading\" data-id=\"c9de319\" data-element_type=\"widget\" data-e-type=\"widget\" data-widget_type=\"heading.default\">\n\t\t\t\t<div class=\"elementor-widget-container\">\n\t\t\t\t\t<h1 class=\"elementor-heading-title elementor-size-default\">Mapa witryny<\/h1>\t\t\t\t<\/div>\n\t\t\t\t<\/div>\n\t\t\t\t<\/div>\n\t\t\t\t<\/div>\n\t\t\t\t\t<\/div>\n\t\t\t\t<\/div>\n\t\t<div class=\"elementor-element elementor-element-d085411 e-flex e-con-boxed wpr-particle-no wpr-jarallax-no wpr-parallax-no wpr-sticky-section-no wpr-equal-height-no e-con e-parent\" data-id=\"d085411\" data-element_type=\"container\" data-e-type=\"container\">\n\t\t\t\t\t<div class=\"e-con-inner\">\n\t\t\t\t<div class=\"elementor-element elementor-element-e45d1bd elementor-widget elementor-widget-shortcode\" data-id=\"e45d1bd\" data-element_type=\"widget\" data-e-type=\"widget\" data-widget_type=\"shortcode.default\">\n\t\t\t\t<div class=\"elementor-widget-container\">\n\t\t\t\t\t\t\t<div class=\"elementor-shortcode\"><div class=\"wrap-html-sitemap sp-html-sitemap\"><div class=\"sp-wrap-cpt\"><h2 class=\"sp-cpt-name\">Strony<\/h2><ul class=\"sp-list-posts sp-cpt-hierarchical\"><li class=\"page_item page-item-11746 menu-item\"><a href=\"https:\/\/youniquebyemilie.com\/pl\/suplementy\/\" class=\"menu-link\">Suplementy<\/a><\/li><li class=\"page_item page-item-11765 menu-item\"><a href=\"https:\/\/youniquebyemilie.com\/pl\/cialo\/\" class=\"menu-link\">Cia\u0142o<\/a><\/li><li class=\"page_item page-item-10340 menu-item\"><a href=\"https:\/\/youniquebyemilie.com\/pl\/usta\/\" class=\"menu-link\">Usta<\/a><\/li><li class=\"page_item page-item-10335 menu-item\"><a href=\"https:\/\/youniquebyemilie.com\/pl\/oczy\/\" class=\"menu-link\">Oczy<\/a><\/li><li class=\"page_item page-item-10356 menu-item\"><a href=\"https:\/\/youniquebyemilie.com\/pl\/twarz\/\" class=\"menu-link\">Twarz<\/a><\/li><li class=\"page_item page-item-10370 menu-item\"><a href=\"https:\/\/youniquebyemilie.com\/pl\/skora\/\" class=\"menu-link\">Sk\u00f3ra<\/a><\/li><li class=\"page_item page-item-10367 menu-item\"><a href=\"https:\/\/youniquebyemilie.com\/pl\/produkty\/\" class=\"menu-link\">Produkty<\/a><\/li><li class=\"page_item page-item-10383 menu-item\"><a href=\"https:\/\/youniquebyemilie.com\/pl\/dolacz-do-younique\/\" class=\"menu-link\">Do\u0142\u0105cz do Younique<\/a><\/li><li class=\"page_item page-item-10377 menu-item\"><a href=\"https:\/\/youniquebyemilie.com\/pl\/blog\/\" class=\"menu-link\">Blog<\/a><\/li><li class=\"page_item page-item-10391 menu-item\"><a href=\"https:\/\/youniquebyemilie.com\/pl\/o-nas\/\" class=\"menu-link\">O nas<\/a><\/li><li class=\"page_item page-item-10160 menu-item\"><a href=\"https:\/\/youniquebyemilie.com\/pl\/mapa-witryny\/\" class=\"menu-link\">Mapa witryny<\/a><\/li><li class=\"page_item page-item-10322 menu-item\"><a href=\"https:\/\/youniquebyemilie.com\/pl\/informacje-prawne\/\" class=\"menu-link\">Informacje prawne<\/a><\/li><li class=\"page_item page-item-10412 menu-item\"><a href=\"https:\/\/youniquebyemilie.com\/pl\/kontakt\/\" class=\"menu-link\">Kontakt<\/a><\/li><li class=\"page_item page-item-10225 menu-item\"><a href=\"https:\/\/youniquebyemilie.com\/pl\/\" class=\"menu-link\">Younique By Emilie<\/a><\/li><\/ul><\/div><div class=\"sp-wrap-cpt\"><h2 class=\"sp-cpt-name\">Wpisy<\/h2><div class=\"sp-wrap-cats\"><div class=\"sp-wrap-cat\"><h3 class=\"sp-cat-name\"><a href=\"https:\/\/youniquebyemilie.com\/pl\/category\/makijaz\/\">Makija\u017c<\/a><\/h3><ul class=\"sp-list-posts\"><li><a href=\"https:\/\/youniquebyemilie.com\/pl\/ktory-tusz-younique-wybrac-do-rzes\/\">Kt\u00f3ry tusz Younique wybra\u0107 do rz\u0119s?<\/a> - 13 lutego 2026<\/li><li><a href=\"https:\/\/youniquebyemilie.com\/pl\/dlaczego-wlaczylem-kolagen-daily-you-do-mojej-rutyny\/\">Dlaczego w\u0142\u0105czy\u0142em kolagen DAILY-YOU do mojej rutyny?<\/a> - 18 czerwca 2025<\/li><li><a href=\"https:\/\/youniquebyemilie.com\/pl\/younique-glowplexion-naprawde-przydatny-czy-gadzet\/\">Younique Glowplexion: naprawd\u0119 przydatny czy gad\u017cet?<\/a> - 18 czerwca 2025<\/li><li><a href=\"https:\/\/youniquebyemilie.com\/pl\/younique-krem-bb-czy-podklad-jak-wybrac\/\">Younique krem BB czy podk\u0142ad: jak wybra\u0107?<\/a> - 18 czerwca 2025<\/li><li><a href=\"https:\/\/youniquebyemilie.com\/pl\/moja-rutyna-do-twarzy-younique-w-3-prostych-produktach\/\">Moja rutyna do twarzy Younique w 3 prostych produktach<\/a> - 18 czerwca 2025<\/li><\/ul><\/div><div class=\"sp-wrap-cat\"><h3 class=\"sp-cat-name\"><a href=\"https:\/\/youniquebyemilie.com\/pl\/category\/porady-dla-ambasadorow\/\">Porady dla ambasador\u00f3w<\/a><\/h3><ul class=\"sp-list-posts\"><li><a href=\"https:\/\/youniquebyemilie.com\/pl\/komigo-i-younique-kompletny-przewodnik-po-moim-nowym-sklepie\/\">Komigo i Younique: kompletny przewodnik po moim nowym sklepie<\/a> - 20 lutego 2026<\/li><\/ul><\/div><\/div><\/div><div class=\"sp-wrap-cpt\"><h2 class=\"sp-cpt-name\">Produkty<\/h2><div class=\"sp-archive-link\"><a href=\"https:\/\/youniquebyemilie.com\/pl\/shop\/\">Zobacz wszystko produkty<\/a><\/div><div class=\"sp-wrap-cats\"><div class=\"sp-wrap-cat\"><h3 class=\"sp-cat-name\"><a href=\"https:\/\/youniquebyemilie.com\/pl\/categorie-produit\/cialo\/\">Cia\u0142o<\/a><\/h3><ul class=\"sp-list-posts\"><li><a href=\"https:\/\/youniquebyemilie.com\/pl\/produit\/rekawica-do-opalania-beachfront\/\">R\u0119kawica do opalania BEACHFRONT<\/a> - 24 lipca 2025<\/li><li><a href=\"https:\/\/youniquebyemilie.com\/pl\/produit\/peeling-do-ciala-beachfront\/\">Peeling do cia\u0142a BEACHFRONT<\/a> - 24 lipca 2025<\/li><li><a href=\"https:\/\/youniquebyemilie.com\/pl\/produit\/bita-pianka-do-opalania-beachfront\/\">Bita pianka do opalania BEACHFRONT<\/a> - 24 lipca 2025<\/li><\/ul><\/div><div class=\"sp-wrap-cat\"><h3 class=\"sp-cat-name\"><a href=\"https:\/\/youniquebyemilie.com\/pl\/categorie-produit\/oczy\/\">Oczy<\/a><\/h3><ul class=\"sp-list-posts\"><li><a href=\"https:\/\/youniquebyemilie.com\/pl\/produit\/moodstruck-epic-4d-jednoetapowy-tusz-do-rzes-z-wloknami\/\">MOODSTRUCK EPIC 4D Jednoetapowy tusz do rz\u0119s z w\u0142\u00f3knami<\/a> - 26 lipca 2025<\/li><li><a href=\"https:\/\/youniquebyemilie.com\/pl\/produit\/tusz-do-rzes-moodstruck-epic-twisted\/\">Tusz do rz\u0119s MOODSTRUCK EPIC Twisted<\/a> - 26 lipca 2025<\/li><li><a href=\"https:\/\/youniquebyemilie.com\/pl\/produit\/tusz-do-rzes-4-w-1-z-baza-w-tubce-younique-quadra\/\">Tusz do rz\u0119s 4 w 1 z baz\u0105 w tubce YOUNIQUE QUADRA<\/a> - 26 lipca 2025<\/li><li><a href=\"https:\/\/youniquebyemilie.com\/pl\/produit\/graficzny-eyeliner-w-plynie-moodstruck-precision\/\">Graficzny eyeliner w p\u0142ynie MOODSTRUCK PRECISION<\/a> - 24 lipca 2025<\/li><li><a href=\"https:\/\/youniquebyemilie.com\/pl\/produit\/zalotka-do-rzes-younique\/\">Zalotka do rz\u0119s YOUNIQUE<\/a> - 24 lipca 2025<\/li><li><a href=\"https:\/\/youniquebyemilie.com\/pl\/produit\/wklad-do-pudru-do-brwi-moodstruck\/\">Wk\u0142ad do pudru do brwi MOODSTRUCK<\/a> - 24 lipca 2025<\/li><li><a href=\"https:\/\/youniquebyemilie.com\/pl\/produit\/kompaktowy-wklad-do-cieni-do-powiek-moodstruck\/\">Kompaktowy wk\u0142ad do cieni do powiek MOODSTRUCK<\/a> - 24 lipca 2025<\/li><li><a href=\"https:\/\/youniquebyemilie.com\/pl\/produit\/niezbedna-paleta-moodstruck\/\">Niezb\u0119dna paleta MOODSTRUCK<\/a> - 24 lipca 2025<\/li><li><a href=\"https:\/\/youniquebyemilie.com\/pl\/produit\/paleta-cieni-do-powiek-moodstruck-addiction\/\">Paleta cieni do powiek MOODSTRUCK ADDICTION<\/a> - 24 lipca 2025<\/li><li><a href=\"https:\/\/youniquebyemilie.com\/pl\/produit\/kompaktowa-paleta-cieni-do-powiek-moodstruck-beloved-volume-3\/\">Kompaktowa paleta cieni do powiek MOODSTRUCK BELOVED - Volume 3<\/a> - 24 lipca 2025<\/li><li><a href=\"https:\/\/youniquebyemilie.com\/pl\/produit\/moodstruck-beloved-kompaktowa-paleta-cieni-do-powiek\/\">MOODSTRUCK BELOVED Kompaktowa paleta cieni do powiek<\/a> - 24 lipca 2025<\/li><li><a href=\"https:\/\/youniquebyemilie.com\/pl\/produit\/paleta-do-brwi-moodstruck-duo\/\">Paleta do brwi MOODSTRUCK duo<\/a> - 24 lipca 2025<\/li><li><a href=\"https:\/\/youniquebyemilie.com\/pl\/produit\/kompaktowa-paleta-cieni-do-powiek-moodstruck-4\/\">Kompaktowa paleta cieni do powiek MOODSTRUCK 4<\/a> - 24 lipca 2025<\/li><li><a href=\"https:\/\/youniquebyemilie.com\/pl\/produit\/cien-do-powiek-w-plynie-moodstruck\/\">Cie\u0144 do powiek w p\u0142ynie MOODSTRUCK<\/a> - 24 lipca 2025<\/li><li><a href=\"https:\/\/youniquebyemilie.com\/pl\/produit\/cien-do-powiek-w-sztyfcie-moodstruck\/\">Cie\u0144 do powiek w sztyfcie MOODSTRUCK<\/a> - 24 lipca 2025<\/li><li><a href=\"https:\/\/youniquebyemilie.com\/pl\/produit\/you-ology-maska-konturowa-pod-oczy\/\">YOU-OLOGY Maska konturowa pod oczy<\/a> - 24 lipca 2025<\/li><li><a href=\"https:\/\/youniquebyemilie.com\/pl\/produit\/magnetyczny-eyeliner-moodstruck\/\">Magnetyczny eyeliner MOODSTRUCK<\/a> - 24 lipca 2025<\/li><li><a href=\"https:\/\/youniquebyemilie.com\/pl\/produit\/kredka-do-oczu-w-plynie-moodstruck-precision-odcien-perfect\/\">Kredka do oczu w p\u0142ynie MOODSTRUCK PRECISION - odcie\u0144 &#8222;Perfect&#8221;<\/a> - 24 lipca 2025<\/li><li><a href=\"https:\/\/youniquebyemilie.com\/pl\/produit\/kredka-do-oczu-dip-draw\/\">Kredka do oczu DIP &amp; DRAW<\/a> - 24 lipca 2025<\/li><li><a href=\"https:\/\/youniquebyemilie.com\/pl\/produit\/kredka-do-oczu-moodstruck-precision\/\">Kredka do oczu MOODSTRUCK PRECISION<\/a> - 24 lipca 2025<\/li><li><a href=\"https:\/\/youniquebyemilie.com\/pl\/produit\/kredka-do-brwi-moodstruck-sculpting-eyebrow-pencil\/\">Kredka do brwi MOODSTRUCK Sculpting Eyebrow Pencil<\/a> - 24 lipca 2025<\/li><li><a href=\"https:\/\/youniquebyemilie.com\/pl\/produit\/magnetyczne-rzesy-moodstruck\/\">Magnetyczne rz\u0119sy MOODSTRUCK<\/a> - 24 lipca 2025<\/li><li><a href=\"https:\/\/youniquebyemilie.com\/pl\/produit\/moodstruck-kompaktowy-cien-do-powiek-w-pojedynczej-kasetce\/\">MOODSTRUCK kompaktowy cie\u0144 do powiek w pojedynczej kasetce<\/a> - 16 czerwca 2025<\/li><li><a href=\"https:\/\/youniquebyemilie.com\/pl\/produit\/baza-do-rzes-moodstruck-epic\/\">Baza do rz\u0119s MOODSTRUCK EPIC<\/a> - 16 czerwca 2025<\/li><li><a href=\"https:\/\/youniquebyemilie.com\/pl\/produit\/aplikator-do-sztucznych-rzes-younique\/\">Aplikator do sztucznych rz\u0119s YOUNIQUE<\/a> - 16 czerwca 2025<\/li><\/ul><\/div><div class=\"sp-wrap-cat\"><h3 class=\"sp-cat-name\"><a href=\"https:\/\/youniquebyemilie.com\/pl\/categorie-produit\/skora\/\">Sk\u00f3ra<\/a><\/h3><ul class=\"sp-list-posts\"><li><a href=\"https:\/\/youniquebyemilie.com\/pl\/produit\/you-ology-7-dniowa-kuracja-witamina-c\/\">YOU OLOGY 7-dniowa kuracja witamin\u0105 C<\/a> - 27 lipca 2025<\/li><li><a href=\"https:\/\/youniquebyemilie.com\/pl\/produit\/krem-nawilzajacy-younique-glowplexion\/\">Krem nawil\u017caj\u0105cy YOUNIQUE GLOWPLEXION<\/a> - 26 lipca 2025<\/li><li><a href=\"https:\/\/youniquebyemilie.com\/pl\/produit\/krem-konturujacy-pod-oczy-you-ology\/\">Krem konturuj\u0105cy pod oczy YOU OLOGY<\/a> - 26 lipca 2025<\/li><li><a href=\"https:\/\/youniquebyemilie.com\/pl\/produit\/srodek-czyszczacy-younique-glowplexion\/\">\u015arodek czyszcz\u0105cy YOUNIQUE GLOWPLEXION<\/a> - 26 lipca 2025<\/li><li><a href=\"https:\/\/youniquebyemilie.com\/pl\/produit\/you-ology-odswiezajaca-maska-biocelulozowa\/\">YOU OLOGY od\u015bwie\u017caj\u0105ca maska biocelulozowa<\/a> - 25 lipca 2025<\/li><li><a href=\"https:\/\/youniquebyemilie.com\/pl\/produit\/maska-na-oczy-you-ology-30-par\/\">Maska na oczy YOU OLOGY - 30 par<\/a> - 25 lipca 2025<\/li><li><a href=\"https:\/\/youniquebyemilie.com\/pl\/produit\/you-niversal-kremowa-maseczka-z-glinka-i-weglem-drzewnym\/\">YOU NIVERSAL kremowa maseczka z glink\u0105 i w\u0119glem drzewnym<\/a> - 25 lipca 2025<\/li><li><a href=\"https:\/\/youniquebyemilie.com\/pl\/produit\/you-niversal-nawilzajaca-maseczka-na-noc\/\">YOU NIVERSAL nawil\u017caj\u0105ca maseczka na noc<\/a> - 25 lipca 2025<\/li><li><a href=\"https:\/\/youniquebyemilie.com\/pl\/produit\/you-niversal-maska-odnawiajaca-powierzchnie-skory\/\">YOU NIVERSAL Maska odnawiaj\u0105ca powierzchni\u0119 sk\u00f3ry<\/a> - 25 lipca 2025<\/li><li><a href=\"https:\/\/youniquebyemilie.com\/pl\/produit\/srodek-czyszczacy-youthplexion\/\">\u015arodek czyszcz\u0105cy YOUTHPLEXION<\/a> - 25 lipca 2025<\/li><li><a href=\"https:\/\/youniquebyemilie.com\/pl\/produit\/pedzel-do-nakladania-masek-younique\/\">P\u0119dzel do nak\u0142adania masek Younique<\/a> - 25 lipca 2025<\/li><li><a href=\"https:\/\/youniquebyemilie.com\/pl\/produit\/serum-na-noc-youthplexion\/\">Serum na noc YOUTHPLEXION<\/a> - 25 lipca 2025<\/li><li><a href=\"https:\/\/youniquebyemilie.com\/pl\/produit\/you-ology-rosewater-toning-spray\/\">YOU OLOGY Rosewater Toning Spray<\/a> - 25 lipca 2025<\/li><li><a href=\"https:\/\/youniquebyemilie.com\/pl\/produit\/serum-younique-glowplexion\/\">Serum YOUNIQUE GLOWPLEXION<\/a> - 24 lipca 2025<\/li><li><a href=\"https:\/\/youniquebyemilie.com\/pl\/produit\/aplikator-kremu-pod-oczy-younique\/\">Aplikator kremu pod oczy YOUNIQUE<\/a> - 24 lipca 2025<\/li><li><a href=\"https:\/\/youniquebyemilie.com\/pl\/produit\/balsam-oczyszczajacy-you-ology\/\">Balsam oczyszczaj\u0105cy YOU OLOGY<\/a> - 24 lipca 2025<\/li><li><a href=\"https:\/\/youniquebyemilie.com\/pl\/produit\/you-niversal-krem-konturujacy-pod-oczy\/\">YOU-NIVERSAL krem konturuj\u0105cy pod oczy<\/a> - 24 lipca 2025<\/li><li><a href=\"https:\/\/youniquebyemilie.com\/pl\/produit\/nawilzajacy-krem-na-dzien-youthplexion\/\">Nawil\u017caj\u0105cy krem na dzie\u0144 YOUTHPLEXION<\/a> - 24 lipca 2025<\/li><li><a href=\"https:\/\/youniquebyemilie.com\/pl\/produit\/krem-na-noc-youthplexion\/\">Krem na noc YOUTHPLEXION<\/a> - 24 lipca 2025<\/li><li><a href=\"https:\/\/youniquebyemilie.com\/pl\/produit\/you-niversal-delikatny-zel-oczyszczajacy\/\">YOU NIVERSAL Delikatny \u017cel oczyszczaj\u0105cy<\/a> - 24 lipca 2025<\/li><li><a href=\"https:\/\/youniquebyemilie.com\/pl\/produit\/olejek-upiekszajacy-you-ology-uplift\/\">Olejek upi\u0119kszaj\u0105cy YOU-OLOGY UPLIFT<\/a> - 24 lipca 2025<\/li><li><a href=\"https:\/\/youniquebyemilie.com\/pl\/produit\/chusteczki-oczyszczajace-you-ology\/\">Chusteczki oczyszczaj\u0105ce YOU OLOGY<\/a> - 24 lipca 2025<\/li><li><a href=\"https:\/\/youniquebyemilie.com\/pl\/produit\/plyn-do-demakijazu-you-ology\/\">P\u0142yn do demakija\u017cu YOU OLOGY<\/a> - 24 lipca 2025<\/li><\/ul><\/div><div class=\"sp-wrap-cat\"><h3 class=\"sp-cat-name\"><a href=\"https:\/\/youniquebyemilie.com\/pl\/categorie-produit\/suplementy\/\">Suplementy<\/a><\/h3><ul class=\"sp-list-posts\"><li><a href=\"https:\/\/youniquebyemilie.com\/pl\/produit\/younique-daily-you-liquid-collagen-care-30-saszetek\/\">YOUNIQUE DAILY-YOU Liquid Collagen Care - 30 saszetek<\/a> - 27 lipca 2025<\/li><li><a href=\"https:\/\/youniquebyemilie.com\/pl\/produit\/younique-daily-you-wlosy-skora-i-paznokcie-dziasla\/\">YOUNIQUE DAILY-YOU w\u0142osy, sk\u00f3ra i paznokcie dzi\u0105s\u0142a<\/a> - 26 lipca 2025<\/li><\/ul><\/div><div class=\"sp-wrap-cat\"><h3 class=\"sp-cat-name\"><a href=\"https:\/\/youniquebyemilie.com\/pl\/categorie-produit\/twarz\/\">Twarz<\/a><\/h3><ul class=\"sp-list-posts\"><li><a href=\"https:\/\/youniquebyemilie.com\/pl\/produit\/podklad-z-serum-younique-touch\/\">Podk\u0142ad z serum + YOUNIQUE TOUCH<\/a> - 28 lipca 2025<\/li><li><a href=\"https:\/\/youniquebyemilie.com\/pl\/produit\/podklad-i-puder-utrwalajacy-touch-behold\/\">Podk\u0142ad i puder utrwalaj\u0105cy TOUCH BEHOLD<\/a> - 26 lipca 2025<\/li><li><a href=\"https:\/\/youniquebyemilie.com\/pl\/produit\/podklad-w-sztyfcie-younique-touch\/\">Podk\u0142ad w sztyfcie YOUNIQUE TOUCH<\/a> - 26 lipca 2025<\/li><li><a href=\"https:\/\/youniquebyemilie.com\/pl\/produit\/younique-touch-complexion-kompaktowy-podklad-w-pudrze\/\">YOUNIQUE TOUCH Complexion+ kompaktowy podk\u0142ad w pudrze<\/a> - 26 lipca 2025<\/li><li><a href=\"https:\/\/youniquebyemilie.com\/pl\/produit\/younique-touch-matowy-puder-brazujacy\/\">YOUNIQUE TOUCH matowy puder br\u0105zuj\u0105cy<\/a> - 24 lipca 2025<\/li><li><a href=\"https:\/\/youniquebyemilie.com\/pl\/produit\/pedzel-do-rzezbienia-younique\/\">P\u0119dzel do rze\u017abienia YOUNIQUE<\/a> - 24 lipca 2025<\/li><li><a href=\"https:\/\/youniquebyemilie.com\/pl\/produit\/pedzel-do-pudru-sypkiego-younique\/\">P\u0119dzel do pudru sypkiego YOUNIQUE<\/a> - 24 lipca 2025<\/li><li><a href=\"https:\/\/youniquebyemilie.com\/pl\/produit\/pedzel-kabuki-younique\/\">P\u0119dzel kabuki YOUNIQUE<\/a> - 24 lipca 2025<\/li><li><a href=\"https:\/\/youniquebyemilie.com\/pl\/produit\/skosny-pedzel-wachlarzowy-younique\/\">Sko\u015bny p\u0119dzel wachlarzowy YOUNIQUE<\/a> - 24 lipca 2025<\/li><li><a href=\"https:\/\/youniquebyemilie.com\/pl\/produit\/rozswietlacz-younique-touch-fusion\/\">Roz\u015bwietlacz YOUNIQUE TOUCH fusion<\/a> - 24 lipca 2025<\/li><li><a href=\"https:\/\/youniquebyemilie.com\/pl\/produit\/stozkowy-pedzel-do-rozu-younique\/\">Sto\u017ckowy p\u0119dzel do r\u00f3\u017cu YOUNIQUE<\/a> - 24 lipca 2025<\/li><li><a href=\"https:\/\/youniquebyemilie.com\/pl\/produit\/podklad-w-kremie-younique-touch\/\">Podk\u0142ad w kremie YOUNIQUE TOUCH<\/a> - 24 lipca 2025<\/li><li><a href=\"https:\/\/youniquebyemilie.com\/pl\/produit\/roz-w-kompakcie-moodstruck\/\">R\u00f3\u017c w kompakcie MOODSTRUCK<\/a> - 24 lipca 2025<\/li><li><a href=\"https:\/\/youniquebyemilie.com\/pl\/produit\/korektor-cery-younique-touch\/\">Korektor cery YOUNIQUE TOUCH<\/a> - 24 lipca 2025<\/li><li><a href=\"https:\/\/youniquebyemilie.com\/pl\/produit\/baza-touch-behold-i-mgielka-utrwalajaca\/\">Baza TOUCH BEHOLD i mgie\u0142ka utrwalaj\u0105ca<\/a> - 24 lipca 2025<\/li><li><a href=\"https:\/\/youniquebyemilie.com\/pl\/produit\/baza-rozswietlajaca-younique-bare-you\/\">Baza roz\u015bwietlaj\u0105ca YOUNIQUE BARE-YOU<\/a> - 24 lipca 2025<\/li><\/ul><\/div><div class=\"sp-wrap-cat\"><h3 class=\"sp-cat-name\"><a href=\"https:\/\/youniquebyemilie.com\/pl\/categorie-produit\/usta\/\">Usta<\/a><\/h3><ul class=\"sp-list-posts\"><li><a href=\"https:\/\/youniquebyemilie.com\/pl\/produit\/matowa-pomadka-do-ust-moodstruck-opulence\/\">Matowa pomadka do ust MOODSTRUCK OPULENCE<\/a> - 26 lipca 2025<\/li><li><a href=\"https:\/\/youniquebyemilie.com\/pl\/produit\/kredka-do-ust-moodstruck-precision\/\">Kredka do ust MOODSTRUCK PRECISION<\/a> - 24 lipca 2025<\/li><li><a href=\"https:\/\/youniquebyemilie.com\/pl\/produit\/tusz-do-ust-moodstruck\/\">Tusz do ust MOODSTRUCK<\/a> - 24 lipca 2025<\/li><li><a href=\"https:\/\/youniquebyemilie.com\/pl\/produit\/lucrative-gloss\/\">LUCRATIVE Gloss<\/a> - 24 lipca 2025<\/li><li><a href=\"https:\/\/youniquebyemilie.com\/pl\/produit\/pomadka-do-ust-moodstruck-hottie\/\">Pomadka do ust MOODSTRUCK HOTTIE<\/a> - 24 lipca 2025<\/li><li><a href=\"https:\/\/youniquebyemilie.com\/pl\/produit\/kremowa-pomadka-do-ust-moodstruck-opulence\/\">Kremowa pomadka do ust MOODSTRUCK OPULENCE<\/a> - 24 lipca 2025<\/li><li><a href=\"https:\/\/youniquebyemilie.com\/pl\/produit\/moodstruck-splash-matowa-pomadka-do-ust-na-caly-dzien\/\">MOODSTRUCK SPLASH matowa pomadka do ust na ca\u0142y dzie\u0144<\/a> - 24 lipca 2025<\/li><li><a href=\"https:\/\/youniquebyemilie.com\/pl\/produit\/zluszczajacy-krem-do-ust-you-ology\/\">Z\u0142uszczaj\u0105cy krem do ust YOU OLOGY<\/a> - 24 lipca 2025<\/li><li><a href=\"https:\/\/youniquebyemilie.com\/pl\/produit\/maseczka-do-ust-you-ology\/\">Maseczka do ust YOU OLOGY<\/a> - 24 lipca 2025<\/li><li><a href=\"https:\/\/youniquebyemilie.com\/pl\/produit\/szczotka-4-w-1-younique\/\">Szczotka 4 w 1 YOUNIQUE<\/a> - 24 lipca 2025<\/li><li><a href=\"https:\/\/youniquebyemilie.com\/pl\/produit\/wielofunkcyjny-sztyft-do-ust-i-policzkow-bare-you-younique\/\">Wielofunkcyjny sztyft do ust i policzk\u00f3w BARE YOU YOUNIQUE<\/a> - 24 lipca 2025<\/li><\/ul><\/div><\/div><\/div><\/div><\/div>\n\t\t\t\t\t\t<\/div>\n\t\t\t\t<\/div>\n\t\t\t\t\t<\/div>\n\t\t\t\t<\/div>\n\t\t\t\t<\/div>\n\t\t","protected":false},"excerpt":{"rendered":"<p>[rank_math_html_sitemap] Younique by Emilie Mapa witryny<\/p>\n","protected":false},"author":1,"featured_media":0,"parent":0,"menu_order":0,"comment_status":"closed","ping_status":"closed","template":"elementor_header_footer","meta":{"_seopress_robots_primary_cat":"","_seopress_titles_title":"","_seopress_titles_desc":"","_seopress_robots_index":"","site-sidebar-layout":"default","site-content-layout":"","ast-site-content-layout":"default","site-content-style":"default","site-sidebar-style":"default","ast-global-header-display":"","ast-banner-title-visibility":"","ast-main-header-display":"","ast-hfb-above-header-display":"","ast-hfb-below-header-display":"","ast-hfb-mobile-header-display":"","site-post-title":"","ast-breadcrumbs-content":"","ast-featured-img":"","footer-sml-layout":"","ast-disable-related-posts":"","theme-transparent-header-meta":"","adv-header-id-meta":"","stick-header-meta":"","header-above-stick-meta":"","header-main-stick-meta":"","header-below-stick-meta":"","astra-migrate-meta-layouts":"default","ast-page-background-enabled":"default","ast-page-background-meta":{"desktop":{"background-color":"var(--ast-global-color-4)","background-image":"","background-repeat":"repeat","background-position":"center center","background-size":"auto","background-attachment":"scroll","background-type":"","background-media":"","overlay-type":"","overlay-color":"","overlay-opacity":"","overlay-gradient":""},"tablet":{"background-color":"","background-image":"","background-repeat":"repeat","background-position":"center center","background-size":"auto","background-attachment":"scroll","background-type":"","background-media":"","overlay-type":"","overlay-color":"","overlay-opacity":"","overlay-gradient":""},"mobile":{"background-color":"","background-image":"","background-repeat":"repeat","background-position":"center center","background-size":"auto","background-attachment":"scroll","background-type":"","background-media":"","overlay-type":"","overlay-color":"","overlay-opacity":"","overlay-gradient":""}},"ast-content-background-meta":{"desktop":{"background-color":"var(--ast-global-color-5)","background-image":"","background-repeat":"repeat","background-position":"center center","background-size":"auto","background-attachment":"scroll","background-type":"","background-media":"","overlay-type":"","overlay-color":"","overlay-opacity":"","overlay-gradient":""},"tablet":{"background-color":"var(--ast-global-color-5)","background-image":"","background-repeat":"repeat","background-position":"center center","background-size":"auto","background-attachment":"scroll","background-type":"","background-media":"","overlay-type":"","overlay-color":"","overlay-opacity":"","overlay-gradient":""},"mobile":{"background-color":"var(--ast-global-color-5)","background-image":"","background-repeat":"repeat","background-position":"center center","background-size":"auto","background-attachment":"scroll","background-type":"","background-media":"","overlay-type":"","overlay-color":"","overlay-opacity":"","overlay-gradient":""}},"footnotes":""},"class_list":["post-10160","page","type-page","status-publish","hentry"],"_links":{"self":[{"href":"https:\/\/youniquebyemilie.com\/pl\/wp-json\/wp\/v2\/pages\/10160","targetHints":{"allow":["GET"]}}],"collection":[{"href":"https:\/\/youniquebyemilie.com\/pl\/wp-json\/wp\/v2\/pages"}],"about":[{"href":"https:\/\/youniquebyemilie.com\/pl\/wp-json\/wp\/v2\/types\/page"}],"author":[{"embeddable":true,"href":"https:\/\/youniquebyemilie.com\/pl\/wp-json\/wp\/v2\/users\/1"}],"replies":[{"embeddable":true,"href":"https:\/\/youniquebyemilie.com\/pl\/wp-json\/wp\/v2\/comments?post=10160"}],"version-history":[{"count":0,"href":"https:\/\/youniquebyemilie.com\/pl\/wp-json\/wp\/v2\/pages\/10160\/revisions"}],"wp:attachment":[{"href":"https:\/\/youniquebyemilie.com\/pl\/wp-json\/wp\/v2\/media?parent=10160"}],"curies":[{"name":"wp","href":"https:\/\/api.w.org\/{rel}","templated":true}]}}