{"id":10446,"date":"2025-07-24T16:33:49","date_gmt":"2025-07-24T14:33:49","guid":{"rendered":"https:\/\/youniquebyemilie.com\/produit\/cien-do-powiek-w-plynie-moodstruck\/"},"modified":"2025-07-24T16:33:49","modified_gmt":"2025-07-24T14:33:49","slug":"cien-do-powiek-w-plynie-moodstruck","status":"publish","type":"product","link":"https:\/\/youniquebyemilie.com\/pl\/produit\/cien-do-powiek-w-plynie-moodstruck\/","title":{"rendered":"Cie\u0144 do powiek w p\u0142ynie MOODSTRUCK"},"content":{"rendered":"<p><span style=\"font-weight: 400;\">Wiesz, wcze\u015bniej cienie do powiek w p\u0142ynie zawsze by\u0142y m\u0119czarni\u0105: sp\u0142ywa\u0142y, blak\u0142y, a wieczorem moje oczy traci\u0142y wszystko. Potem odkry\u0142am <\/span><b>  Cie\u0144 do powiek w p\u0142ynie MOODSTRUCK,<\/b><span style=\"font-weight: 400;\">  i wtedy si\u0119 w nim zakocha\u0142am! Jego tekstura   <\/span><b>krem-puder<\/b><span style=\"font-weight: 400;\">  jest p\u0142ynny i lekki, szybko wysycha i utrzymuje si\u0119 przez ca\u0142y dzie\u0144. To, co naprawd\u0119 uwielbiam, to bardzo bogata gama kolor\u00f3w, od matowych po satynowe i per\u0142owe, aby stworzy\u0107 tysi\u0105ce stylizacji, od najbardziej naturalnych po najbardziej intensywne. Uwierz mi, to znacznie u\u0142atwi Ci \u017cycie i sprawi, \u017ce Twoje oczy b\u0119d\u0105 b\u0142yszcze\u0107 jak nigdy dot\u0105d!  <\/span><\/p>\n<h2><span style=\"font-weight: 400;\">Co zyskujesz dzi\u0119ki cieniom do powiek w p\u0142ynie MOODSTRUCK<\/span><\/h2>\n<ul>\n<li style=\"font-weight: 400;\" aria-level=\"1\"><b>Mocna pigmentacja<\/b><span style=\"font-weight: 400;\"> dla oczu, kt\u00f3re urzekaj\u0105 od pierwszego poci\u0105gni\u0119cia.<\/span>&nbsp;<\/li>\n<li style=\"font-weight: 400;\" aria-level=\"1\"><b>Lekka formu\u0142a kremowo-pudrowa<\/b><span style=\"font-weight: 400;\"> Wysycha, tworz\u0105c pudrowe, stabilne wyko\u0144czenie bez efektu przenoszenia.<\/span>&nbsp;<\/li>\n<li style=\"font-weight: 400;\" aria-level=\"1\"><b>Wodoodporny, odporny na rozmazywanie i przenoszenie<\/b><span style=\"font-weight: 400;\">Dla makija\u017cu, kt\u00f3ry Ci\u0119 nie opu\u015bci.<\/span>&nbsp;<\/li>\n<li style=\"font-weight: 400;\" aria-level=\"1\"><b>Aplikator ze zbiorniczkiem <\/b><span style=\"font-weight: 400;\">do nak\u0142adania idealnej ilo\u015bci, bez ba\u0142aganu.<\/span>&nbsp;<\/li>\n<li style=\"font-weight: 400;\" aria-level=\"1\"><b>Wszechstronno\u015b\u0107<\/b><span style=\"font-weight: 400;\"> U\u017cywaj jako r\u00f3\u017cu do policzk\u00f3w lub eyelinera, samodzielnie lub warstwowo, aby uzyska\u0107 wyj\u0105tkowy wygl\u0105d.<\/span><\/li>\n<\/ul>\n<p>&nbsp;<\/p>\n<h2><span style=\"font-weight: 400;\">Paleta kolor\u00f3w dla wszystkich stylizacji<\/span><\/h2>\n<p><span style=\"font-weight: 400;\">MOODSTRUCK stworzy\u0142 palet\u0119 odcieni tak r\u00f3\u017cnorodnych, \u017ce mo\u017cesz bawi\u0107 si\u0119 swoim wygl\u0105dem ka\u017cdego dnia, w zale\u017cno\u015bci od nastroju. Ka\u017cdy kolor jest zaproszeniem do odkrywania, odwa\u017cania si\u0119 i ujawniania r\u00f3\u017cnych aspekt\u00f3w swojej osobowo\u015bci. <\/span><\/p>\n<ul>\n<li style=\"font-weight: 400;\" aria-level=\"1\"><b>\u017bywio\u0142owy<\/b><span style=\"font-weight: 400;\">  Ten g\u0142\u0119boki b\u0142\u0119kit natychmiast przyci\u0105ga wzrok. Odwa\u017c si\u0119 go nosi\u0107, aby uzyska\u0107 odwa\u017cny, nieodparty wygl\u0105d. <\/span>&nbsp;<\/li>\n<li style=\"font-weight: 400;\" aria-level=\"1\"><b>Giggly<\/b><span style=\"font-weight: 400;\"> Blady, matowy r\u00f3\u017c, kt\u00f3ry natychmiast nada oczom mi\u0119kko\u015bci, idealny do uzyskania naturalnego, \u015bwie\u017cego efektu.<\/span>&nbsp;<\/li>\n<li style=\"font-weight: 400;\" aria-level=\"1\"><b>Profesjonalny<\/b><span style=\"font-weight: 400;\"> Elegancki, matowy odcie\u0144 fioletu, idealny do wyrafinowanego, dyskretnego i szykownego makija\u017cu.<\/span>&nbsp;<\/li>\n<li style=\"font-weight: 400;\" aria-level=\"1\"><b>Adorned<\/b><span style=\"font-weight: 400;\"> Oliwkowy br\u0105z o satynowym wyko\u0144czeniu, usiany z\u0142otymi pere\u0142kami - subtelny akcent, kt\u00f3ry ociepla spojrzenie i dodaje delikatnego blasku.<\/span>&nbsp;<\/li>\n<li style=\"font-weight: 400;\" aria-level=\"1\"><b>Szacunek<\/b><span style=\"font-weight: 400;\">  Ten satynowy szampan to odcie\u0144, kt\u00f3ry natychmiast roz\u015bwietla oczy. Idealny sprzymierzeniec dla odrobiny \u015bwiat\u0142a z \u0142atwo\u015bci\u0105. <\/span>&nbsp;<\/li>\n<li style=\"font-weight: 400;\" aria-level=\"1\"><b>Wywy\u017cszony<\/b><span style=\"font-weight: 400;\">  Satynowy koral ze z\u0142otym per\u0142owym wyko\u0144czeniem. Idealny do uzyskania \u017cywego blasku i niezwykle efektownego efektu. <\/span>&nbsp;<\/li>\n<\/ul>\n<p><span style=\"font-weight: 400;\">Ka\u017cdy odcie\u0144 jest ma\u0142ym klejnotem, kt\u00f3ry mo\u017cna doda\u0107 do swojego zestawu kosmetycznego i jestem pewien, \u017ce pokochasz zabaw\u0119 z r\u00f3\u017cnymi teksturami i odcieniami, aby stworzy\u0107 r\u00f3\u017cnorodny i niepowtarzalny wygl\u0105d. To proste: z MOODSTRUCK jeste\u015b gotowa, by b\u0142yszcze\u0107! <\/span><\/p>\n<h2><span style=\"font-weight: 400;\">Jak u\u017cywa\u0107 cieni do powiek w p\u0142ynie MOODSTRUCK?<\/span><\/h2>\n<ul>\n<li style=\"font-weight: 400;\" aria-level=\"1\"><span style=\"font-weight: 400;\">Na\u0142\u00f3\u017c produkt bezpo\u015brednio na powiek\u0119 za pomoc\u0105 aplikatora w kszta\u0142cie \u0142omu.<\/span>&nbsp;<\/li>\n<li style=\"font-weight: 400;\" aria-level=\"1\"><span style=\"font-weight: 400;\">Delikatnie rozetrzyj opuszkami palc\u00f3w lub p\u0119dzlem, aby uzyska\u0107 naturalny lub intensywny efekt.<\/span>&nbsp;<\/li>\n<li style=\"font-weight: 400;\" aria-level=\"1\"><span style=\"font-weight: 400;\">Nak\u0142adaj na siebie odcienie, aby bawi\u0107 si\u0119 kolorem i stworzy\u0107 niepowtarzalny wygl\u0105d.<\/span>&nbsp;<\/li>\n<\/ul>\n<h2><span style=\"font-weight: 400;\">Kluczowe sk\u0142adniki<\/span><\/h2>\n<ul>\n<li style=\"font-weight: 400;\" aria-level=\"1\"><b>Woda<\/b><span style=\"font-weight: 400;\"> i<\/span><b> gliceryna<\/b><span style=\"font-weight: 400;\"> dla lekkiego nawil\u017cenia.<\/span>&nbsp;<\/li>\n<li style=\"font-weight: 400;\" aria-level=\"1\"><b>Kopolimery<\/b><span style=\"font-weight: 400;\"> zapewniaj\u0105 d\u0142ugotrwa\u0142e utrwalenie i wyko\u0144czenie bez przenoszenia.<\/span>&nbsp;<\/li>\n<li style=\"font-weight: 400;\" aria-level=\"1\"><b>Skwalan<\/b><span style=\"font-weight: 400;\"> od\u017cywia i chroni delikatn\u0105 sk\u00f3r\u0119 powiek.<\/span>&nbsp;<\/li>\n<li style=\"font-weight: 400;\" aria-level=\"1\"><b>Fenoksyetanol <\/b><span style=\"font-weight: 400;\">i <\/span><b>caprylyl <\/b><span style=\"font-weight: 400;\">glikol dla ochrony i mi\u0119kko\u015bci.<\/span>&nbsp;<\/li>\n<\/ul>\n<h2><span style=\"font-weight: 400;\">Dlaczego to pokochasz<\/span><\/h2>\n<p><span style=\"font-weight: 400;\"><br \/>\n<\/span><span style=\"font-weight: 400;\">  Poniewa\u017c jest to idealne po\u0142\u0105czenie \u0142atwo\u015bci, trwa\u0142o\u015bci i koloru. Niezale\u017cnie od tego, czy si\u0119 spieszysz, czy chcesz, aby makija\u017c utrzymywa\u0142 si\u0119 przez ca\u0142y dzie\u0144, ten p\u0142ynny cie\u0144 do powiek jest Twoim sprzymierze\u0144cem. Jego innowacyjna konsystencja u\u0142atwia aplikacj\u0119, a gama kolor\u00f3w pozwala wyrazi\u0107 swoj\u0105 kreatywno\u015b\u0107 bez ogranicze\u0144. Zam\u00f3w cienie do powiek w p\u0142ynie MOODSTRUCK ju\u017c teraz i zmie\u0144 sw\u00f3j wygl\u0105d w mgnieniu oka, bez stresu i rozmazywania!   <\/span><\/p>\n<h2><span style=\"font-weight: 400;\">FAQ: Wszystko, co musisz wiedzie\u0107 o cieniach do powiek w p\u0142ynie MOODSTRUCK<\/span><\/h2>\n<ol>\n<li style=\"font-weight: 400;\" aria-level=\"1\"><b>Czy ten makija\u017c jest odpowiedni dla wszystkich rodzaj\u00f3w sk\u00f3ry?<\/b><span style=\"font-weight: 400;\"><br \/>\n<\/span><span style=\"font-weight: 400;\">  Tak, jego lekka, delikatna formu\u0142a jest odpowiednia nawet dla sk\u00f3ry wra\u017cliwej.<\/span>&nbsp;<\/li>\n<li style=\"font-weight: 400;\" aria-level=\"1\"><b>Jak przed\u0142u\u017cy\u0107 trwa\u0142o\u015b\u0107 makija\u017cu?<\/b><span style=\"font-weight: 400;\"><br \/>\n<\/span><span style=\"font-weight: 400;\">  Na\u0142\u00f3\u017c baz\u0119 na powieki przed na\u0142o\u017ceniem cienia, aby uzyska\u0107 lepsz\u0105 przyczepno\u015b\u0107.<\/span>&nbsp;<\/li>\n<li style=\"font-weight: 400;\" aria-level=\"1\"><b>Czy ten produkt jest \u0142atwy do usuni\u0119cia?<\/b><span style=\"font-weight: 400;\"><br \/>\n<\/span><span style=\"font-weight: 400;\">  Tak, mo\u017cna go \u0142atwo usun\u0105\u0107 delikatnym p\u0142ynem do demakija\u017cu, bez pocierania.<\/span>&nbsp;<\/li>\n<li style=\"font-weight: 400;\" aria-level=\"1\"><b>Jaki jest \u015bredni okres przechowywania po otwarciu?<\/b><span style=\"font-weight: 400;\"><br \/>\n<\/span><span style=\"font-weight: 400;\">  Oko\u0142o 12 miesi\u0119cy, pod warunkiem, \u017ce butelka jest szczelnie zamkni\u0119ta.<\/span>&nbsp;<\/li>\n<li style=\"font-weight: 400;\" aria-level=\"1\"><b>Czy mo\u017ce by\u0107 stosowany do makija\u017cu wieczorowego?<\/b><b><br \/>\n<\/b> <span style=\"font-weight: 400;\">Tak, dzi\u0119ki intensywnej pigmentacji i r\u00f3\u017cnorodnym wyko\u0144czeniom, jest idealny zar\u00f3wno na dzie\u0144, jak i na wiecz\u00f3r.<\/span>&nbsp;<\/li>\n<\/ol>\n<p><span style=\"font-weight: 400;\">Czas zacz\u0105\u0107 dzia\u0142a\u0107! Wyci\u0105gnij kart\u0119, zam\u00f3w cienie do powiek w p\u0142ynie MOODSTRUCK i przygotuj si\u0119 na intensywny, niezwykle \u015bwie\u017cy wygl\u0105d bez zb\u0119dnych ceregieli. Podaruj sobie ten prezent, naprawd\u0119 na niego zas\u0142ugujesz!  <\/span><\/p>\n","protected":false},"excerpt":{"rendered":"<p><span style=\"font-weight: 400;\">Wiesz, wcze\u015bniej cienie do powiek w p\u0142ynie zawsze by\u0142y m\u0119czarni\u0105: sp\u0142ywa\u0142y, blak\u0142y, a wieczorem moje oczy traci\u0142y wszystko. Potem odkry\u0142am <\/span><b>  Cie\u0144 do powiek w p\u0142ynie MOODSTRUCK,<\/b><span style=\"font-weight: 400;\">  i wtedy si\u0119 w nim zakocha\u0142am! Jego tekstura   <\/span><b>krem-puder<\/b><span style=\"font-weight: 400;\">  jest p\u0142ynny i lekki, szybko wysycha i utrzymuje si\u0119 przez ca\u0142y dzie\u0144. To, co naprawd\u0119 uwielbiam, to bardzo bogata gama kolor\u00f3w, od matowych po satynowe i per\u0142owe, aby stworzy\u0107 tysi\u0105ce stylizacji, od najbardziej naturalnych po najbardziej intensywne. Uwierz mi, to znacznie u\u0142atwi Ci \u017cycie i sprawi, \u017ce Twoje oczy b\u0119d\u0105 b\u0142yszcze\u0107 jak nigdy dot\u0105d!  <\/span><\/p>\n","protected":false},"featured_media":10450,"comment_status":"open","ping_status":"closed","template":"","meta":{"_seopress_robots_primary_cat":"none","_seopress_titles_title":"","_seopress_titles_desc":"","_seopress_robots_index":"","site-sidebar-layout":"default","site-content-layout":"","ast-site-content-layout":"default","site-content-style":"default","site-sidebar-style":"default","ast-global-header-display":"","ast-banner-title-visibility":"","ast-main-header-display":"","ast-hfb-above-header-display":"","ast-hfb-below-header-display":"","ast-hfb-mobile-header-display":"","site-post-title":"","ast-breadcrumbs-content":"","ast-featured-img":"","footer-sml-layout":"","ast-disable-related-posts":"","theme-transparent-header-meta":"default","adv-header-id-meta":"","stick-header-meta":"","header-above-stick-meta":"","header-main-stick-meta":"","header-below-stick-meta":"","astra-migrate-meta-layouts":"default","ast-page-background-enabled":"default","ast-page-background-meta":{"desktop":{"background-color":"var(--ast-global-color-4)","background-image":"","background-repeat":"repeat","background-position":"center center","background-size":"auto","background-attachment":"scroll","background-type":"","background-media":"","overlay-type":"","overlay-color":"","overlay-opacity":"","overlay-gradient":""},"tablet":{"background-color":"","background-image":"","background-repeat":"repeat","background-position":"center center","background-size":"auto","background-attachment":"scroll","background-type":"","background-media":"","overlay-type":"","overlay-color":"","overlay-opacity":"","overlay-gradient":""},"mobile":{"background-color":"","background-image":"","background-repeat":"repeat","background-position":"center center","background-size":"auto","background-attachment":"scroll","background-type":"","background-media":"","overlay-type":"","overlay-color":"","overlay-opacity":"","overlay-gradient":""}},"ast-content-background-meta":{"desktop":{"background-color":"var(--ast-global-color-5)","background-image":"","background-repeat":"repeat","background-position":"center center","background-size":"auto","background-attachment":"scroll","background-type":"","background-media":"","overlay-type":"","overlay-color":"","overlay-opacity":"","overlay-gradient":""},"tablet":{"background-color":"var(--ast-global-color-5)","background-image":"","background-repeat":"repeat","background-position":"center center","background-size":"auto","background-attachment":"scroll","background-type":"","background-media":"","overlay-type":"","overlay-color":"","overlay-opacity":"","overlay-gradient":""},"mobile":{"background-color":"var(--ast-global-color-5)","background-image":"","background-repeat":"repeat","background-position":"center center","background-size":"auto","background-attachment":"scroll","background-type":"","background-media":"","overlay-type":"","overlay-color":"","overlay-opacity":"","overlay-gradient":""}}},"product_brand":[],"product_cat":[95],"product_tag":[],"class_list":{"0":"post-10446","1":"product","2":"type-product","3":"status-publish","4":"has-post-thumbnail","6":"product_cat-oczy","7":"desktop-align-left","8":"tablet-align-left","9":"mobile-align-left","11":"first","12":"instock","13":"sale","14":"shipping-taxable","15":"product-type-external"},"_links":{"self":[{"href":"https:\/\/youniquebyemilie.com\/pl\/wp-json\/wp\/v2\/product\/10446","targetHints":{"allow":["GET"]}}],"collection":[{"href":"https:\/\/youniquebyemilie.com\/pl\/wp-json\/wp\/v2\/product"}],"about":[{"href":"https:\/\/youniquebyemilie.com\/pl\/wp-json\/wp\/v2\/types\/product"}],"replies":[{"embeddable":true,"href":"https:\/\/youniquebyemilie.com\/pl\/wp-json\/wp\/v2\/comments?post=10446"}],"wp:featuredmedia":[{"embeddable":true,"href":"https:\/\/youniquebyemilie.com\/pl\/wp-json\/wp\/v2\/media\/10450"}],"wp:attachment":[{"href":"https:\/\/youniquebyemilie.com\/pl\/wp-json\/wp\/v2\/media?parent=10446"}],"wp:term":[{"taxonomy":"product_brand","embeddable":true,"href":"https:\/\/youniquebyemilie.com\/pl\/wp-json\/wp\/v2\/product_brand?post=10446"},{"taxonomy":"product_cat","embeddable":true,"href":"https:\/\/youniquebyemilie.com\/pl\/wp-json\/wp\/v2\/product_cat?post=10446"},{"taxonomy":"product_tag","embeddable":true,"href":"https:\/\/youniquebyemilie.com\/pl\/wp-json\/wp\/v2\/product_tag?post=10446"}],"curies":[{"name":"wp","href":"https:\/\/api.w.org\/{rel}","templated":true}]}}