{"id":10597,"date":"2025-07-26T17:12:31","date_gmt":"2025-07-26T15:12:31","guid":{"rendered":"https:\/\/youniquebyemilie.com\/produit\/podklad-i-puder-utrwalajacy-touch-behold\/"},"modified":"2025-07-26T17:12:31","modified_gmt":"2025-07-26T15:12:31","slug":"podklad-i-puder-utrwalajacy-touch-behold","status":"publish","type":"product","link":"https:\/\/youniquebyemilie.com\/pl\/produit\/podklad-i-puder-utrwalajacy-touch-behold\/","title":{"rendered":"Podk\u0142ad i puder utrwalaj\u0105cy TOUCH BEHOLD"},"content":{"rendered":"<p><span style=\"font-weight: 400;\">Nie zamierzam ci\u0119 ok\u0142amywa\u0107, przed odkryciem <\/span><b>DOTKNIJ<\/b><span style=\"font-weight: 400;\">Trudno mi by\u0142o utrzyma\u0107 \u015bwie\u017c\u0105 cer\u0119 przez ca\u0142y dzie\u0144. Cz\u0119sto ko\u0144czy\u0142am dzie\u0144 z b\u0142yszcz\u0105c\u0105 sk\u00f3r\u0105 i makija\u017cem sp\u0142ywaj\u0105cym wsz\u0119dzie. To, co naprawd\u0119 podoba mi si\u0119 w tym pudrze utrwalaj\u0105cym, to fakt, \u017ce spe\u0142nia on podw\u00f3jn\u0105 rol\u0119:    <\/span><b>Przygotowuje sk\u00f3r\u0119 jak lekka baza, a nast\u0119pnie utrwala makija\u017c, nie maskuj\u0105c go ani nie obci\u0105\u017caj\u0105c.  <\/b><span style=\"font-weight: 400;\">Co wi\u0119cej, uczucie \u015bwie\u017co\u015bci po jego na\u0142o\u017ceniu to prawdziwy kokon!<\/span><\/p>\n<p><span style=\"font-weight: 400;\">Odk\u0105d go u\u017cywam, nie musz\u0119 martwi\u0107 si\u0119 o retusz co godzin\u0119. Naprawd\u0119 polecam, zw\u0142aszcza je\u015bli szukasz prostego, skutecznego produktu, kt\u00f3ry oszcz\u0119dza czas i zapewnia naturaln\u0105 cer\u0119, kt\u00f3ra trwa. <\/span><\/p>\n<h2><span style=\"font-weight: 400;\">Co naprawd\u0119 zyskujesz dzi\u0119ki TOUCH BEHOLD<\/span><\/h2>\n<ul>\n<li style=\"font-weight: 400;\" aria-level=\"1\"><b>Twoja cera staje si\u0119 g\u0142adka i nieskazitelna<\/b><span style=\"font-weight: 400;\">Drobno zmielona krzemionka usuwa drobne zmarszczki i niedoskona\u0142o\u015bci, zapewniaj\u0105c niezwykle naturalne, aksamitne wyko\u0144czenie.<\/span><\/li>\n<li style=\"font-weight: 400;\" aria-level=\"1\"><span style=\"font-weight: 400;\">Gdy tylko puder dotknie sk\u00f3ry, przekszta\u0142ca si\u0119 w lekk\u0105, \u015bwie\u017c\u0105 wod\u0119, kt\u00f3ra natychmiast nawil\u017ca dzi\u0119ki innowacyjnej technologii.<\/span><\/li>\n<li style=\"font-weight: 400;\" aria-level=\"1\"><b>Twoja sk\u00f3ra pozostaje matowa<\/b><span style=\"font-weight: 400;\"> i<\/span><b> makija\u017c wygl\u0105da nieskazitelnie przez ca\u0142y dzie\u0144,<\/b><span style=\"font-weight: 400;\"> Nawet je\u015bli masz cer\u0119 mieszan\u0105 lub t\u0142ust\u0105, koniec z b\u0142yszczeniem!<\/span><\/li>\n<li style=\"font-weight: 400;\" aria-level=\"1\"><b>Upro\u015b\u0107 swoj\u0105 rutyn\u0119 piel\u0119gnacyjn\u0105 dzi\u0119ki temu produktowi 2 w 1 <\/b><span style=\"font-weight: 400;\">U\u017cywaj go jako bazy przed makija\u017cem lub jako pudru utrwalaj\u0105cego, aby przed\u0142u\u017cy\u0107 jego trwa\u0142o\u015b\u0107.<\/span><\/li>\n<\/ul>\n<h2><span style=\"font-weight: 400;\">Jak u\u017cywa\u0107 podk\u0142adu i pudru utrwalaj\u0105cego TOUCH BEHOLD?<\/span><\/h2>\n<h3><span style=\"font-weight: 400;\">Aby zagruntowa\u0107 sk\u00f3r\u0119 (jako baz\u0119) :<\/span><\/h3>\n<ol>\n<li style=\"font-weight: 400;\" aria-level=\"1\"><span style=\"font-weight: 400;\">Delikatnie potrz\u0105\u015bnij przechylon\u0105 butelk\u0105, aby rozprowadzi\u0107 proszek na sicie.<\/span><\/li>\n<li style=\"font-weight: 400;\" aria-level=\"1\"><span style=\"font-weight: 400;\">Otw\u00f3rz pokryw\u0119.<\/span><\/li>\n<li style=\"font-weight: 400;\" aria-level=\"1\"><span style=\"font-weight: 400;\">Przesu\u0144 p\u0119dzel do pudru YOUNIQUE, aby usun\u0105\u0107 po\u017c\u0105dan\u0105 ilo\u015b\u0107.<\/span><\/li>\n<li style=\"font-weight: 400;\" aria-level=\"1\"><span style=\"font-weight: 400;\">Na\u0142\u00f3\u017c r\u00f3wnomiernie na twarz, aby uzyska\u0107 \u015bwie\u017c\u0105, mi\u0119kk\u0105 i nawil\u017caj\u0105c\u0105 baz\u0119.<\/span><\/li>\n<li style=\"font-weight: 400;\" aria-level=\"1\"><span style=\"font-weight: 400;\">Zako\u0144cz rutynow\u0105 piel\u0119gnacj\u0119 cery.<\/span><\/li>\n<\/ol>\n<h3><span style=\"font-weight: 400;\">Aby utrwali\u0107 makija\u017c:<\/span><\/h3>\n<ol>\n<li style=\"font-weight: 400;\" aria-level=\"1\"><span style=\"font-weight: 400;\">Delikatnie wstrz\u0105sn\u0105\u0107 przechylon\u0105 butelk\u0105.<\/span><\/li>\n<li style=\"font-weight: 400;\" aria-level=\"1\"><span style=\"font-weight: 400;\">Otw\u00f3rz pokryw\u0119.<\/span><\/li>\n<li style=\"font-weight: 400;\" aria-level=\"1\"><span style=\"font-weight: 400;\">Na\u0142\u00f3\u017c p\u0119dzlem odpowiedni\u0105 ilo\u015b\u0107 pudru.<\/span><\/li>\n<li style=\"font-weight: 400;\" aria-level=\"1\"><span style=\"font-weight: 400;\">Na\u0142o\u017cy\u0107 delikatnie na twarz, koncentruj\u0105c si\u0119 na obszarach podatnych na b\u0142yszczenie.<\/span><\/li>\n<li style=\"font-weight: 400;\" aria-level=\"1\"><span style=\"font-weight: 400;\">Ciesz si\u0119 od\u015bwie\u017caj\u0105cym, matuj\u0105cym efektem przez ca\u0142y dzie\u0144.<\/span><\/li>\n<\/ol>\n<p><span style=\"font-weight: 400;\">Zam\u00f3w podk\u0142ad i puder utrwalaj\u0105cy TOUCH BEHOLD ju\u017c teraz. Ciesz si\u0119 \u015bwie\u017c\u0105, matow\u0105 i \u015bwietlist\u0105 cer\u0105 bez wysi\u0142ku przez ca\u0142y dzie\u0144. <\/span><\/p>\n<h2><span style=\"font-weight: 400;\">Kluczowe sk\u0142adniki i ich zalety<\/span><\/h2>\n<ul>\n<li style=\"font-weight: 400;\" aria-level=\"1\"><b>Drobno zmielony proszek krzemionkowy:<\/b><span style=\"font-weight: 400;\"> Wyg\u0142adza sk\u00f3r\u0119, redukuj\u0105c drobne zmarszczki i niedoskona\u0142o\u015bci.<\/span><\/li>\n<li style=\"font-weight: 400;\" aria-level=\"1\"><b>Technologia kapsu\u0142kowanej wody:<\/b><span style=\"font-weight: 400;\"> Nawil\u017ca i od\u015bwie\u017ca sk\u00f3r\u0119 w momencie aplikacji.<\/span><\/li>\n<li style=\"font-weight: 400;\" aria-level=\"1\"><b>Polimery dimetikonowe :<\/b><span style=\"font-weight: 400;\"> tworz\u0105 d\u0142ugotrwa\u0142e, jedwabi\u015bcie matowe wyko\u0144czenie.<\/span><\/li>\n<li style=\"font-weight: 400;\" aria-level=\"1\"><b>Gliceryna i dimetikon :<\/b><span style=\"font-weight: 400;\"> nawil\u017caj\u0105 i chroni\u0105 sk\u00f3r\u0119.<\/span><\/li>\n<li style=\"font-weight: 400;\" aria-level=\"1\"><b>\u0141agodne \u015brodki konserwuj\u0105ce:<\/b><span style=\"font-weight: 400;\"> Gwarantuj\u0105 \u015bwie\u017co\u015b\u0107 i bezpiecze\u0144stwo produktu.<\/span><span style=\"font-weight: 400;\"><br \/>\n<\/span><\/li>\n<\/ul>\n<h2><span style=\"font-weight: 400;\">FAQ : Podk\u0142ad i puder utrwalaj\u0105cy TOUCH BEHOLD<\/span><\/h2>\n<ol>\n<li style=\"font-weight: 400;\" aria-level=\"1\"><b>Czy ten puder jest odpowiedni dla wszystkich rodzaj\u00f3w sk\u00f3ry?<\/b><b><br \/>\n<\/b><span style=\"font-weight: 400;\">  Tak, zosta\u0142 opracowany tak, aby by\u0142 delikatny i skuteczny dla sk\u00f3ry wra\u017cliwej, suchej, mieszanej lub t\u0142ustej.<\/span><\/li>\n<li style=\"font-weight: 400;\" aria-level=\"1\"><b>Czy mo\u017ce by\u0107 stosowany jako klasyczny puder sypki?<\/b><b><br \/>\n<\/b><span style=\"font-weight: 400;\">  Tak, doskonale utrwala makija\u017c, zachowuj\u0105c lekkie wyko\u0144czenie.<\/span><\/li>\n<li style=\"font-weight: 400;\" aria-level=\"1\"><b>Jak\u0105 pojemno\u015b\u0107 ma produkt?<\/b><b><br \/>\n<\/b><span style=\"font-weight: 400;\">  10 g (0,35 uncji), idealny do codziennego stosowania przez kilka tygodni.<\/span><\/li>\n<li style=\"font-weight: 400;\" aria-level=\"1\"><b>Jak czy\u015bci\u0107 p\u0119dzel u\u017cywany z pudrem?<\/b><b><br \/>\n<\/b><span style=\"font-weight: 400;\"> U\u017cy\u0107 <\/span><b>\u0142agodnego myd\u0142a <\/b><span style=\"font-weight: 400;\">i ciep\u0142ej <\/span><b>ciep\u0142ej wody,<\/b><span style=\"font-weight: 400;\"> aby aplikacja by\u0142a czysta i higieniczna.<\/span><\/li>\n<li style=\"font-weight: 400;\" aria-level=\"1\"><b>Czy nadaje si\u0119 do utrwalania wodoodpornego makija\u017cu?<\/b><b><br \/>\n<\/b><span style=\"font-weight: 400;\">  Tak, poprawia trwa\u0142o\u015b\u0107 nawet najbardziej opornego makija\u017cu.<\/span><\/li>\n<\/ol>\n<p><span style=\"font-weight: 400;\">Zas\u0142ugujesz na cer\u0119, kt\u00f3ra pozostaje na swoim miejscu, nie przesusza si\u0119, a sk\u00f3ra emanuje zdrowiem. Zam\u00f3w podk\u0142ad i puder utrwalaj\u0105cy TOUCH BEHOLD i poczuj r\u00f3\u017cnic\u0119 ju\u017c od pierwszego u\u017cycia. <\/span><\/p>\n<p>&nbsp;<\/p>\n","protected":false},"excerpt":{"rendered":"<p><span style=\"font-weight: 400;\">Nie zamierzam ci\u0119 ok\u0142amywa\u0107, przed odkryciem <\/span><b>DOTKNIJ<\/b><span style=\"font-weight: 400;\">Trudno mi by\u0142o utrzyma\u0107 \u015bwie\u017c\u0105 cer\u0119 przez ca\u0142y dzie\u0144. Cz\u0119sto ko\u0144czy\u0142am dzie\u0144 z b\u0142yszcz\u0105c\u0105 sk\u00f3r\u0105 i makija\u017cem sp\u0142ywaj\u0105cym wsz\u0119dzie. To, co naprawd\u0119 podoba mi si\u0119 w tym pudrze utrwalaj\u0105cym, to fakt, \u017ce spe\u0142nia on podw\u00f3jn\u0105 rol\u0119:    <\/span><b>Przygotowuje sk\u00f3r\u0119 jak lekka baza, a nast\u0119pnie utrwala makija\u017c, nie maskuj\u0105c go ani nie obci\u0105\u017caj\u0105c.  <\/b><span style=\"font-weight: 400;\">Co wi\u0119cej, uczucie \u015bwie\u017co\u015bci po jego na\u0142o\u017ceniu to prawdziwy kokon!<\/span><\/p>\n<p><span style=\"font-weight: 400;\">Odk\u0105d go u\u017cywam, nie musz\u0119 martwi\u0107 si\u0119 o retusz co godzin\u0119. Naprawd\u0119 polecam, zw\u0142aszcza je\u015bli szukasz prostego, skutecznego produktu, kt\u00f3ry oszcz\u0119dza czas i zapewnia naturaln\u0105 cer\u0119, kt\u00f3ra trwa. <\/span><\/p>\n","protected":false},"featured_media":10601,"comment_status":"open","ping_status":"closed","template":"","meta":{"_seopress_robots_primary_cat":"none","_seopress_titles_title":"","_seopress_titles_desc":"","_seopress_robots_index":"","site-sidebar-layout":"default","site-content-layout":"","ast-site-content-layout":"default","site-content-style":"default","site-sidebar-style":"default","ast-global-header-display":"","ast-banner-title-visibility":"","ast-main-header-display":"","ast-hfb-above-header-display":"","ast-hfb-below-header-display":"","ast-hfb-mobile-header-display":"","site-post-title":"","ast-breadcrumbs-content":"","ast-featured-img":"","footer-sml-layout":"","ast-disable-related-posts":"","theme-transparent-header-meta":"default","adv-header-id-meta":"","stick-header-meta":"","header-above-stick-meta":"","header-main-stick-meta":"","header-below-stick-meta":"","astra-migrate-meta-layouts":"default","ast-page-background-enabled":"default","ast-page-background-meta":{"desktop":{"background-color":"var(--ast-global-color-4)","background-image":"","background-repeat":"repeat","background-position":"center center","background-size":"auto","background-attachment":"scroll","background-type":"","background-media":"","overlay-type":"","overlay-color":"","overlay-opacity":"","overlay-gradient":""},"tablet":{"background-color":"","background-image":"","background-repeat":"repeat","background-position":"center center","background-size":"auto","background-attachment":"scroll","background-type":"","background-media":"","overlay-type":"","overlay-color":"","overlay-opacity":"","overlay-gradient":""},"mobile":{"background-color":"","background-image":"","background-repeat":"repeat","background-position":"center center","background-size":"auto","background-attachment":"scroll","background-type":"","background-media":"","overlay-type":"","overlay-color":"","overlay-opacity":"","overlay-gradient":""}},"ast-content-background-meta":{"desktop":{"background-color":"var(--ast-global-color-5)","background-image":"","background-repeat":"repeat","background-position":"center center","background-size":"auto","background-attachment":"scroll","background-type":"","background-media":"","overlay-type":"","overlay-color":"","overlay-opacity":"","overlay-gradient":""},"tablet":{"background-color":"var(--ast-global-color-5)","background-image":"","background-repeat":"repeat","background-position":"center center","background-size":"auto","background-attachment":"scroll","background-type":"","background-media":"","overlay-type":"","overlay-color":"","overlay-opacity":"","overlay-gradient":""},"mobile":{"background-color":"var(--ast-global-color-5)","background-image":"","background-repeat":"repeat","background-position":"center center","background-size":"auto","background-attachment":"scroll","background-type":"","background-media":"","overlay-type":"","overlay-color":"","overlay-opacity":"","overlay-gradient":""}}},"product_brand":[],"product_cat":[107],"product_tag":[],"class_list":{"0":"post-10597","1":"product","2":"type-product","3":"status-publish","4":"has-post-thumbnail","6":"product_cat-twarz","7":"desktop-align-left","8":"tablet-align-left","9":"mobile-align-left","11":"first","12":"instock","13":"sale","14":"shipping-taxable","15":"product-type-external"},"_links":{"self":[{"href":"https:\/\/youniquebyemilie.com\/pl\/wp-json\/wp\/v2\/product\/10597","targetHints":{"allow":["GET"]}}],"collection":[{"href":"https:\/\/youniquebyemilie.com\/pl\/wp-json\/wp\/v2\/product"}],"about":[{"href":"https:\/\/youniquebyemilie.com\/pl\/wp-json\/wp\/v2\/types\/product"}],"replies":[{"embeddable":true,"href":"https:\/\/youniquebyemilie.com\/pl\/wp-json\/wp\/v2\/comments?post=10597"}],"wp:featuredmedia":[{"embeddable":true,"href":"https:\/\/youniquebyemilie.com\/pl\/wp-json\/wp\/v2\/media\/10601"}],"wp:attachment":[{"href":"https:\/\/youniquebyemilie.com\/pl\/wp-json\/wp\/v2\/media?parent=10597"}],"wp:term":[{"taxonomy":"product_brand","embeddable":true,"href":"https:\/\/youniquebyemilie.com\/pl\/wp-json\/wp\/v2\/product_brand?post=10597"},{"taxonomy":"product_cat","embeddable":true,"href":"https:\/\/youniquebyemilie.com\/pl\/wp-json\/wp\/v2\/product_cat?post=10597"},{"taxonomy":"product_tag","embeddable":true,"href":"https:\/\/youniquebyemilie.com\/pl\/wp-json\/wp\/v2\/product_tag?post=10597"}],"curies":[{"name":"wp","href":"https:\/\/api.w.org\/{rel}","templated":true}]}}