{"id":10608,"date":"2025-07-24T17:21:14","date_gmt":"2025-07-24T15:21:14","guid":{"rendered":"https:\/\/youniquebyemilie.com\/produit\/baza-rozswietlajaca-younique-bare-you\/"},"modified":"2025-07-24T17:21:14","modified_gmt":"2025-07-24T15:21:14","slug":"baza-rozswietlajaca-younique-bare-you","status":"publish","type":"product","link":"https:\/\/youniquebyemilie.com\/pl\/produit\/baza-rozswietlajaca-younique-bare-you\/","title":{"rendered":"Baza roz\u015bwietlaj\u0105ca YOUNIQUE BARE-YOU"},"content":{"rendered":"<p><span style=\"font-weight: 400;\">Jak bez wysi\u0142ku przywr\u00f3ci\u0142am mojej sk\u00f3rze blask i dlaczego i Ty powinna\u015b spr\u00f3bowa\u0107. Musz\u0119 przyzna\u0107, \u017ce mia\u0142am problem z utrzymaniem \u015bwie\u017cej i promiennej cery przez ca\u0142y dzie\u0144. M\u00f3j makija\u017c szybko blak\u0142, a sk\u00f3ra by\u0142a napi\u0119ta, szczeg\u00f3lnie zim\u0105. Wtedy spr\u00f3bowa\u0142am     <\/span><b>b\u0142yszcz\u0105ca baza YOUNIQUE BARE-YOU<\/b><span style=\"font-weight: 400;\">. Natychmiast poczu\u0142am, \u017ce moja sk\u00f3ra jest bardziej mi\u0119kka i lepiej nawil\u017cona, z naturalnym blaskiem, kt\u00f3rego nigdy wcze\u015bniej nie mia\u0142am.<\/span><\/p>\n<p><span style=\"font-weight: 400;\">I nie mog\u0142am tego zatrzyma\u0107 dla siebie. Je\u015bli chcesz przywr\u00f3ci\u0107 naturalny blask, wyd\u0142u\u017cy\u0107 trwa\u0142o\u015b\u0107 makija\u017cu i zadba\u0107 o sk\u00f3r\u0119 bez obci\u0105\u017cania rutyny, naprawd\u0119 polecam wypr\u00f3bowanie tej bazy. Zobaczysz, \u017ce zmieni wszystko.  <\/span><\/p>\n<h2><span style=\"font-weight: 400;\">Co pokochasz w bazie roz\u015bwietlaj\u0105cej BARE-YOU?<\/span><\/h2>\n<ul>\n<li style=\"font-weight: 400;\" aria-level=\"1\"><b>Natychmiastowy naturalny, \u015bwietlisty blask<\/b><b><br \/>\n<\/b><span style=\"font-weight: 400;\">  Podk\u0142ad ten zapewnia subtelny blask, bez efektu lichej kulki. Sk\u00f3ra wygl\u0105da na mi\u0119kk\u0105, wypocz\u0119t\u0105 i pe\u0142n\u0105 \u017cycia. <\/span>&nbsp;<\/li>\n<li style=\"font-weight: 400;\" aria-level=\"1\"><b>Nawil\u017cenie zwi\u0119kszone nawet o 50<\/b><b><br \/>\n<\/b><span style=\"font-weight: 400;\"> Dzi\u0119ki skwalanowi i mieszance Hydra-light sk\u00f3ra pozostaje elastyczna i nawil\u017cona przez ca\u0142y dzie\u0144.<\/span>&nbsp;<\/li>\n<li style=\"font-weight: 400;\" aria-level=\"1\"><b>G\u0142adsza cera, gotowa na makija\u017c<\/b><b><br \/>\n<\/b><span style=\"font-weight: 400;\"> Kwasy AHA delikatnie z\u0142uszczaj\u0105 nask\u00f3rek, poprawiaj\u0105c tekstur\u0119 sk\u00f3ry, dzi\u0119ki czemu podk\u0142ad lepiej si\u0119 rozprowadza i d\u0142u\u017cej utrzymuje.<\/span>&nbsp;<\/li>\n<li style=\"font-weight: 400;\" aria-level=\"1\"><b>Lekka, rewitalizuj\u0105ca formu\u0142a<\/b><b><br \/>\n<\/b><span style=\"font-weight: 400;\"> Mo\u017cna go stosowa\u0107 samodzielnie w celu uzyskania naturalnego wyko\u0144czenia, pod makija\u017c, a nawet miesza\u0107 z kremem nawil\u017caj\u0105cym.<\/span>&nbsp;<\/li>\n<\/ul>\n<h2><span style=\"font-weight: 400;\">Ile naprawd\u0119 zarabiasz<\/span><\/h2>\n<ul>\n<li style=\"font-weight: 400;\" aria-level=\"1\"><b>Nawil\u017cona, mi\u0119kka sk\u00f3ra<\/b><span style=\"font-weight: 400;\">nawet <\/span><b>po 12 godzinach<\/b>&nbsp;<\/li>\n<li style=\"font-weight: 400;\" aria-level=\"1\"><b>Makija\u017c, kt\u00f3ry \u0142atwiej si\u0119 nak\u0142ada<\/b><span style=\"font-weight: 400;\"> i d\u0142u\u017cej si\u0119 utrzymuje<\/span>&nbsp;<\/li>\n<li style=\"font-weight: 400;\" aria-level=\"1\"><b>Naturalny blask <\/b><span style=\"font-weight: 400;\">Poprawia cer\u0119 bez zb\u0119dnego zamieszania<\/span>&nbsp;<\/li>\n<li style=\"font-weight: 400;\" aria-level=\"1\"><b>Lekki, wygodny produkt,<\/b><span style=\"font-weight: 400;\"> idealny do wszystkich zabieg\u00f3w kosmetycznych<\/span>&nbsp;<\/li>\n<\/ul>\n<h2><span style=\"font-weight: 400;\">Jak stosowa\u0107 baz\u0119 roz\u015bwietlaj\u0105c\u0105 YOUNIQUE BARE-YOU?<\/span><\/h2>\n<ol>\n<li style=\"font-weight: 400;\" aria-level=\"1\"><span style=\"font-weight: 400;\">Nak\u0142ada\u0107 na czyst\u0105, such\u0105 sk\u00f3r\u0119 <\/span><b>1 do 2 pompek<\/b><span style=\"font-weight: 400;\">.<\/span>&nbsp;<\/li>\n<li style=\"font-weight: 400;\" aria-level=\"1\"><span style=\"font-weight: 400;\">Rozci\u0105gnij go na twarzy, szyi, dekolcie, obojczykach, a nawet ramionach, aby uzyska\u0107 harmonijny blask.<\/span>&nbsp;<\/li>\n<li style=\"font-weight: 400;\" aria-level=\"1\"><span style=\"font-weight: 400;\">Unika\u0107 okolic oczu.<\/span>&nbsp;<\/li>\n<li style=\"font-weight: 400;\" aria-level=\"1\"><span style=\"font-weight: 400;\">U\u017cywaj go samodzielnie, pod podk\u0142ad lub zmieszaj ze zwyk\u0142ym kremem.<\/span>&nbsp;<\/li>\n<\/ol>\n<p><span style=\"font-weight: 400;\">Dodaj baz\u0119 YOUNIQUE BARE-YOU Glow Base do koszyka i ciesz si\u0119 naturalnym blaskiem, kt\u00f3ry utrzymuje si\u0119 przez ca\u0142y dzie\u0144, samodzielnie lub pod ulubionym makija\u017cem.<\/span><\/p>\n<h2><span style=\"font-weight: 400;\">Co zawiera baza danych BARE-YOU<\/span><\/h2>\n<ul>\n<li style=\"font-weight: 400;\" aria-level=\"1\"><b>Skwalan<\/b><span style=\"font-weight: 400;\"> intensywnie nawil\u017ca i \u0142agodzi<\/span>&nbsp;<\/li>\n<li style=\"font-weight: 400;\" aria-level=\"1\"><b>Delikatne kwasy AHA<\/b><span style=\"font-weight: 400;\"> Lekkie z\u0142uszczanie w celu wyg\u0142adzenia sk\u00f3ry<\/span>&nbsp;<\/li>\n<li style=\"font-weight: 400;\" aria-level=\"1\"><b>Mika<\/b><span style=\"font-weight: 400;\"> subtelnie roz\u015bwietla, nie przyt\u0142aczaj\u0105c<\/span>&nbsp;<\/li>\n<li style=\"font-weight: 400;\" aria-level=\"1\"><b>Hydra-light<\/b><span style=\"font-weight: 400;\"> zapobiega odwodnieniu przez ca\u0142y dzie\u0144<\/span>&nbsp;<\/li>\n<\/ul>\n<p><span style=\"font-weight: 400;\">I oczywi\u015bcie kompozycja zaprojektowana z my\u015bl\u0105 o poszanowaniu sk\u00f3ry.<\/span><\/p>\n<h2><span style=\"font-weight: 400;\">FAQ : Baza roz\u015bwietlaj\u0105ca YOUNIQUE BARE-YOU<\/span><\/h2>\n<ol>\n<li><b>  Czy ta baza jest odpowiednia dla wszystkich rodzaj\u00f3w sk\u00f3ry?<\/b><b><br \/>\n<\/b><span style=\"font-weight: 400;\">  Tak, jego lekka, nawil\u017caj\u0105ca formu\u0142a jest odpowiednia dla sk\u00f3ry suchej, normalnej i mieszanej.<\/span><\/li>\n<li><b>  Czy matuje czy pozostawia \u015bwietliste wyko\u0144czenie?<\/b><b><br \/>\n<\/b><span style=\"font-weight: 400;\">  Zapewnia mi\u0119kki, naturalny po\u0142ysk, bez t\u0142usto\u015bci i nadmiernego po\u0142ysku.<\/span><\/li>\n<li><b>  Czy ta baza mo\u017ce by\u0107 stosowana na cia\u0142o?<\/b><b><br \/>\n<\/b><span style=\"font-weight: 400;\">  Tak, szczeg\u00f3lnie na dekolcie, obojczykach i ramionach, aby uzyska\u0107 r\u00f3wnomierny blask.<\/span><\/li>\n<li><b>  Jak d\u0142ugo wystarcza butelka o pojemno\u015bci 30 ml?<\/b><b><br \/>\n<\/b><span style=\"font-weight: 400;\">  Przy umiarkowanym codziennym u\u017cytkowaniu wystarcza na oko\u0142o 2 do 3 miesi\u0119cy.<\/span><\/li>\n<li><b>  Czy s\u0105 jakie\u015b kontrowersyjne sk\u0142adniki?<\/b><b><br \/>\n<\/b><span style=\"font-weight: 400;\">  Formu\u0142a jest wolna od paraben\u00f3w i siarczan\u00f3w, z bezpiecznymi i skutecznymi sk\u0142adnikami.<\/span><\/li>\n<\/ol>\n<p><span style=\"font-weight: 400;\">Twoja cera zas\u0142uguje na to, co najlepsze. <\/span><b>Ju\u017c dzi\u015b zam\u00f3w podk\u0142ad roz\u015bwietlaj\u0105cy YOUNIQUE BARE-YOU<\/b><span style=\"font-weight: 400;\"> i pozw\u00f3l swojej sk\u00f3rze l\u015bni\u0107 naturalnie przez ca\u0142y dzie\u0144.<\/span><\/p>\n<p>&nbsp;<\/p>\n","protected":false},"excerpt":{"rendered":"<p><span style=\"font-weight: 400;\">Jak bez wysi\u0142ku przywr\u00f3ci\u0142am mojej sk\u00f3rze blask i dlaczego i Ty powinna\u015b spr\u00f3bowa\u0107. Musz\u0119 przyzna\u0107, \u017ce mia\u0142am problem z utrzymaniem \u015bwie\u017cej i promiennej cery przez ca\u0142y dzie\u0144. M\u00f3j makija\u017c szybko blak\u0142, a sk\u00f3ra by\u0142a napi\u0119ta, szczeg\u00f3lnie zim\u0105. Wtedy spr\u00f3bowa\u0142am     <\/span><b>b\u0142yszcz\u0105ca baza YOUNIQUE BARE-YOU<\/b><span style=\"font-weight: 400;\">. Natychmiast poczu\u0142am, \u017ce moja sk\u00f3ra jest bardziej mi\u0119kka i lepiej nawil\u017cona, z naturalnym blaskiem, kt\u00f3rego nigdy wcze\u015bniej nie mia\u0142am.<\/span><\/p>\n<p><span style=\"font-weight: 400;\">I nie mog\u0142am tego zatrzyma\u0107 dla siebie. Je\u015bli chcesz przywr\u00f3ci\u0107 naturalny blask, wyd\u0142u\u017cy\u0107 trwa\u0142o\u015b\u0107 makija\u017cu i zadba\u0107 o sk\u00f3r\u0119 bez obci\u0105\u017cania rutyny, naprawd\u0119 polecam wypr\u00f3bowanie tej bazy. Zobaczysz, \u017ce zmieni wszystko.  <\/span><\/p>\n","protected":false},"featured_media":10612,"comment_status":"open","ping_status":"closed","template":"","meta":{"_seopress_robots_primary_cat":"none","_seopress_titles_title":"","_seopress_titles_desc":"","_seopress_robots_index":"","site-sidebar-layout":"default","site-content-layout":"","ast-site-content-layout":"default","site-content-style":"default","site-sidebar-style":"default","ast-global-header-display":"","ast-banner-title-visibility":"","ast-main-header-display":"","ast-hfb-above-header-display":"","ast-hfb-below-header-display":"","ast-hfb-mobile-header-display":"","site-post-title":"","ast-breadcrumbs-content":"","ast-featured-img":"","footer-sml-layout":"","ast-disable-related-posts":"","theme-transparent-header-meta":"default","adv-header-id-meta":"","stick-header-meta":"","header-above-stick-meta":"","header-main-stick-meta":"","header-below-stick-meta":"","astra-migrate-meta-layouts":"default","ast-page-background-enabled":"default","ast-page-background-meta":{"desktop":{"background-color":"var(--ast-global-color-4)","background-image":"","background-repeat":"repeat","background-position":"center center","background-size":"auto","background-attachment":"scroll","background-type":"","background-media":"","overlay-type":"","overlay-color":"","overlay-opacity":"","overlay-gradient":""},"tablet":{"background-color":"","background-image":"","background-repeat":"repeat","background-position":"center center","background-size":"auto","background-attachment":"scroll","background-type":"","background-media":"","overlay-type":"","overlay-color":"","overlay-opacity":"","overlay-gradient":""},"mobile":{"background-color":"","background-image":"","background-repeat":"repeat","background-position":"center center","background-size":"auto","background-attachment":"scroll","background-type":"","background-media":"","overlay-type":"","overlay-color":"","overlay-opacity":"","overlay-gradient":""}},"ast-content-background-meta":{"desktop":{"background-color":"var(--ast-global-color-5)","background-image":"","background-repeat":"repeat","background-position":"center center","background-size":"auto","background-attachment":"scroll","background-type":"","background-media":"","overlay-type":"","overlay-color":"","overlay-opacity":"","overlay-gradient":""},"tablet":{"background-color":"var(--ast-global-color-5)","background-image":"","background-repeat":"repeat","background-position":"center center","background-size":"auto","background-attachment":"scroll","background-type":"","background-media":"","overlay-type":"","overlay-color":"","overlay-opacity":"","overlay-gradient":""},"mobile":{"background-color":"var(--ast-global-color-5)","background-image":"","background-repeat":"repeat","background-position":"center center","background-size":"auto","background-attachment":"scroll","background-type":"","background-media":"","overlay-type":"","overlay-color":"","overlay-opacity":"","overlay-gradient":""}}},"product_brand":[],"product_cat":[107],"product_tag":[],"class_list":{"0":"post-10608","1":"product","2":"type-product","3":"status-publish","4":"has-post-thumbnail","6":"product_cat-twarz","7":"desktop-align-left","8":"tablet-align-left","9":"mobile-align-left","11":"first","12":"instock","13":"sale","14":"shipping-taxable","15":"product-type-external"},"_links":{"self":[{"href":"https:\/\/youniquebyemilie.com\/pl\/wp-json\/wp\/v2\/product\/10608","targetHints":{"allow":["GET"]}}],"collection":[{"href":"https:\/\/youniquebyemilie.com\/pl\/wp-json\/wp\/v2\/product"}],"about":[{"href":"https:\/\/youniquebyemilie.com\/pl\/wp-json\/wp\/v2\/types\/product"}],"replies":[{"embeddable":true,"href":"https:\/\/youniquebyemilie.com\/pl\/wp-json\/wp\/v2\/comments?post=10608"}],"wp:featuredmedia":[{"embeddable":true,"href":"https:\/\/youniquebyemilie.com\/pl\/wp-json\/wp\/v2\/media\/10612"}],"wp:attachment":[{"href":"https:\/\/youniquebyemilie.com\/pl\/wp-json\/wp\/v2\/media?parent=10608"}],"wp:term":[{"taxonomy":"product_brand","embeddable":true,"href":"https:\/\/youniquebyemilie.com\/pl\/wp-json\/wp\/v2\/product_brand?post=10608"},{"taxonomy":"product_cat","embeddable":true,"href":"https:\/\/youniquebyemilie.com\/pl\/wp-json\/wp\/v2\/product_cat?post=10608"},{"taxonomy":"product_tag","embeddable":true,"href":"https:\/\/youniquebyemilie.com\/pl\/wp-json\/wp\/v2\/product_tag?post=10608"}],"curies":[{"name":"wp","href":"https:\/\/api.w.org\/{rel}","templated":true}]}}