{"id":10638,"date":"2025-07-24T17:27:27","date_gmt":"2025-07-24T15:27:27","guid":{"rendered":"https:\/\/youniquebyemilie.com\/produit\/baza-touch-behold-i-mgielka-utrwalajaca\/"},"modified":"2025-07-24T17:27:27","modified_gmt":"2025-07-24T15:27:27","slug":"baza-touch-behold-i-mgielka-utrwalajaca","status":"publish","type":"product","link":"https:\/\/youniquebyemilie.com\/pl\/produit\/baza-touch-behold-i-mgielka-utrwalajaca\/","title":{"rendered":"Baza TOUCH BEHOLD i mgie\u0142ka utrwalaj\u0105ca"},"content":{"rendered":"<p><span style=\"font-weight: 400;\">Przygotuj sk\u00f3r\u0119, utrwal makija\u017c i utrzymaj \u015bwie\u017cy wygl\u0105d cery do godziny 16:00. Nie wiem jak Ty, ale ja uwielbiam produkty, kt\u00f3re naprawd\u0119 upraszczaj\u0105 moj\u0105 rutyn\u0119. Z baz\u0105 i mgie\u0142k\u0105 utrwalaj\u0105c\u0105    <\/span><b>TOUCH BEHOLD<\/b><span style=\"font-weight: 400;\">W ko\u0144cu znalaz\u0142am produkt dwa w jednym, kt\u00f3ry przygotowuje moj\u0105 sk\u00f3r\u0119 przed makija\u017cem i utrwala go po nim, bez obci\u0105\u017cania i sklejania.<\/span><\/p>\n<h2><span style=\"font-weight: 400;\">Co zyskujesz dzi\u0119ki TOUCH BEHOLD<\/span><\/h2>\n<ul>\n<li style=\"font-weight: 400;\" aria-level=\"1\"><b>Makija\u017c, kt\u00f3ry utrzymuje si\u0119 przez ca\u0142y dzie\u0144<\/b><span style=\"font-weight: 400;\">Bez poprawek i maseczek.<\/span>&nbsp;<\/li>\n<li style=\"font-weight: 400;\" aria-level=\"1\"><b>Skuteczna kontrola po\u0142ysku<\/b><span style=\"font-weight: 400;\">nawet w przypadku sk\u00f3ry mieszanej lub t\u0142ustej.<\/span>&nbsp;<\/li>\n<li style=\"font-weight: 400;\" aria-level=\"1\"><b>Nawil\u017cona i ukojona sk\u00f3ra<\/b><span style=\"font-weight: 400;\"> dzi\u0119ki naturalnym ekstraktom.<\/span>&nbsp;<\/li>\n<li style=\"font-weight: 400;\" aria-level=\"1\"><b>Szybko i \u0142atwo<\/b><span style=\"font-weight: 400;\">dla rezultatu godnego profesjonalisty.<\/span>&nbsp;<\/li>\n<\/ul>\n<h2><span style=\"font-weight: 400;\">Co spodoba ci si\u0119 w TOUCH BEHOLD<\/span><\/h2>\n<ul>\n<li style=\"font-weight: 400;\" aria-level=\"1\"><b>Wyg\u0142adzaj\u0105ca baza dla perfekcyjnego makija\u017cu<\/b><b><br \/>\n<\/b><span style=\"font-weight: 400;\"> Na\u0142\u00f3\u017c przed podk\u0142adem, aby stworzy\u0107 mi\u0119kk\u0105, aksamitn\u0105 powierzchni\u0119, idealn\u0105 do d\u0142ugotrwa\u0142ego noszenia.<\/span>&nbsp;<\/li>\n<li style=\"font-weight: 400;\" aria-level=\"1\"><b>D\u0142ugotrwa\u0142e utrwalenie do 16 godzin<\/b><b><br \/>\n<\/b><span style=\"font-weight: 400;\"> Po na\u0142o\u017ceniu makija\u017cu rozpyl go w kszta\u0142cie litery X, a nast\u0119pnie T, a Twoja cera pozostanie nieskazitelna przez ca\u0142y dzie\u0144, nawet w upale lub przy du\u017cej wilgotno\u015bci powietrza.<\/span>&nbsp;<\/li>\n<li style=\"font-weight: 400;\" aria-level=\"1\"><b>Formu\u0142a kontroluj\u0105ca b\u0142yszczenie<\/b><b><br \/>\n<\/b><span style=\"font-weight: 400;\"> Wyci\u0105g z kory enantia chloranthia pomaga zmniejszy\u0107 b\u0142yszczenie sk\u00f3ry mieszanej i t\u0142ustej, zapewniaj\u0105c naturalne matowe wyko\u0144czenie.<\/span>&nbsp;<\/li>\n<li style=\"font-weight: 400;\" aria-level=\"1\"><b>Ci\u0105g\u0142y spray bez aerozolu, kt\u00f3ry mo\u017cna \u0142atwo kontrolowa\u0107<\/b><b><br \/>\n<\/b><span style=\"font-weight: 400;\"> Kontrolujesz ilo\u015b\u0107 rozpylanego produktu, aby uzyska\u0107 lekki, od\u015bwie\u017caj\u0105cy efekt bez marnowania produktu.<\/span>&nbsp;<\/li>\n<li style=\"font-weight: 400;\" aria-level=\"1\"><b>Piel\u0119gnuj\u0105ce i koj\u0105ce sk\u0142adniki<\/b><b><br \/>\n<\/b><span style=\"font-weight: 400;\"> Aloes, og\u00f3rek, zielona herbata i witamina E zapewniaj\u0105 delikatne doznania, niemal jak w spa.<\/span>&nbsp;<\/li>\n<\/ul>\n<h2><span style=\"font-weight: 400;\">Jak u\u017cywa\u0107 bazy i mgie\u0142ki utrwalaj\u0105cej TOUCH BEHOLD?<\/span><\/h2>\n<ol>\n<li style=\"font-weight: 400;\" aria-level=\"1\"><b>Przed makija\u017cem:<\/b><b><br \/>\n<\/b><span style=\"font-weight: 400;\"> Trzymaj spray w odleg\u0142o\u015bci 8-10 centymetr\u00f3w od twarzy i rozpyl r\u00f3wnomiernie, aby przygotowa\u0107 sk\u00f3r\u0119.<\/span>&nbsp;<\/li>\n<li style=\"font-weight: 400;\" aria-level=\"1\"><b>Po makija\u017cu:<\/b><b><br \/>\n<\/b><span style=\"font-weight: 400;\"> Trzymaj spray w tej samej odleg\u0142o\u015bci i rozpylaj w kszta\u0142cie litery X, a nast\u0119pnie T, aby utrwali\u0107 i od\u015bwie\u017cy\u0107 cer\u0119.<\/span>&nbsp;<\/li>\n<\/ol>\n<p><span style=\"font-weight: 400;\">Gotowa na makija\u017c, kt\u00f3ry przetrwa ca\u0142y dzie\u0144? Zam\u00f3w baz\u0119 i mgie\u0142k\u0119 utrwalaj\u0105c\u0105 TOUCH BEHOLD ju\u017c teraz i ciesz si\u0119 \u015bwie\u017c\u0105, matow\u0105, \u015bwietlist\u0105 cer\u0105 bez retuszu. <\/span><\/p>\n<h2><span style=\"font-weight: 400;\">Sk\u0142adniki, kt\u00f3re robi\u0105 r\u00f3\u017cnic\u0119 w TOUCH BEHOLD<\/span><\/h2>\n<ul>\n<li style=\"font-weight: 400;\" aria-level=\"1\"><b>Wyci\u0105g z kory Enantia Chloranthia: <\/b><span style=\"font-weight: 400;\">Znany ze swoich w\u0142a\u015bciwo\u015bci przeciw b\u0142yszczeniu, pomaga kontrolowa\u0107 nadmiar sebum i utrzyma\u0107 naturalne matowe wyko\u0144czenie przez ca\u0142y dzie\u0144.<\/span>&nbsp;<\/li>\n<li style=\"font-weight: 400;\" aria-level=\"1\"><b>Kwas oleanowy : <\/b><span style=\"font-weight: 400;\">\u0141agodz\u0105cy sk\u0142adnik aktywny, kt\u00f3ry zmniejsza zaczerwienienia i zapewnia komfort nawet wra\u017cliwej sk\u00f3rze.<\/span>&nbsp;<\/li>\n<li style=\"font-weight: 400;\" aria-level=\"1\"><b>Ekstrakt z li\u015bci Camellia Sinensis (zielona herbata): <\/b><span style=\"font-weight: 400;\">Bogaty w przeciwutleniacze, chroni sk\u00f3r\u0119 przed szkodliwymi czynnikami zewn\u0119trznymi i pomaga zachowa\u0107 jej m\u0142ody wygl\u0105d.<\/span>&nbsp;<\/li>\n<li style=\"font-weight: 400;\" aria-level=\"1\"><b>Witamina E (octan tokoferylu): <\/b><span style=\"font-weight: 400;\">Silny przeciwutleniacz, kt\u00f3ry g\u0142\u0119boko chroni i od\u017cywia sk\u00f3r\u0119.<\/span>&nbsp;<\/li>\n<li style=\"font-weight: 400;\" aria-level=\"1\"><b>Aloes i og\u00f3rek :<\/b><span style=\"font-weight: 400;\"> zapewniaj\u0105 lekkie nawil\u017cenie i przyjemne uczucie \u015bwie\u017co\u015bci, zapewniaj\u0105c koj\u0105ce doznania przy ka\u017cdym spryskaniu.<\/span>&nbsp;<\/li>\n<li style=\"font-weight: 400;\" aria-level=\"1\"><b>Mikrosfery teksturyzuj\u0105ce : <\/b><span style=\"font-weight: 400;\">Tworz\u0105 mi\u0119kk\u0105, aksamitn\u0105 powierzchni\u0119, kt\u00f3ra wyg\u0142adza tekstur\u0119 sk\u00f3ry i poprawia trwa\u0142o\u015b\u0107 makija\u017cu.<\/span>&nbsp;<\/li>\n<\/ul>\n<p><span style=\"font-weight: 400;\">Ten zr\u00f3wnowa\u017cony sk\u0142ad zapewnia d\u0142ugotrwa\u0142e utrwalenie, matow\u0105 cer\u0119 bez efektu maski oraz ukojon\u0105, komfortow\u0105 sk\u00f3r\u0119, nawet po kilku godzinach.<\/span><\/p>\n<h2><span style=\"font-weight: 400;\">FAQ : Baza TOUCH BEHOLD i mgie\u0142ka utrwalaj\u0105ca<\/span><\/h2>\n<ol>\n<li><b>  Czy ten spray jest odpowiedni dla wszystkich rodzaj\u00f3w sk\u00f3ry?<\/b><b><br \/>\n<\/b><span style=\"font-weight: 400;\">  Tak, jego delikatna formu\u0142a jest odpowiednia dla wszystkich rodzaj\u00f3w sk\u00f3ry, nawet wra\u017cliwej.<\/span><\/li>\n<li><b>  Czy jest odporny na ciep\u0142o i wilgo\u0107?<\/b><b><br \/>\n<\/b><span style=\"font-weight: 400;\">  Tak, przed\u0142u\u017ca trwa\u0142o\u015b\u0107 makija\u017cu do 16 godzin, nawet w trudnych warunkach.<\/span><\/li>\n<li><b>  Czy TOUCH BEHOLD mo\u017cna stosowa\u0107 na cia\u0142o?<\/b><b><br \/>\n<\/b><span style=\"font-weight: 400;\">  Jest przeznaczony przede wszystkim do twarzy, ale mo\u017cna go stosowa\u0107 na dekolt, aby uzyska\u0107 subtelny blask.<\/span><\/li>\n<li><b>  Czy mo\u017ce zast\u0105pi\u0107 krem nawil\u017caj\u0105cy?<\/b><b><br \/>\n<\/b><span style=\"font-weight: 400;\">  Nie, nawil\u017ca, ale nie zast\u0119puje produktu do piel\u0119gnacji sk\u00f3ry. U\u017cywaj go jako uzupe\u0142nienia zwyk\u0142ego kremu. <\/span><\/li>\n<li><b>  Jak\u0105 pojemno\u015b\u0107 ma produkt?<\/b><b><br \/>\n<\/b><span style=\"font-weight: 400;\">  82,8 ml (2,8 fl oz), idealny do codziennego stosowania przez kilka tygodni.<\/span><\/li>\n<\/ol>\n<p><span style=\"font-weight: 400;\">Przygotuj, utrwal i roz\u015bwietl sw\u00f3j makija\u017c w jednym kroku. Zam\u00f3w baz\u0119 i mgie\u0142k\u0119 utrwalaj\u0105c\u0105 TOUCH BEHOLD ju\u017c dzi\u015b i ciesz si\u0119 \u015bwie\u017c\u0105, matow\u0105 i nieskaziteln\u0105 cer\u0105 przez ca\u0142y dzie\u0144. <\/span><\/p>\n<p>&nbsp;<\/p>\n","protected":false},"excerpt":{"rendered":"<p><span style=\"font-weight: 400;\">Przygotuj sk\u00f3r\u0119, utrwal makija\u017c i utrzymaj \u015bwie\u017cy wygl\u0105d cery do godziny 16:00. Nie wiem jak Ty, ale ja uwielbiam produkty, kt\u00f3re naprawd\u0119 upraszczaj\u0105 moj\u0105 rutyn\u0119. Z baz\u0105 i mgie\u0142k\u0105 utrwalaj\u0105c\u0105    <\/span><b>TOUCH BEHOLD<\/b><span style=\"font-weight: 400;\">W ko\u0144cu znalaz\u0142am produkt dwa w jednym, kt\u00f3ry przygotowuje moj\u0105 sk\u00f3r\u0119 przed makija\u017cem i utrwala go po nim, bez obci\u0105\u017cania i sklejania.<\/span><\/p>\n","protected":false},"featured_media":10639,"comment_status":"open","ping_status":"closed","template":"","meta":{"_seopress_robots_primary_cat":"none","_seopress_titles_title":"","_seopress_titles_desc":"","_seopress_robots_index":"","site-sidebar-layout":"default","site-content-layout":"","ast-site-content-layout":"default","site-content-style":"default","site-sidebar-style":"default","ast-global-header-display":"","ast-banner-title-visibility":"","ast-main-header-display":"","ast-hfb-above-header-display":"","ast-hfb-below-header-display":"","ast-hfb-mobile-header-display":"","site-post-title":"","ast-breadcrumbs-content":"","ast-featured-img":"","footer-sml-layout":"","ast-disable-related-posts":"","theme-transparent-header-meta":"default","adv-header-id-meta":"","stick-header-meta":"","header-above-stick-meta":"","header-main-stick-meta":"","header-below-stick-meta":"","astra-migrate-meta-layouts":"default","ast-page-background-enabled":"default","ast-page-background-meta":{"desktop":{"background-color":"var(--ast-global-color-4)","background-image":"","background-repeat":"repeat","background-position":"center center","background-size":"auto","background-attachment":"scroll","background-type":"","background-media":"","overlay-type":"","overlay-color":"","overlay-opacity":"","overlay-gradient":""},"tablet":{"background-color":"","background-image":"","background-repeat":"repeat","background-position":"center center","background-size":"auto","background-attachment":"scroll","background-type":"","background-media":"","overlay-type":"","overlay-color":"","overlay-opacity":"","overlay-gradient":""},"mobile":{"background-color":"","background-image":"","background-repeat":"repeat","background-position":"center center","background-size":"auto","background-attachment":"scroll","background-type":"","background-media":"","overlay-type":"","overlay-color":"","overlay-opacity":"","overlay-gradient":""}},"ast-content-background-meta":{"desktop":{"background-color":"var(--ast-global-color-5)","background-image":"","background-repeat":"repeat","background-position":"center center","background-size":"auto","background-attachment":"scroll","background-type":"","background-media":"","overlay-type":"","overlay-color":"","overlay-opacity":"","overlay-gradient":""},"tablet":{"background-color":"var(--ast-global-color-5)","background-image":"","background-repeat":"repeat","background-position":"center center","background-size":"auto","background-attachment":"scroll","background-type":"","background-media":"","overlay-type":"","overlay-color":"","overlay-opacity":"","overlay-gradient":""},"mobile":{"background-color":"var(--ast-global-color-5)","background-image":"","background-repeat":"repeat","background-position":"center center","background-size":"auto","background-attachment":"scroll","background-type":"","background-media":"","overlay-type":"","overlay-color":"","overlay-opacity":"","overlay-gradient":""}}},"product_brand":[],"product_cat":[107],"product_tag":[],"class_list":{"0":"post-10638","1":"product","2":"type-product","3":"status-publish","4":"has-post-thumbnail","6":"product_cat-twarz","7":"desktop-align-left","8":"tablet-align-left","9":"mobile-align-left","11":"first","12":"instock","13":"sale","14":"shipping-taxable","15":"product-type-external"},"_links":{"self":[{"href":"https:\/\/youniquebyemilie.com\/pl\/wp-json\/wp\/v2\/product\/10638","targetHints":{"allow":["GET"]}}],"collection":[{"href":"https:\/\/youniquebyemilie.com\/pl\/wp-json\/wp\/v2\/product"}],"about":[{"href":"https:\/\/youniquebyemilie.com\/pl\/wp-json\/wp\/v2\/types\/product"}],"replies":[{"embeddable":true,"href":"https:\/\/youniquebyemilie.com\/pl\/wp-json\/wp\/v2\/comments?post=10638"}],"wp:featuredmedia":[{"embeddable":true,"href":"https:\/\/youniquebyemilie.com\/pl\/wp-json\/wp\/v2\/media\/10639"}],"wp:attachment":[{"href":"https:\/\/youniquebyemilie.com\/pl\/wp-json\/wp\/v2\/media?parent=10638"}],"wp:term":[{"taxonomy":"product_brand","embeddable":true,"href":"https:\/\/youniquebyemilie.com\/pl\/wp-json\/wp\/v2\/product_brand?post=10638"},{"taxonomy":"product_cat","embeddable":true,"href":"https:\/\/youniquebyemilie.com\/pl\/wp-json\/wp\/v2\/product_cat?post=10638"},{"taxonomy":"product_tag","embeddable":true,"href":"https:\/\/youniquebyemilie.com\/pl\/wp-json\/wp\/v2\/product_tag?post=10638"}],"curies":[{"name":"wp","href":"https:\/\/api.w.org\/{rel}","templated":true}]}}