{"id":10647,"date":"2025-07-24T17:15:22","date_gmt":"2025-07-24T15:15:22","guid":{"rendered":"https:\/\/youniquebyemilie.com\/produit\/wklad-do-pudru-do-brwi-moodstruck\/"},"modified":"2025-07-24T17:15:22","modified_gmt":"2025-07-24T15:15:22","slug":"wklad-do-pudru-do-brwi-moodstruck","status":"publish","type":"product","link":"https:\/\/youniquebyemilie.com\/pl\/produit\/wklad-do-pudru-do-brwi-moodstruck\/","title":{"rendered":"Wk\u0142ad do pudru do brwi MOODSTRUCK"},"content":{"rendered":"<p><span style=\"font-weight: 400;\">Brwi, kt\u00f3re s\u0105 czyste, od\u017cywione i pod kontrol\u0105&#8230; bez komplikowania sobie \u017cycia. M\u00f3wi\u0119 wprost: je\u015bli jeszcze nie wypr\u00f3bowa\u0142a\u015b tego pudru do brwi, tracisz szans\u0119 na prawdziw\u0105 zmian\u0119 w swojej rutynie. Nie musisz by\u0107 profesjonaln\u0105 wiza\u017cystk\u0105 ani po\u015bwi\u0119ca\u0107 na to 20 minut. Z     <\/span><b>MOODSTRUCK<\/b><span style=\"font-weight: 400;\">Wype\u0142niasz, strukturyzujesz i ods\u0142aniasz sw\u00f3j wygl\u0105d w zaledwie 2 gestach. I utrzymuje si\u0119 przez ca\u0142y dzie\u0144. Tak, przez ca\u0142y dzie\u0144.  <\/span><\/p>\n<h2><span style=\"font-weight: 400;\">Chcesz, aby Twoje brwi wygl\u0105da\u0142y jak najlepiej bez zb\u0119dnego zamieszania? Oto, co ten wk\u0142ad naprawd\u0119 dla Ciebie robi: <\/span><\/h2>\n<ul>\n<li style=\"font-weight: 400;\" aria-level=\"1\"><b>Utrzymuje si\u0119 przez 12 godzin bez retuszu<\/b><b><br \/>\n<\/b><span style=\"font-weight: 400;\">  Po na\u0142o\u017ceniu nie przesuwa si\u0119. Nie przenosi si\u0119, nie rozmazuje. Oczy pozostaj\u0105 czyste, nawet gdy dzie\u0144 p\u0119dzi.  <\/span>&nbsp;<\/li>\n<li style=\"font-weight: 400;\" aria-level=\"1\"><b>Regulowany efekt dopasowany do Twojego stylu<\/b><b><br \/>\n<\/b><span style=\"font-weight: 400;\">  Lekki do biura, bardziej intensywny na wieczorne wyj\u015bcie: wyb\u00f3r nale\u017cy do Ciebie. Dostosowujesz si\u0119 do swojego nastroju, a puder pod\u0105\u017ca za Tob\u0105, nigdy nie narzucaj\u0105c sta\u0142ego wygl\u0105du. <\/span>&nbsp;<\/li>\n<li style=\"font-weight: 400;\" aria-level=\"1\"><b>Mi\u0119kka tekstura, brak efektu gipsu<\/b><b><br \/>\n<\/b><span style=\"font-weight: 400;\">  \u017badnych wi\u0105zek. \u017badnych sztywnych linii. Tylko p\u0142ynna, precyzyjna aplikacja dla naturalnego, bezwysi\u0142kowego wyko\u0144czenia.  <\/span>&nbsp;<\/li>\n<li style=\"font-weight: 400;\" aria-level=\"1\"><b>Makija\u017c i piel\u0119gnacja sk\u00f3ry w jednym kroku<\/b><b><br \/>\n<\/b><span style=\"font-weight: 400;\">  Dzi\u0119ki olejkowi rycynowemu i witaminie E nie tylko upi\u0119kszasz swoje brwi, ale tak\u017ce je wzmacniasz. Dzie\u0144 po dniu staj\u0105 si\u0119 pe\u0142niejsze, bardziej l\u015bni\u0105ce i \u017cywsze. <\/span>&nbsp;<\/li>\n<li style=\"font-weight: 400;\" aria-level=\"1\"><b>Szybka, intuicyjna aplikacja<\/b><b><br \/>\n<\/b><span style=\"font-weight: 400;\">  Sko\u015bny p\u0119dzelek upraszcza wszystko. Wystarczy narysowa\u0107 lini\u0119, wype\u0142ni\u0107 i przeczesa\u0107. W mniej ni\u017c 3 minuty brwi s\u0105 gotowe, zadbane i idealnie symetryczne.  <\/span><\/li>\n<\/ul>\n<h2><span style=\"font-weight: 400;\">Kt\u00f3ry odcie\u0144 MOODSTRUCK jest dla Ciebie odpowiedni?<\/span><\/h2>\n<ul>\n<li style=\"font-weight: 400;\" aria-level=\"1\"><b>Auburn<\/b><span style=\"font-weight: 400;\"> delikatny i dyskretny<\/span>&nbsp;<\/li>\n<li style=\"font-weight: 400;\" aria-level=\"1\"><b>Brown<\/b><span style=\"font-weight: 400;\"> zdefiniowane bez wymuszania<\/span>&nbsp;<\/li>\n<li style=\"font-weight: 400;\" aria-level=\"1\"><b>Ciemnobr\u0105zowy<\/b><span style=\"font-weight: 400;\"> : bardziej strukturalny, ale elegancki<\/span>&nbsp;<\/li>\n<li style=\"font-weight: 400;\" aria-level=\"1\"><b>czarny<\/b><span style=\"font-weight: 400;\"> intensywny, asertywny, charyzmatyczny<\/span>&nbsp;<\/li>\n<\/ul>\n<p><span style=\"font-weight: 400;\">Bez efektu udawanego tatua\u017cu. Po prostu Ty, tylko lepiej. <\/span><\/p>\n<h2><span style=\"font-weight: 400;\">Jak nak\u0142ada\u0107 puder do brwi MOODSTRUCK?<\/span><\/h2>\n<p><span style=\"font-weight: 400;\">Nie musisz by\u0107 ekspertem, aby uzyska\u0107 czyste, dobrze zarysowane brwi. Oto jak to zrobi\u0107, krok po kroku: <\/span><\/p>\n<ol>\n<li style=\"font-weight: 400;\" aria-level=\"1\"><b>Szczotkujesz brwi<\/b><b><br \/>\n<\/b><span style=\"font-weight: 400;\">  We\u017a szczoteczk\u0119 lub kredk\u0119 do brwi i przeczesz w\u0142oski na miejsce. Pomo\u017ce ci to zwizualizowa\u0107 naturalny kszta\u0142t i wskaza\u0107 obszary, nad kt\u00f3rymi musisz popracowa\u0107. <\/span>&nbsp;<\/li>\n<li style=\"font-weight: 400;\" aria-level=\"1\"><b>Rysujesz podstaw\u0119<\/b><b><br \/>\n<\/b><span style=\"font-weight: 400;\">  Za pomoc\u0105 \u015bci\u0119tego p\u0119dzla nabierz odrobin\u0119 pudru. Zacznij od delikatnego obrysowania dolnej linii brwi, a nast\u0119pnie \u0142uku. Nie musisz mie\u0107 idealnej linii: chodzi o to, aby mie\u0107 czyst\u0105 baz\u0119.  <\/span>&nbsp;<\/li>\n<li style=\"font-weight: 400;\" aria-level=\"1\"><b>Wype\u0142niasz nieliczne obszary<\/b><b><br \/>\n<\/b><span style=\"font-weight: 400;\">  Lekko nape\u0142nij p\u0119dzel, a nast\u0119pnie wype\u0142nij ma\u0142e luki lekkimi poci\u0105gni\u0119ciami w kierunku w\u0142os\u00f3w. Zapewni to naturalne, r\u00f3wnomierne wyko\u0144czenie. <\/span>&nbsp;<\/li>\n<li style=\"font-weight: 400;\" aria-level=\"1\"><b>Wymieszaj, aby uzyska\u0107 r\u00f3wnomierne wyko\u0144czenie<\/b><b><br \/>\n<\/b><span style=\"font-weight: 400;\">  We\u017a szczotk\u0119 i ponownie lekko przeczesz w\u0142osy. Powoduje to wtopienie si\u0119 pudru we w\u0142osy i eliminuje nadmiernie widoczne rozgraniczenia. Rezultat jest g\u0142adki, czysty i bardzo naturalny.  <\/span>&nbsp;<\/li>\n<\/ol>\n<p><span style=\"font-weight: 400;\">Zafunduj sobie czyste, zadbane, naturalnie wygl\u0105daj\u0105ce brwi w zaledwie 3 minuty dziennie. Zam\u00f3w uzupe\u0142nienie MOODSTRUCK ju\u017c teraz i zobacz r\u00f3\u017cnic\u0119 ju\u017c od pierwszego zastosowania. <\/span><\/p>\n<p>&nbsp;<\/p>\n<h2><span style=\"font-weight: 400;\">Co w nim jest? Tylko to, co niezb\u0119dne. <\/span><\/h2>\n<ul>\n<li style=\"font-weight: 400;\" aria-level=\"1\"><b>Olej rycynowy<\/b><span style=\"font-weight: 400;\"> Stymuluje wzrost, wzmacnia, dodaje blasku.<\/span>&nbsp;<\/li>\n<li style=\"font-weight: 400;\" aria-level=\"1\"><b>Witamina E<\/b><span style=\"font-weight: 400;\"> Chroni sk\u00f3r\u0119 i zmi\u0119kcza w\u0142osy.<\/span>&nbsp;<\/li>\n<li style=\"font-weight: 400;\" aria-level=\"1\"><b>Hialuronian sodu<\/b><span style=\"font-weight: 400;\"> Zapewnia komfort, nie powoduje podra\u017cnie\u0144.<\/span>&nbsp;<\/li>\n<li style=\"font-weight: 400;\" aria-level=\"1\"><b>Mika<\/b><span style=\"font-weight: 400;\"> dla dyskretnego o\u015bwietlenia i \u017cywego wygl\u0105du.<\/span>&nbsp;<\/li>\n<\/ul>\n<p><span style=\"font-weight: 400;\">\u017badnego bla, bla, bla. Tylko to, co jest przydatne. <\/span><\/p>\n<h2><span style=\"font-weight: 400;\">Dlaczego j\u0105 polecam?<\/span><\/h2>\n<p><span style=\"font-weight: 400;\">Poniewa\u017c u\u017cywam go codziennie. Poniewa\u017c   <\/span><b>u\u0142atwia mi \u017cycie<\/b><span style=\"font-weight: 400;\">. Poniewa\u017c  <\/span><b>oszcz\u0119dza m\u00f3j czas<\/b><span style=\"font-weight: 400;\">nigdy mnie nie rozczarowuj\u0105c. A poniewa\u017c   <\/span><b>Kupi\u0142bym go, nawet gdybym nie by\u0142 ambasadorem<\/b><span style=\"font-weight: 400;\">. Gdy produkt jest  <\/span><b>naprawd\u0119 praca<\/b><span style=\"font-weight: 400;\">Nie musisz go sprzedawa\u0107. Sprzedaje si\u0119 samo. <\/span><\/p>\n<h2><span style=\"font-weight: 400;\">FAQ : Wk\u0142ad do pudru do brwi MOODSTRUCK<\/span><\/h2>\n<ol>\n<li><b>  Czy puder mo\u017ce by\u0107 stosowany na brwiach wytatuowanych lub poddanych microbladingowi?<\/b><b><br \/>\n<\/b><span style=\"font-weight: 400;\">  Tak, jest to nawet doskona\u0142a opcja do o\u017cywienia koloru blakn\u0105cego microbladingu lub dodania g\u0142\u0119bi lekko p\u0142askiemu tatua\u017cowi brwi.<\/span><\/li>\n<li><b>  Czy mog\u0119 u\u017cywa\u0107 tego pudru opr\u00f3cz kredki do brwi lub \u017celu?<\/b><b><br \/>\n<\/b><span style=\"font-weight: 400;\">  Absolutnie. Mo\u017cesz na przyk\u0142ad zdefiniowa\u0107 kszta\u0142t za pomoc\u0105 cienkiego o\u0142\u00f3wka, wype\u0142ni\u0107 pudrem, a nast\u0119pnie utrwali\u0107 przezroczystym \u017celem. Efekt jest bardziej uporz\u0105dkowany i trzyma si\u0119 jeszcze lepiej.  <\/span><\/li>\n<li><b>  Czy puder mo\u017ce by\u0107 stosowany na obszarach innych ni\u017c brwi?<\/b><b><br \/>\n<\/b><span style=\"font-weight: 400;\">  Tak, niekt\u00f3rzy klienci u\u017cywaj\u0105 go r\u00f3wnie\u017c do lekkiego cieniowania linii w\u0142os\u00f3w (skroni lub przedzia\u0142ka), a nawet jako matowego cienia do powiek, aby uzyska\u0107 naturalny wygl\u0105d.<\/span><\/li>\n<li> <b> Co dok\u0142adnie zawiera wk\u0142ad?<\/b><b><br \/>\n<\/b><span style=\"font-weight: 400;\"> Ka\u017cdy wk\u0142ad zawiera oko\u0142o <\/span><b>1,65 g proszku<\/b><span style=\"font-weight: 400;\">co odpowiada <\/span><b>3 do 6 miesi\u0119cy codziennego stosowania<\/b><span style=\"font-weight: 400;\">w zale\u017cno\u015bci od u\u017cytej ilo\u015bci.<\/span><\/li>\n<li><b>  Jaka jest r\u00f3\u017cnica mi\u0119dzy tym pudrem a matowym cieniem do powiek?<\/b><b><br \/>\n<\/b><span style=\"font-weight: 400;\">  Puder MOODSTRUCK jest bardziej napigmentowany, lepiej przylega do w\u0142osk\u00f3w i zawiera aktywne sk\u0142adniki piel\u0119gnacyjne. Jest specjalnie opracowany do brwi, podczas gdy standardowy cie\u0144 do powiek mo\u017ce si\u0119 \u015blizga\u0107 lub nie trzyma\u0107. <\/span><\/li>\n<\/ol>\n<p>&nbsp;<\/p>\n<p><span style=\"font-weight: 400;\">Zam\u00f3w wk\u0142ad MOODSTRUCK ju\u017c teraz Praktyczny format, szybka aplikacja i naturalne, d\u0142ugotrwa\u0142e wyko\u0144czenie. Wystarczy jedno poci\u0105gni\u0119cie, aby wymodelowa\u0107, od\u017cywi\u0107 i nada\u0107 struktur\u0119 spojrzeniu. <\/span><\/p>\n","protected":false},"excerpt":{"rendered":"<p><span style=\"font-weight: 400;\">Brwi, kt\u00f3re s\u0105 czyste, od\u017cywione i pod kontrol\u0105&#8230; bez komplikowania sobie \u017cycia. M\u00f3wi\u0119 wprost: je\u015bli jeszcze nie wypr\u00f3bowa\u0142a\u015b tego pudru do brwi, tracisz szans\u0119 na prawdziw\u0105 zmian\u0119 w swojej rutynie. Nie musisz by\u0107 profesjonaln\u0105 wiza\u017cystk\u0105 ani po\u015bwi\u0119ca\u0107 na to 20 minut. Z     <\/span><b>MOODSTRUCK<\/b><span style=\"font-weight: 400;\">Wype\u0142niasz, strukturyzujesz i ods\u0142aniasz sw\u00f3j wygl\u0105d w zaledwie 2 gestach. I utrzymuje si\u0119 przez ca\u0142y dzie\u0144. Tak, przez ca\u0142y dzie\u0144.  <\/span><\/p>\n","protected":false},"featured_media":10651,"comment_status":"open","ping_status":"closed","template":"","meta":{"_seopress_robots_primary_cat":"none","_seopress_titles_title":"","_seopress_titles_desc":"","_seopress_robots_index":"","site-sidebar-layout":"default","site-content-layout":"","ast-site-content-layout":"default","site-content-style":"default","site-sidebar-style":"default","ast-global-header-display":"","ast-banner-title-visibility":"","ast-main-header-display":"","ast-hfb-above-header-display":"","ast-hfb-below-header-display":"","ast-hfb-mobile-header-display":"","site-post-title":"","ast-breadcrumbs-content":"","ast-featured-img":"","footer-sml-layout":"","ast-disable-related-posts":"","theme-transparent-header-meta":"default","adv-header-id-meta":"","stick-header-meta":"","header-above-stick-meta":"","header-main-stick-meta":"","header-below-stick-meta":"","astra-migrate-meta-layouts":"default","ast-page-background-enabled":"default","ast-page-background-meta":{"desktop":{"background-color":"var(--ast-global-color-4)","background-image":"","background-repeat":"repeat","background-position":"center center","background-size":"auto","background-attachment":"scroll","background-type":"","background-media":"","overlay-type":"","overlay-color":"","overlay-opacity":"","overlay-gradient":""},"tablet":{"background-color":"","background-image":"","background-repeat":"repeat","background-position":"center center","background-size":"auto","background-attachment":"scroll","background-type":"","background-media":"","overlay-type":"","overlay-color":"","overlay-opacity":"","overlay-gradient":""},"mobile":{"background-color":"","background-image":"","background-repeat":"repeat","background-position":"center center","background-size":"auto","background-attachment":"scroll","background-type":"","background-media":"","overlay-type":"","overlay-color":"","overlay-opacity":"","overlay-gradient":""}},"ast-content-background-meta":{"desktop":{"background-color":"var(--ast-global-color-5)","background-image":"","background-repeat":"repeat","background-position":"center center","background-size":"auto","background-attachment":"scroll","background-type":"","background-media":"","overlay-type":"","overlay-color":"","overlay-opacity":"","overlay-gradient":""},"tablet":{"background-color":"var(--ast-global-color-5)","background-image":"","background-repeat":"repeat","background-position":"center center","background-size":"auto","background-attachment":"scroll","background-type":"","background-media":"","overlay-type":"","overlay-color":"","overlay-opacity":"","overlay-gradient":""},"mobile":{"background-color":"var(--ast-global-color-5)","background-image":"","background-repeat":"repeat","background-position":"center center","background-size":"auto","background-attachment":"scroll","background-type":"","background-media":"","overlay-type":"","overlay-color":"","overlay-opacity":"","overlay-gradient":""}}},"product_brand":[],"product_cat":[95],"product_tag":[],"class_list":{"0":"post-10647","1":"product","2":"type-product","3":"status-publish","4":"has-post-thumbnail","6":"product_cat-oczy","7":"desktop-align-left","8":"tablet-align-left","9":"mobile-align-left","11":"first","12":"instock","13":"sale","14":"shipping-taxable","15":"product-type-external"},"_links":{"self":[{"href":"https:\/\/youniquebyemilie.com\/pl\/wp-json\/wp\/v2\/product\/10647","targetHints":{"allow":["GET"]}}],"collection":[{"href":"https:\/\/youniquebyemilie.com\/pl\/wp-json\/wp\/v2\/product"}],"about":[{"href":"https:\/\/youniquebyemilie.com\/pl\/wp-json\/wp\/v2\/types\/product"}],"replies":[{"embeddable":true,"href":"https:\/\/youniquebyemilie.com\/pl\/wp-json\/wp\/v2\/comments?post=10647"}],"wp:featuredmedia":[{"embeddable":true,"href":"https:\/\/youniquebyemilie.com\/pl\/wp-json\/wp\/v2\/media\/10651"}],"wp:attachment":[{"href":"https:\/\/youniquebyemilie.com\/pl\/wp-json\/wp\/v2\/media?parent=10647"}],"wp:term":[{"taxonomy":"product_brand","embeddable":true,"href":"https:\/\/youniquebyemilie.com\/pl\/wp-json\/wp\/v2\/product_brand?post=10647"},{"taxonomy":"product_cat","embeddable":true,"href":"https:\/\/youniquebyemilie.com\/pl\/wp-json\/wp\/v2\/product_cat?post=10647"},{"taxonomy":"product_tag","embeddable":true,"href":"https:\/\/youniquebyemilie.com\/pl\/wp-json\/wp\/v2\/product_tag?post=10647"}],"curies":[{"name":"wp","href":"https:\/\/api.w.org\/{rel}","templated":true}]}}