{"id":10652,"date":"2025-07-24T17:17:30","date_gmt":"2025-07-24T15:17:30","guid":{"rendered":"https:\/\/youniquebyemilie.com\/produit\/zalotka-do-rzes-younique\/"},"modified":"2025-07-24T17:17:30","modified_gmt":"2025-07-24T15:17:30","slug":"zalotka-do-rzes-younique","status":"publish","type":"product","link":"https:\/\/youniquebyemilie.com\/pl\/produit\/zalotka-do-rzes-younique\/","title":{"rendered":"Zalotka do rz\u0119s YOUNIQUE"},"content":{"rendered":"<p><span style=\"font-weight: 400;\">Jak po\u017cegna\u0142am si\u0119 z wyrywaniem rz\u0119s i zyska\u0142am otwarte oczy bez wysi\u0142ku? Musz\u0119 przyzna\u0107, \u017ce przez d\u0142ugi czas nie u\u017cywa\u0142am zalotki, poniewa\u017c ba\u0142am si\u0119, \u017ce moje rz\u0119sy zostan\u0105 uszczypni\u0119te i po\u0142amane. Traci\u0142am czas, by\u0142o mi ci\u0119\u017cko i cz\u0119sto pomija\u0142am ten krok, aby nie zrobi\u0107 sobie krzywdy.  <\/span><\/p>\n<p><span style=\"font-weight: 400;\">Nast\u0119pnie przetestowa\u0142am <\/span><b>Zalotka do rz\u0119s YOUNIQUE<\/b><span style=\"font-weight: 400;\">i to wszystko zmieni\u0142o. Jej kszta\u0142t idealnie pasuje do mojego oka, a nacisk jest delikatny, ale skuteczny. Koniec ze szczypaniem i strachem przed po\u0142amaniem rz\u0119s. Zyska\u0142am bardziej otwarte, \u015bwietliste spojrzenie, a przede wszystkim prostot\u0119 rutyny, kt\u00f3ra zajmuje mi tylko kilka sekund.   <\/span><\/p>\n<h2><span style=\"font-weight: 400;\">Co pokochasz w zalotce do rz\u0119s YOUNIQUE?<\/span><\/h2>\n<ul>\n<li style=\"font-weight: 400;\" aria-level=\"1\"><b>Naturalne, d\u0142ugotrwa\u0142e podkr\u0119cenie<\/b><span style=\"font-weight: 400;\"> kt\u00f3ry podkre\u015bla rz\u0119sy od nasady.<\/span>&nbsp;<\/li>\n<li style=\"font-weight: 400;\" aria-level=\"1\"><b>U\u017cywaj bez szczypania i b\u00f3lu<\/b><span style=\"font-weight: 400;\">dzi\u0119ki mi\u0119kkim silikonowym podk\u0142adkom.<\/span>&nbsp;<\/li>\n<li style=\"font-weight: 400;\" aria-level=\"1\"><b>Stabilny uchwyt<\/b><span style=\"font-weight: 400;\"> dla precyzyjnej, antypo\u015blizgowej obs\u0142ugi.<\/span>&nbsp;<\/li>\n<li style=\"font-weight: 400;\" aria-level=\"1\"><b>Profesjonalne rezultaty w domu<\/b><span style=\"font-weight: 400;\">nawet je\u015bli dopiero zaczynasz.<\/span>&nbsp;<\/li>\n<li style=\"font-weight: 400;\" aria-level=\"1\"><b>Prawdziwa oszcz\u0119dno\u015b\u0107 czasu<\/b><span style=\"font-weight: 400;\"> rano, dla natychmiastowo promiennych oczu.<\/span>&nbsp;<\/li>\n<\/ul>\n<h2><span style=\"font-weight: 400;\">Jak go u\u017cywa\u0107, by przyci\u0105ga\u0107 spojrzenia?<\/span><\/h2>\n<ol>\n<li style=\"font-weight: 400;\" aria-level=\"1\"><span style=\"font-weight: 400;\">Umie\u015b\u0107 go delikatnie u nasady rz\u0119s, jak najbli\u017cej nasady.<\/span>&nbsp;<\/li>\n<li style=\"font-weight: 400;\" aria-level=\"1\"><span style=\"font-weight: 400;\">Naci\u015bnij delikatnie i przytrzymaj przez kilka sekund, bez wymuszania.<\/span>&nbsp;<\/li>\n<li style=\"font-weight: 400;\" aria-level=\"1\"><span style=\"font-weight: 400;\">Przesu\u0144 zalotk\u0119 w g\u00f3r\u0119 o oko\u0142o 1 mm i ponownie doci\u015bnij.<\/span>&nbsp;<\/li>\n<li style=\"font-weight: 400;\" aria-level=\"1\"><span style=\"font-weight: 400;\">Powt\u00f3rz jeszcze raz, aby uzyska\u0107 idealne podkr\u0119cenie, gotowe do na\u0142o\u017cenia tuszu do rz\u0119s.<\/span><\/li>\n<\/ol>\n<p><span style=\"font-weight: 400;\">Zam\u00f3w zalotk\u0119 YOUNIQUE ju\u017c teraz i odkryj prostot\u0119 perfekcyjnego, wygodnego i d\u0142ugotrwa\u0142ego podkr\u0119cenia rz\u0119s. Nie pozw\u00f3l, by Twoje rz\u0119sy decydowa\u0142y za Ciebie - zr\u00f3b co\u015b, co zmieni wszystko. <\/span><\/p>\n<p>&nbsp;<\/p>\n<p>&nbsp;<\/p>\n<h2><span style=\"font-weight: 400;\">FAQ : Zalotka do rz\u0119s YOUNIQUE<\/span><\/h2>\n<ol>\n<li><b>  Czy ta zalotka jest odpowiednia dla wra\u017cliwych oczu lub os\u00f3b nosz\u0105cych soczewki kontaktowe?<\/b><b><br \/>\n<\/b><span style=\"font-weight: 400;\">  Tak, jego konstrukcja z mi\u0119kkimi silikonowymi wk\u0142adkami minimalizuje ryzyko podra\u017cnie\u0144. Jest doskonale kompatybilny z soczewkami kontaktowymi. <\/span><\/li>\n<li><b>  Czy mo\u017cna wymieni\u0107 podk\u0142adki silikonowe?<\/b><b><br \/>\n<\/b><span style=\"font-weight: 400;\">  Tak, wk\u0142adki s\u0105 wymienne. Zaleca si\u0119 ich regularn\u0105 wymian\u0119 w celu utrzymania optymalnej wydajno\u015bci i unikni\u0119cia bakterii. <\/span><\/li>\n<li><b>  Czy zalotka mo\u017ce uszkodzi\u0107 lub z\u0142ama\u0107 rz\u0119sy?<\/b><b><br \/>\n<\/b><span style=\"font-weight: 400;\">  Nie, dzi\u0119ki kontrolowanemu naciskowi i mi\u0119kkim wypustkom podkr\u0119ca rz\u0119sy, nie os\u0142abiaj\u0105c ich ani nie \u0142ami\u0105c.<\/span><\/li>\n<li><b>  Czy zalotki mo\u017cna u\u017cywa\u0107 po na\u0142o\u017ceniu tuszu do rz\u0119s?<\/b><b><br \/>\n<\/b><span style=\"font-weight: 400;\">  Nie, zalecamy, aby zawsze podkr\u0119ca\u0107 rz\u0119sy przed na\u0142o\u017ceniem tuszu, aby unikn\u0105\u0107 po\u0142amania rz\u0119s lub uszkodzenia makija\u017cu&#8230;<\/span><\/li>\n<li><b>  Czy uchwyt jest antypo\u015blizgowy?<\/b><b><br \/>\n<\/b><span style=\"font-weight: 400;\">  Tak, uchwyt zosta\u0142 zaprojektowany tak, aby zapewni\u0107 pewny, stabilny chwyt, zmniejszaj\u0105c ryzyko wy\u015blizgni\u0119cia si\u0119 podczas u\u017cytkowania.<\/span><\/li>\n<\/ol>\n<p><span style=\"font-weight: 400;\">Dodaj zalotk\u0119 YOUNIQUE do koszyka ju\u017c teraz i odkryj prostot\u0119 podkre\u015blonych oczu, bez szczypania i \u0142amania.<\/span><\/p>\n<p>&nbsp;<\/p>\n","protected":false},"excerpt":{"rendered":"<p><span style=\"font-weight: 400;\">Jak po\u017cegna\u0142am si\u0119 z wyrywaniem rz\u0119s i zyska\u0142am otwarte oczy bez wysi\u0142ku? Musz\u0119 przyzna\u0107, \u017ce przez d\u0142ugi czas nie u\u017cywa\u0142am zalotki, poniewa\u017c ba\u0142am si\u0119, \u017ce moje rz\u0119sy zostan\u0105 uszczypni\u0119te i po\u0142amane. Traci\u0142am czas, by\u0142o mi ci\u0119\u017cko i cz\u0119sto pomija\u0142am ten krok, aby nie zrobi\u0107 sobie krzywdy.  <\/span><\/p>\n<p><span style=\"font-weight: 400;\">Nast\u0119pnie przetestowa\u0142am <\/span><b>Zalotka do rz\u0119s YOUNIQUE<\/b><span style=\"font-weight: 400;\">i to wszystko zmieni\u0142o. Jej kszta\u0142t idealnie pasuje do mojego oka, a nacisk jest delikatny, ale skuteczny. Koniec ze szczypaniem i strachem przed po\u0142amaniem rz\u0119s. Zyska\u0142am bardziej otwarte, \u015bwietliste spojrzenie, a przede wszystkim prostot\u0119 rutyny, kt\u00f3ra zajmuje mi tylko kilka sekund.   <\/span><\/p>\n","protected":false},"featured_media":10653,"comment_status":"open","ping_status":"closed","template":"","meta":{"_seopress_robots_primary_cat":"none","_seopress_titles_title":"","_seopress_titles_desc":"","_seopress_robots_index":"","site-sidebar-layout":"default","site-content-layout":"","ast-site-content-layout":"default","site-content-style":"default","site-sidebar-style":"default","ast-global-header-display":"","ast-banner-title-visibility":"","ast-main-header-display":"","ast-hfb-above-header-display":"","ast-hfb-below-header-display":"","ast-hfb-mobile-header-display":"","site-post-title":"","ast-breadcrumbs-content":"","ast-featured-img":"","footer-sml-layout":"","ast-disable-related-posts":"","theme-transparent-header-meta":"default","adv-header-id-meta":"","stick-header-meta":"","header-above-stick-meta":"","header-main-stick-meta":"","header-below-stick-meta":"","astra-migrate-meta-layouts":"default","ast-page-background-enabled":"default","ast-page-background-meta":{"desktop":{"background-color":"var(--ast-global-color-4)","background-image":"","background-repeat":"repeat","background-position":"center center","background-size":"auto","background-attachment":"scroll","background-type":"","background-media":"","overlay-type":"","overlay-color":"","overlay-opacity":"","overlay-gradient":""},"tablet":{"background-color":"","background-image":"","background-repeat":"repeat","background-position":"center center","background-size":"auto","background-attachment":"scroll","background-type":"","background-media":"","overlay-type":"","overlay-color":"","overlay-opacity":"","overlay-gradient":""},"mobile":{"background-color":"","background-image":"","background-repeat":"repeat","background-position":"center center","background-size":"auto","background-attachment":"scroll","background-type":"","background-media":"","overlay-type":"","overlay-color":"","overlay-opacity":"","overlay-gradient":""}},"ast-content-background-meta":{"desktop":{"background-color":"var(--ast-global-color-5)","background-image":"","background-repeat":"repeat","background-position":"center center","background-size":"auto","background-attachment":"scroll","background-type":"","background-media":"","overlay-type":"","overlay-color":"","overlay-opacity":"","overlay-gradient":""},"tablet":{"background-color":"var(--ast-global-color-5)","background-image":"","background-repeat":"repeat","background-position":"center center","background-size":"auto","background-attachment":"scroll","background-type":"","background-media":"","overlay-type":"","overlay-color":"","overlay-opacity":"","overlay-gradient":""},"mobile":{"background-color":"var(--ast-global-color-5)","background-image":"","background-repeat":"repeat","background-position":"center center","background-size":"auto","background-attachment":"scroll","background-type":"","background-media":"","overlay-type":"","overlay-color":"","overlay-opacity":"","overlay-gradient":""}}},"product_brand":[],"product_cat":[95],"product_tag":[],"class_list":{"0":"post-10652","1":"product","2":"type-product","3":"status-publish","4":"has-post-thumbnail","6":"product_cat-oczy","7":"desktop-align-left","8":"tablet-align-left","9":"mobile-align-left","11":"first","12":"instock","13":"sale","14":"shipping-taxable","15":"product-type-external"},"_links":{"self":[{"href":"https:\/\/youniquebyemilie.com\/pl\/wp-json\/wp\/v2\/product\/10652","targetHints":{"allow":["GET"]}}],"collection":[{"href":"https:\/\/youniquebyemilie.com\/pl\/wp-json\/wp\/v2\/product"}],"about":[{"href":"https:\/\/youniquebyemilie.com\/pl\/wp-json\/wp\/v2\/types\/product"}],"replies":[{"embeddable":true,"href":"https:\/\/youniquebyemilie.com\/pl\/wp-json\/wp\/v2\/comments?post=10652"}],"wp:featuredmedia":[{"embeddable":true,"href":"https:\/\/youniquebyemilie.com\/pl\/wp-json\/wp\/v2\/media\/10653"}],"wp:attachment":[{"href":"https:\/\/youniquebyemilie.com\/pl\/wp-json\/wp\/v2\/media?parent=10652"}],"wp:term":[{"taxonomy":"product_brand","embeddable":true,"href":"https:\/\/youniquebyemilie.com\/pl\/wp-json\/wp\/v2\/product_brand?post=10652"},{"taxonomy":"product_cat","embeddable":true,"href":"https:\/\/youniquebyemilie.com\/pl\/wp-json\/wp\/v2\/product_cat?post=10652"},{"taxonomy":"product_tag","embeddable":true,"href":"https:\/\/youniquebyemilie.com\/pl\/wp-json\/wp\/v2\/product_tag?post=10652"}],"curies":[{"name":"wp","href":"https:\/\/api.w.org\/{rel}","templated":true}]}}