{"id":10714,"date":"2025-07-24T20:20:29","date_gmt":"2025-07-24T18:20:29","guid":{"rendered":"https:\/\/youniquebyemilie.com\/produit\/you-niversal-delikatny-zel-oczyszczajacy\/"},"modified":"2025-07-24T20:20:29","modified_gmt":"2025-07-24T18:20:29","slug":"you-niversal-delikatny-zel-oczyszczajacy","status":"publish","type":"product","link":"https:\/\/youniquebyemilie.com\/pl\/produit\/you-niversal-delikatny-zel-oczyszczajacy\/","title":{"rendered":"YOU NIVERSAL Delikatny \u017cel oczyszczaj\u0105cy"},"content":{"rendered":"<p><span style=\"font-weight: 400;\">Znasz te dni, kiedy Twoja sk\u00f3ra Ci\u0119 zdradza, kiedy nawet po dobrze przespanej nocy nadal czujesz si\u0119 zm\u0119czona? Ja te\u017c si\u0119 z tym zmaga\u0142am. Szczerze m\u00f3wi\u0105c, ci\u0119\u017cko by\u0142o mi znale\u017a\u0107 idealny produkt oczyszczaj\u0105cy. Moja sk\u00f3ra by\u0142a albo zbyt sucha, albo zbyt t\u0142usta i nic nie wydawa\u0142o si\u0119 spe\u0142nia\u0107 swojego zadania. Dop\u00f3ki nie wypr\u00f3bowa\u0142am      <\/span><b>YOU-NIVERSAL delikatny \u017cel oczyszczaj\u0105cy<\/b><span style=\"font-weight: 400;\">. Sta\u0142o si\u0119 to istotn\u0105 cz\u0119\u015bci\u0105 mojej rutyny.<\/span><\/p>\n<p><span style=\"font-weight: 400;\">Jego tekstura jest tak <\/span><b>mi\u0119kka i przyjemna<\/b><span style=\"font-weight: 400;\">Natychmiast po na\u0142o\u017ceniu zamienia si\u0119 w lekk\u0105 piank\u0119. Uwielbiam w nim to, \u017ce nie pozostawia uczucia \u015bci\u0105gni\u0119cia sk\u00f3ry po oczyszczeniu. Za ka\u017cdym razem, gdy go u\u017cywam, moja sk\u00f3ra    <\/span><b>s\u0142odki<\/b><span style=\"font-weight: 400;\">, <\/span><b>nawil\u017cony<\/b><span style=\"font-weight: 400;\">I idealnie gotowy do rutynowej piel\u0119gnacji sk\u00f3ry. Ten \u017cel jest dla mnie jak powiew \u015bwie\u017cego powietrza ka\u017cdego ranka. <\/span><\/p>\n<p>&nbsp;<\/p>\n<h2><span style=\"font-weight: 400;\">Dlaczego to pokochasz:<\/span><\/h2>\n<ul>\n<li style=\"font-weight: 400;\" aria-level=\"1\"><b>Delikatne i skuteczne czyszczenie:<\/b><span style=\"font-weight: 400;\">  89% u\u017cytkownik\u00f3w potwierdza, \u017ce delikatnie usuwa wszelkie zanieczyszczenia, nie podra\u017cniaj\u0105c sk\u00f3ry. Pokochasz to uczucie czysto\u015bci. <\/span>&nbsp;<\/li>\n<li style=\"font-weight: 400;\" aria-level=\"1\"><b>Natychmiastowe nawil\u017cenie :<\/b><span style=\"font-weight: 400;\"> Sk\u00f3ra jest natychmiast nawil\u017cona i mi\u0119kka, bez najmniejszego uczucia \u015bci\u0105gni\u0119cia.<\/span>&nbsp;<\/li>\n<li style=\"font-weight: 400;\" aria-level=\"1\"><b>Koj\u0105ca formu\u0142a :<\/b><span style=\"font-weight: 400;\"> Idealny nawet dla najbardziej wra\u017cliwej sk\u00f3ry, uspokaja i przywraca r\u00f3wnowag\u0119 sk\u00f3rze, nigdy jej nie wysuszaj\u0105c.<\/span>&nbsp;<\/li>\n<li style=\"font-weight: 400;\" aria-level=\"1\"><b>Szanuje sk\u00f3r\u0119 i \u015brodowisko:<\/b><span style=\"font-weight: 400;\"> Formu\u0142a wolna od okrucie\u0144stwa i bezzapachowa, a jej opakowanie jest wykonane z materia\u0142\u00f3w pochodz\u0105cych z recyklingu (PCR).<\/span>&nbsp;<\/li>\n<\/ul>\n<h2><span style=\"font-weight: 400;\">Magiczne sk\u0142adniki, kt\u00f3re rozpieszczaj\u0105 sk\u00f3r\u0119:<\/span><\/h2>\n<ul>\n<li style=\"font-weight: 400;\" aria-level=\"1\"><b>Gliceryna:<\/b><span style=\"font-weight: 400;\"> Przyci\u0105ga i zatrzymuje wilgo\u0107, zapewniaj\u0105c widoczne nawil\u017cenie i j\u0119drno\u015b\u0107 sk\u00f3ry.<\/span>&nbsp;<\/li>\n<li style=\"font-weight: 400;\" aria-level=\"1\"><b>Pureact :<\/b><span style=\"font-weight: 400;\"> Delikatny, pe\u0142en szacunku produkt oczyszczaj\u0105cy, idealny do \u0142agodnego oczyszczania nawet najbardziej wra\u017cliwej sk\u00f3ry.<\/span>&nbsp;<\/li>\n<li style=\"font-weight: 400;\" aria-level=\"1\"><b>Natrlquest :<\/b><span style=\"font-weight: 400;\"> Silny przeciwutleniacz, kt\u00f3ry chroni sk\u00f3r\u0119 i wspiera jej naturalne mechanizmy obronne.<\/span>&nbsp;<\/li>\n<\/ul>\n<h2><span style=\"font-weight: 400;\">Jak \u0142atwo z niego korzysta\u0107:<\/span><\/h2>\n<ol>\n<li style=\"font-weight: 400;\" aria-level=\"1\"><b>Zwil\u017c twarz<\/b><span style=\"font-weight: 400;\"> Ciep\u0142\u0105 wod\u0105, aby przygotowa\u0107 sk\u00f3r\u0119.<\/span>&nbsp;<\/li>\n<li style=\"font-weight: 400;\" aria-level=\"1\"><b>Na\u0142\u00f3\u017c niewielk\u0105 ilo\u015b\u0107<\/b><span style=\"font-weight: 400;\"> \u017celu oczyszczaj\u0105cego na d\u0142onie i delikatnie wmasuj w twarz okr\u0119\u017cnymi ruchami.<\/span>&nbsp;<\/li>\n<li style=\"font-weight: 400;\" aria-level=\"1\"><b>Dok\u0142adnie sp\u0142ucz<\/b><span style=\"font-weight: 400;\"> wod\u0105 i delikatnie osusz twarz.<\/span>&nbsp;<\/li>\n<\/ol>\n<p><span style=\"font-weight: 400;\">Aby uzyska\u0107 jeszcze g\u0142\u0119bsze oczyszczenie, zalecam po\u0142\u0105czenie tego \u017celu oczyszczaj\u0105cego z <\/span><b>p\u0142ynem do demakija\u017cu<\/b><span style=\"font-weight: 400;\">jak podw\u00f3jny rytua\u0142 oczyszczaj\u0105cy. Zobaczysz r\u00f3\u017cnic\u0119! <\/span><\/p>\n<p>&nbsp;<\/p>\n<p><b>Obud\u017a si\u0119 z czyst\u0105, mi\u0119kk\u0105 i doskonale nawil\u017con\u0105 sk\u00f3r\u0105 ka\u017cdego dnia!<\/b><span style=\"font-weight: 400;\">  Dodaj go do koszyka ju\u017c teraz i zapewnij swojej sk\u00f3rze piel\u0119gnacj\u0119, na jak\u0105 zas\u0142uguje.<\/span><\/p>\n<p>&nbsp;<\/p>\n<h2><span style=\"font-weight: 400;\">FAQ : YOU-NIVERSAL Delikatny \u017cel oczyszczaj\u0105cy<\/span><\/h2>\n<ol>\n<li style=\"font-weight: 400;\" aria-level=\"1\"><b>Czy ten \u017cel oczyszczaj\u0105cy jest odpowiedni dla mojej wra\u017cliwej sk\u00f3ry?<\/b><b><br \/>\n<\/b><span style=\"font-weight: 400;\">  Tak, jak najbardziej! YOU-NIVERSAL Delikatny \u017cel oczyszczaj\u0105cy zosta\u0142 opracowany specjalnie dla sk\u00f3ry wra\u017cliwej. Delikatnie oczyszcza, nie powoduj\u0105c podra\u017cnie\u0144, dzi\u0119ki czemu jest idealny dla delikatnej i wra\u017cliwej sk\u00f3ry.  <\/span>&nbsp;<\/li>\n<li style=\"font-weight: 400;\" aria-level=\"1\"><b>Czy mog\u0119 go u\u017cywa\u0107, je\u015bli mam such\u0105 sk\u00f3r\u0119?<\/b><b><br \/>\n<\/b><span style=\"font-weight: 400;\">  Tak, ten \u017cel jest idealny dla suchej sk\u00f3ry! Pomaga utrzyma\u0107 nawil\u017cenie sk\u00f3ry, jednocze\u015bnie usuwaj\u0105c zanieczyszczenia. Gliceryna i inne sk\u0142adniki nawil\u017caj\u0105ce od\u017cywiaj\u0105 sk\u00f3r\u0119, zapewniaj\u0105c jej mi\u0119kko\u015b\u0107 i elastyczno\u015b\u0107.  <\/span>&nbsp;<\/li>\n<li style=\"font-weight: 400;\" aria-level=\"1\"><b>Czy ten \u017cel oczyszczaj\u0105cy jest odpowiedni dla sk\u00f3ry mieszanej i t\u0142ustej?<\/b><b><br \/>\n<\/b><span style=\"font-weight: 400;\">  Oczywi\u015bcie! Delikatny \u017cel oczyszczaj\u0105cy zosta\u0142 zaprojektowany tak, aby by\u0142 skuteczny dla wszystkich rodzaj\u00f3w sk\u00f3ry. Oczyszcza t\u0142ust\u0105 sk\u00f3r\u0119 bez jej wysuszania i pomaga zr\u00f3wnowa\u017cy\u0107 bardziej suche obszary, jednocze\u015bnie kontroluj\u0105c nadmiar sebum.  <\/span>&nbsp;<\/li>\n<li style=\"font-weight: 400;\" aria-level=\"1\"><b>Czy \u017cel oczyszczaj\u0105cy jest testowany na zwierz\u0119tach?<\/b><b><br \/>\n<\/b><span style=\"font-weight: 400;\">  Nie, delikatny \u017cel oczyszczaj\u0105cy YOU-NIVERSAL jest w 100% wolny od okrucie\u0144stwa. Nie by\u0142 testowany na zwierz\u0119tach i jest zgodny ze standardami etycznymi Younique dotycz\u0105cymi opracowywania produkt\u00f3w. <\/span>&nbsp;<\/li>\n<li style=\"font-weight: 400;\" aria-level=\"1\"><b>Czy \u017cel oczyszczaj\u0105cy mo\u017cna stosowa\u0107 na sk\u00f3r\u0119 wok\u00f3\u0142 oczu?<\/b><b><br \/>\n<\/b><span style=\"font-weight: 400;\">  Tak, jest wystarczaj\u0105co delikatny, aby u\u017cywa\u0107 go wok\u00f3\u0142 oczu, nawet do usuwania makija\u017cu. Nale\u017cy jednak uwa\u017ca\u0107, aby unika\u0107 bezpo\u015bredniego kontaktu z oczami. <\/span>&nbsp;<\/li>\n<li style=\"font-weight: 400;\" aria-level=\"1\"><b>Jak d\u0142ugo trzeba czeka\u0107 na pierwsze rezultaty?<\/b><b><br \/>\n<\/b><span style=\"font-weight: 400;\">  Ju\u017c od pierwszego zastosowania zauwa\u017cysz, \u017ce Twoja sk\u00f3ra jest \u015bwie\u017csza i bardziej mi\u0119kka. Po kilku dniach stosowania sk\u00f3ra b\u0119dzie wyra\u017anie czystsza, g\u0142adsza i bardziej nawil\u017cona. Aby uzyska\u0107 optymalne rezultaty, zaleca si\u0119 codzienne stosowanie.  <\/span>&nbsp;<\/li>\n<li style=\"font-weight: 400;\" aria-level=\"1\"><b>Jak mog\u0119 zmaksymalizowa\u0107 dzia\u0142anie tego \u017celu oczyszczaj\u0105cego?<\/b><b><br \/>\n<\/b><span style=\"font-weight: 400;\">  W celu dog\u0142\u0119bnego oczyszczenia zalecam dwukrotne u\u017cycie tego \u017celu oczyszczaj\u0105cego. Zacznij od demakija\u017cu, aby usun\u0105\u0107 makija\u017c, a nast\u0119pnie na\u0142\u00f3\u017c delikatny \u017cel oczyszczaj\u0105cy, aby oczy\u015bci\u0107 i nawil\u017cy\u0107 sk\u00f3r\u0119. Zoptymalizuje to skuteczno\u015b\u0107 innych produkt\u00f3w Younique, kt\u00f3rych u\u017cywasz.  <\/span>&nbsp;<\/li>\n<\/ol>\n<p><span style=\"font-weight: 400;\">Nie pozw\u00f3l, aby Twojej sk\u00f3rze brakowa\u0142o mi\u0119kko\u015bci i nawil\u017cenia! Dodaj   <\/span><b>YOU-NIVERSAL delikatny \u017cel oczyszczaj\u0105cy <\/b><span style=\"font-weight: 400;\">i odkryj sk\u00f3r\u0119 jak nigdy dot\u0105d!<\/span><\/p>\n<p>&nbsp;<\/p>\n","protected":false},"excerpt":{"rendered":"<p><span style=\"font-weight: 400;\">Znasz te dni, kiedy Twoja sk\u00f3ra Ci\u0119 zdradza, kiedy nawet po dobrze przespanej nocy nadal czujesz si\u0119 zm\u0119czona? Ja te\u017c si\u0119 z tym zmaga\u0142am. Szczerze m\u00f3wi\u0105c, ci\u0119\u017cko by\u0142o mi znale\u017a\u0107 idealny produkt oczyszczaj\u0105cy. Moja sk\u00f3ra by\u0142a albo zbyt sucha, albo zbyt t\u0142usta i nic nie wydawa\u0142o si\u0119 spe\u0142nia\u0107 swojego zadania. Dop\u00f3ki nie wypr\u00f3bowa\u0142am      <\/span><b>YOU-NIVERSAL delikatny \u017cel oczyszczaj\u0105cy<\/b><span style=\"font-weight: 400;\">. Sta\u0142o si\u0119 to istotn\u0105 cz\u0119\u015bci\u0105 mojej rutyny.<\/span><\/p>\n","protected":false},"featured_media":10722,"comment_status":"open","ping_status":"closed","template":"","meta":{"_seopress_robots_primary_cat":"none","_seopress_titles_title":"","_seopress_titles_desc":"","_seopress_robots_index":"","site-sidebar-layout":"default","site-content-layout":"","ast-site-content-layout":"default","site-content-style":"default","site-sidebar-style":"default","ast-global-header-display":"","ast-banner-title-visibility":"","ast-main-header-display":"","ast-hfb-above-header-display":"","ast-hfb-below-header-display":"","ast-hfb-mobile-header-display":"","site-post-title":"","ast-breadcrumbs-content":"","ast-featured-img":"","footer-sml-layout":"","ast-disable-related-posts":"","theme-transparent-header-meta":"default","adv-header-id-meta":"","stick-header-meta":"","header-above-stick-meta":"","header-main-stick-meta":"","header-below-stick-meta":"","astra-migrate-meta-layouts":"default","ast-page-background-enabled":"default","ast-page-background-meta":{"desktop":{"background-color":"var(--ast-global-color-4)","background-image":"","background-repeat":"repeat","background-position":"center center","background-size":"auto","background-attachment":"scroll","background-type":"","background-media":"","overlay-type":"","overlay-color":"","overlay-opacity":"","overlay-gradient":""},"tablet":{"background-color":"","background-image":"","background-repeat":"repeat","background-position":"center center","background-size":"auto","background-attachment":"scroll","background-type":"","background-media":"","overlay-type":"","overlay-color":"","overlay-opacity":"","overlay-gradient":""},"mobile":{"background-color":"","background-image":"","background-repeat":"repeat","background-position":"center center","background-size":"auto","background-attachment":"scroll","background-type":"","background-media":"","overlay-type":"","overlay-color":"","overlay-opacity":"","overlay-gradient":""}},"ast-content-background-meta":{"desktop":{"background-color":"var(--ast-global-color-5)","background-image":"","background-repeat":"repeat","background-position":"center center","background-size":"auto","background-attachment":"scroll","background-type":"","background-media":"","overlay-type":"","overlay-color":"","overlay-opacity":"","overlay-gradient":""},"tablet":{"background-color":"var(--ast-global-color-5)","background-image":"","background-repeat":"repeat","background-position":"center center","background-size":"auto","background-attachment":"scroll","background-type":"","background-media":"","overlay-type":"","overlay-color":"","overlay-opacity":"","overlay-gradient":""},"mobile":{"background-color":"var(--ast-global-color-5)","background-image":"","background-repeat":"repeat","background-position":"center center","background-size":"auto","background-attachment":"scroll","background-type":"","background-media":"","overlay-type":"","overlay-color":"","overlay-opacity":"","overlay-gradient":""}}},"product_brand":[],"product_cat":[111],"product_tag":[],"class_list":{"0":"post-10714","1":"product","2":"type-product","3":"status-publish","4":"has-post-thumbnail","6":"product_cat-skora","7":"desktop-align-left","8":"tablet-align-left","9":"mobile-align-left","11":"first","12":"instock","13":"sale","14":"shipping-taxable","15":"product-type-external"},"_links":{"self":[{"href":"https:\/\/youniquebyemilie.com\/pl\/wp-json\/wp\/v2\/product\/10714","targetHints":{"allow":["GET"]}}],"collection":[{"href":"https:\/\/youniquebyemilie.com\/pl\/wp-json\/wp\/v2\/product"}],"about":[{"href":"https:\/\/youniquebyemilie.com\/pl\/wp-json\/wp\/v2\/types\/product"}],"replies":[{"embeddable":true,"href":"https:\/\/youniquebyemilie.com\/pl\/wp-json\/wp\/v2\/comments?post=10714"}],"wp:featuredmedia":[{"embeddable":true,"href":"https:\/\/youniquebyemilie.com\/pl\/wp-json\/wp\/v2\/media\/10722"}],"wp:attachment":[{"href":"https:\/\/youniquebyemilie.com\/pl\/wp-json\/wp\/v2\/media?parent=10714"}],"wp:term":[{"taxonomy":"product_brand","embeddable":true,"href":"https:\/\/youniquebyemilie.com\/pl\/wp-json\/wp\/v2\/product_brand?post=10714"},{"taxonomy":"product_cat","embeddable":true,"href":"https:\/\/youniquebyemilie.com\/pl\/wp-json\/wp\/v2\/product_cat?post=10714"},{"taxonomy":"product_tag","embeddable":true,"href":"https:\/\/youniquebyemilie.com\/pl\/wp-json\/wp\/v2\/product_tag?post=10714"}],"curies":[{"name":"wp","href":"https:\/\/api.w.org\/{rel}","templated":true}]}}