{"id":10840,"date":"2025-07-26T15:44:11","date_gmt":"2025-07-26T13:44:11","guid":{"rendered":"https:\/\/youniquebyemilie.com\/produit\/younique-touch-complexion-kompaktowy-podklad-w-pudrze\/"},"modified":"2025-07-26T15:44:11","modified_gmt":"2025-07-26T13:44:11","slug":"younique-touch-complexion-kompaktowy-podklad-w-pudrze","status":"publish","type":"product","link":"https:\/\/youniquebyemilie.com\/pl\/produit\/younique-touch-complexion-kompaktowy-podklad-w-pudrze\/","title":{"rendered":"YOUNIQUE TOUCH Complexion+ kompaktowy podk\u0142ad w pudrze"},"content":{"rendered":"<p><span style=\"font-weight: 400;\">Szukasz podk\u0142adu, kt\u00f3ry jest \u0142atwy w aplikacji, zachowuje naturalny wygl\u0105d i zapewnia doskona\u0142e krycie? W takim razie nie szukaj dalej ni\u017c   <\/span><b>YOUNIQUE TOUCH Complexion+ kompaktowy podk\u0142ad w pudrze<\/b><span style=\"font-weight: 400;\">  jest dok\u0142adnie tym, czego potrzebujesz. Jego formu\u0142a bez talku i kompaktowy aplikator pozwalaj\u0105 przej\u0105\u0107 kontrol\u0119 nad makija\u017cem, gdziekolwiek jeste\u015b. Rozmywa niedoskona\u0142o\u015bci, matuje sk\u00f3r\u0119 i gwarantuje d\u0142ugotrwa\u0142e utrwalenie.  <\/span><b>  do 12 godzin<\/b><span style=\"font-weight: 400;\">. A co najlepsze, nie przenosi si\u0119!<\/span><\/p>\n<h2><span style=\"font-weight: 400;\">Co pokochasz w podk\u0142adzie YOUNIQUE TOUCH Complexion+ Compact Powder Foundation?<\/span><\/h2>\n<ul>\n<li style=\"font-weight: 400;\" aria-level=\"1\"><b>Lekka, przyjemna konsystencja<\/b><b><br \/>\n<\/b><span style=\"font-weight: 400;\">  Pokochasz spos\u00f3b, w jaki ten podk\u0142ad idealnie wtapia si\u0119 w sk\u00f3r\u0119, bez efektu maskowania. Pozostawia jedwabi\u015bcie matowe wyko\u0144czenie, zapewniaj\u0105c uczucie komfortu przez ca\u0142y dzie\u0144. <\/span>&nbsp;<\/li>\n<li style=\"font-weight: 400;\" aria-level=\"1\"><b>Ca\u0142kowity zasi\u0119g<\/b><b><br \/>\n<\/b><span style=\"font-weight: 400;\">  Zapewnia doskona\u0142e krycie niedoskona\u0142o\u015bci oraz r\u00f3wnomiern\u0105, \u015bwietlist\u0105 i naturaln\u0105 cer\u0119. Nigdy wi\u0119cej nier\u00f3wnych plam, tylko nieskazitelna cera. <\/span>&nbsp;<\/li>\n<li style=\"font-weight: 400;\" aria-level=\"1\"><b>Matowe wyko\u0144czenie, kt\u00f3re kontroluje po\u0142ysk<\/b><b><br \/>\n<\/b><span style=\"font-weight: 400;\">  Jego formu\u0142a pomaga zmniejszy\u0107 widoczno\u015b\u0107 por\u00f3w i kontrolowa\u0107 po\u0142ysk. Rezultat: nieskazitelny makija\u017c, brak konieczno\u015bci poprawek i matowa cera przez ca\u0142y dzie\u0144. <\/span>&nbsp;<\/li>\n<li style=\"font-weight: 400;\" aria-level=\"1\"><b>D\u0142ugotrwa\u0142y chwyt<\/b><b><br \/>\n<\/b><span style=\"font-weight: 400;\">  Nie musisz martwi\u0107 si\u0119 o poprawki! Podk\u0142ad pozostaje na swoim miejscu do 12 godzin, nawet w trudnych warunkach, bez przenoszenia i degradacji. <\/span>&nbsp;<\/li>\n<\/ul>\n<h2><span style=\"font-weight: 400;\">Odcienie dost\u0119pne dla YOUNIQUE TOUCH Complexion+ Powder Compact Foundation<\/span><\/h2>\n<p><span style=\"font-weight: 400;\">Podk\u0142ad <\/span><b>YOUNIQUE TOUCH Complexion+ kompaktowy podk\u0142ad w pudrze<\/b><span style=\"font-weight: 400;\"> Podk\u0142ad w kompakcie w pudrze umo\u017cliwia perfekcyjne dostosowanie karnacji dzi\u0119ki szerokiej palecie <\/span><b>27 odcieni<\/b><span style=\"font-weight: 400;\">. Niezale\u017cnie od tego, czy szukasz \u015bwietlistego wyko\u0144czenia, czy bardziej naturalnego, z pewno\u015bci\u0105 znajdziesz odcie\u0144, kt\u00f3ry podkre\u015bli Twoj\u0105 twarz. Oto przegl\u0105d dost\u0119pnych odcieni, kt\u00f3re pomog\u0105 Ci odkry\u0107 Tw\u00f3j naturalny blask: <\/span><\/p>\n<ul>\n<li style=\"font-weight: 400;\" aria-level=\"1\"><b>Scarlet<\/b><span style=\"font-weight: 400;\"> Doskona\u0142y be\u017cowy odcie\u0144, idealny dla jasnych i \u015brednich karnacji o ch\u0142odnym odcieniu.<\/span>&nbsp;<\/li>\n<li style=\"font-weight: 400;\" aria-level=\"1\"><b>Tiul<\/b><span style=\"font-weight: 400;\"> Odrobina z\u0142ota, kt\u00f3ra roz\u015bwietla neutralne karnacje, dodaj\u0105c im \u015bwie\u017co\u015bci i blasku.<\/span>&nbsp;<\/li>\n<li style=\"font-weight: 400;\" aria-level=\"1\"><b>Koronka<\/b><span style=\"font-weight: 400;\"> Subtelna mieszanka \u017c\u00f3\u0142ci i brzoskwini, kt\u00f3ra nadaje sk\u00f3rze delikatny, naturalny blask.<\/span>&nbsp;<\/li>\n<li style=\"font-weight: 400;\" aria-level=\"1\"><b>Organza<\/b><span style=\"font-weight: 400;\"> R\u00f3\u017cowe lub niebieskie odcienie, kt\u00f3re ocieplaj\u0105 ch\u0142odniejsz\u0105 sk\u00f3r\u0119 i dodaj\u0105 jej \u015bwie\u017cego blasku.<\/span>&nbsp;<\/li>\n<li style=\"font-weight: 400;\" aria-level=\"1\"><b>Aksamitny<\/b><span style=\"font-weight: 400;\"> Z\u0142ote wyko\u0144czenie idealne dla sk\u00f3ry o ciep\u0142ym odcieniu, idealne dla promiennego, ale naturalnego efektu.<\/span>&nbsp;<\/li>\n<li style=\"font-weight: 400;\" aria-level=\"1\"><b>Tafta<\/b><span style=\"font-weight: 400;\"> Brzoskwiniowo-\u017c\u00f3\u0142ty odcie\u0144, kt\u00f3ry rozja\u015bnia cieplejsze odcienie sk\u00f3ry, zapewniaj\u0105c promienny, harmonijny efekt.<\/span>&nbsp;<\/li>\n<li style=\"font-weight: 400;\" aria-level=\"1\"><b>Eyelet<\/b><span style=\"font-weight: 400;\"> Be\u017cowy z domieszk\u0105 \u017c\u00f3\u0142tego dla delikatnego, subtelnego wyko\u0144czenia, idealny do lekkiego makija\u017cu.<\/span>&nbsp;<\/li>\n<li style=\"font-weight: 400;\" aria-level=\"1\"><b>Szyfon<\/b><span style=\"font-weight: 400;\"> R\u00f3\u017cany odcie\u0144, kt\u00f3ry budzi sk\u00f3r\u0119, idealny dla \u015bwie\u017cej, \u015bwietlistej cery.<\/span>&nbsp;<\/li>\n<li style=\"font-weight: 400;\" aria-level=\"1\"><b>Lniany<\/b><span style=\"font-weight: 400;\"> Lekko oliwkowy be\u017c, kt\u00f3ry pasuje do g\u0142\u0119bszych odcieni sk\u00f3ry, dodaj\u0105c jej ciep\u0142a i g\u0142\u0119bi.<\/span>&nbsp;<\/li>\n<li style=\"font-weight: 400;\" aria-level=\"1\"><b>Satyna<\/b><span style=\"font-weight: 400;\"> Brzoskwiniowo \u017c\u00f3\u0142ty, \u015bwietlisty odcie\u0144 dla promiennej, naturalnej cery.<\/span>&nbsp;<\/li>\n<li style=\"font-weight: 400;\" aria-level=\"1\"><b>Khaki<\/b><span style=\"font-weight: 400;\"> Z\u0142ocisty be\u017c podkre\u015blaj\u0105cy cer\u0119 ciep\u0142ymi tonami, idealny do wyrafinowanych stylizacji.<\/span>&nbsp;<\/li>\n<li style=\"font-weight: 400;\" aria-level=\"1\"><b>Kaszmir<\/b><span style=\"font-weight: 400;\"> Be\u017cowy z domieszk\u0105 r\u00f3\u017cu, idealny dla jasnych i \u015brednich odcieni sk\u00f3ry o ch\u0142odnych tonach.<\/span>&nbsp;<\/li>\n<li style=\"font-weight: 400;\" aria-level=\"1\"><b>Challis<\/b><span style=\"font-weight: 400;\"> Be\u017c z nut\u0105 brzoskwini, idealny dla promiennej, jednolitej cery.<\/span>&nbsp;<\/li>\n<li style=\"font-weight: 400;\" aria-level=\"1\"><b>Aksamit<\/b><span style=\"font-weight: 400;\"> Kolejny z\u0142oty odcie\u0144, idealny do podkre\u015blenia naturalnego blasku cieplejszych karnacji.<\/span>&nbsp;<\/li>\n<li style=\"font-weight: 400;\" aria-level=\"1\"><b>Charmeuse<\/b><span style=\"font-weight: 400;\"> Be\u017cowy, idealny do uzyskania mi\u0119kkiego, matowego wyko\u0144czenia, kt\u00f3re pasuje do wszystkich neutralnych odcieni sk\u00f3ry.<\/span>&nbsp;<\/li>\n<\/ul>\n<p><span style=\"font-weight: 400;\">Dzi\u0119ki tej palecie mo\u017cesz kontrolowa\u0107 intensywno\u015b\u0107 i \u015bwietlisto\u015b\u0107 swojej cery na sw\u00f3j w\u0142asny spos\u00f3b. Ka\u017cdy odcie\u0144 zosta\u0142 zaprojektowany tak, aby idealnie pasowa\u0142 do odcienia sk\u00f3ry i stylu. <\/span><\/p>\n<p>&nbsp;<\/p>\n<h2><span style=\"font-weight: 400;\">Jak nak\u0142ada\u0107 podk\u0142ad w kompakcie YOUNIQUE TOUCH Complexion+?<\/span><\/h2>\n<h3><span style=\"font-weight: 400;\">Dla lekkiego pokrycia:<\/span><\/h3>\n<ol>\n<li style=\"font-weight: 400;\" aria-level=\"1\"><span style=\"font-weight: 400;\">We\u017a <\/span><b>P\u0119dzel do pudru utrwalaj\u0105cego YOUNIQUE<\/b><span style=\"font-weight: 400;\">.<\/span>&nbsp;<\/li>\n<li style=\"font-weight: 400;\" aria-level=\"1\"><span style=\"font-weight: 400;\">Rozetrzyj puder ruchami omiataj\u0105cymi od \u015brodka twarzy na zewn\u0105trz.<\/span>&nbsp;<\/li>\n<\/ol>\n<h3><span style=\"font-weight: 400;\">Do lekkiego i \u015bredniego krycia:<\/span><\/h3>\n<ol>\n<li style=\"font-weight: 400;\" aria-level=\"1\"><span style=\"font-weight: 400;\">U\u017cyj <\/span><b>P\u0119dzel do pudru\/korektora YOUNIQUE<\/b><span style=\"font-weight: 400;\">.<\/span>&nbsp;<\/li>\n<li style=\"font-weight: 400;\" aria-level=\"1\"><span style=\"font-weight: 400;\">Na\u0142\u00f3\u017c puder zaczynaj\u0105c od \u015brodka twarzy i rozetrzyj na zewn\u0105trz okr\u0119\u017cnymi ruchami.<\/span>&nbsp;<\/li>\n<\/ol>\n<h3><span style=\"font-weight: 400;\">Pe\u0142ny zasi\u0119g :<\/span><\/h3>\n<ol>\n<li style=\"font-weight: 400;\" aria-level=\"1\"><span style=\"font-weight: 400;\">U\u017cyj <\/span><b>P\u0119dzel kabuki YOUNIQUE<\/b><span style=\"font-weight: 400;\"> i nak\u0142adaj puder ma\u0142ymi poci\u0105gni\u0119ciami.<\/span>&nbsp;<\/li>\n<li style=\"font-weight: 400;\" aria-level=\"1\"><span style=\"font-weight: 400;\">Zacznij od \u015brodka twarzy i rozetrzyj na zewn\u0105trz. Powt\u00f3rz, aby dostosowa\u0107 krycie. <\/span>&nbsp;<\/li>\n<\/ol>\n<h3><span style=\"font-weight: 400;\">Do roz\u015bwietlacza i konturowania:<\/span><\/h3>\n<ol>\n<li style=\"font-weight: 400;\" aria-level=\"1\"><span style=\"font-weight: 400;\">U\u017cywaj ja\u015bniejszych odcieni do roz\u015bwietlania, a ciemniejszych do rze\u017abienia twarzy.<\/span>&nbsp;<\/li>\n<li style=\"font-weight: 400;\" aria-level=\"1\"><span style=\"font-weight: 400;\">Utrwala makija\u017c dzi\u0119ki bazie i mgie\u0142ce utrwalaj\u0105cej <\/span><b>TOUCH BEHOLD<\/b><span style=\"font-weight: 400;\">.<\/span>&nbsp;<\/li>\n<\/ol>\n<h3><span style=\"font-weight: 400;\">Do retuszowania urz\u0105dze\u0144 mobilnych:<\/span><\/h3>\n<ol>\n<li style=\"font-weight: 400;\" aria-level=\"1\"><span style=\"font-weight: 400;\">U\u017cywa\u0107<\/span><b>wysuwana g\u0105bka<\/b><span style=\"font-weight: 400;\"> do szybkich poprawek.<\/span>&nbsp;<\/li>\n<li style=\"font-weight: 400;\" aria-level=\"1\"><span style=\"font-weight: 400;\">G\u0105bk\u0119 nale\u017cy przechowywa\u0107 w przegr\u00f3dce pod pudrem, aby chroni\u0107 j\u0105 przed zanieczyszczeniami.<\/span>&nbsp;<\/li>\n<\/ol>\n<h2><span style=\"font-weight: 400;\">Kluczowe sk\u0142adniki i ich zalety<\/span><\/h2>\n<ul>\n<li style=\"font-weight: 400;\" aria-level=\"1\"><b>Hialuronian sodu<\/b><span style=\"font-weight: 400;\"> Wyg\u0142adza sk\u00f3r\u0119 i wyr\u00f3wnuje jej wygl\u0105d, jednocze\u015bnie poprawiaj\u0105c nawil\u017cenie.<\/span>&nbsp;<\/li>\n<li style=\"font-weight: 400;\" aria-level=\"1\"><b>Kaolin<\/b><span style=\"font-weight: 400;\"> Zmniejsza widoczno\u015b\u0107 drobnych zmarszczek i por\u00f3w, zapewniaj\u0105c g\u0142adsz\u0105, bardziej jednolit\u0105 sk\u00f3r\u0119.<\/span>&nbsp;<\/li>\n<li style=\"font-weight: 400;\" aria-level=\"1\"><b>Mas\u0142o shea<\/b><span style=\"font-weight: 400;\"> G\u0142\u0119boko od\u017cywia i nawil\u017ca sk\u00f3r\u0119, zapewniaj\u0105c jej natychmiastowy komfort i mi\u0119kko\u015b\u0107.<\/span>&nbsp;<\/li>\n<li style=\"font-weight: 400;\" aria-level=\"1\"><b>Rumianek<\/b><span style=\"font-weight: 400;\"> \u0141agodzi sk\u00f3r\u0119 i chroni j\u0105 przed szkodliwym dzia\u0142aniem czynnik\u00f3w zewn\u0119trznych dzi\u0119ki w\u0142a\u015bciwo\u015bciom przeciwutleniaj\u0105cym.<\/span>&nbsp;<\/li>\n<li style=\"font-weight: 400;\" aria-level=\"1\"><b>Drobno zmielona krzemionka<\/b><span style=\"font-weight: 400;\"> Rozprasza \u015bwiat\u0142o, zapewniaj\u0105c nieskazitelne wyko\u0144czenie i mi\u0119kk\u0105, naturaln\u0105 cer\u0119.<\/span><\/li>\n<\/ul>\n<p>&nbsp;<\/p>\n<h2><span style=\"font-weight: 400;\">FAQ : YOUNIQUE TOUCH Complexion+ kompaktowy podk\u0142ad w pudrze<\/span><\/h2>\n<ol>\n<li><b>  Czy ten podk\u0142ad jest odpowiedni dla sk\u00f3ry t\u0142ustej?<\/b><b><br \/>\n<\/b><span style=\"font-weight: 400;\">  Tak, pomaga kontrolowa\u0107 b\u0142yszczenie dzi\u0119ki w\u0142a\u015bciwo\u015bciom matuj\u0105cym, dzi\u0119ki czemu jest idealny dla sk\u00f3ry mieszanej i t\u0142ustej.<\/span><\/li>\n<li><b>  Czy ten podk\u0142ad ma zapach?<\/b><b><br \/>\n<\/b><span style=\"font-weight: 400;\">  Nie, jest bezzapachowy, co jest idealne dla wra\u017cliwej sk\u00f3ry.<\/span><\/li>\n<li><b>  Jak d\u0142ugo podk\u0142ad pozostaje na swoim miejscu?<\/b><b><br \/>\n<\/b><span style=\"font-weight: 400;\">  Pozostaje nieskazitelny do 12 godzin bez przenoszenia lub degradacji, nawet w trudnych warunkach.<\/span><\/li>\n<li><b>  Czy jest \u0142atwy w u\u017cyciu?<\/b><b><br \/>\n<\/b><span style=\"font-weight: 400;\">  Tak, dzi\u0119ki lekkiej konsystencji i praktycznemu aplikatorowi \u0142atwo si\u0119 nak\u0142ada i idealnie wtapia w sk\u00f3r\u0119.<\/span><\/li>\n<\/ol>\n<p><span style=\"font-weight: 400;\">Nadaj swojej cerze naturalny, matowy blask przez ca\u0142y dzie\u0144. Ju\u017c dzi\u015b zam\u00f3w podk\u0142ad w kompakcie YOUNIQUE TOUCH Complexion+ i ciesz si\u0119 nieskazitelnym kryciem oraz od\u017cywion\u0105 i chronion\u0105 sk\u00f3r\u0105! <\/span><\/p>\n<p>&nbsp;<\/p>\n","protected":false},"excerpt":{"rendered":"<p><span style=\"font-weight: 400;\">Szukasz podk\u0142adu, kt\u00f3ry jest \u0142atwy w aplikacji, zachowuje naturalny wygl\u0105d i zapewnia doskona\u0142e krycie? W takim razie nie szukaj dalej ni\u017c   <\/span><b>YOUNIQUE TOUCH Complexion+ kompaktowy podk\u0142ad w pudrze<\/b><span style=\"font-weight: 400;\">  jest dok\u0142adnie tym, czego potrzebujesz. Jego formu\u0142a bez talku i kompaktowy aplikator pozwalaj\u0105 przej\u0105\u0107 kontrol\u0119 nad makija\u017cem, gdziekolwiek jeste\u015b. Rozmywa niedoskona\u0142o\u015bci, matuje sk\u00f3r\u0119 i gwarantuje d\u0142ugotrwa\u0142e utrwalenie.  <\/span><b>  do 12 godzin<\/b><span style=\"font-weight: 400;\">. A co najlepsze, nie przenosi si\u0119!<\/span><\/p>\n","protected":false},"featured_media":10844,"comment_status":"open","ping_status":"closed","template":"","meta":{"_seopress_robots_primary_cat":"none","_seopress_titles_title":"","_seopress_titles_desc":"","_seopress_robots_index":"","site-sidebar-layout":"default","site-content-layout":"","ast-site-content-layout":"default","site-content-style":"default","site-sidebar-style":"default","ast-global-header-display":"","ast-banner-title-visibility":"","ast-main-header-display":"","ast-hfb-above-header-display":"","ast-hfb-below-header-display":"","ast-hfb-mobile-header-display":"","site-post-title":"","ast-breadcrumbs-content":"","ast-featured-img":"","footer-sml-layout":"","ast-disable-related-posts":"","theme-transparent-header-meta":"default","adv-header-id-meta":"","stick-header-meta":"","header-above-stick-meta":"","header-main-stick-meta":"","header-below-stick-meta":"","astra-migrate-meta-layouts":"default","ast-page-background-enabled":"default","ast-page-background-meta":{"desktop":{"background-color":"var(--ast-global-color-4)","background-image":"","background-repeat":"repeat","background-position":"center center","background-size":"auto","background-attachment":"scroll","background-type":"","background-media":"","overlay-type":"","overlay-color":"","overlay-opacity":"","overlay-gradient":""},"tablet":{"background-color":"","background-image":"","background-repeat":"repeat","background-position":"center center","background-size":"auto","background-attachment":"scroll","background-type":"","background-media":"","overlay-type":"","overlay-color":"","overlay-opacity":"","overlay-gradient":""},"mobile":{"background-color":"","background-image":"","background-repeat":"repeat","background-position":"center center","background-size":"auto","background-attachment":"scroll","background-type":"","background-media":"","overlay-type":"","overlay-color":"","overlay-opacity":"","overlay-gradient":""}},"ast-content-background-meta":{"desktop":{"background-color":"var(--ast-global-color-5)","background-image":"","background-repeat":"repeat","background-position":"center center","background-size":"auto","background-attachment":"scroll","background-type":"","background-media":"","overlay-type":"","overlay-color":"","overlay-opacity":"","overlay-gradient":""},"tablet":{"background-color":"var(--ast-global-color-5)","background-image":"","background-repeat":"repeat","background-position":"center center","background-size":"auto","background-attachment":"scroll","background-type":"","background-media":"","overlay-type":"","overlay-color":"","overlay-opacity":"","overlay-gradient":""},"mobile":{"background-color":"var(--ast-global-color-5)","background-image":"","background-repeat":"repeat","background-position":"center center","background-size":"auto","background-attachment":"scroll","background-type":"","background-media":"","overlay-type":"","overlay-color":"","overlay-opacity":"","overlay-gradient":""}}},"product_brand":[],"product_cat":[107],"product_tag":[],"class_list":{"0":"post-10840","1":"product","2":"type-product","3":"status-publish","4":"has-post-thumbnail","6":"product_cat-twarz","7":"desktop-align-left","8":"tablet-align-left","9":"mobile-align-left","11":"first","12":"instock","13":"sale","14":"shipping-taxable","15":"product-type-external"},"_links":{"self":[{"href":"https:\/\/youniquebyemilie.com\/pl\/wp-json\/wp\/v2\/product\/10840","targetHints":{"allow":["GET"]}}],"collection":[{"href":"https:\/\/youniquebyemilie.com\/pl\/wp-json\/wp\/v2\/product"}],"about":[{"href":"https:\/\/youniquebyemilie.com\/pl\/wp-json\/wp\/v2\/types\/product"}],"replies":[{"embeddable":true,"href":"https:\/\/youniquebyemilie.com\/pl\/wp-json\/wp\/v2\/comments?post=10840"}],"wp:featuredmedia":[{"embeddable":true,"href":"https:\/\/youniquebyemilie.com\/pl\/wp-json\/wp\/v2\/media\/10844"}],"wp:attachment":[{"href":"https:\/\/youniquebyemilie.com\/pl\/wp-json\/wp\/v2\/media?parent=10840"}],"wp:term":[{"taxonomy":"product_brand","embeddable":true,"href":"https:\/\/youniquebyemilie.com\/pl\/wp-json\/wp\/v2\/product_brand?post=10840"},{"taxonomy":"product_cat","embeddable":true,"href":"https:\/\/youniquebyemilie.com\/pl\/wp-json\/wp\/v2\/product_cat?post=10840"},{"taxonomy":"product_tag","embeddable":true,"href":"https:\/\/youniquebyemilie.com\/pl\/wp-json\/wp\/v2\/product_tag?post=10840"}],"curies":[{"name":"wp","href":"https:\/\/api.w.org\/{rel}","templated":true}]}}