{"id":10919,"date":"2025-07-24T18:20:42","date_gmt":"2025-07-24T16:20:42","guid":{"rendered":"https:\/\/youniquebyemilie.com\/produit\/pedzel-do-pudru-sypkiego-younique\/"},"modified":"2025-07-24T18:20:42","modified_gmt":"2025-07-24T16:20:42","slug":"pedzel-do-pudru-sypkiego-younique","status":"publish","type":"product","link":"https:\/\/youniquebyemilie.com\/pl\/produit\/pedzel-do-pudru-sypkiego-younique\/","title":{"rendered":"P\u0119dzel do pudru sypkiego YOUNIQUE"},"content":{"rendered":"<p><span style=\"font-weight: 400;\">Szuka\u0142am p\u0119dzla, kt\u00f3ry utrwali\u0142by m\u00f3j makija\u017c bez grudek i znalaz\u0142am go z <\/span><b>P\u0119dzel do pudru sypkiego YOUNIQUE<\/b><span style=\"font-weight: 400;\">. Jest to  <\/span><b>super przyjemny<\/b><span style=\"font-weight: 400;\">dobrze osadza proszek i utrzymuje wszystko na miejscu. <\/span><b>utrzymuje wszystko na swoim miejscu<\/b><span style=\"font-weight: 400;\"> zapewniaj\u0105c \u015bwie\u017cy, \u015bwietlisty wygl\u0105d przez ca\u0142y dzie\u0144.<\/span><\/p>\n<h2><span style=\"font-weight: 400;\">Dlaczego to pokochasz:<\/span><\/h2>\n<ul>\n<li style=\"font-weight: 400;\" aria-level=\"1\"><b>Niezwykle mi\u0119kkie w\u0142osie syntetyczne<\/b><span style=\"font-weight: 400;\"> R\u00f3wnomiernie i wygodnie rozprowadzaj\u0105 puder na twarzy.<\/span>&nbsp;<\/li>\n<li style=\"font-weight: 400;\" aria-level=\"1\"><b>Idealny sto\u017ckowy kszta\u0142t<\/b><span style=\"font-weight: 400;\"> Idealnie zw\u0119\u017caj\u0105cy si\u0119 kszta\u0142t u\u0142atwia zanurzanie w podk\u0142adzie i pudrze utrwalaj\u0105cym. <\/span><b>UCHWYT DOTYKOWY<\/b><span style=\"font-weight: 400;\">aby na\u0142o\u017cy\u0107 <\/span><b>idealn\u0105 ilo\u015b\u0107<\/b><span style=\"font-weight: 400;\"> produktu.<\/span>&nbsp;<\/li>\n<li style=\"font-weight: 400;\" aria-level=\"1\"><b>D\u0142ugotrwa\u0142e utrwalenie<\/b><span style=\"font-weight: 400;\"> Ten p\u0119dzel gwarantuje matow\u0105 sk\u00f3r\u0119 i makija\u017c, kt\u00f3ry utrzymuje si\u0119 przez ca\u0142y dzie\u0144.<\/span>&nbsp;<\/li>\n<li style=\"font-weight: 400;\" aria-level=\"1\"><b>Wszechstronno\u015b\u0107<\/b><span style=\"font-weight: 400;\"> U\u017cywaj go z dowolnym pudrem, a nawet z kompaktowym podk\u0142adem w pudrze. <\/span><b>TOUCH Complexion+<\/b><span style=\"font-weight: 400;\"> dla \u015bwie\u017cego, naturalnego wyko\u0144czenia.<\/span>&nbsp;<\/li>\n<\/ul>\n<h2><span style=\"font-weight: 400;\">Jak go u\u017cywam :<\/span><\/h2>\n<p><span style=\"font-weight: 400;\">Po prostu zanurzam p\u0119dzel w pudrze, usuwam nadmiar i delikatnie nak\u0142adam go na twarz, aby utrwali\u0107 ca\u0142y makija\u017c. Zajmuje to zaledwie kilka sekund, a moja cera wygl\u0105da nieskazitelnie,   <\/span><b>sta\u0142y i jasny<\/b><span style=\"font-weight: 400;\">.<\/span><\/p>\n<h2><span style=\"font-weight: 400;\">Dlaczego polecam p\u0119dzel do pudru utrwalaj\u0105cego YOUNIQUE?<\/span><\/h2>\n<p><span style=\"font-weight: 400;\">Poniewa\u017c ten p\u0119dzel u\u0142atwia \u017cycie. Rozprowadza puder za pomoc\u0105   <\/span><b>precyzyjna dok\u0142adno\u015b\u0107<\/b><span style=\"font-weight: 400;\">Jest \u0142atwy w aplikacji, nie zbryla si\u0119 i utrwala makija\u017c bez wysi\u0142ku. Je\u015bli chcesz uzyska\u0107 efekt   <\/span><b>naturalny i \u015bwie\u017cy<\/b><span style=\"font-weight: 400;\">ten p\u0119dzel jest <\/span><b>must-have<\/b><span style=\"font-weight: 400;\">.<\/span><\/p>\n<p><span style=\"font-weight: 400;\">Dodaj go do swojej kosmetyczki i ciesz si\u0119 trwa\u0142ym i l\u015bni\u0105cym makija\u017cem przez ca\u0142y dzie\u0144!<\/span><\/p>\n<p>&nbsp;<\/p>\n","protected":false},"excerpt":{"rendered":"<p><span style=\"font-weight: 400;\">Szuka\u0142am p\u0119dzla, kt\u00f3ry utrwali\u0142by m\u00f3j makija\u017c bez zbrylania i znalaz\u0142am go dzi\u0119ki <\/span><b>YOUNIQUE Setting Powder Brush<\/b><span style=\"font-weight: 400;\">. Jest to  <\/span><b>super przyjemny<\/b><span style=\"font-weight: 400;\">dobrze osadza proszek i utrzymuje wszystko na miejscu. <\/span><b>utrzymuje wszystko na swoim miejscu<\/b><span style=\"font-weight: 400;\"> zapewniaj\u0105c \u015bwie\u017cy, \u015bwietlisty wygl\u0105d przez ca\u0142y dzie\u0144.<\/span><\/p>\n","protected":false},"featured_media":10921,"comment_status":"open","ping_status":"closed","template":"","meta":{"_seopress_robots_primary_cat":"none","_seopress_titles_title":"","_seopress_titles_desc":"","_seopress_robots_index":"","site-sidebar-layout":"default","site-content-layout":"","ast-site-content-layout":"default","site-content-style":"default","site-sidebar-style":"default","ast-global-header-display":"","ast-banner-title-visibility":"","ast-main-header-display":"","ast-hfb-above-header-display":"","ast-hfb-below-header-display":"","ast-hfb-mobile-header-display":"","site-post-title":"","ast-breadcrumbs-content":"","ast-featured-img":"","footer-sml-layout":"","ast-disable-related-posts":"","theme-transparent-header-meta":"default","adv-header-id-meta":"","stick-header-meta":"","header-above-stick-meta":"","header-main-stick-meta":"","header-below-stick-meta":"","astra-migrate-meta-layouts":"default","ast-page-background-enabled":"default","ast-page-background-meta":{"desktop":{"background-color":"var(--ast-global-color-4)","background-image":"","background-repeat":"repeat","background-position":"center center","background-size":"auto","background-attachment":"scroll","background-type":"","background-media":"","overlay-type":"","overlay-color":"","overlay-opacity":"","overlay-gradient":""},"tablet":{"background-color":"","background-image":"","background-repeat":"repeat","background-position":"center center","background-size":"auto","background-attachment":"scroll","background-type":"","background-media":"","overlay-type":"","overlay-color":"","overlay-opacity":"","overlay-gradient":""},"mobile":{"background-color":"","background-image":"","background-repeat":"repeat","background-position":"center center","background-size":"auto","background-attachment":"scroll","background-type":"","background-media":"","overlay-type":"","overlay-color":"","overlay-opacity":"","overlay-gradient":""}},"ast-content-background-meta":{"desktop":{"background-color":"var(--ast-global-color-5)","background-image":"","background-repeat":"repeat","background-position":"center center","background-size":"auto","background-attachment":"scroll","background-type":"","background-media":"","overlay-type":"","overlay-color":"","overlay-opacity":"","overlay-gradient":""},"tablet":{"background-color":"var(--ast-global-color-5)","background-image":"","background-repeat":"repeat","background-position":"center center","background-size":"auto","background-attachment":"scroll","background-type":"","background-media":"","overlay-type":"","overlay-color":"","overlay-opacity":"","overlay-gradient":""},"mobile":{"background-color":"var(--ast-global-color-5)","background-image":"","background-repeat":"repeat","background-position":"center center","background-size":"auto","background-attachment":"scroll","background-type":"","background-media":"","overlay-type":"","overlay-color":"","overlay-opacity":"","overlay-gradient":""}}},"product_brand":[],"product_cat":[107],"product_tag":[],"class_list":{"0":"post-10919","1":"product","2":"type-product","3":"status-publish","4":"has-post-thumbnail","6":"product_cat-twarz","7":"desktop-align-left","8":"tablet-align-left","9":"mobile-align-left","11":"first","12":"instock","13":"sale","14":"shipping-taxable","15":"product-type-external"},"_links":{"self":[{"href":"https:\/\/youniquebyemilie.com\/pl\/wp-json\/wp\/v2\/product\/10919","targetHints":{"allow":["GET"]}}],"collection":[{"href":"https:\/\/youniquebyemilie.com\/pl\/wp-json\/wp\/v2\/product"}],"about":[{"href":"https:\/\/youniquebyemilie.com\/pl\/wp-json\/wp\/v2\/types\/product"}],"replies":[{"embeddable":true,"href":"https:\/\/youniquebyemilie.com\/pl\/wp-json\/wp\/v2\/comments?post=10919"}],"wp:featuredmedia":[{"embeddable":true,"href":"https:\/\/youniquebyemilie.com\/pl\/wp-json\/wp\/v2\/media\/10921"}],"wp:attachment":[{"href":"https:\/\/youniquebyemilie.com\/pl\/wp-json\/wp\/v2\/media?parent=10919"}],"wp:term":[{"taxonomy":"product_brand","embeddable":true,"href":"https:\/\/youniquebyemilie.com\/pl\/wp-json\/wp\/v2\/product_brand?post=10919"},{"taxonomy":"product_cat","embeddable":true,"href":"https:\/\/youniquebyemilie.com\/pl\/wp-json\/wp\/v2\/product_cat?post=10919"},{"taxonomy":"product_tag","embeddable":true,"href":"https:\/\/youniquebyemilie.com\/pl\/wp-json\/wp\/v2\/product_tag?post=10919"}],"curies":[{"name":"wp","href":"https:\/\/api.w.org\/{rel}","templated":true}]}}