{"id":10937,"date":"2025-07-24T20:25:48","date_gmt":"2025-07-24T18:25:48","guid":{"rendered":"https:\/\/youniquebyemilie.com\/produit\/nawilzajacy-krem-na-dzien-youthplexion\/"},"modified":"2025-07-24T20:25:48","modified_gmt":"2025-07-24T18:25:48","slug":"nawilzajacy-krem-na-dzien-youthplexion","status":"publish","type":"product","link":"https:\/\/youniquebyemilie.com\/pl\/produit\/nawilzajacy-krem-na-dzien-youthplexion\/","title":{"rendered":"Nawil\u017caj\u0105cy krem na dzie\u0144 YOUTHPLEXION"},"content":{"rendered":"<p><span style=\"font-weight: 400;\">Ja r\u00f3wnie\u017c zmaga\u0142am si\u0119 ze sk\u00f3r\u0105 pozbawion\u0105 j\u0119drno\u015bci i blasku.<\/span><b>blasku<\/b><span style=\"font-weight: 400;\">. Szuka\u0142em produktu do piel\u0119gnacji sk\u00f3ry, kt\u00f3ry naprawd\u0119 da\u0142by mi impuls, kt\u00f3ry moja sk\u00f3ra straci\u0142a z biegiem czasu. Wtedy   <\/span><b>Nawil\u017caj\u0105cy krem na dzie\u0144 YOUTHPLEXION<\/b><span style=\"font-weight: 400;\"> Krem nawil\u017caj\u0105cy na dzie\u0144 sta\u0142 si\u0119 cz\u0119\u015bci\u0105 mojej rutyny i sta\u0142 si\u0119 produktem piel\u0119gnacyjnym, kt\u00f3ry ca\u0142kowicie odmieni\u0142 moj\u0105 sk\u00f3r\u0119.<\/span><\/p>\n<p><span style=\"font-weight: 400;\">Stosuj\u0119 go codziennie rano i w mgnieniu oka moja sk\u00f3ra sta\u0142a si\u0119 <\/span><b>g\u0142adsza<\/b><span style=\"font-weight: 400;\">, <\/span><b>j\u0119drniejsza<\/b><span style=\"font-weight: 400;\"> i <\/span><b>promienna<\/b><span style=\"font-weight: 400;\">  zdrowia. To rodzaj kremu, kt\u00f3ry nie pozostawia t\u0142ustej warstwy i nawil\u017ca, nie obci\u0105\u017caj\u0105c sk\u00f3ry. A dzi\u0119ki    <\/span><b>lekki zapach og\u00f3rka<\/b><span style=\"font-weight: 400;\"> i<\/span><b>aloes<\/b><span style=\"font-weight: 400;\">To jak powiew \u015bwie\u017cego powietrza, kt\u00f3ry budzi moj\u0105 sk\u00f3r\u0119 przy ka\u017cdej aplikacji. Uwierz mi, ten zabieg sta\u0142 si\u0119 istotn\u0105 cz\u0119\u015bci\u0105 mojej rutyny i wiem, \u017ce mo\u017ce zdzia\u0142a\u0107 cuda r\u00f3wnie\u017c dla Ciebie! <\/span><\/p>\n<h2><span style=\"font-weight: 400;\">Dlaczego to pokochasz:<\/span><\/h2>\n<ul>\n<li style=\"font-weight: 400;\" aria-level=\"1\"><b>D\u0142ugotrwa\u0142e nawil\u017cenie<\/b><span style=\"font-weight: 400;\"> Twoja sk\u00f3ra b\u0119dzie g\u0142\u0119boko od\u017cywiona, bez uczucia t\u0142usto\u015bci.<\/span>&nbsp;<\/li>\n<li style=\"font-weight: 400;\" aria-level=\"1\"><b>Widoczny efekt liftingu<\/b><span style=\"font-weight: 400;\"> Fision\u00ae Instant Lift pomaga uj\u0119drni\u0107 i wyg\u0142adzi\u0107 sk\u00f3r\u0119, pozostawiaj\u0105c j\u0105 elastyczn\u0105.<\/span>&nbsp;<\/li>\n<li style=\"font-weight: 400;\" aria-level=\"1\"><b>Mi\u0119kka, g\u0142adka sk\u00f3ra<\/b><span style=\"font-weight: 400;\"> Natychmiast po zastosowaniu sk\u00f3ra staje si\u0119 bardziej mi\u0119kka i g\u0142adka.<\/span>&nbsp;<\/li>\n<li style=\"font-weight: 400;\" aria-level=\"1\"><b>Naturalny blask<\/b><span style=\"font-weight: 400;\"> Mieszanka sk\u0142adnik\u00f3w aktywnych nadaje sk\u00f3rze \u015bwietlisty, naturalny blask.<\/span>&nbsp;<\/li>\n<li style=\"font-weight: 400;\" aria-level=\"1\"><b>Szacunek dla planety<\/b><span style=\"font-weight: 400;\"> Jego ekologiczne opakowanie pokazuje, \u017ce dbasz o swoj\u0105 sk\u00f3r\u0119, ale tak\u017ce o planet\u0119.<\/span>&nbsp;<\/li>\n<\/ul>\n<p>&nbsp;<\/p>\n<h2><span style=\"font-weight: 400;\">Aktywne sk\u0142adniki, kt\u00f3re odmieni\u0105 Twoj\u0105 sk\u00f3r\u0119  <\/span><\/h2>\n<ul>\n<li style=\"font-weight: 400;\" aria-level=\"1\"><b>Hydrosella<\/b><span style=\"font-weight: 400;\"> Zapewnia d\u0142ugotrwa\u0142e nawil\u017cenie, aby sk\u00f3ra by\u0142a mi\u0119kka i ukojona przez ca\u0142y dzie\u0144.<\/span>&nbsp;<\/li>\n<li style=\"font-weight: 400;\" aria-level=\"1\"><b>Fision\u00ae Instant Lift<\/b><span style=\"font-weight: 400;\"> Silny aktywny sk\u0142adnik przeciwstarzeniowy, kt\u00f3ry uj\u0119drnia sk\u00f3r\u0119 i redukuje oznaki starzenia, zapewniaj\u0105c m\u0142odsz\u0105, g\u0142adsz\u0105 cer\u0119.<\/span>&nbsp;<\/li>\n<li style=\"font-weight: 400;\" aria-level=\"1\"><b>Skwalan<\/b><span style=\"font-weight: 400;\"> Utrzymuje sk\u00f3r\u0119 nawil\u017con\u0105 i g\u0142\u0119boko od\u017cywion\u0105, bez uczucia t\u0142usto\u015bci, zapewniaj\u0105c natychmiastowy komfort.<\/span>&nbsp;<\/li>\n<li style=\"font-weight: 400;\" aria-level=\"1\"><b>Guma z akacji senegalskiej<\/b><span style=\"font-weight: 400;\"> Nadaje sk\u00f3rze j\u0119drno\u015b\u0107 i elastyczno\u015b\u0107, sprawiaj\u0105c, \u017ce staje si\u0119 j\u0119drniejsza i bardziej napi\u0119ta.<\/span>&nbsp;<\/li>\n<li style=\"font-weight: 400;\" aria-level=\"1\"><b>Ekstrakt z hibiskusa Sabdariffa<\/b><span style=\"font-weight: 400;\"> Nadaje naturalny blask i rewitalizuje sk\u00f3r\u0119, czyni\u0105c j\u0105 bardziej \u015bwietlist\u0105 i promienn\u0105.<\/span><\/li>\n<\/ul>\n<p><span style=\"font-weight: 400;\">Idealne po\u0142\u0105czenie sk\u0142adnik\u00f3w, aby zapewni\u0107 sk\u00f3rze wszystko, czego potrzebuje: d\u0142ugotrwa\u0142e <\/span><b>d\u0142ugotrwa\u0142e nawil\u017cenie<\/b><span style=\"font-weight: 400;\">nawil\u017cenie <\/span><b>natychmiastowy efekt liftingu<\/b><span style=\"font-weight: 400;\">i<\/span><b> blask<\/b><span style=\"font-weight: 400;\">. <\/span> <\/p>\n<p>&nbsp;<\/p>\n<h2><span style=\"font-weight: 400;\">Jak \u0142atwo z niego korzysta\u0107:<\/span><\/h2>\n<ol>\n<li style=\"font-weight: 400;\" aria-level=\"1\"><span style=\"font-weight: 400;\">Na\u0142\u00f3\u017c odrobin\u0119 kremu nawil\u017caj\u0105cego na dzie\u0144 YOUTHPLEXION.<\/span>&nbsp;<\/li>\n<li style=\"font-weight: 400;\" aria-level=\"1\"><span style=\"font-weight: 400;\">Delikatnie wmasuj w twarz i szyj\u0119 okr\u0119\u017cnymi ruchami.<\/span>&nbsp;<\/li>\n<li style=\"font-weight: 400;\" aria-level=\"1\"><span style=\"font-weight: 400;\">Aby uzyska\u0107 najlepsze rezultaty, nale\u017cy stosowa\u0107 go rano i wieczorem po zastosowaniu produktu oczyszczaj\u0105cego YOUTHPLEXION.<\/span>&nbsp;<\/li>\n<\/ol>\n<p><span style=\"font-weight: 400;\">Dodaj go do koszyka ju\u017c teraz i odkryj j\u0119drniejsz\u0105, g\u0142adsz\u0105 i bardziej promienn\u0105 sk\u00f3r\u0119 ka\u017cdego dnia!<\/span><\/p>\n<p>&nbsp;<\/p>\n<h2><span style=\"font-weight: 400;\">FAQ : YOUTHPLEXION nawil\u017caj\u0105cy krem na dzie\u0144<\/span><\/h2>\n<ol>\n<li style=\"font-weight: 400;\" aria-level=\"1\"><b>Czy to  <\/b><span style=\"font-weight: 400;\"> <\/span><b>YOUTHPLEXION\u00ae nawil\u017caj\u0105cy krem na dzie\u0144<\/b> <b> odpowiedni dla wszystkich rodzaj\u00f3w sk\u00f3ry?<\/b><b><br \/>\n<\/b><span style=\"font-weight: 400;\">  Tak, krem nawil\u017caj\u0105cy YOUTHPLEXION jest odpowiedni dla wszystkich rodzaj\u00f3w sk\u00f3ry, w tym suchej, t\u0142ustej, mieszanej i wra\u017cliwej. Jego lekka, nawil\u017caj\u0105ca formu\u0142a jest odpowiednia dla ka\u017cdego, nie zatyka por\u00f3w i nie pozostawia uczucia t\u0142usto\u015bci. <\/span>&nbsp;<\/li>\n<li style=\"font-weight: 400;\" aria-level=\"1\"><b>Jak d\u0142ugo trzeba czeka\u0107 na widoczne rezultaty?<\/b><b><br \/>\n<\/b><span style=\"font-weight: 400;\">  Rezultaty s\u0105 szybko widoczne. W ci\u0105gu pierwszych kilku dni sk\u00f3ra stanie si\u0119 bardziej mi\u0119kka i nawil\u017cona. Po kilku tygodniach zaczniesz zauwa\u017ca\u0107 bardziej r\u00f3wnomiern\u0105, j\u0119drniejsz\u0105 cer\u0119 dzi\u0119ki efektowi liftingu Fision\u00ae Instant Lift.  <\/span>&nbsp;<\/li>\n<li style=\"font-weight: 400;\" aria-level=\"1\"><b>Czy ten krem zawiera sztuczne substancje zapachowe?<\/b><b><br \/>\n<\/b><span style=\"font-weight: 400;\">  Nie, krem YOUTHPLEXION nie ma sztucznego zapachu. Jego naturalny zapach pochodzi z ekstrakt\u00f3w z og\u00f3rka i aloesu, kt\u00f3re zapewniaj\u0105 uczucie \u015bwie\u017co\u015bci bez obci\u0105\u017cania sk\u00f3ry. <\/span>&nbsp;<\/li>\n<li style=\"font-weight: 400;\" aria-level=\"1\"><b>Czy mog\u0119 u\u017cywa\u0107 tego kremu, je\u015bli mam niedoskona\u0142o\u015bci?<\/b><b><br \/>\n<\/b><span style=\"font-weight: 400;\">  Absolutnie! Krem g\u0142\u0119boko nawil\u017ca, nie zatykaj\u0105c por\u00f3w, dzi\u0119ki czemu jest odpowiedni dla sk\u00f3ry z niedoskona\u0142o\u015bciami. Pomaga zr\u00f3wnowa\u017cy\u0107 sk\u00f3r\u0119 i przywr\u00f3ci\u0107 jej naturalny blask bez pozostawiania t\u0142ustej warstwy.  <\/span>&nbsp;<\/li>\n<li style=\"font-weight: 400;\" aria-level=\"1\"><b>Czy krem mo\u017cna stosowa\u0107 pod makija\u017c?<\/b><b><br \/>\n<\/b><span style=\"font-weight: 400;\">  Tak, to jedna z najwi\u0119kszych zalet tego kremu! Nie pozostawia t\u0142ustej warstwy, dzi\u0119ki czemu idealnie nadaje si\u0119 do stosowania pod makija\u017c. Doskonale przygotowuje sk\u00f3r\u0119, nawil\u017caj\u0105c j\u0105, a jednocze\u015bnie pozostaje lekki, dzi\u0119ki czemu makija\u017c b\u0119dzie si\u0119 lepiej trzyma\u0142 przez ca\u0142y dzie\u0144.  <\/span>&nbsp;<\/li>\n<li style=\"font-weight: 400;\" aria-level=\"1\"><b>Czy krem jest testowany na zwierz\u0119tach?<\/b><b><br \/>\n<\/b><span style=\"font-weight: 400;\">  Nie, krem nawil\u017caj\u0105cy na dzie\u0144 YOUTHPLEXION jest w 100% wolny od okrucie\u0144stwa. Jest testowany dermatologicznie, ale nigdy na zwierz\u0119tach, zgodnie z zobowi\u0105zaniem Younique do etycznych i odpowiedzialnych praktyk. <\/span>&nbsp;<\/li>\n<\/ol>\n<p><span style=\"font-weight: 400;\">Nie pozw\u00f3l, by Twojej sk\u00f3rze zabrak\u0142o j\u0119drno\u015bci i blasku! W\u0142\u00f3\u017c do koszyka krem YOUTHPLEXION i rozpocznij swoj\u0105 przemian\u0119 ju\u017c dzi\u015b. <\/span><\/p>\n","protected":false},"excerpt":{"rendered":"<p><span style=\"font-weight: 400;\">Ja r\u00f3wnie\u017c zmaga\u0142am si\u0119 ze sk\u00f3r\u0105 pozbawion\u0105 j\u0119drno\u015bci i blasku.<\/span><b>blasku<\/b><span style=\"font-weight: 400;\">. Szuka\u0142em produktu do piel\u0119gnacji sk\u00f3ry, kt\u00f3ry naprawd\u0119 da\u0142by mi impuls, kt\u00f3ry moja sk\u00f3ra straci\u0142a z czasem. Wtedy   <\/span><b>Nawil\u017caj\u0105cy krem na dzie\u0144 YOUTHPLEXION<\/b><span style=\"font-weight: 400;\"> Krem nawil\u017caj\u0105cy na dzie\u0144 sta\u0142 si\u0119 cz\u0119\u015bci\u0105 mojej rutyny i sta\u0142 si\u0119 produktem piel\u0119gnacyjnym, kt\u00f3ry ca\u0142kowicie odmieni\u0142 moj\u0105 sk\u00f3r\u0119.<\/span><\/p>\n","protected":false},"featured_media":10941,"comment_status":"open","ping_status":"closed","template":"","meta":{"_seopress_robots_primary_cat":"none","_seopress_titles_title":"","_seopress_titles_desc":"","_seopress_robots_index":"","site-sidebar-layout":"default","site-content-layout":"","ast-site-content-layout":"default","site-content-style":"default","site-sidebar-style":"default","ast-global-header-display":"","ast-banner-title-visibility":"","ast-main-header-display":"","ast-hfb-above-header-display":"","ast-hfb-below-header-display":"","ast-hfb-mobile-header-display":"","site-post-title":"","ast-breadcrumbs-content":"","ast-featured-img":"","footer-sml-layout":"","ast-disable-related-posts":"","theme-transparent-header-meta":"default","adv-header-id-meta":"","stick-header-meta":"","header-above-stick-meta":"","header-main-stick-meta":"","header-below-stick-meta":"","astra-migrate-meta-layouts":"default","ast-page-background-enabled":"default","ast-page-background-meta":{"desktop":{"background-color":"var(--ast-global-color-4)","background-image":"","background-repeat":"repeat","background-position":"center center","background-size":"auto","background-attachment":"scroll","background-type":"","background-media":"","overlay-type":"","overlay-color":"","overlay-opacity":"","overlay-gradient":""},"tablet":{"background-color":"","background-image":"","background-repeat":"repeat","background-position":"center center","background-size":"auto","background-attachment":"scroll","background-type":"","background-media":"","overlay-type":"","overlay-color":"","overlay-opacity":"","overlay-gradient":""},"mobile":{"background-color":"","background-image":"","background-repeat":"repeat","background-position":"center center","background-size":"auto","background-attachment":"scroll","background-type":"","background-media":"","overlay-type":"","overlay-color":"","overlay-opacity":"","overlay-gradient":""}},"ast-content-background-meta":{"desktop":{"background-color":"var(--ast-global-color-5)","background-image":"","background-repeat":"repeat","background-position":"center center","background-size":"auto","background-attachment":"scroll","background-type":"","background-media":"","overlay-type":"","overlay-color":"","overlay-opacity":"","overlay-gradient":""},"tablet":{"background-color":"var(--ast-global-color-5)","background-image":"","background-repeat":"repeat","background-position":"center center","background-size":"auto","background-attachment":"scroll","background-type":"","background-media":"","overlay-type":"","overlay-color":"","overlay-opacity":"","overlay-gradient":""},"mobile":{"background-color":"var(--ast-global-color-5)","background-image":"","background-repeat":"repeat","background-position":"center center","background-size":"auto","background-attachment":"scroll","background-type":"","background-media":"","overlay-type":"","overlay-color":"","overlay-opacity":"","overlay-gradient":""}}},"product_brand":[],"product_cat":[111],"product_tag":[],"class_list":{"0":"post-10937","1":"product","2":"type-product","3":"status-publish","4":"has-post-thumbnail","6":"product_cat-skora","7":"desktop-align-left","8":"tablet-align-left","9":"mobile-align-left","11":"first","12":"instock","13":"sale","14":"shipping-taxable","15":"product-type-external"},"_links":{"self":[{"href":"https:\/\/youniquebyemilie.com\/pl\/wp-json\/wp\/v2\/product\/10937","targetHints":{"allow":["GET"]}}],"collection":[{"href":"https:\/\/youniquebyemilie.com\/pl\/wp-json\/wp\/v2\/product"}],"about":[{"href":"https:\/\/youniquebyemilie.com\/pl\/wp-json\/wp\/v2\/types\/product"}],"replies":[{"embeddable":true,"href":"https:\/\/youniquebyemilie.com\/pl\/wp-json\/wp\/v2\/comments?post=10937"}],"wp:featuredmedia":[{"embeddable":true,"href":"https:\/\/youniquebyemilie.com\/pl\/wp-json\/wp\/v2\/media\/10941"}],"wp:attachment":[{"href":"https:\/\/youniquebyemilie.com\/pl\/wp-json\/wp\/v2\/media?parent=10937"}],"wp:term":[{"taxonomy":"product_brand","embeddable":true,"href":"https:\/\/youniquebyemilie.com\/pl\/wp-json\/wp\/v2\/product_brand?post=10937"},{"taxonomy":"product_cat","embeddable":true,"href":"https:\/\/youniquebyemilie.com\/pl\/wp-json\/wp\/v2\/product_cat?post=10937"},{"taxonomy":"product_tag","embeddable":true,"href":"https:\/\/youniquebyemilie.com\/pl\/wp-json\/wp\/v2\/product_tag?post=10937"}],"curies":[{"name":"wp","href":"https:\/\/api.w.org\/{rel}","templated":true}]}}