{"id":11038,"date":"2025-07-24T18:57:13","date_gmt":"2025-07-24T16:57:13","guid":{"rendered":"https:\/\/youniquebyemilie.com\/produit\/pomadka-do-ust-moodstruck-hottie\/"},"modified":"2025-07-24T18:57:13","modified_gmt":"2025-07-24T16:57:13","slug":"pomadka-do-ust-moodstruck-hottie","status":"publish","type":"product","link":"https:\/\/youniquebyemilie.com\/pl\/produit\/pomadka-do-ust-moodstruck-hottie\/","title":{"rendered":"Pomadka do ust MOODSTRUCK HOTTIE"},"content":{"rendered":"<p><span style=\"font-weight: 400;\">Pe\u0142ne usta <\/span><b>soczyste<\/b><span style=\"font-weight: 400;\">, <\/span><b>od\u017cywione<\/b><span style=\"font-weight: 400;\"> i <\/span><b>nie do odparcia<\/b><span style=\"font-weight: 400;\">&#8230; bezproblemowe. Szczerze m\u00f3wi\u0105c, je\u015bli jeszcze nie wypr\u00f3bowa\u0142e\u015b   <\/span><b>Pomadka do ust MOODSTRUCK HOTTIE<\/b><span style=\"font-weight: 400;\">co\u015b ci\u0119 omija <\/span><b>magia<\/b><span style=\"font-weight: 400;\">  do swojej rutyny piel\u0119gnacyjnej. Nie musisz by\u0107 ekspertem od makija\u017cu ani sp\u0119dza\u0107 godzin przed lustrem. Z    <\/span><b>MOODSTRUCK HOTTIE<\/b><span style=\"font-weight: 400;\">zastosuj, pulchnij i <\/span><b>bam<\/b><span style=\"font-weight: 400;\">usta <\/span><b>zmys\u0142owe<\/b><span style=\"font-weight: 400;\"> i <\/span><b>b\u0142yszcz\u0105ce usta<\/b><span style=\"font-weight: 400;\">  za pomoc\u0105 kilku gest\u00f3w. I zgadnij co? Oni zostaj\u0105    <\/span><b>wspania\u0142y<\/b><span style=\"font-weight: 400;\">  przez ca\u0142y dzie\u0144. Tak,   <\/span><b>przez ca\u0142y dzie\u0144<\/b><span style=\"font-weight: 400;\">.<\/span><\/p>\n<p>&nbsp;<\/p>\n<h2><span style=\"font-weight: 400;\">Dlaczego warto j\u0105 przyj\u0105\u0107:<\/span><\/h2>\n<ul>\n<li style=\"font-weight: 400;\" aria-level=\"1\"><b>Natychmiastowy efekt uj\u0119drniaj\u0105cy<\/b><span style=\"font-weight: 400;\"> Dzi\u0119ki zawarto\u015bci <\/span><b>peptydom<\/b><span style=\"font-weight: 400;\"> i <\/span><b>hialuronian sodu<\/b><span style=\"font-weight: 400;\">sprawia, \u017ce usta <\/span><b>pe\u0142niejsze<\/b><span style=\"font-weight: 400;\"> i <\/span><b>g\u0142adsze<\/b><span style=\"font-weight: 400;\">.<\/span>&nbsp;<\/li>\n<li style=\"font-weight: 400;\" aria-level=\"1\"><b>Pobudzaj\u0105ce doznania<\/b><span style=\"font-weight: 400;\"> Mieszanka <\/span><b>mieszanka mi\u0119ty pieprzowej<\/b><span style=\"font-weight: 400;\"> i <\/span><b>\u017cywicy chili<\/b><span style=\"font-weight: 400;\"> daje <\/span><b>orze\u017awiaj\u0105cy<\/b><span style=\"font-weight: 400;\"> i <\/span><b>orze\u017awiaj\u0105ce uczucie<\/b><span style=\"font-weight: 400;\">dla zmys\u0142owych <\/span><b>zmys\u0142owe usta<\/b><span style=\"font-weight: 400;\">.<\/span>&nbsp;<\/li>\n<li style=\"font-weight: 400;\" aria-level=\"1\"><b>D\u0142ugotrwa\u0142e nawil\u017cenie<\/b><span style=\"font-weight: 400;\"> Zawiera <\/span><b>olej s\u0142onecznikowy<\/b><span style=\"font-weight: 400;\"> i <\/span><b>ekstrakt z portulaki pospolitej<\/b><span style=\"font-weight: 400;\"> dla ust, kt\u00f3re s\u0105 <\/span><b>od\u017cywione<\/b><span style=\"font-weight: 400;\"> i <\/span><b>wyra\u017anie g\u0142adsze<\/b><span style=\"font-weight: 400;\">.<\/span>&nbsp;<\/li>\n<li style=\"font-weight: 400;\" aria-level=\"1\"><b>\u0141atwa aplikacja<\/b><span style=\"font-weight: 400;\"> Aplikator sprawia, \u017ce aplikacja jest szybka i \u0142atwa. <\/span><b>szybko<\/b><span style=\"font-weight: 400;\">nawet w ruchu.<\/span>&nbsp;<\/li>\n<li style=\"font-weight: 400;\" aria-level=\"1\"><b>Jako\u015b\u0107 opieki<\/b><span style=\"font-weight: 400;\"> To <\/span><b>naprawy<\/b><span style=\"font-weight: 400;\"> i <\/span><b>poprawia<\/b><span style=\"font-weight: 400;\"> wygl\u0105d ust dzi\u0119ki <\/span><b>palmitoil tripeptide-38<\/b><span style=\"font-weight: 400;\">pochodnej aminokwas\u00f3w, kt\u00f3re <\/span><b>odm\u0142adzaj\u0105<\/b><span style=\"font-weight: 400;\"> usta.<\/span>&nbsp;<\/li>\n<\/ul>\n<p>&nbsp;<\/p>\n<h2><span style=\"font-weight: 400;\">Jak \u0142atwo z niego korzysta\u0107:<\/span><\/h2>\n<ol>\n<li style=\"font-weight: 400;\" aria-level=\"1\"><b>Wieczorna rutyna<\/b><span style=\"font-weight: 400;\"> Na\u0142o\u017cy\u0107 <\/span><b>lip plumper<\/b><span style=\"font-weight: 400;\"> po oczyszczeniu twarzy i pozostawi\u0107 na noc.<\/span>&nbsp;<\/li>\n<li style=\"font-weight: 400;\" aria-level=\"1\"><b>Codzienna rutyna<\/b><span style=\"font-weight: 400;\"> Nak\u0142adaj na usta przed lub po na\u0142o\u017ceniu ulubionej szminki, aby <\/span><b>doda\u0107 blasku<\/b><span style=\"font-weight: 400;\"> i <\/span><b>blasku<\/b><span style=\"font-weight: 400;\">.<\/span>&nbsp;<\/li>\n<li style=\"font-weight: 400;\" aria-level=\"1\"><span style=\"font-weight: 400;\">Je\u015bli chcesz uzyska\u0107 <\/span><b>bardziej intensywnego efektu<\/b><span style=\"font-weight: 400;\">nie wahaj si\u0119 ponawia\u0107 aplikacji w ci\u0105gu dnia, aby uzyska\u0107 jeszcze pe\u0142niejsze usta. <\/span><b>jeszcze pe\u0142niejsze usta<\/b><span style=\"font-weight: 400;\"> i <\/span><b>nawil\u017cone<\/b><span style=\"font-weight: 400;\">.<\/span>&nbsp;<\/li>\n<\/ol>\n<h2><span style=\"font-weight: 400;\">Sk\u0142adniki, kt\u00f3re sprawiaj\u0105, \u017ce usta b\u0142yszcz\u0105:<\/span><\/h2>\n<ul>\n<li style=\"font-weight: 400;\" aria-level=\"1\"><b>Olej s\u0142onecznikowy<\/b><span style=\"font-weight: 400;\"> : <\/span><b>Nawil\u017ca<\/b><span style=\"font-weight: 400;\"> i <\/span><b>\u0142agodzi<\/b><span style=\"font-weight: 400;\"> usta.<\/span>&nbsp;<\/li>\n<li style=\"font-weight: 400;\" aria-level=\"1\"><b>Mi\u0119ta pieprzowa<\/b><span style=\"font-weight: 400;\"> Zapewnia <\/span><b>orze\u017awiaj\u0105ce uczucie<\/b><span style=\"font-weight: 400;\"> i <\/span><b>oczyszczaj\u0105ce uczucie<\/b><span style=\"font-weight: 400;\"> dla ust, kt\u00f3re s\u0105 pe\u0142ne <\/span><b>\u015bwie\u017co\u015bci<\/b><span style=\"font-weight: 400;\">.<\/span>&nbsp;<\/li>\n<li style=\"font-weight: 400;\" aria-level=\"1\"><b>\u017bywica chili<\/b><span style=\"font-weight: 400;\"> Stymuluje usta, czyni\u0105c je bardziej zmys\u0142owymi i j\u0119drnymi, zapewniaj\u0105c nieodparty efekt.<\/span><\/li>\n<li style=\"font-weight: 400;\" aria-level=\"1\"><b>Ekstrakt z portulaki pospolitej<\/b><span style=\"font-weight: 400;\"> Poprawia <\/span><b>nawil\u017cenie<\/b><span style=\"font-weight: 400;\"> i sprawia, \u017ce usta <\/span><b>g\u0142adsze<\/b><span style=\"font-weight: 400;\"> i <\/span><b>mi\u0119kkie<\/b><span style=\"font-weight: 400;\">.<\/span>&nbsp;<\/li>\n<li style=\"font-weight: 400;\" aria-level=\"1\"><b>Hialuronian sodu<\/b><span style=\"font-weight: 400;\"> Zatrzymuje wilgo\u0107 i <\/span><b>wype\u0142nia usta<\/b><span style=\"font-weight: 400;\"> dla pe\u0142niejszych <\/span><b>pe\u0142niejsze<\/b><span style=\"font-weight: 400;\"> i <\/span><b>g\u0142adki efekt<\/b><span style=\"font-weight: 400;\">.<\/span>&nbsp;<\/li>\n<li style=\"font-weight: 400;\" aria-level=\"1\"><b>Tr\u00f3jpeptyd palmitoilu-38<\/b><span style=\"font-weight: 400;\"> : <\/span><b>Poprawia wygl\u0105d<\/b><span style=\"font-weight: 400;\"> i pomaga <\/span><b>odm\u0142odzi\u0107<\/b><span style=\"font-weight: 400;\"> usta dla <\/span><b>d\u0142ugotrwa\u0142y efekt<\/b><span style=\"font-weight: 400;\">.<\/span><\/li>\n<\/ul>\n<p>&nbsp;<\/p>\n<h2><span style=\"font-weight: 400;\">Dlaczego ten produkt jest niezb\u0119dny:<\/span><\/h2>\n<p><span style=\"font-weight: 400;\">Je\u015bli chcesz <\/span><b>pe\u0142ne usta<\/b><span style=\"font-weight: 400;\">, <\/span><b>zmys\u0142owe<\/b><span style=\"font-weight: 400;\">i <\/span><b>pi\u0119knie g\u0142adkie<\/b><span style=\"font-weight: 400;\">nast\u0119pnie <\/span><b>MOODSTRUCK HOTTIE Lip Plumper<\/b><span style=\"font-weight: 400;\">  to obowi\u0105zkowy element rutyny piel\u0119gnacyjnej. Dzi\u0119ki swoim   <\/span><b>sk\u0142adniki od\u017cywcze<\/b><span style=\"font-weight: 400;\">, <\/span><b>efekt uj\u0119drniaj\u0105cy<\/b><span style=\"font-weight: 400;\"> i jego <\/span><b>d\u0142ugotrwa\u0142e utrwalenie<\/b><span style=\"font-weight: 400;\">odmieni Twoje usta <\/span><b>w mgnieniu oka<\/b><span style=\"font-weight: 400;\">.<\/span><\/p>\n<p><span style=\"font-weight: 400;\">Dodaj go do koszyka ju\u017c teraz i odkryj swoje <\/span><b>usta<\/b> <b>nieodparte usta<\/b><span style=\"font-weight: 400;\">, <\/span><b>od\u017cywione <\/b><span style=\"font-weight: 400;\">i <\/span><b>soczyste<\/b><span style=\"font-weight: 400;\"> jak nigdy dot\u0105d.<\/span><\/p>\n<p>&nbsp;<\/p>\n","protected":false},"excerpt":{"rendered":"<p><span style=\"font-weight: 400;\">Pe\u0142ne usta <\/span><b>soczyste<\/b><span style=\"font-weight: 400;\">, <\/span><b>od\u017cywione<\/b><span style=\"font-weight: 400;\"> i <\/span><b>nie do odparcia<\/b><span style=\"font-weight: 400;\">&#8230; bezproblemowe. Szczerze m\u00f3wi\u0105c, je\u015bli jeszcze nie wypr\u00f3bowa\u0142e\u015b   <\/span><b>Pomadka do ust MOODSTRUCK HOTTIE<\/b><span style=\"font-weight: 400;\">co\u015b ci\u0119 omija <\/span><b>magia<\/b><span style=\"font-weight: 400;\">  do swojej rutyny piel\u0119gnacyjnej. Nie musisz by\u0107 ekspertem od makija\u017cu ani sp\u0119dza\u0107 godzin przed lustrem. Z    <\/span><b>MOODSTRUCK HOTTIE<\/b><span style=\"font-weight: 400;\">zastosuj, pulchnij i <\/span><b>bam<\/b><span style=\"font-weight: 400;\">usta <\/span><b>zmys\u0142owe<\/b><span style=\"font-weight: 400;\"> i <\/span><b>b\u0142yszcz\u0105ce usta<\/b><span style=\"font-weight: 400;\">  za pomoc\u0105 kilku gest\u00f3w. I zgadnij co? Oni zostaj\u0105    <\/span><b>wspania\u0142y<\/b><span style=\"font-weight: 400;\">  przez ca\u0142y dzie\u0144. Tak,   <\/span><b>przez ca\u0142y dzie\u0144<\/b><span style=\"font-weight: 400;\">.<\/span><\/p>\n","protected":false},"featured_media":11039,"comment_status":"open","ping_status":"closed","template":"","meta":{"_seopress_robots_primary_cat":"none","_seopress_titles_title":"","_seopress_titles_desc":"","_seopress_robots_index":"","site-sidebar-layout":"default","site-content-layout":"","ast-site-content-layout":"default","site-content-style":"default","site-sidebar-style":"default","ast-global-header-display":"","ast-banner-title-visibility":"","ast-main-header-display":"","ast-hfb-above-header-display":"","ast-hfb-below-header-display":"","ast-hfb-mobile-header-display":"","site-post-title":"","ast-breadcrumbs-content":"","ast-featured-img":"","footer-sml-layout":"","ast-disable-related-posts":"","theme-transparent-header-meta":"default","adv-header-id-meta":"","stick-header-meta":"","header-above-stick-meta":"","header-main-stick-meta":"","header-below-stick-meta":"","astra-migrate-meta-layouts":"default","ast-page-background-enabled":"default","ast-page-background-meta":{"desktop":{"background-color":"var(--ast-global-color-4)","background-image":"","background-repeat":"repeat","background-position":"center center","background-size":"auto","background-attachment":"scroll","background-type":"","background-media":"","overlay-type":"","overlay-color":"","overlay-opacity":"","overlay-gradient":""},"tablet":{"background-color":"","background-image":"","background-repeat":"repeat","background-position":"center center","background-size":"auto","background-attachment":"scroll","background-type":"","background-media":"","overlay-type":"","overlay-color":"","overlay-opacity":"","overlay-gradient":""},"mobile":{"background-color":"","background-image":"","background-repeat":"repeat","background-position":"center center","background-size":"auto","background-attachment":"scroll","background-type":"","background-media":"","overlay-type":"","overlay-color":"","overlay-opacity":"","overlay-gradient":""}},"ast-content-background-meta":{"desktop":{"background-color":"var(--ast-global-color-5)","background-image":"","background-repeat":"repeat","background-position":"center center","background-size":"auto","background-attachment":"scroll","background-type":"","background-media":"","overlay-type":"","overlay-color":"","overlay-opacity":"","overlay-gradient":""},"tablet":{"background-color":"var(--ast-global-color-5)","background-image":"","background-repeat":"repeat","background-position":"center center","background-size":"auto","background-attachment":"scroll","background-type":"","background-media":"","overlay-type":"","overlay-color":"","overlay-opacity":"","overlay-gradient":""},"mobile":{"background-color":"var(--ast-global-color-5)","background-image":"","background-repeat":"repeat","background-position":"center center","background-size":"auto","background-attachment":"scroll","background-type":"","background-media":"","overlay-type":"","overlay-color":"","overlay-opacity":"","overlay-gradient":""}}},"product_brand":[],"product_cat":[115],"product_tag":[],"class_list":{"0":"post-11038","1":"product","2":"type-product","3":"status-publish","4":"has-post-thumbnail","6":"product_cat-usta","7":"desktop-align-left","8":"tablet-align-left","9":"mobile-align-left","11":"first","12":"instock","13":"sale","14":"shipping-taxable","15":"product-type-external"},"_links":{"self":[{"href":"https:\/\/youniquebyemilie.com\/pl\/wp-json\/wp\/v2\/product\/11038","targetHints":{"allow":["GET"]}}],"collection":[{"href":"https:\/\/youniquebyemilie.com\/pl\/wp-json\/wp\/v2\/product"}],"about":[{"href":"https:\/\/youniquebyemilie.com\/pl\/wp-json\/wp\/v2\/types\/product"}],"replies":[{"embeddable":true,"href":"https:\/\/youniquebyemilie.com\/pl\/wp-json\/wp\/v2\/comments?post=11038"}],"wp:featuredmedia":[{"embeddable":true,"href":"https:\/\/youniquebyemilie.com\/pl\/wp-json\/wp\/v2\/media\/11039"}],"wp:attachment":[{"href":"https:\/\/youniquebyemilie.com\/pl\/wp-json\/wp\/v2\/media?parent=11038"}],"wp:term":[{"taxonomy":"product_brand","embeddable":true,"href":"https:\/\/youniquebyemilie.com\/pl\/wp-json\/wp\/v2\/product_brand?post=11038"},{"taxonomy":"product_cat","embeddable":true,"href":"https:\/\/youniquebyemilie.com\/pl\/wp-json\/wp\/v2\/product_cat?post=11038"},{"taxonomy":"product_tag","embeddable":true,"href":"https:\/\/youniquebyemilie.com\/pl\/wp-json\/wp\/v2\/product_tag?post=11038"}],"curies":[{"name":"wp","href":"https:\/\/api.w.org\/{rel}","templated":true}]}}