{"id":11077,"date":"2025-07-24T18:42:35","date_gmt":"2025-07-24T16:42:35","guid":{"rendered":"https:\/\/youniquebyemilie.com\/produit\/maseczka-do-ust-you-ology\/"},"modified":"2025-07-24T18:42:35","modified_gmt":"2025-07-24T16:42:35","slug":"maseczka-do-ust-you-ology","status":"publish","type":"product","link":"https:\/\/youniquebyemilie.com\/pl\/produit\/maseczka-do-ust-you-ology\/","title":{"rendered":"Maseczka do ust YOU OLOGY"},"content":{"rendered":"<p><span style=\"font-weight: 400;\">Znasz to uczucie suchych, spierzchni\u0119tych ust? Te\u017c tak mia\u0142am, zw\u0142aszcza po ci\u0119\u017ckiej zimie. Wi\u0119c kiedy odkry\u0142am    <\/span><b>Maska do ust YOU-OLOGY<\/b><span style=\"font-weight: 400;\">Powiedzia\u0142am sobie: &#8222;To jest w\u0142a\u015bnie to, czego potrzebuj\u0119! I szczerze m\u00f3wi\u0105c, nie zawiod\u0142am si\u0119.<\/span><\/p>\n<p><span style=\"font-weight: 400;\">Ta maseczka sta\u0142a si\u0119 moim sprzymierze\u0144cem. Jedna aplikacja na noc i budz\u0119 si\u0119 rano z mi\u0119kkimi, nawil\u017conymi ustami, kt\u00f3re s\u0105 gotowe do b\u0142yszczenia. \u017badnego zamieszania, to naprawd\u0119 takie proste. Co wi\u0119cej, jest przeznaczona dla kobiet w po\u015bpiechu, kt\u00f3re chc\u0105 szybkiej, ale skutecznej kuracji.   <\/span><\/p>\n<h2><span style=\"font-weight: 400;\">Dlaczego pokochasz t\u0119 mask\u0119  <\/span><\/h2>\n<ul>\n<li style=\"font-weight: 400;\" aria-level=\"1\"><b>Super od\u017cywione usta:<\/b><span style=\"font-weight: 400;\">  Ju\u017c od pierwszej aplikacji usta s\u0105 natychmiast nawil\u017cone i od\u017cywione. Mas\u0142o shea i olej kokosowy dzia\u0142aj\u0105 g\u0142\u0119boko, zapewniaj\u0105c niezwykle g\u0142adki efekt. <\/span>&nbsp;<\/li>\n<li style=\"font-weight: 400;\" aria-level=\"1\"><b>Magiczna tekstura:<\/b> <b>Holly-Day<\/b><span style=\"font-weight: 400;\"> oferuje lekk\u0105 \u017celow\u0105 konsystencj\u0119 i owocowy <\/span><b>owocowy zapach marakui<\/b><span style=\"font-weight: 400;\">  co sprawia, \u017ce aplikacja jest jeszcze przyjemniejsza. To jak chwila szcz\u0119\u015bcia pod prysznicem! <\/span>&nbsp;<\/li>\n<li style=\"font-weight: 400;\" aria-level=\"1\"><b>Intensywna piel\u0119gnacja ust:<\/b><span style=\"font-weight: 400;\">  Dzi\u0119ki jego formule usta s\u0105 wyra\u017anie bardziej mi\u0119kkie, g\u0142adkie i gotowe do stawienia czo\u0142a agresji dnia. To prawdziwy powiew \u015bwie\u017co\u015bci. <\/span>&nbsp;<\/li>\n<li style=\"font-weight: 400;\" aria-level=\"1\"><b>Luksus w przyst\u0119pnej cenie:<\/b><span style=\"font-weight: 400;\">  Tak, dobrze przeczyta\u0142e\u015b! Wysokiej jako\u015bci produkt do piel\u0119gnacji sk\u00f3ry, kt\u00f3ry jest zar\u00f3wno delikatny, jak i skuteczny, bez rozbijania banku. <\/span>&nbsp;<\/li>\n<\/ul>\n<h2><span style=\"font-weight: 400;\">Jak z niego korzysta\u0107  <\/span><\/h2>\n<ol>\n<li style=\"font-weight: 400;\" aria-level=\"1\"><b>Stosowa\u0107 wieczorem:<\/b><span style=\"font-weight: 400;\"> Wmasowa\u0107 produkt w usta i pozostawi\u0107 na noc.<\/span>&nbsp;<\/li>\n<li style=\"font-weight: 400;\" aria-level=\"1\"><b>Delikatnie wytrzyj:<\/b><span style=\"font-weight: 400;\"> U\u017cyj wilgotnej szmatki, aby usun\u0105\u0107 nadmiar i masz mi\u0119kkie usta!<\/span>&nbsp;<\/li>\n<li style=\"font-weight: 400;\" aria-level=\"1\"><b>Codzienne u\u017cytkowanie:<\/b><span style=\"font-weight: 400;\">  Aby uzyska\u0107 najlepsze rezultaty, u\u017cywaj go codziennie przed p\u00f3j\u015bciem spa\u0107. Szczerze m\u00f3wi\u0105c, Twoje usta b\u0119d\u0105 Ci wdzi\u0119czne ka\u017cdego ranka. <\/span>&nbsp;<\/li>\n<\/ol>\n<h2><span style=\"font-weight: 400;\">Sekrety tej magicznej formu\u0142y  <\/span><\/h2>\n<ul>\n<li style=\"font-weight: 400;\" aria-level=\"1\"><b>Skwalan :<\/b><span style=\"font-weight: 400;\"> Silny \u015brodek nawil\u017caj\u0105cy, kt\u00f3ry koi i od\u017cywia usta.<\/span>&nbsp;<\/li>\n<li style=\"font-weight: 400;\" aria-level=\"1\"><b>Mas\u0142o shea :<\/b><span style=\"font-weight: 400;\"> Super od\u017cywcze i idealne do utrzymania elastyczno\u015bci ust.<\/span>&nbsp;<\/li>\n<li style=\"font-weight: 400;\" aria-level=\"1\"><b>Olej kokosowy i oliwa z oliwek:<\/b><span style=\"font-weight: 400;\"> Oleje te zapewniaj\u0105 ustom od\u017cywienie, kt\u00f3rego potrzebuj\u0105, aby pozosta\u0107 elastycznymi i pi\u0119knymi.<\/span>&nbsp;<\/li>\n<li style=\"font-weight: 400;\" aria-level=\"1\"><b>Owocowy zapach marakui:<\/b><span style=\"font-weight: 400;\">  Ten zapach sprawia, \u017ce czujesz si\u0119 jak w spa. Ka\u017cda aplikacja to chwila przyjemno\u015bci. <\/span>&nbsp;<\/li>\n<\/ul>\n<h2><span style=\"font-weight: 400;\">Co m\u00f3wi\u0105 u\u017cytkownicy:<\/span><\/h2>\n<ul>\n<li style=\"font-weight: 400;\" aria-level=\"1\"><b>94%<\/b><span style=\"font-weight: 400;\"> u\u017cytkownik\u00f3w uwa\u017ca, \u017ce ich usta s\u0105 od\u017cywione i nawil\u017cone ju\u017c od pierwszej aplikacji.<\/span>&nbsp;<\/li>\n<li style=\"font-weight: 400;\" aria-level=\"1\"><b>91%<\/b><span style=\"font-weight: 400;\"> zauwa\u017cy\u0142o popraw\u0119 tekstury swoich ust.<\/span>&nbsp;<\/li>\n<li style=\"font-weight: 400;\" aria-level=\"1\"><b>88%<\/b><span style=\"font-weight: 400;\"> uwa\u017ca, \u017ce ich usta s\u0105 g\u0142adsze i bardziej mi\u0119kkie po ci\u0105g\u0142ym stosowaniu.<\/span>&nbsp;<\/li>\n<li style=\"font-weight: 400;\" aria-level=\"1\"><b>81%<\/b><span style=\"font-weight: 400;\"> twierdzi, \u017ce produkt pomaga zmniejszy\u0107 sucho\u015b\u0107 i spierzchni\u0119cie ust.<\/span>&nbsp;<\/li>\n<\/ul>\n<p><span style=\"font-weight: 400;\">Nie masz nic do stracenia, tylko od\u017cywione<\/span><b> mi\u0119kkie usta do wygrania!<\/b><span style=\"font-weight: 400;\"> Dodaj YOU-OLOGY Lip Mask do koszyka i odmie\u0144 swoje usta ju\u017c dzi\u015b.<\/span><\/p>\n<p>&nbsp;<\/p>\n","protected":false},"excerpt":{"rendered":"<p><span style=\"font-weight: 400;\">Znasz to uczucie suchych, spierzchni\u0119tych ust? Te\u017c tak mia\u0142am, zw\u0142aszcza po ci\u0119\u017ckiej zimie. Wi\u0119c kiedy odkry\u0142am    <\/span><b>Maska do ust YOU-OLOGY<\/b><span style=\"font-weight: 400;\">Powiedzia\u0142am sobie: &#8222;To jest w\u0142a\u015bnie to, czego potrzebuj\u0119! I szczerze m\u00f3wi\u0105c, nie zawiod\u0142am si\u0119.<\/span><\/p>\n<p><span style=\"font-weight: 400;\">Ta maseczka sta\u0142a si\u0119 moim sprzymierze\u0144cem. Jedna aplikacja na noc i budz\u0119 si\u0119 rano z mi\u0119kkimi, nawil\u017conymi ustami, kt\u00f3re s\u0105 gotowe do b\u0142yszczenia. \u017badnego zamieszania, to naprawd\u0119 takie proste. Co wi\u0119cej, jest przeznaczona dla kobiet w po\u015bpiechu, kt\u00f3re chc\u0105 szybkiej, ale skutecznej kuracji.   <\/span><\/p>\n","protected":false},"featured_media":11080,"comment_status":"open","ping_status":"closed","template":"","meta":{"_seopress_robots_primary_cat":"none","_seopress_titles_title":"","_seopress_titles_desc":"","_seopress_robots_index":"","site-sidebar-layout":"default","site-content-layout":"","ast-site-content-layout":"default","site-content-style":"default","site-sidebar-style":"default","ast-global-header-display":"","ast-banner-title-visibility":"","ast-main-header-display":"","ast-hfb-above-header-display":"","ast-hfb-below-header-display":"","ast-hfb-mobile-header-display":"","site-post-title":"","ast-breadcrumbs-content":"","ast-featured-img":"","footer-sml-layout":"","ast-disable-related-posts":"","theme-transparent-header-meta":"default","adv-header-id-meta":"","stick-header-meta":"","header-above-stick-meta":"","header-main-stick-meta":"","header-below-stick-meta":"","astra-migrate-meta-layouts":"default","ast-page-background-enabled":"default","ast-page-background-meta":{"desktop":{"background-color":"var(--ast-global-color-4)","background-image":"","background-repeat":"repeat","background-position":"center center","background-size":"auto","background-attachment":"scroll","background-type":"","background-media":"","overlay-type":"","overlay-color":"","overlay-opacity":"","overlay-gradient":""},"tablet":{"background-color":"","background-image":"","background-repeat":"repeat","background-position":"center center","background-size":"auto","background-attachment":"scroll","background-type":"","background-media":"","overlay-type":"","overlay-color":"","overlay-opacity":"","overlay-gradient":""},"mobile":{"background-color":"","background-image":"","background-repeat":"repeat","background-position":"center center","background-size":"auto","background-attachment":"scroll","background-type":"","background-media":"","overlay-type":"","overlay-color":"","overlay-opacity":"","overlay-gradient":""}},"ast-content-background-meta":{"desktop":{"background-color":"var(--ast-global-color-5)","background-image":"","background-repeat":"repeat","background-position":"center center","background-size":"auto","background-attachment":"scroll","background-type":"","background-media":"","overlay-type":"","overlay-color":"","overlay-opacity":"","overlay-gradient":""},"tablet":{"background-color":"var(--ast-global-color-5)","background-image":"","background-repeat":"repeat","background-position":"center center","background-size":"auto","background-attachment":"scroll","background-type":"","background-media":"","overlay-type":"","overlay-color":"","overlay-opacity":"","overlay-gradient":""},"mobile":{"background-color":"var(--ast-global-color-5)","background-image":"","background-repeat":"repeat","background-position":"center center","background-size":"auto","background-attachment":"scroll","background-type":"","background-media":"","overlay-type":"","overlay-color":"","overlay-opacity":"","overlay-gradient":""}}},"product_brand":[],"product_cat":[115],"product_tag":[],"class_list":{"0":"post-11077","1":"product","2":"type-product","3":"status-publish","4":"has-post-thumbnail","6":"product_cat-usta","7":"desktop-align-left","8":"tablet-align-left","9":"mobile-align-left","11":"first","12":"instock","13":"sale","14":"shipping-taxable","15":"product-type-external"},"_links":{"self":[{"href":"https:\/\/youniquebyemilie.com\/pl\/wp-json\/wp\/v2\/product\/11077","targetHints":{"allow":["GET"]}}],"collection":[{"href":"https:\/\/youniquebyemilie.com\/pl\/wp-json\/wp\/v2\/product"}],"about":[{"href":"https:\/\/youniquebyemilie.com\/pl\/wp-json\/wp\/v2\/types\/product"}],"replies":[{"embeddable":true,"href":"https:\/\/youniquebyemilie.com\/pl\/wp-json\/wp\/v2\/comments?post=11077"}],"wp:featuredmedia":[{"embeddable":true,"href":"https:\/\/youniquebyemilie.com\/pl\/wp-json\/wp\/v2\/media\/11080"}],"wp:attachment":[{"href":"https:\/\/youniquebyemilie.com\/pl\/wp-json\/wp\/v2\/media?parent=11077"}],"wp:term":[{"taxonomy":"product_brand","embeddable":true,"href":"https:\/\/youniquebyemilie.com\/pl\/wp-json\/wp\/v2\/product_brand?post=11077"},{"taxonomy":"product_cat","embeddable":true,"href":"https:\/\/youniquebyemilie.com\/pl\/wp-json\/wp\/v2\/product_cat?post=11077"},{"taxonomy":"product_tag","embeddable":true,"href":"https:\/\/youniquebyemilie.com\/pl\/wp-json\/wp\/v2\/product_tag?post=11077"}],"curies":[{"name":"wp","href":"https:\/\/api.w.org\/{rel}","templated":true}]}}