{"id":11134,"date":"2025-07-24T17:37:13","date_gmt":"2025-07-24T15:37:13","guid":{"rendered":"https:\/\/youniquebyemilie.com\/produit\/roz-w-kompakcie-moodstruck\/"},"modified":"2025-07-24T17:37:13","modified_gmt":"2025-07-24T15:37:13","slug":"roz-w-kompakcie-moodstruck","status":"publish","type":"product","link":"https:\/\/youniquebyemilie.com\/pl\/produit\/roz-w-kompakcie-moodstruck\/","title":{"rendered":"R\u00f3\u017c w kompakcie MOODSTRUCK"},"content":{"rendered":"<h1><span style=\"font-weight: 400;\">R\u00f3\u017c w kompakcie MOODSTRUCK<\/span><\/h1>\n<p><span style=\"font-weight: 400;\">Wiem, jak trudno jest znale\u017a\u0107 r\u00f3\u017c do policzk\u00f3w, kt\u00f3ry oferuje zar\u00f3wno naturalny blask, jak i \u0142atw\u0105 aplikacj\u0119. Odk\u0105d odkry\u0142am <\/span><b>  R\u00f3\u017c w kompakcie MOODSTRUCK<\/b><span style=\"font-weight: 400;\">Sta\u0142 si\u0119 niezb\u0119dny w mojej kosmetyczce. Jego lekka konsystencja, niesamowita trwa\u0142o\u015b\u0107 i idealnie naturalne odcienie s\u0105 prawdziwym prze\u0142omem. <\/span><\/p>\n<p><span style=\"font-weight: 400;\">Gor\u0105co polecam, je\u015bli szukasz r\u00f3\u017cu, kt\u00f3ry bez wysi\u0142ku podkre\u015bli Twoj\u0105 cer\u0119, ze \u015bwie\u017cym wyko\u0144czeniem i gwarantowanym zdrowym blaskiem.<\/span><\/p>\n<h2><span style=\"font-weight: 400;\">Co tak naprawd\u0119 zyskujesz dzi\u0119ki MOODSTRUCK Compact Blush<\/span><\/h2>\n<ul>\n<li style=\"font-weight: 400;\" aria-level=\"1\"><b>Niezwykle \u0142atwy w aplikacji r\u00f3\u017c, kt\u00f3ry mo\u017cna dostosowa\u0107 do nastroju:<\/b><span style=\"font-weight: 400;\"> Ten r\u00f3\u017c dostosowuje si\u0119 do Twojego stylu, niezale\u017cnie od tego, czy chcesz uzyska\u0107 \u015bwie\u017cy, lekki wygl\u0105d, czy co\u015b bardziej intensywnego i strukturalnego.<\/span>&nbsp;<\/li>\n<li style=\"font-weight: 400;\" aria-level=\"1\"><b>Naturalnie promienna cera bez efektu tynku:<\/b><span style=\"font-weight: 400;\"> Nadaje \u015bwie\u017cy blask, kt\u00f3ry utrzymuje si\u0119 przez ca\u0142y dzie\u0144, bez nadmiaru.<\/span>&nbsp;<\/li>\n<li style=\"font-weight: 400;\" aria-level=\"1\"><b>Delikatny puder, kt\u00f3ry piel\u0119gnuje sk\u00f3r\u0119, jednocze\u015bnie podkre\u015blaj\u0105c makija\u017c:<\/b><span style=\"font-weight: 400;\"> Aksamitna konsystencja rozmywa niedoskona\u0142o\u015bci, zapewniaj\u0105c r\u00f3wnomiern\u0105, promienn\u0105 cer\u0119.<\/span>&nbsp;<\/li>\n<li style=\"font-weight: 400;\" aria-level=\"1\"><b>D\u0142ugotrwa\u0142a trwa\u0142o\u015b\u0107, od rana do wieczora <\/b><span style=\"font-weight: 400;\">Tw\u00f3j r\u00f3\u017c pozostaje nieskazitelny, bez blakni\u0119cia i przesuwania si\u0119.<\/span>&nbsp;<\/li>\n<\/ul>\n<h2><span style=\"font-weight: 400;\">Jak nak\u0142ada\u0107 r\u00f3\u017c MOODSTRUCK?<\/span><\/h2>\n<ol>\n<li style=\"font-weight: 400;\" aria-level=\"1\"><span style=\"font-weight: 400;\">We\u017a czysty p\u0119dzel do r\u00f3\u017cu i delikatnie przesu\u0144 nim po prasowanym pudrze.<\/span>&nbsp;<\/li>\n<li style=\"font-weight: 400;\" aria-level=\"1\"><span style=\"font-weight: 400;\">Delikatnie na\u0142\u00f3\u017c kolor na szczyty ko\u015bci policzkowych.<\/span>&nbsp;<\/li>\n<li style=\"font-weight: 400;\" aria-level=\"1\"><span style=\"font-weight: 400;\">Rozetrzyj r\u00f3\u017c w kierunku skroni, aby uzyska\u0107 naturalny, r\u00f3\u017cany efekt.<\/span>&nbsp;<\/li>\n<li style=\"font-weight: 400;\" aria-level=\"1\"><span style=\"font-weight: 400;\">Zapewnij harmonijne przej\u015bcie z reszt\u0105 makija\u017cu, aby uzyska\u0107 idealne wyko\u0144czenie.<\/span>&nbsp;<\/li>\n<\/ol>\n<p><span style=\"font-weight: 400;\">Podkre\u015bl swoj\u0105 cer\u0119 r\u00f3\u017cem w kompakcie MOODSTRUCK. <\/span><b>Zam\u00f3w go teraz<\/b><span style=\"font-weight: 400;\"> i nadaj swojej twarzy naturalny, \u015bwie\u017cy i d\u0142ugotrwa\u0142y blask, kt\u00f3ry pozostanie z Tob\u0105 przez ca\u0142y dzie\u0144.<\/span><\/p>\n<p>&nbsp;<\/p>\n<h2><span style=\"font-weight: 400;\">Kluczowe sk\u0142adniki r\u00f3\u017cu MOODSTRUCK Blush  <\/span><\/h2>\n<ul>\n<li style=\"font-weight: 400;\" aria-level=\"1\"><b>Talk i dimetikon<\/b><span style=\"font-weight: 400;\"> zapewniaj\u0105 mi\u0119kk\u0105, jedwabist\u0105 konsystencj\u0119, kt\u00f3ra idealnie wtapia si\u0119 w sk\u00f3r\u0119, zapewniaj\u0105c aksamitny efekt.<\/span>&nbsp;<\/li>\n<li style=\"font-weight: 400;\" aria-level=\"1\"><b>Tokoferol (witamina E)<\/b><span style=\"font-weight: 400;\"> Rewitalizuje i chroni sk\u00f3r\u0119, zapewniaj\u0105c jednocze\u015bnie w\u0142a\u015bciwo\u015bci przeciwutleniaj\u0105ce, kt\u00f3re zwalczaj\u0105 oznaki zm\u0119czenia.<\/span>&nbsp;<\/li>\n<li style=\"font-weight: 400;\" aria-level=\"1\"><b>Palmitynian askorbylu (witamina C)<\/b><span style=\"font-weight: 400;\"> Zapewnia natychmiastowy zastrzyk blasku i pomaga sk\u00f3rze zwalcza\u0107 oznaki zm\u0119czenia, zapewniaj\u0105c \u015bwietlist\u0105 cer\u0119.<\/span>&nbsp;<\/li>\n<li style=\"font-weight: 400;\" aria-level=\"1\"><b>Technologia optyczna<\/b><span style=\"font-weight: 400;\"> rozmywa niedoskona\u0142o\u015bci, pozostawiaj\u0105c r\u00f3wnomiern\u0105, nieskaziteln\u0105 cer\u0119, niczym naturalny filtr.<\/span><\/li>\n<\/ul>\n<h2><span style=\"font-weight: 400;\">FAQ : R\u00f3\u017c w kompakcie MOODSTRUCK<\/span><\/h2>\n<ol>\n<li><b>  Czy ten r\u00f3\u017c jest odpowiedni dla wszystkich rodzaj\u00f3w sk\u00f3ry?<\/b><b><br \/>\n<\/b><span style=\"font-weight: 400;\">Tak, doskonale nadaje si\u0119 do ka\u017cdego rodzaju sk\u00f3ry, nawet najbardziej wra\u017cliwej. Jego lekka, jedwabista konsystencja nie wysusza sk\u00f3ry, dzi\u0119ki czemu jest przyjemny w u\u017cyciu przez ca\u0142y dzie\u0144. <\/span><\/li>\n<li><b>  Czy mog\u0119 go u\u017cy\u0107 do stworzenia bardziej intensywnego wygl\u0105du?<\/b><b><br \/>\n<\/b><span style=\"font-weight: 400;\">  Tak, mo\u017cesz! Mo\u017cesz nak\u0142ada\u0107 warstwy na siebie, aby uzyska\u0107 bardziej intensywny efekt i wyra\u017aniejszy blask, lub nak\u0142ada\u0107 je lekko, aby uzyska\u0107 bardziej naturalny efekt. <\/span><\/li>\n<li><b>  Ile r\u00f3\u017cu powinnam u\u017cy\u0107?<\/b><b><br \/>\n<\/b><span style=\"font-weight: 400;\">  Zacznij od niewielkiej ilo\u015bci i dobrze rozetrzyj. Tekstura jest modu\u0142owa, dzi\u0119ki czemu mo\u017cna dostosowa\u0107 intensywno\u015b\u0107 do swojego wygl\u0105du w ci\u0105gu dnia. <\/span><\/li>\n<li><b>  Czy ten r\u00f3\u017c jest testowany dermatologicznie?<\/b><b><br \/>\n<\/b><span style=\"font-weight: 400;\">  Tak, jest testowany dermatologicznie i opracowany tak, aby by\u0142 delikatny dla sk\u00f3ry, nawet dla najbardziej wra\u017cliwej sk\u00f3ry.<\/span><\/li>\n<li><b>  Czy ten r\u00f3\u017c zawiera jakie\u015b szkodliwe sk\u0142adniki?<\/b><b><br \/>\n<\/b><span style=\"font-weight: 400;\">  Nie, zawiera wysokiej jako\u015bci sk\u0142adniki, nie zawiera paraben\u00f3w ani siarczan\u00f3w i jest ca\u0142kowicie wolny od okrucie\u0144stwa.<\/span><\/li>\n<\/ol>\n<p><span style=\"font-weight: 400;\">Podkre\u015bl swoj\u0105 cer\u0119 r\u00f3\u017cem w kompakcie MOODSTRUCK. Zam\u00f3w go ju\u017c dzi\u015b i nadaj swojej twarzy naturalny, \u015bwie\u017cy i d\u0142ugotrwa\u0142y blask. <\/span><\/p>\n<p>&nbsp;<\/p>\n","protected":false},"excerpt":{"rendered":"<p><span style=\"font-weight: 400;\">Wiem, jak trudno jest znale\u017a\u0107 r\u00f3\u017c do policzk\u00f3w, kt\u00f3ry oferuje zar\u00f3wno naturalny blask, jak i \u0142atw\u0105 aplikacj\u0119. Odk\u0105d odkry\u0142am <\/span><b>  R\u00f3\u017c w kompakcie MOODSTRUCK<\/b><span style=\"font-weight: 400;\">Sta\u0142 si\u0119 niezb\u0119dny w mojej kosmetyczce. Jego lekka konsystencja, niesamowita trwa\u0142o\u015b\u0107 i idealnie naturalne odcienie s\u0105 prawdziwym prze\u0142omem. <\/span><\/p>\n<p><span style=\"font-weight: 400;\">Gor\u0105co polecam, je\u015bli szukasz r\u00f3\u017cu, kt\u00f3ry bez wysi\u0142ku podkre\u015bli Twoj\u0105 cer\u0119, ze \u015bwie\u017cym wyko\u0144czeniem i gwarantowanym zdrowym blaskiem.<\/span><\/p>\n","protected":false},"featured_media":11139,"comment_status":"open","ping_status":"closed","template":"","meta":{"_seopress_robots_primary_cat":"none","_seopress_titles_title":"","_seopress_titles_desc":"","_seopress_robots_index":"","site-sidebar-layout":"default","site-content-layout":"","ast-site-content-layout":"default","site-content-style":"default","site-sidebar-style":"default","ast-global-header-display":"","ast-banner-title-visibility":"","ast-main-header-display":"","ast-hfb-above-header-display":"","ast-hfb-below-header-display":"","ast-hfb-mobile-header-display":"","site-post-title":"","ast-breadcrumbs-content":"","ast-featured-img":"","footer-sml-layout":"","ast-disable-related-posts":"","theme-transparent-header-meta":"default","adv-header-id-meta":"","stick-header-meta":"","header-above-stick-meta":"","header-main-stick-meta":"","header-below-stick-meta":"","astra-migrate-meta-layouts":"default","ast-page-background-enabled":"default","ast-page-background-meta":{"desktop":{"background-color":"var(--ast-global-color-4)","background-image":"","background-repeat":"repeat","background-position":"center center","background-size":"auto","background-attachment":"scroll","background-type":"","background-media":"","overlay-type":"","overlay-color":"","overlay-opacity":"","overlay-gradient":""},"tablet":{"background-color":"","background-image":"","background-repeat":"repeat","background-position":"center center","background-size":"auto","background-attachment":"scroll","background-type":"","background-media":"","overlay-type":"","overlay-color":"","overlay-opacity":"","overlay-gradient":""},"mobile":{"background-color":"","background-image":"","background-repeat":"repeat","background-position":"center center","background-size":"auto","background-attachment":"scroll","background-type":"","background-media":"","overlay-type":"","overlay-color":"","overlay-opacity":"","overlay-gradient":""}},"ast-content-background-meta":{"desktop":{"background-color":"var(--ast-global-color-5)","background-image":"","background-repeat":"repeat","background-position":"center center","background-size":"auto","background-attachment":"scroll","background-type":"","background-media":"","overlay-type":"","overlay-color":"","overlay-opacity":"","overlay-gradient":""},"tablet":{"background-color":"var(--ast-global-color-5)","background-image":"","background-repeat":"repeat","background-position":"center center","background-size":"auto","background-attachment":"scroll","background-type":"","background-media":"","overlay-type":"","overlay-color":"","overlay-opacity":"","overlay-gradient":""},"mobile":{"background-color":"var(--ast-global-color-5)","background-image":"","background-repeat":"repeat","background-position":"center center","background-size":"auto","background-attachment":"scroll","background-type":"","background-media":"","overlay-type":"","overlay-color":"","overlay-opacity":"","overlay-gradient":""}}},"product_brand":[],"product_cat":[107],"product_tag":[],"class_list":{"0":"post-11134","1":"product","2":"type-product","3":"status-publish","4":"has-post-thumbnail","6":"product_cat-twarz","7":"desktop-align-left","8":"tablet-align-left","9":"mobile-align-left","11":"first","12":"instock","13":"sale","14":"shipping-taxable","15":"product-type-external"},"_links":{"self":[{"href":"https:\/\/youniquebyemilie.com\/pl\/wp-json\/wp\/v2\/product\/11134","targetHints":{"allow":["GET"]}}],"collection":[{"href":"https:\/\/youniquebyemilie.com\/pl\/wp-json\/wp\/v2\/product"}],"about":[{"href":"https:\/\/youniquebyemilie.com\/pl\/wp-json\/wp\/v2\/types\/product"}],"replies":[{"embeddable":true,"href":"https:\/\/youniquebyemilie.com\/pl\/wp-json\/wp\/v2\/comments?post=11134"}],"wp:featuredmedia":[{"embeddable":true,"href":"https:\/\/youniquebyemilie.com\/pl\/wp-json\/wp\/v2\/media\/11139"}],"wp:attachment":[{"href":"https:\/\/youniquebyemilie.com\/pl\/wp-json\/wp\/v2\/media?parent=11134"}],"wp:term":[{"taxonomy":"product_brand","embeddable":true,"href":"https:\/\/youniquebyemilie.com\/pl\/wp-json\/wp\/v2\/product_brand?post=11134"},{"taxonomy":"product_cat","embeddable":true,"href":"https:\/\/youniquebyemilie.com\/pl\/wp-json\/wp\/v2\/product_cat?post=11134"},{"taxonomy":"product_tag","embeddable":true,"href":"https:\/\/youniquebyemilie.com\/pl\/wp-json\/wp\/v2\/product_tag?post=11134"}],"curies":[{"name":"wp","href":"https:\/\/api.w.org\/{rel}","templated":true}]}}