{"id":11194,"date":"2025-07-25T08:11:39","date_gmt":"2025-07-25T06:11:39","guid":{"rendered":"https:\/\/youniquebyemilie.com\/produit\/pedzel-do-nakladania-masek-younique\/"},"modified":"2025-07-25T08:11:39","modified_gmt":"2025-07-25T06:11:39","slug":"pedzel-do-nakladania-masek-younique","status":"publish","type":"product","link":"https:\/\/youniquebyemilie.com\/pl\/produit\/pedzel-do-nakladania-masek-younique\/","title":{"rendered":"P\u0119dzel do nak\u0142adania masek Younique"},"content":{"rendered":"<p><span style=\"font-weight: 400;\">Wiesz, co mnie denerwuje w klasycznych zabiegach kosmetycznych? Marnotrawstwo. Z    <\/span><b>P\u0119dzel do masek Younique<\/b><span style=\"font-weight: 400;\">Po\u017cegna\u0142em si\u0119 z tym. Ta szczotka   <\/span><b>100% wega\u0144skie<\/b><span style=\"font-weight: 400;\"> i <\/span><b>ultra delikatny <\/b> <span style=\"font-weight: 400;\">u\u0142atwia nak\u0142adanie maski. Mog\u0119 go u\u017cywa\u0107 bez poczucia winy, wiedz\u0105c, \u017ce jest wykonany z wega\u0144skiego w\u0142osia i \u0142atwy do czyszczenia po ka\u017cdym u\u017cyciu. <\/span><\/p>\n<p><span style=\"font-weight: 400;\">To ma\u0142e narz\u0119dzie zmienia wszystko, szczeg\u00f3lnie dla kobiet takich jak ja, kt\u00f3re szukaj\u0105 prostych, ale skutecznych krok\u00f3w. Je\u015bli zale\u017cy Ci na precyzyjnej aplikacji, r\u00f3wnomiernie rozprowadzonej masce i rutynie, kt\u00f3ra szanuje Twoje warto\u015bci, znalaz\u0142a\u015b to, czego potrzebujesz.   <\/span><b>Nie tra\u0107 wi\u0119cej czasu i dodaj go do koszyka<\/b><span style=\"font-weight: 400;\"> !<\/span><\/p>\n<h2><span style=\"font-weight: 400;\">Dlaczego to pokochasz:<\/span><\/h2>\n<ul>\n<li style=\"font-weight: 400;\" aria-level=\"1\"><b>Jednolita, precyzyjna aplikacja<\/b><span style=\"font-weight: 400;\">  P\u0119dzel r\u00f3wnomiernie nak\u0142ada maseczk\u0119, dzi\u0119ki czemu nie potrzeba zbyt du\u017cej ilo\u015bci produktu. Ka\u017cda aplikacja jest zoptymalizowana, a maska jest r\u00f3wnomiernie rozprowadzona. <\/span>&nbsp;<\/li>\n<li style=\"font-weight: 400;\" aria-level=\"1\"><b>Mi\u0119kkie wega\u0144skie w\u0142osy<\/b><span style=\"font-weight: 400;\">  W\u0142osie p\u0119dzla jest wega\u0144skie, wyj\u0105tkowo mi\u0119kkie i przyjemne w dotyku. Aplikacja staje si\u0119 prawdziw\u0105 chwil\u0105 dobrego samopoczucia. <\/span>&nbsp;<\/li>\n<li style=\"font-weight: 400;\" aria-level=\"1\"><b>\u0141atwy do czyszczenia<\/b><span style=\"font-weight: 400;\">  Konserwacja jest dziecinnie prosta. Jest \u0142atwy do czyszczenia za pomoc\u0105   <\/span><b>ciep\u0142a woda<\/b><span style=\"font-weight: 400;\"> i <\/span><b>\u0142agodne myd\u0142o<\/b><span style=\"font-weight: 400;\">Dzi\u0119ki temu mo\u017cna szybko u\u017cy\u0107 go ponownie, czystego i gotowego do u\u017cycia.<\/span>&nbsp;<\/li>\n<li style=\"font-weight: 400;\" aria-level=\"1\"><b>Anatomiczny kszta\u0142t<\/b><span style=\"font-weight: 400;\"> Jej kszta\u0142t zosta\u0142 specjalnie zaprojektowany z my\u015bl\u0105 o \u0142atwej i p\u0142ynnej aplikacji, idealnie dopasowuj\u0105c si\u0119 do twarzy, niezale\u017cnie od rodzaju u\u017cywanej maski.<\/span>&nbsp;<\/li>\n<\/ul>\n<h2><span style=\"font-weight: 400;\">Jak u\u017cywa\u0107 :<\/span><\/h2>\n<ol>\n<li style=\"font-weight: 400;\" aria-level=\"1\"><b>Nak\u0142adanie<\/b><span style=\"font-weight: 400;\"> Zanurz p\u0119dzel w wybranej masce i przesu\u0144 go po twarzy, aby uzyska\u0107 r\u00f3wnomiern\u0105 warstw\u0119.<\/span>&nbsp;<\/li>\n<li style=\"font-weight: 400;\" aria-level=\"1\"><b>G\u0142adka<\/b><span style=\"font-weight: 400;\"> U\u017cyj p\u0142askiej strony, aby wyg\u0142adzi\u0107 trudno dost\u0119pne lub nier\u00f3wne obszary.<\/span>&nbsp;<\/li>\n<li style=\"font-weight: 400;\" aria-level=\"1\"><b>Czysto\u015b\u0107<\/b><span style=\"font-weight: 400;\">  Po ka\u017cdym u\u017cyciu sp\u0142uka\u0107 ciep\u0142\u0105 wod\u0105 i \u0142agodnym myd\u0142em. Jest gotowy na nast\u0119pn\u0105 maseczk\u0119! <\/span>&nbsp;<\/li>\n<\/ol>\n<p>&nbsp;<\/p>\n<h2><span style=\"font-weight: 400;\">Dlaczego potrzebujesz go w swojej rutynie piel\u0119gnacyjnej:<\/span><\/h2>\n<p><span style=\"font-weight: 400;\">Je\u015bli, tak jak ja, lubisz dba\u0107 o siebie, jednocze\u015bnie uzyskuj\u0105c doskona\u0142e rezultaty, to <\/span><b>P\u0119dzel do maseczek Younique<\/b><span style=\"font-weight: 400;\">  jest konieczno\u015bci\u0105. Optymalizuje nak\u0142adanie masek, rozprowadza je bardziej r\u00f3wnomiernie i oznacza, \u017ce zu\u017cywasz mniej produktu.   <\/span><b>Dodaj go do koszyka ju\u017c teraz<\/b><span style=\"font-weight: 400;\"> i odkryj nowy spos\u00f3b precyzyjnego i prostego nak\u0142adania masek!<\/span><\/p>\n<p>&nbsp;<\/p>\n","protected":false},"excerpt":{"rendered":"<p><span style=\"font-weight: 400;\">Wiesz, co mnie denerwuje w klasycznych zabiegach kosmetycznych? Marnotrawstwo. Z    <\/span><b>P\u0119dzel do masek Younique<\/b><span style=\"font-weight: 400;\">Po\u017cegna\u0142em si\u0119 z tym. Ta szczotka   <\/span><b>100% wega\u0144skie<\/b><span style=\"font-weight: 400;\"> i <\/span><b>ultra delikatny <\/b> <span style=\"font-weight: 400;\">u\u0142atwia nak\u0142adanie maski. Mog\u0119 go u\u017cywa\u0107 bez poczucia winy, wiedz\u0105c, \u017ce jest wykonany z wega\u0144skiego w\u0142osia i \u0142atwy do czyszczenia po ka\u017cdym u\u017cyciu. <\/span><\/p>\n<p><span style=\"font-weight: 400;\">To ma\u0142e narz\u0119dzie zmienia wszystko, szczeg\u00f3lnie dla kobiet takich jak ja, kt\u00f3re szukaj\u0105 prostych, ale skutecznych krok\u00f3w. Je\u015bli chcesz precyzyjnej aplikacji, r\u00f3wnomiernie rozprowadzonej maski i rutyny, kt\u00f3ra szanuje Twoje warto\u015bci, znalaz\u0142a\u015b to, czego potrzebujesz.   <\/span><b>Nie tra\u0107 wi\u0119cej czasu i dodaj go do koszyka<\/b><span style=\"font-weight: 400;\"> !<\/span><\/p>\n","protected":false},"featured_media":11195,"comment_status":"open","ping_status":"closed","template":"","meta":{"_seopress_robots_primary_cat":"none","_seopress_titles_title":"","_seopress_titles_desc":"","_seopress_robots_index":"","site-sidebar-layout":"default","site-content-layout":"","ast-site-content-layout":"default","site-content-style":"default","site-sidebar-style":"default","ast-global-header-display":"","ast-banner-title-visibility":"","ast-main-header-display":"","ast-hfb-above-header-display":"","ast-hfb-below-header-display":"","ast-hfb-mobile-header-display":"","site-post-title":"","ast-breadcrumbs-content":"","ast-featured-img":"","footer-sml-layout":"","ast-disable-related-posts":"","theme-transparent-header-meta":"default","adv-header-id-meta":"","stick-header-meta":"","header-above-stick-meta":"","header-main-stick-meta":"","header-below-stick-meta":"","astra-migrate-meta-layouts":"default","ast-page-background-enabled":"default","ast-page-background-meta":{"desktop":{"background-color":"var(--ast-global-color-4)","background-image":"","background-repeat":"repeat","background-position":"center center","background-size":"auto","background-attachment":"scroll","background-type":"","background-media":"","overlay-type":"","overlay-color":"","overlay-opacity":"","overlay-gradient":""},"tablet":{"background-color":"","background-image":"","background-repeat":"repeat","background-position":"center center","background-size":"auto","background-attachment":"scroll","background-type":"","background-media":"","overlay-type":"","overlay-color":"","overlay-opacity":"","overlay-gradient":""},"mobile":{"background-color":"","background-image":"","background-repeat":"repeat","background-position":"center center","background-size":"auto","background-attachment":"scroll","background-type":"","background-media":"","overlay-type":"","overlay-color":"","overlay-opacity":"","overlay-gradient":""}},"ast-content-background-meta":{"desktop":{"background-color":"var(--ast-global-color-5)","background-image":"","background-repeat":"repeat","background-position":"center center","background-size":"auto","background-attachment":"scroll","background-type":"","background-media":"","overlay-type":"","overlay-color":"","overlay-opacity":"","overlay-gradient":""},"tablet":{"background-color":"var(--ast-global-color-5)","background-image":"","background-repeat":"repeat","background-position":"center center","background-size":"auto","background-attachment":"scroll","background-type":"","background-media":"","overlay-type":"","overlay-color":"","overlay-opacity":"","overlay-gradient":""},"mobile":{"background-color":"var(--ast-global-color-5)","background-image":"","background-repeat":"repeat","background-position":"center center","background-size":"auto","background-attachment":"scroll","background-type":"","background-media":"","overlay-type":"","overlay-color":"","overlay-opacity":"","overlay-gradient":""}}},"product_brand":[],"product_cat":[111],"product_tag":[],"class_list":{"0":"post-11194","1":"product","2":"type-product","3":"status-publish","4":"has-post-thumbnail","6":"product_cat-skora","7":"desktop-align-left","8":"tablet-align-left","9":"mobile-align-left","11":"first","12":"instock","13":"sale","14":"shipping-taxable","15":"product-type-external"},"_links":{"self":[{"href":"https:\/\/youniquebyemilie.com\/pl\/wp-json\/wp\/v2\/product\/11194","targetHints":{"allow":["GET"]}}],"collection":[{"href":"https:\/\/youniquebyemilie.com\/pl\/wp-json\/wp\/v2\/product"}],"about":[{"href":"https:\/\/youniquebyemilie.com\/pl\/wp-json\/wp\/v2\/types\/product"}],"replies":[{"embeddable":true,"href":"https:\/\/youniquebyemilie.com\/pl\/wp-json\/wp\/v2\/comments?post=11194"}],"wp:featuredmedia":[{"embeddable":true,"href":"https:\/\/youniquebyemilie.com\/pl\/wp-json\/wp\/v2\/media\/11195"}],"wp:attachment":[{"href":"https:\/\/youniquebyemilie.com\/pl\/wp-json\/wp\/v2\/media?parent=11194"}],"wp:term":[{"taxonomy":"product_brand","embeddable":true,"href":"https:\/\/youniquebyemilie.com\/pl\/wp-json\/wp\/v2\/product_brand?post=11194"},{"taxonomy":"product_cat","embeddable":true,"href":"https:\/\/youniquebyemilie.com\/pl\/wp-json\/wp\/v2\/product_cat?post=11194"},{"taxonomy":"product_tag","embeddable":true,"href":"https:\/\/youniquebyemilie.com\/pl\/wp-json\/wp\/v2\/product_tag?post=11194"}],"curies":[{"name":"wp","href":"https:\/\/api.w.org\/{rel}","templated":true}]}}