{"id":11196,"date":"2025-07-25T08:15:10","date_gmt":"2025-07-25T06:15:10","guid":{"rendered":"https:\/\/youniquebyemilie.com\/produit\/srodek-czyszczacy-youthplexion\/"},"modified":"2025-07-25T08:15:10","modified_gmt":"2025-07-25T06:15:10","slug":"srodek-czyszczacy-youthplexion","status":"publish","type":"product","link":"https:\/\/youniquebyemilie.com\/pl\/produit\/srodek-czyszczacy-youthplexion\/","title":{"rendered":"\u015arodek czyszcz\u0105cy YOUTHPLEXION"},"content":{"rendered":"<p><span style=\"font-weight: 400;\">Moja sk\u00f3ra zmieni\u0142a si\u0119, odk\u0105d zosta\u0142am mam\u0105. Bardziej wra\u017cliwa, bardziej reaktywna, zacz\u0119\u0142am szuka\u0107 prostych, ale skutecznych produkt\u00f3w, kt\u00f3re pozwol\u0105 mi zadba\u0107 o sk\u00f3r\u0119 bez sp\u0119dzania nad ni\u0105 wielu godzin. Wtedy natkn\u0119\u0142am si\u0119 na    <\/span><b>\u015arodek czyszcz\u0105cy YOUTHPLEXION<\/b><span style=\"font-weight: 400;\">A potem moja rutyna piel\u0119gnacyjna ju\u017c nigdy nie by\u0142a taka sama. Ten produkt oczyszczaj\u0105cy jest pierwszym krokiem w mojej rutynie przeciwstarzeniowej i robi ogromn\u0105 r\u00f3\u017cnic\u0119 rano. <\/span><\/p>\n<p><span style=\"font-weight: 400;\">U\u017cywam go codziennie, aby <\/span><b>usun\u0105\u0107 zanieczyszczenia i sebum<\/b><span style=\"font-weight: 400;\">  jednocze\u015bnie nawil\u017caj\u0105c sk\u00f3r\u0119. Opr\u00f3cz tego, \u017ce jest delikatny, poprawia tekstur\u0119 mojej sk\u00f3ry i przywraca jej naturalny blask.  Jest to  <\/span><b>idealny dla kobiet \u017cyj\u0105cych w po\u015bpiechu<\/b><span style=\"font-weight: 400;\">Idealny dla kobiet, kt\u00f3re si\u0119 spiesz\u0105, ale nadal chc\u0105 skutecznie i naturalnie dba\u0107 o swoj\u0105 sk\u00f3r\u0119. <\/span> <\/p>\n<h2><span style=\"font-weight: 400;\">Dlaczego to pokochasz:<\/span><\/h2>\n<ul>\n<li style=\"font-weight: 400;\" aria-level=\"1\"><b>Delikatne, skuteczne czyszczenie<\/b><span style=\"font-weight: 400;\">  Usuwa zanieczyszczenia i sebum, nie wysuszaj\u0105c sk\u00f3ry. Ju\u017c od pierwszego u\u017cycia sk\u00f3ra jest czysta, mi\u0119kka i doskonale zbalansowana. <\/span>&nbsp;<\/li>\n<li style=\"font-weight: 400;\" aria-level=\"1\"><b>Intensywne nawil\u017cenie<\/b><span style=\"font-weight: 400;\"> Dzi\u0119ki <\/span><b>bia\u0142ej wierzby<\/b><span style=\"font-weight: 400;\">ekstrakt <\/span><b>granat<\/b><span style=\"font-weight: 400;\"> i<\/span><b> hialuronian sodu<\/b><span style=\"font-weight: 400;\">sk\u00f3ra pozostaje nawil\u017cona przez ca\u0142y dzie\u0144, a m\u0142odzie\u0144czy blask jest gwarantowany.<\/span>&nbsp;<\/li>\n<li style=\"font-weight: 400;\" aria-level=\"1\"><b>Dzia\u0142anie przeciwstarzeniowe o poranku<\/b><span style=\"font-weight: 400;\">  To nie tylko produkt oczyszczaj\u0105cy, to kuracja, kt\u00f3ra przygotowuje sk\u00f3r\u0119 do stawienia czo\u0142a codziennym wyzwaniom. Sk\u00f3ra jest g\u0142adsza, bardziej promienna, a Ty czujesz si\u0119 gotowa na reszt\u0119 dnia. <\/span>&nbsp;<\/li>\n<li style=\"font-weight: 400;\" aria-level=\"1\"><b>\u015awie\u017cy, naturalny zapach<\/b><span style=\"font-weight: 400;\"> Uwielbiam jego<\/span><b> og\u00f3rkowy zapach<\/b><span style=\"font-weight: 400;\"> i<\/span><b> aloes<\/b><span style=\"font-weight: 400;\">Jest \u015bwie\u017cy i sprawia, \u017ce czujesz si\u0119, jakby\u015b dba\u0142 o siebie z samego rana.<\/span>&nbsp;<\/li>\n<li style=\"font-weight: 400;\" aria-level=\"1\"><b>Odpowiedzialny produkt<\/b><span style=\"font-weight: 400;\"> YOUTHPLEXION jest wytwarzany z czystych sk\u0142adnik\u00f3w, kt\u00f3re nie s\u0105 testowane na zwierz\u0119tach, w opakowaniach przyjaznych dla \u015brodowiska.<\/span>&nbsp;<\/li>\n<\/ul>\n<h3><span style=\"font-weight: 400;\">Co m\u00f3wi\u0105 u\u017cytkownicy:<\/span><\/h3>\n<ul>\n<li style=\"font-weight: 400;\" aria-level=\"1\"><b>83% u\u017cytkownik\u00f3w<\/b><span style=\"font-weight: 400;\"> uwa\u017ca, \u017ce ich sk\u00f3ra <\/span><b>bardziej mi\u0119kk\u0105 i zr\u00f3wnowa\u017con\u0105<\/b><span style=\"font-weight: 400;\"> natychmiast po u\u017cyciu*.<\/span>&nbsp;<\/li>\n<li style=\"font-weight: 400;\" aria-level=\"1\"><b>92% u\u017cytkownik\u00f3w<\/b><span style=\"font-weight: 400;\"> potwierdza, \u017ce produkt <\/span><b>g\u0142\u0119boko oczyszcza pory<\/b><span style=\"font-weight: 400;\"> pory.*<\/span>&nbsp;<\/li>\n<li style=\"font-weight: 400;\" aria-level=\"1\"><b>89% u\u017cytkownik\u00f3w<\/b><span style=\"font-weight: 400;\"> zg\u0142asza czyste, zdrowe <\/span><b>czyste i zdrowe<\/b><span style=\"font-weight: 400;\"> po ka\u017cdym u\u017cyciu*.<\/span>&nbsp;<\/li>\n<\/ul>\n<h2><span style=\"font-weight: 400;\">Jak u\u017cywa\u0107 :<\/span><\/h2>\n<ol>\n<li style=\"font-weight: 400;\" aria-level=\"1\"><span style=\"font-weight: 400;\">Zwil\u017c twarz ciep\u0142\u0105 wod\u0105.<\/span>&nbsp;<\/li>\n<li style=\"font-weight: 400;\" aria-level=\"1\"><span style=\"font-weight: 400;\">Na\u0142\u00f3\u017c niewielk\u0105 ilo\u015b\u0107 produktu oczyszczaj\u0105cego na d\u0142onie i delikatnie wmasuj w twarz okr\u0119\u017cnymi ruchami.<\/span>&nbsp;<\/li>\n<li style=\"font-weight: 400;\" aria-level=\"1\"><span style=\"font-weight: 400;\">Dok\u0142adnie sp\u0142ucz i delikatnie osusz twarz.<\/span>&nbsp;<\/li>\n<\/ol>\n<p><b>Rada<\/b><span style=\"font-weight: 400;\">  W celu optymalnego oczyszczenia nale\u017cy stosowa\u0107 rano i wieczorem. W celu g\u0142\u0119bszego oczyszczenia mo\u017cna po\u0142\u0105czy\u0107 go z p\u0142ynem do demakija\u017cu w ramach rutyny podw\u00f3jnego oczyszczania. <\/span><\/p>\n<p>&nbsp;<\/p>\n<p><span style=\"font-weight: 400;\">\u015arodek czyszcz\u0105cy <\/span><b>YOUTHPLEXION Cleaner<\/b><span style=\"font-weight: 400;\">  jest niezb\u0119dny, je\u015bli chcesz mie\u0107 promienn\u0105, dobrze nawil\u017con\u0105 sk\u00f3r\u0119. Nie tylko g\u0142\u0119boko oczyszcza, ale tak\u017ce zapewnia m\u0142odzie\u0144czy blask ka\u017cdego dnia. Jest prosty, szybki i bardzo skuteczny.  <\/span><\/p>\n<p><b>Dodaj go do koszyka ju\u017c teraz<\/b><span style=\"font-weight: 400;\"> i odkryj bardziej mi\u0119kk\u0105, czyst\u0105 i promienn\u0105 sk\u00f3r\u0119 z samego rana!<\/span><\/p>\n<p>&nbsp;<\/p>\n<h2><span style=\"font-weight: 400;\">FAQ : \u015arodek czyszcz\u0105cy YOUTHPLEXION<\/span><\/h2>\n<ol>\n<li><b>  Czy YOUTHPLEXION jest odpowiedni dla sk\u00f3ry wra\u017cliwej?<\/b><\/li>\n<\/ol>\n<p><span style=\"font-weight: 400;\">Tak, jak najbardziej! Mleczko oczyszczaj\u0105ce YOUTHPLEXION jest testowane dermatologicznie i zaprojektowane tak, aby by\u0142o delikatne nawet dla wra\u017cliwej sk\u00f3ry. Oczyszcza, nie podra\u017cniaj\u0105c i nie wysuszaj\u0105c sk\u00f3ry, dzi\u0119ki formule bogatej w sk\u0142adniki nawil\u017caj\u0105ce.  <\/span><\/p>\n<ol start=\"2\">\n<li><b>  Czy mog\u0119 stosowa\u0107 YOUTHPLEXION, je\u015bli mam sk\u00f3r\u0119 tr\u0105dzikow\u0105?<\/b><\/li>\n<\/ol>\n<p><span style=\"font-weight: 400;\">Dok\u0142adnie. Wizyta   <\/span><b>\u015arodek czyszcz\u0105cy YOUTHPLEXION<\/b><span style=\"font-weight: 400;\">  zosta\u0142 opracowany w celu usuwania zanieczyszcze\u0144 i regulowania nadmiaru sebum, co mo\u017ce by\u0107 korzystne dla sk\u00f3ry tr\u0105dzikowej. Jest delikatny, ale wystarczaj\u0105co skuteczny, aby pom\u00f3c utrzyma\u0107 czyst\u0105, zr\u00f3wnowa\u017con\u0105 cer\u0119. <\/span><\/p>\n<ol start=\"3\">\n<li><b>  Czy YOUTHPLEXION mo\u017ce by\u0107 u\u017cywany z innymi rodzajami \u015brodk\u00f3w czyszcz\u0105cych?<\/b><\/li>\n<\/ol>\n<p><span style=\"font-weight: 400;\">Je\u015bli wolisz podw\u00f3jne oczyszczanie, mo\u017cesz u\u017cy\u0107 go po zmywaczu do makija\u017cu, aby uzyska\u0107 g\u0142\u0119bsze oczyszczenie. <\/span><b>YOUTHPLEXION<\/b><span style=\"font-weight: 400;\"> jest lekki i skuteczny, doskonale oczyszcza sk\u00f3r\u0119, zachowuj\u0105c jej naturaln\u0105 r\u00f3wnowag\u0119.<\/span><\/p>\n<ol start=\"4\">\n<li><b>  Jakie s\u0105 zalety ekstraktu z wierzby bia\u0142ej w produkcie oczyszczaj\u0105cym?<\/b><\/li>\n<\/ol>\n<p><span style=\"font-weight: 400;\">Wyci\u0105g z <\/span><b>wierzba bia\u0142a<\/b><span style=\"font-weight: 400;\"> ma <\/span><b>w\u0142a\u015bciwo\u015bci \u015bci\u0105gaj\u0105ce<\/b><span style=\"font-weight: 400;\"> i <\/span><b>w\u0142a\u015bciwo\u015bci przeciwzapalne<\/b><span style=\"font-weight: 400;\">. Pomaga oczy\u015bci\u0107 sk\u00f3r\u0119, jednocze\u015bnie utrzymuj\u0105c jej nawil\u017cenie, co jest idealne do poprawy tekstury i zapobiegania podra\u017cnieniom.<\/span><\/p>\n<ol start=\"5\">\n<li><b>  Czy ten \u015brodek czyszcz\u0105cy mo\u017ce by\u0107 stosowany podczas ci\u0105\u017cy lub karmienia piersi\u0105?<\/b><\/li>\n<\/ol>\n<p><span style=\"font-weight: 400;\">\u015arodek czyszcz\u0105cy <\/span><b>YOUTHPLEXION Cleaner<\/b><span style=\"font-weight: 400;\">  zosta\u0142 opracowany na bazie bezpiecznych, naturalnych sk\u0142adnik\u00f3w. Zawsze zaleca si\u0119 skonsultowanie si\u0119 z lekarzem, aby upewni\u0107 si\u0119, \u017ce produkt jest odpowiedni dla danego stanu podczas ci\u0105\u017cy lub karmienia piersi\u0105. <\/span><\/p>\n<ol start=\"6\">\n<li><b>  Jak d\u0142ugo wystarcza butelka \u015brodka czyszcz\u0105cego YOUTHPLEXION?<\/b><\/li>\n<\/ol>\n<p><span style=\"font-weight: 400;\">Jedna butelka <\/span><b>125 ml<\/b><span style=\"font-weight: 400;\"> wystarcza na ok. <\/span><b>60 dni<\/b><span style=\"font-weight: 400;\">  przy stosowaniu dwa razy dziennie. Jest to doskona\u0142y stosunek jako\u015bci do ceny, zw\u0142aszcza je\u015bli subskrybujesz regularne otrzymywanie produktu bez pomijania \u017cadnego kroku w swojej rutynie piel\u0119gnacyjnej. <\/span><\/p>\n<p><span style=\"font-weight: 400;\">Twoja promienna cera zaczyna si\u0119 tutaj!<\/span> <span style=\"font-weight: 400;\">The <\/span><b>YOUTHPLEXION Cleanser<\/b><span style=\"font-weight: 400;\">  to pierwszy krok w kierunku promiennej, nawil\u017conej sk\u00f3ry. Nie czekaj d\u0142u\u017cej, kliknij, aby doda\u0107 go do koszyka i rozpocznij swoj\u0105 rutyn\u0119 przeciwstarzeniow\u0105 ju\u017c dzi\u015b! <\/span><\/p>\n","protected":false},"excerpt":{"rendered":"<p><span style=\"font-weight: 400;\">Moja sk\u00f3ra zmieni\u0142a si\u0119, odk\u0105d zosta\u0142am mam\u0105. Bardziej wra\u017cliwa, bardziej reaktywna, zacz\u0119\u0142am szuka\u0107 prostych, ale skutecznych produkt\u00f3w, kt\u00f3re pozwol\u0105 mi zadba\u0107 o sk\u00f3r\u0119 bez sp\u0119dzania nad ni\u0105 wielu godzin. Wtedy natkn\u0119\u0142am si\u0119 na    <\/span><b>\u015arodek czyszcz\u0105cy YOUTHPLEXION<\/b><span style=\"font-weight: 400;\">A potem moja rutyna piel\u0119gnacyjna ju\u017c nigdy nie by\u0142a taka sama. Ten produkt oczyszczaj\u0105cy jest pierwszym krokiem w mojej rutynie przeciwstarzeniowej i robi ogromn\u0105 r\u00f3\u017cnic\u0119 rano. <\/span><\/p>\n<p><span style=\"font-weight: 400;\">U\u017cywam go codziennie, aby <\/span><b>usun\u0105\u0107 zanieczyszczenia i sebum<\/b><span style=\"font-weight: 400;\">  jednocze\u015bnie nawil\u017caj\u0105c sk\u00f3r\u0119. Opr\u00f3cz tego, \u017ce jest delikatny, poprawia tekstur\u0119 mojej sk\u00f3ry i przywraca jej naturalny blask. Jest    <\/span><b>idealny dla kobiet \u017cyj\u0105cych w po\u015bpiechu<\/b><span style=\"font-weight: 400;\">Idealny dla kobiet, kt\u00f3re si\u0119 spiesz\u0105, ale nadal chc\u0105 skutecznie i naturalnie dba\u0107 o swoj\u0105 sk\u00f3r\u0119. <\/span> <\/p>\n","protected":false},"featured_media":11201,"comment_status":"open","ping_status":"closed","template":"","meta":{"_seopress_robots_primary_cat":"none","_seopress_titles_title":"","_seopress_titles_desc":"","_seopress_robots_index":"","site-sidebar-layout":"default","site-content-layout":"","ast-site-content-layout":"default","site-content-style":"default","site-sidebar-style":"default","ast-global-header-display":"","ast-banner-title-visibility":"","ast-main-header-display":"","ast-hfb-above-header-display":"","ast-hfb-below-header-display":"","ast-hfb-mobile-header-display":"","site-post-title":"","ast-breadcrumbs-content":"","ast-featured-img":"","footer-sml-layout":"","ast-disable-related-posts":"","theme-transparent-header-meta":"default","adv-header-id-meta":"","stick-header-meta":"","header-above-stick-meta":"","header-main-stick-meta":"","header-below-stick-meta":"","astra-migrate-meta-layouts":"default","ast-page-background-enabled":"default","ast-page-background-meta":{"desktop":{"background-color":"var(--ast-global-color-4)","background-image":"","background-repeat":"repeat","background-position":"center center","background-size":"auto","background-attachment":"scroll","background-type":"","background-media":"","overlay-type":"","overlay-color":"","overlay-opacity":"","overlay-gradient":""},"tablet":{"background-color":"","background-image":"","background-repeat":"repeat","background-position":"center center","background-size":"auto","background-attachment":"scroll","background-type":"","background-media":"","overlay-type":"","overlay-color":"","overlay-opacity":"","overlay-gradient":""},"mobile":{"background-color":"","background-image":"","background-repeat":"repeat","background-position":"center center","background-size":"auto","background-attachment":"scroll","background-type":"","background-media":"","overlay-type":"","overlay-color":"","overlay-opacity":"","overlay-gradient":""}},"ast-content-background-meta":{"desktop":{"background-color":"var(--ast-global-color-5)","background-image":"","background-repeat":"repeat","background-position":"center center","background-size":"auto","background-attachment":"scroll","background-type":"","background-media":"","overlay-type":"","overlay-color":"","overlay-opacity":"","overlay-gradient":""},"tablet":{"background-color":"var(--ast-global-color-5)","background-image":"","background-repeat":"repeat","background-position":"center center","background-size":"auto","background-attachment":"scroll","background-type":"","background-media":"","overlay-type":"","overlay-color":"","overlay-opacity":"","overlay-gradient":""},"mobile":{"background-color":"var(--ast-global-color-5)","background-image":"","background-repeat":"repeat","background-position":"center center","background-size":"auto","background-attachment":"scroll","background-type":"","background-media":"","overlay-type":"","overlay-color":"","overlay-opacity":"","overlay-gradient":""}}},"product_brand":[],"product_cat":[111],"product_tag":[],"class_list":{"0":"post-11196","1":"product","2":"type-product","3":"status-publish","4":"has-post-thumbnail","6":"product_cat-skora","7":"desktop-align-left","8":"tablet-align-left","9":"mobile-align-left","11":"first","12":"instock","13":"sale","14":"shipping-taxable","15":"product-type-external"},"_links":{"self":[{"href":"https:\/\/youniquebyemilie.com\/pl\/wp-json\/wp\/v2\/product\/11196","targetHints":{"allow":["GET"]}}],"collection":[{"href":"https:\/\/youniquebyemilie.com\/pl\/wp-json\/wp\/v2\/product"}],"about":[{"href":"https:\/\/youniquebyemilie.com\/pl\/wp-json\/wp\/v2\/types\/product"}],"replies":[{"embeddable":true,"href":"https:\/\/youniquebyemilie.com\/pl\/wp-json\/wp\/v2\/comments?post=11196"}],"wp:featuredmedia":[{"embeddable":true,"href":"https:\/\/youniquebyemilie.com\/pl\/wp-json\/wp\/v2\/media\/11201"}],"wp:attachment":[{"href":"https:\/\/youniquebyemilie.com\/pl\/wp-json\/wp\/v2\/media?parent=11196"}],"wp:term":[{"taxonomy":"product_brand","embeddable":true,"href":"https:\/\/youniquebyemilie.com\/pl\/wp-json\/wp\/v2\/product_brand?post=11196"},{"taxonomy":"product_cat","embeddable":true,"href":"https:\/\/youniquebyemilie.com\/pl\/wp-json\/wp\/v2\/product_cat?post=11196"},{"taxonomy":"product_tag","embeddable":true,"href":"https:\/\/youniquebyemilie.com\/pl\/wp-json\/wp\/v2\/product_tag?post=11196"}],"curies":[{"name":"wp","href":"https:\/\/api.w.org\/{rel}","templated":true}]}}