{"id":11259,"date":"2025-07-24T20:40:06","date_gmt":"2025-07-24T18:40:06","guid":{"rendered":"https:\/\/youniquebyemilie.com\/produit\/aplikator-kremu-pod-oczy-younique\/"},"modified":"2025-07-24T20:40:06","modified_gmt":"2025-07-24T18:40:06","slug":"aplikator-kremu-pod-oczy-younique","status":"publish","type":"product","link":"https:\/\/youniquebyemilie.com\/pl\/produit\/aplikator-kremu-pod-oczy-younique\/","title":{"rendered":"Aplikator kremu pod oczy YOUNIQUE"},"content":{"rendered":"<p><span style=\"font-weight: 400;\">Znasz te poranki, kiedy budzisz si\u0119 ze zm\u0119czonymi oczami, cieniami pod oczami i uczuciem napi\u0119tej sk\u00f3ry? To by\u0142a moja codzienna rutyna, zanim odkry\u0142am <\/span><b>Aplikator kremu pod oczy YOUNIQUE<\/b><span style=\"font-weight: 400;\">. Ten aplikator zrobi\u0142 r\u00f3\u017cnic\u0119 w mojej rutynie piel\u0119gnacyjnej!<\/span><\/p>\n<p><span style=\"font-weight: 400;\">W mgnieniu oka nak\u0142ada m\u00f3j <\/span><b>YOU-OLOGY krem konturuj\u0105cy pod oczy<\/b><span style=\"font-weight: 400;\"> krem pod oczy <\/span><b>r\u00f3wnomiernie<\/b><span style=\"font-weight: 400;\"> i <\/span><b>precyzyjna aplikacja<\/b><span style=\"font-weight: 400;\">. Jego metalowa kulka zapewnia  <\/span><b>efekt od\u015bwie\u017caj\u0105cy<\/b><span style=\"font-weight: 400;\">  Pomaga r\u00f3wnie\u017c kremowi wnikn\u0105\u0107 g\u0142\u0119biej, zapewniaj\u0105c widoczne rezultaty ju\u017c od pierwszego u\u017cycia. Nie tylko sprawia, \u017ce aplikacja   <\/span><b>bardziej przyjemny<\/b><span style=\"font-weight: 400;\">ale tak\u017ce robi r\u00f3\u017cnic\u0119 dla oczu <\/span><b>ja\u015bniejszy<\/b><span style=\"font-weight: 400;\"> i <\/span><b>zm\u0119czony wygl\u0105d<\/b><span style=\"font-weight: 400;\">.<\/span><\/p>\n<h2><span style=\"font-weight: 400;\">Dlaczego to pokochasz:<\/span><\/h2>\n<ul>\n<li style=\"font-weight: 400;\" aria-level=\"1\"><b>Doskona\u0142a aplikacja<\/b><span style=\"font-weight: 400;\"> Dzi\u0119ki swojemu <\/span><b>p\u0142askiemu kszta\u0142towi<\/b><span style=\"font-weight: 400;\">pozwala na aplikacj\u0119 kremu <\/span><b>r\u00f3wnomiernie<\/b><span style=\"font-weight: 400;\"> pod oczy.<\/span><\/li>\n<li style=\"font-weight: 400;\" aria-level=\"1\"><b>Natychmiastowy efekt ch\u0142odzenia<\/b><span style=\"font-weight: 400;\"> Metalowa kulka <\/span><b>metalowa kulka<\/b><span style=\"font-weight: 400;\"> aktywuje <\/span><b>kr\u0105\u017cenie krwi<\/b><span style=\"font-weight: 400;\">co zmniejsza widoczno\u015b\u0107 cieni i opuchlizny.<\/span><\/li>\n<li style=\"font-weight: 400;\" aria-level=\"1\"><b>Praktyczny i skuteczny<\/b><span style=\"font-weight: 400;\"> Ten aplikator zosta\u0142 zaprojektowany tak, aby zmaksymalizowa\u0107 wch\u0142anianie kremu, zapewniaj\u0105c szybsze widoczne rezultaty.<\/span><\/li>\n<li style=\"font-weight: 400;\" aria-level=\"1\"><b>Ukierunkowana piel\u0119gnacja<\/b><span style=\"font-weight: 400;\"> Pomaga kremowi wnikn\u0105\u0107 g\u0142\u0119boko w sk\u00f3r\u0119, zapewniaj\u0105c <\/span><b>bardziej \u015bwietlist\u0105<\/b><span style=\"font-weight: 400;\"> i <\/span><b>wypocz\u0119ty wygl\u0105d<\/b><span style=\"font-weight: 400;\">.<\/span><\/li>\n<li style=\"font-weight: 400;\" aria-level=\"1\"><b>\u0141atwy w u\u017cyciu<\/b><span style=\"font-weight: 400;\"> Jeden prosty gest, aby na\u0142o\u017cy\u0107 i wmasowa\u0107 krem, szybko i przyjemnie. <\/span><b>szybko i przyjemnie<\/b><span style=\"font-weight: 400;\">.<\/span><\/li>\n<\/ul>\n<p>&nbsp;<\/p>\n<h2><span style=\"font-weight: 400;\">Jak \u0142atwo z niego korzysta\u0107:<\/span><\/h2>\n<ol>\n<li style=\"font-weight: 400;\" aria-level=\"1\"><b>Nak\u0142adanie kremu<\/b><span style=\"font-weight: 400;\"> Nabierz niewielk\u0105 ilo\u015b\u0107 kremu pod oczy YOU-OLOGY (jak ziarnko grochu) i na\u0142\u00f3\u017c go pod oczy za pomoc\u0105 p\u0142askiej ko\u0144c\u00f3wki aplikatora.<\/span><\/li>\n<li style=\"font-weight: 400;\" aria-level=\"1\"><b>Delikatny masa\u017c<\/b><span style=\"font-weight: 400;\"> U\u017cyj metalowej kulki, aby delikatnie wmasowa\u0107 krem, pomagaj\u0105c mu wnikn\u0105\u0107 w sk\u00f3r\u0119.<\/span><\/li>\n<li style=\"font-weight: 400;\" aria-level=\"1\"><b>Powt\u00f3rz gest<\/b><span style=\"font-weight: 400;\">  Stosuj codziennie rano i wieczorem, aby uzyska\u0107 widoczne rezultaty. Ten prosty krok szybko staje si\u0119 nawykiem, kt\u00f3ry robi r\u00f3\u017cnic\u0119! <\/span><\/li>\n<\/ol>\n<p>&nbsp;<\/p>\n<h2><span style=\"font-weight: 400;\">Dlaczego nie mo\u017cesz tego przegapi\u0107:<\/span><\/h2>\n<p><span style=\"font-weight: 400;\">Je\u015bli szukasz wygl\u0105du <\/span><b>obudzony<\/b><span style=\"font-weight: 400;\">, <\/span><b>\u015bwietlisty<\/b><span style=\"font-weight: 400;\"> i cienie pod oczami, aplikator<\/span><b>Aplikator kremu pod oczy YOUNIQUE<\/b><span style=\"font-weight: 400;\"> jest niezb\u0119dnym <\/span><b>niezb\u0119dnym narz\u0119dziem<\/b><span style=\"font-weight: 400;\">. Przekszta\u0142ca rutyn\u0119 piel\u0119gnacyjn\u0105 w chwil\u0119 relaksu i odpr\u0119\u017cenia. Pokochasz jego   <\/span><b>od\u015bwie\u017caj\u0105cy efekt<\/b><span style=\"font-weight: 400;\"> i <\/span><b>precyzja aplikacji<\/b><span style=\"font-weight: 400;\">  oferuje. To jest ma\u0142e   <\/span><b>wi\u0119cej<\/b><span style=\"font-weight: 400;\"> to robi r\u00f3\u017cnic\u0119 <\/span><b>wypocz\u0119ty<\/b><span style=\"font-weight: 400;\"> i <\/span><b>promienny<\/b><span style=\"font-weight: 400;\">.<\/span><\/p>\n<p><span style=\"font-weight: 400;\">Dodaj go do koszyka ju\u017c teraz i zapewnij swoim oczom piel\u0119gnacj\u0119, na jak\u0105 zas\u0142uguj\u0105!<\/span><\/p>\n<p>&nbsp;<\/p>\n","protected":false},"excerpt":{"rendered":"<p><span style=\"font-weight: 400;\">Znasz te poranki, kiedy budzisz si\u0119 ze zm\u0119czonymi oczami, cieniami pod oczami i uczuciem napi\u0119tej sk\u00f3ry? To by\u0142a moja codzienna rutyna, zanim odkry\u0142am <\/span><b>Aplikator kremu pod oczy YOUNIQUE<\/b><span style=\"font-weight: 400;\">. Ten aplikator zrobi\u0142 r\u00f3\u017cnic\u0119 w mojej rutynie piel\u0119gnacyjnej!<\/span><\/p>\n<p><span style=\"font-weight: 400;\">W mgnieniu oka nak\u0142ada m\u00f3j <\/span><b>YOU-OLOGY krem konturuj\u0105cy pod oczy<\/b><span style=\"font-weight: 400;\"> krem pod oczy <\/span><b>r\u00f3wnomiernie<\/b><span style=\"font-weight: 400;\"> i <\/span><b>precyzyjna aplikacja<\/b><span style=\"font-weight: 400;\">. Jego metalowa kulka zapewnia  <\/span><b>efekt od\u015bwie\u017caj\u0105cy<\/b><span style=\"font-weight: 400;\">  Pomaga r\u00f3wnie\u017c kremowi wnikn\u0105\u0107 g\u0142\u0119biej, zapewniaj\u0105c widoczne rezultaty ju\u017c od pierwszego u\u017cycia. Nie tylko sprawia, \u017ce aplikacja   <\/span><b>bardziej przyjemny<\/b><span style=\"font-weight: 400;\">ale tak\u017ce robi r\u00f3\u017cnic\u0119 dla oczu <\/span><b>ja\u015bniejszy<\/b><span style=\"font-weight: 400;\"> i <\/span><b>zm\u0119czony wygl\u0105d<\/b><span style=\"font-weight: 400;\">.<\/span><\/p>\n","protected":false},"featured_media":11260,"comment_status":"open","ping_status":"closed","template":"","meta":{"_seopress_robots_primary_cat":"none","_seopress_titles_title":"","_seopress_titles_desc":"","_seopress_robots_index":"","site-sidebar-layout":"default","site-content-layout":"","ast-site-content-layout":"default","site-content-style":"default","site-sidebar-style":"default","ast-global-header-display":"","ast-banner-title-visibility":"","ast-main-header-display":"","ast-hfb-above-header-display":"","ast-hfb-below-header-display":"","ast-hfb-mobile-header-display":"","site-post-title":"","ast-breadcrumbs-content":"","ast-featured-img":"","footer-sml-layout":"","ast-disable-related-posts":"","theme-transparent-header-meta":"default","adv-header-id-meta":"","stick-header-meta":"","header-above-stick-meta":"","header-main-stick-meta":"","header-below-stick-meta":"","astra-migrate-meta-layouts":"default","ast-page-background-enabled":"default","ast-page-background-meta":{"desktop":{"background-color":"var(--ast-global-color-4)","background-image":"","background-repeat":"repeat","background-position":"center center","background-size":"auto","background-attachment":"scroll","background-type":"","background-media":"","overlay-type":"","overlay-color":"","overlay-opacity":"","overlay-gradient":""},"tablet":{"background-color":"","background-image":"","background-repeat":"repeat","background-position":"center center","background-size":"auto","background-attachment":"scroll","background-type":"","background-media":"","overlay-type":"","overlay-color":"","overlay-opacity":"","overlay-gradient":""},"mobile":{"background-color":"","background-image":"","background-repeat":"repeat","background-position":"center center","background-size":"auto","background-attachment":"scroll","background-type":"","background-media":"","overlay-type":"","overlay-color":"","overlay-opacity":"","overlay-gradient":""}},"ast-content-background-meta":{"desktop":{"background-color":"var(--ast-global-color-5)","background-image":"","background-repeat":"repeat","background-position":"center center","background-size":"auto","background-attachment":"scroll","background-type":"","background-media":"","overlay-type":"","overlay-color":"","overlay-opacity":"","overlay-gradient":""},"tablet":{"background-color":"var(--ast-global-color-5)","background-image":"","background-repeat":"repeat","background-position":"center center","background-size":"auto","background-attachment":"scroll","background-type":"","background-media":"","overlay-type":"","overlay-color":"","overlay-opacity":"","overlay-gradient":""},"mobile":{"background-color":"var(--ast-global-color-5)","background-image":"","background-repeat":"repeat","background-position":"center center","background-size":"auto","background-attachment":"scroll","background-type":"","background-media":"","overlay-type":"","overlay-color":"","overlay-opacity":"","overlay-gradient":""}}},"product_brand":[],"product_cat":[111],"product_tag":[],"class_list":{"0":"post-11259","1":"product","2":"type-product","3":"status-publish","4":"has-post-thumbnail","6":"product_cat-skora","7":"desktop-align-left","8":"tablet-align-left","9":"mobile-align-left","11":"first","12":"instock","13":"sale","14":"shipping-taxable","15":"product-type-external"},"_links":{"self":[{"href":"https:\/\/youniquebyemilie.com\/pl\/wp-json\/wp\/v2\/product\/11259","targetHints":{"allow":["GET"]}}],"collection":[{"href":"https:\/\/youniquebyemilie.com\/pl\/wp-json\/wp\/v2\/product"}],"about":[{"href":"https:\/\/youniquebyemilie.com\/pl\/wp-json\/wp\/v2\/types\/product"}],"replies":[{"embeddable":true,"href":"https:\/\/youniquebyemilie.com\/pl\/wp-json\/wp\/v2\/comments?post=11259"}],"wp:featuredmedia":[{"embeddable":true,"href":"https:\/\/youniquebyemilie.com\/pl\/wp-json\/wp\/v2\/media\/11260"}],"wp:attachment":[{"href":"https:\/\/youniquebyemilie.com\/pl\/wp-json\/wp\/v2\/media?parent=11259"}],"wp:term":[{"taxonomy":"product_brand","embeddable":true,"href":"https:\/\/youniquebyemilie.com\/pl\/wp-json\/wp\/v2\/product_brand?post=11259"},{"taxonomy":"product_cat","embeddable":true,"href":"https:\/\/youniquebyemilie.com\/pl\/wp-json\/wp\/v2\/product_cat?post=11259"},{"taxonomy":"product_tag","embeddable":true,"href":"https:\/\/youniquebyemilie.com\/pl\/wp-json\/wp\/v2\/product_tag?post=11259"}],"curies":[{"name":"wp","href":"https:\/\/api.w.org\/{rel}","templated":true}]}}