{"id":11314,"date":"2025-07-26T20:32:14","date_gmt":"2025-07-26T18:32:14","guid":{"rendered":"https:\/\/youniquebyemilie.com\/produit\/krem-konturujacy-pod-oczy-you-ology\/"},"modified":"2025-07-26T20:32:14","modified_gmt":"2025-07-26T18:32:14","slug":"krem-konturujacy-pod-oczy-you-ology","status":"publish","type":"product","link":"https:\/\/youniquebyemilie.com\/pl\/produit\/krem-konturujacy-pod-oczy-you-ology\/","title":{"rendered":"Krem konturuj\u0105cy pod oczy YOU OLOGY"},"content":{"rendered":"<p><span style=\"font-weight: 400;\">Znasz te chwile, kiedy twoje oczy m\u00f3wi\u0105 wiele o tym, jak bardzo jeste\u015b zm\u0119czony, z ciemnymi kr\u0119gami, kt\u00f3re sprawiaj\u0105, \u017ce wygl\u0105dasz starzej ni\u017c w rzeczywisto\u015bci? Tak samo by\u0142o w moim przypadku, dop\u00f3ki nie natkn\u0119\u0142am si\u0119 na   <\/span><b>YOU-OLOGY Eye Contour Cream. <\/b><span style=\"font-weight: 400;\">Stosowa\u0142am go<\/span><b> rano i wieczorem, <\/b> <span style=\"font-weight: 400;\">i ju\u017c po kilku dniach moje oczy wygl\u0105da\u0142y zupe\u0142nie inaczej. Moje cienie pod oczami znikn\u0119\u0142y, a sk\u00f3ra wok\u00f3\u0142 oczu sta\u0142a si\u0119 j\u0119drniejsza, g\u0142adsza i ja\u015bniejsza. Je\u015bli chcesz mie\u0107 \u015bwie\u017ce, wypocz\u0119te oczy w ci\u0105gu zaledwie kilku tygodni, ten krem jest konieczno\u015bci\u0105!  <\/span><\/p>\n<p>&nbsp;<\/p>\n<h2><span style=\"font-weight: 400;\">Dlaczego to pokochasz:<\/span><\/h2>\n<ul>\n<li style=\"font-weight: 400;\" aria-level=\"1\"><b>Redukuje cienie pod oczami i drobne zmarszczki<\/b><span style=\"font-weight: 400;\"> W zaledwie 4 tygodnie, <\/span><b>80%<\/b><span style=\"font-weight: 400;\">  u\u017cytkownik\u00f3w zauwa\u017cy\u0142o widoczn\u0105 redukcj\u0119 cieni pod oczami i drobnych zmarszczek. Ty te\u017c mo\u017cesz po\u017cegna\u0107 si\u0119 z tymi oznakami zm\u0119czenia! <\/span><\/li>\n<li style=\"font-weight: 400;\" aria-level=\"1\"><b>Twoje oczy staj\u0105 si\u0119 \u015bwietliste<\/b><span style=\"font-weight: 400;\"> : <\/span><b>83% <\/b> <span style=\"font-weight: 400;\">U\u017cytkownicy zauwa\u017cyli, \u017ce ich oczy rozja\u015bniaj\u0105 si\u0119, a sk\u00f3ra staje si\u0119 bardziej promienna. Wyobra\u017a sobie siebie ze \u015bwie\u017cymi, promiennymi oczami przez ca\u0142y dzie\u0144. <\/span><\/li>\n<li style=\"font-weight: 400;\" aria-level=\"1\"><b>Nawil\u017ca i uj\u0119drnia sk\u00f3r\u0119<\/b><span style=\"font-weight: 400;\">  Sk\u00f3ra wok\u00f3\u0142 oczu stanie si\u0119 bardziej j\u0119drna, g\u0142adka i nawil\u017cona. Poczujesz r\u00f3\u017cnic\u0119 i pokochasz uczucie komfortu, jakie daje ten krem. <\/span><\/li>\n<li style=\"font-weight: 400;\" aria-level=\"1\"><b>Przetestowane i zatwierdzone przez wielu<\/b><span style=\"font-weight: 400;\"> :<\/span><b> 94%<\/b><span style=\"font-weight: 400;\">  u\u017cytkownik\u00f3w uwa\u017ca, \u017ce krem jest mi\u0119kki i przyjemny w aplikacji, bez podra\u017cnie\u0144. Nadszed\u0142 czas, aby zapewni\u0107 swoim oczom piel\u0119gnacj\u0119, na jak\u0105 zas\u0142uguj\u0105! <\/span><\/li>\n<\/ul>\n<p>&nbsp;<\/p>\n<h2><span style=\"font-weight: 400;\">Magiczne sk\u0142adniki dla \u015bwie\u017cych, wypocz\u0119tych oczu:<\/span><\/h2>\n<ul>\n<li style=\"font-weight: 400;\" aria-level=\"1\"><b>Kofeina<\/b><span style=\"font-weight: 400;\"> Pobudza kr\u0105\u017cenie i redukuje cienie pod oczami, nadaj\u0105c spojrzeniu \u015bwie\u017co\u015bci i dynamizmu.<\/span><\/li>\n<li style=\"font-weight: 400;\" aria-level=\"1\"><b>Niacynamid<\/b><span style=\"font-weight: 400;\"> \u0141agodzi sk\u00f3r\u0119 i pomaga zmniejszy\u0107 zaczerwienienia, zapewniaj\u0105c jednocze\u015bnie dodatkowe nawil\u017cenie.<\/span><\/li>\n<li style=\"font-weight: 400;\" aria-level=\"1\"><b>Peptydy<\/b><span style=\"font-weight: 400;\"> Stymuluj\u0105 odnow\u0119 kom\u00f3rkow\u0105, wyg\u0142adzaj\u0105 i odm\u0142adzaj\u0105 sk\u00f3r\u0119.<\/span><\/li>\n<li style=\"font-weight: 400;\" aria-level=\"1\"><b>Wyci\u0105g z rumianku<\/b><span style=\"font-weight: 400;\"> \u0141agodzi i zmniejsza stany zapalne, zapewniaj\u0105c ukojenie i spok\u00f3j oczu.<\/span><\/li>\n<li style=\"font-weight: 400;\" aria-level=\"1\"><b>Skwalan<\/b><span style=\"font-weight: 400;\"> Intensywnie nawil\u017ca i naprawia sk\u00f3r\u0119, zapewniaj\u0105c jej d\u0142ugotrwa\u0142y komfort.<\/span><\/li>\n<\/ul>\n<h2><span style=\"font-weight: 400;\">Jak \u0142atwo z niego korzysta\u0107:<\/span><\/h2>\n<ol>\n<li style=\"font-weight: 400;\" aria-level=\"1\"><span style=\"font-weight: 400;\">We\u017a niewielk\u0105 ilo\u015b\u0107 kremu (wielko\u015bci ziarnka grochu).<\/span><\/li>\n<li style=\"font-weight: 400;\" aria-level=\"1\"><span style=\"font-weight: 400;\">Na\u0142\u00f3\u017c krem pod oczy i delikatnie wmasuj okr\u0119\u017cnymi ruchami.<\/span><\/li>\n<li style=\"font-weight: 400;\" aria-level=\"1\"><span style=\"font-weight: 400;\">Pozostawi\u0107 krem do ca\u0142kowitego wch\u0142oni\u0119cia, aby uzyska\u0107 efekt rewitalizacji.<\/span><\/li>\n<li style=\"font-weight: 400;\" aria-level=\"1\"><span style=\"font-weight: 400;\">Aby uzyska\u0107 maksymalne rezultaty, stosuj rano i wieczorem, tak jak ja to robi\u0119 ka\u017cdego dnia!<\/span><\/li>\n<\/ol>\n<p>&nbsp;<\/p>\n<p><span style=\"font-weight: 400;\">Masz zm\u0119czony wygl\u0105d, kt\u00f3ry zdradza Ci\u0119 ka\u017cdego ranka? Nie pozw\u00f3l, by oznaki zm\u0119czenia odebra\u0142y Ci naturalny blask. Odwied\u017a    <\/span><b>YOU-OLOGY Eye Contour Cream  <\/b><span style=\"font-weight: 400;\">zmieni\u0142 moj\u0105 rutyn\u0119 i wiem, \u017ce mo\u017ce odmieni\u0107 r\u00f3wnie\u017c Tw\u00f3j wygl\u0105d. Dodaj go do koszyka i nadaj swoim oczom blask i m\u0142odo\u015b\u0107, na kt\u00f3re zas\u0142uguj\u0105! <\/span><\/p>\n<p>&nbsp;<\/p>\n","protected":false},"excerpt":{"rendered":"<p><span style=\"font-weight: 400;\">Znasz te chwile, kiedy twoje oczy m\u00f3wi\u0105 wiele o tym, jak bardzo jeste\u015b zm\u0119czony, z ciemnymi kr\u0119gami, kt\u00f3re sprawiaj\u0105, \u017ce wygl\u0105dasz starzej ni\u017c w rzeczywisto\u015bci? Tak samo by\u0142o w moim przypadku, dop\u00f3ki nie natkn\u0119\u0142am si\u0119 na   <\/span><b>YOU-OLOGY Eye Contour Cream. <\/b><span style=\"font-weight: 400;\">Stosowa\u0142am go<\/span><b> rano i wieczorem, <\/b> <span style=\"font-weight: 400;\">i ju\u017c po kilku dniach moje oczy wygl\u0105da\u0142y zupe\u0142nie inaczej. Moje cienie pod oczami znikn\u0119\u0142y, a sk\u00f3ra wok\u00f3\u0142 oczu sta\u0142a si\u0119 j\u0119drniejsza, g\u0142adsza i ja\u015bniejsza. Je\u015bli chcesz mie\u0107 \u015bwie\u017ce, wypocz\u0119te oczy w ci\u0105gu zaledwie kilku tygodni, ten krem jest konieczno\u015bci\u0105!  <\/span><\/p>\n","protected":false},"featured_media":11321,"comment_status":"open","ping_status":"closed","template":"","meta":{"_seopress_robots_primary_cat":"none","_seopress_titles_title":"","_seopress_titles_desc":"","_seopress_robots_index":"","site-sidebar-layout":"default","site-content-layout":"","ast-site-content-layout":"default","site-content-style":"default","site-sidebar-style":"default","ast-global-header-display":"","ast-banner-title-visibility":"","ast-main-header-display":"","ast-hfb-above-header-display":"","ast-hfb-below-header-display":"","ast-hfb-mobile-header-display":"","site-post-title":"","ast-breadcrumbs-content":"","ast-featured-img":"","footer-sml-layout":"","ast-disable-related-posts":"","theme-transparent-header-meta":"default","adv-header-id-meta":"","stick-header-meta":"","header-above-stick-meta":"","header-main-stick-meta":"","header-below-stick-meta":"","astra-migrate-meta-layouts":"default","ast-page-background-enabled":"default","ast-page-background-meta":{"desktop":{"background-color":"var(--ast-global-color-4)","background-image":"","background-repeat":"repeat","background-position":"center center","background-size":"auto","background-attachment":"scroll","background-type":"","background-media":"","overlay-type":"","overlay-color":"","overlay-opacity":"","overlay-gradient":""},"tablet":{"background-color":"","background-image":"","background-repeat":"repeat","background-position":"center center","background-size":"auto","background-attachment":"scroll","background-type":"","background-media":"","overlay-type":"","overlay-color":"","overlay-opacity":"","overlay-gradient":""},"mobile":{"background-color":"","background-image":"","background-repeat":"repeat","background-position":"center center","background-size":"auto","background-attachment":"scroll","background-type":"","background-media":"","overlay-type":"","overlay-color":"","overlay-opacity":"","overlay-gradient":""}},"ast-content-background-meta":{"desktop":{"background-color":"var(--ast-global-color-5)","background-image":"","background-repeat":"repeat","background-position":"center center","background-size":"auto","background-attachment":"scroll","background-type":"","background-media":"","overlay-type":"","overlay-color":"","overlay-opacity":"","overlay-gradient":""},"tablet":{"background-color":"var(--ast-global-color-5)","background-image":"","background-repeat":"repeat","background-position":"center center","background-size":"auto","background-attachment":"scroll","background-type":"","background-media":"","overlay-type":"","overlay-color":"","overlay-opacity":"","overlay-gradient":""},"mobile":{"background-color":"var(--ast-global-color-5)","background-image":"","background-repeat":"repeat","background-position":"center center","background-size":"auto","background-attachment":"scroll","background-type":"","background-media":"","overlay-type":"","overlay-color":"","overlay-opacity":"","overlay-gradient":""}}},"product_brand":[],"product_cat":[111],"product_tag":[],"class_list":{"0":"post-11314","1":"product","2":"type-product","3":"status-publish","4":"has-post-thumbnail","6":"product_cat-skora","7":"desktop-align-left","8":"tablet-align-left","9":"mobile-align-left","11":"first","12":"instock","13":"sale","14":"shipping-taxable","15":"product-type-external"},"_links":{"self":[{"href":"https:\/\/youniquebyemilie.com\/pl\/wp-json\/wp\/v2\/product\/11314","targetHints":{"allow":["GET"]}}],"collection":[{"href":"https:\/\/youniquebyemilie.com\/pl\/wp-json\/wp\/v2\/product"}],"about":[{"href":"https:\/\/youniquebyemilie.com\/pl\/wp-json\/wp\/v2\/types\/product"}],"replies":[{"embeddable":true,"href":"https:\/\/youniquebyemilie.com\/pl\/wp-json\/wp\/v2\/comments?post=11314"}],"wp:featuredmedia":[{"embeddable":true,"href":"https:\/\/youniquebyemilie.com\/pl\/wp-json\/wp\/v2\/media\/11321"}],"wp:attachment":[{"href":"https:\/\/youniquebyemilie.com\/pl\/wp-json\/wp\/v2\/media?parent=11314"}],"wp:term":[{"taxonomy":"product_brand","embeddable":true,"href":"https:\/\/youniquebyemilie.com\/pl\/wp-json\/wp\/v2\/product_brand?post=11314"},{"taxonomy":"product_cat","embeddable":true,"href":"https:\/\/youniquebyemilie.com\/pl\/wp-json\/wp\/v2\/product_cat?post=11314"},{"taxonomy":"product_tag","embeddable":true,"href":"https:\/\/youniquebyemilie.com\/pl\/wp-json\/wp\/v2\/product_tag?post=11314"}],"curies":[{"name":"wp","href":"https:\/\/api.w.org\/{rel}","templated":true}]}}