{"id":11365,"date":"2025-07-24T20:29:36","date_gmt":"2025-07-24T18:29:36","guid":{"rendered":"https:\/\/youniquebyemilie.com\/produit\/you-niversal-krem-konturujacy-pod-oczy\/"},"modified":"2025-07-24T20:29:36","modified_gmt":"2025-07-24T18:29:36","slug":"you-niversal-krem-konturujacy-pod-oczy","status":"publish","type":"product","link":"https:\/\/youniquebyemilie.com\/pl\/produit\/you-niversal-krem-konturujacy-pod-oczy\/","title":{"rendered":"YOU-NIVERSAL krem konturuj\u0105cy pod oczy"},"content":{"rendered":"<p><span style=\"font-weight: 400;\">Masz do\u015b\u0107 work\u00f3w pod oczami i cieni pod oczami, kt\u00f3re sprawiaj\u0105, \u017ce wygl\u0105dasz na bardziej zm\u0119czon\u0105 ni\u017c jeste\u015b w rzeczywisto\u015bci? To te\u017c by\u0142a moja codzienna rutyna, zanim odkry\u0142am <\/span><b>  YOU-NIVERSAL Eye Contour Cream.<\/b><span style=\"font-weight: 400;\">  Moje oczy wygl\u0105da\u0142y zupe\u0142nie inaczej ju\u017c po kilku dniach stosowania. Ten krem towarzyszy mi wsz\u0119dzie, poniewa\u017c nie tylko leczy oznaki zm\u0119czenia.  Ona<\/span> <b> hydrat<\/b><span style=\"font-weight: 400;\">,<\/span><b> firmy<\/b><span style=\"font-weight: 400;\">i<\/span><b> natychmiast roz\u015bwietla<\/b><span style=\"font-weight: 400;\">  sk\u00f3r\u0119 pod oczami. Dzi\u0119ki jego   <\/span><b>aplikator ceramiczny<\/b><span style=\"font-weight: 400;\">Ceramiczny aplikator zamienia aplikacj\u0119 w chwil\u0119 relaksu, \u015bwie\u017co\u015bci i intensywnej piel\u0119gnacji.<\/span><\/p>\n<h2><span style=\"font-weight: 400;\">Dlaczego to pokochasz:<\/span><\/h2>\n<ul>\n<li style=\"font-weight: 400;\" aria-level=\"1\"><b>Widoczna redukcja cieni pod oczami i drobnych zmarszczek<\/b><span style=\"font-weight: 400;\">  Po 4 tygodniach stosowania 85% u\u017cytkownik\u00f3w stwierdzi\u0142o, \u017ce sk\u00f3ra jest j\u0119drniejsza. Ju\u017c po kilku tygodniach po\u017cegnasz si\u0119 z oznakami zm\u0119czenia. <\/span>&nbsp;<\/li>\n<li style=\"font-weight: 400;\" aria-level=\"1\"><b>Ja\u015bniejsze oczy<\/b><span style=\"font-weight: 400;\">  83% u\u017cytkownik\u00f3w zauwa\u017cy\u0142o rozja\u015bnienie oczu po 4 tygodniach stosowania. Twoja sk\u00f3ra pod oczami odzyska sw\u00f3j naturalny blask! <\/span>&nbsp;<\/li>\n<li style=\"font-weight: 400;\" aria-level=\"1\"><b>Nawil\u017canie i uj\u0119drnianie<\/b><span style=\"font-weight: 400;\">  Sk\u00f3ra pod oczami b\u0119dzie nie tylko j\u0119drniejsza, ale tak\u017ce niezwykle mi\u0119kka i dobrze nawil\u017cona. Uczucie komfortu jest natychmiastowe i d\u0142ugotrwa\u0142e. <\/span>&nbsp;<\/li>\n<li style=\"font-weight: 400;\" aria-level=\"1\"><b>Delikatna, przyjemna formu\u0142a<\/b><span style=\"font-weight: 400;\">  94% u\u017cytkownik\u00f3w uwa\u017ca, \u017ce krem jest przyjemny w u\u017cyciu i nie powoduje podra\u017cnie\u0144. Sk\u00f3ra jest rozpieszczana przy ka\u017cdej aplikacji. <\/span>&nbsp;<\/li>\n<\/ul>\n<h2><span style=\"font-weight: 400;\">Sekretne sk\u0142adniki zapewniaj\u0105ce \u015bwie\u017cszy i m\u0142odszy wygl\u0105d oczu:<\/span><\/h2>\n<ul>\n<li style=\"font-weight: 400;\" aria-level=\"1\"><b>Ekstrakt z \u017ce\u0144-szenia<\/b><span style=\"font-weight: 400;\"> Stymuluje kr\u0105\u017cenie, dzi\u0119ki czemu oczy staj\u0105 si\u0119 \u015bwie\u017csze i pe\u0142ne \u017cycia.<\/span>&nbsp;<\/li>\n<li style=\"font-weight: 400;\" aria-level=\"1\"><b>Niacynamid<\/b><span style=\"font-weight: 400;\"> \u0141agodzi sk\u00f3r\u0119 i g\u0142\u0119boko nawil\u017ca, zapewniaj\u0105c g\u0142adsz\u0105 i bardziej jednolit\u0105 sk\u00f3r\u0119 wok\u00f3\u0142 oczu.<\/span>&nbsp;<\/li>\n<li style=\"font-weight: 400;\" aria-level=\"1\"><b>Haloxyl<\/b><span style=\"font-weight: 400;\"> Pomaga zmniejszy\u0107 widoczno\u015b\u0107 cieni i opuchlizny, zapewniaj\u0105c bardziej wypocz\u0119ty wygl\u0105d.<\/span>&nbsp;<\/li>\n<li style=\"font-weight: 400;\" aria-level=\"1\"><b>Witamina C<\/b><span style=\"font-weight: 400;\"> Rozja\u015bnia sk\u00f3r\u0119 i zmniejsza widoczne oznaki zm\u0119czenia, zapewniaj\u0105c bardziej \u015bwietlist\u0105, stonowan\u0105 cer\u0119.<\/span>&nbsp;<\/li>\n<\/ul>\n<h2><span style=\"font-weight: 400;\">Jak \u0142atwo z niego korzysta\u0107:<\/span><\/h2>\n<ol>\n<li style=\"font-weight: 400;\" aria-level=\"1\"><b>Na\u0142o\u017cy\u0107<\/b><span style=\"font-weight: 400;\"> niewielk\u0105 ilo\u015b\u0107 kremu (wielko\u015bci ziarnka grochu) pod oczy za pomoc\u0105 ceramicznego aplikatora.<\/span>&nbsp;<\/li>\n<li style=\"font-weight: 400;\" aria-level=\"1\"><b>Masa\u017c<\/b><span style=\"font-weight: 400;\"> delikatnie wmasuj krem okr\u0119\u017cnymi ruchami, aby poprawi\u0107 wch\u0142anianie i pobudzi\u0107 kr\u0105\u017cenie.<\/span>&nbsp;<\/li>\n<li style=\"font-weight: 400;\" aria-level=\"1\"><b>Powtarzanie<\/b><span style=\"font-weight: 400;\">  rano i wieczorem, aby uzyska\u0107 widoczne, d\u0142ugotrwa\u0142e rezultaty. Dla maksymalnej \u015bwie\u017co\u015bci krem nale\u017cy przechowywa\u0107 w ch\u0142odnym miejscu! <\/span>&nbsp;<\/li>\n<\/ol>\n<p><span style=\"font-weight: 400;\">Chcesz mie\u0107 <\/span><b>od\u015bwie\u017cony, promienny wygl\u0105d <\/b> <span style=\"font-weight: 400;\">bez martwienia si\u0119 o cienie pod oczami? YOU-NIVERSAL Eye Contour Cream to sekret, na kt\u00f3ry czeka\u0142a\u015b. Po\u017cegnaj oznaki zm\u0119czenia i ust\u0105p miejsca \u015bwie\u017cym, wypocz\u0119tym, \u015bwietlistym oczom!  <\/span><\/p>\n<p><span style=\"font-weight: 400;\">Dodaj swoim oczom blasku, dodaj go do koszyka ju\u017c teraz i ciesz si\u0119 sublimowanymi ustami i oczami!<\/span><\/p>\n<p>&nbsp;<\/p>\n<h2><span style=\"font-weight: 400;\">FAQ : YOU-NIVERSAL Krem konturuj\u0105cy pod oczy<\/span><\/h2>\n<ol>\n<li style=\"font-weight: 400;\" aria-level=\"1\"><b>Czy YOU-NIVERSAL Eye Contour Cream jest odpowiedni dla wszystkich rodzaj\u00f3w sk\u00f3ry?<\/b><b><br \/>\n<\/b><span style=\"font-weight: 400;\">  Tak, ten krem zosta\u0142 opracowany z my\u015bl\u0105 o wszystkich rodzajach sk\u00f3ry, nawet najbardziej wra\u017cliwej. Jest testowany dermatologicznie i nie zawiera syntetycznych substancji zapachowych, dzi\u0119ki czemu jest idealny dla delikatnej sk\u00f3ry. <\/span>&nbsp;<\/li>\n<li style=\"font-weight: 400;\" aria-level=\"1\"><b>Czy mog\u0119 u\u017cywa\u0107 kremu pod oczy YOU-NIVERSAL, je\u015bli nosz\u0119 soczewki kontaktowe?<\/b><b><br \/>\n<\/b><span style=\"font-weight: 400;\">  Tak, ten krem doskonale nadaje si\u0119 dla os\u00f3b nosz\u0105cych soczewki kontaktowe. Jego delikatna, koj\u0105ca formu\u0142a nie podra\u017cnia oczu ani nie koliduje z soczewkami. <\/span>&nbsp;<\/li>\n<li style=\"font-weight: 400;\" aria-level=\"1\"><b>Kiedy mog\u0119 zacz\u0105\u0107 widzie\u0107 rezultaty stosowania YOU-NIVERSAL Eye Cream?<\/b><b><br \/>\n<\/b><span style=\"font-weight: 400;\">  Wed\u0142ug niezale\u017cnych bada\u0144, wi\u0119kszo\u015b\u0107 u\u017cytkownik\u00f3w zauwa\u017ca widoczne rezultaty po 4 tygodniach regularnego stosowania. Cienie i drobne zmarszczki zaczynaj\u0105 zanika\u0107, a oczy wygl\u0105daj\u0105 na ja\u015bniejsze i bardziej wypocz\u0119te. <\/span>&nbsp;<\/li>\n<li style=\"font-weight: 400;\" aria-level=\"1\"><b>Czy mog\u0119 stosowa\u0107 krem w ci\u0105gu dnia pod makija\u017c?<\/b><b><br \/>\n<\/b><span style=\"font-weight: 400;\">  Absolutnie! YOU-NIVERSAL Eye Contour Cream jest niet\u0142usty i dobrze rozprowadza si\u0119 pod makija\u017cem. Nawil\u017ca i przygotowuje sk\u00f3r\u0119 do g\u0142adszej aplikacji makija\u017cu, bez t\u0142ustej warstwy.  <\/span>&nbsp;<\/li>\n<li style=\"font-weight: 400;\" aria-level=\"1\"><b>Czy YOU-NIVERSAL Eye Contour Cream mo\u017ce by\u0107 stosowany na innych obszarach twarzy?<\/b><b><br \/>\n<\/b><span style=\"font-weight: 400;\">  Krem ten zosta\u0142 opracowany specjalnie z my\u015bl\u0105 o okolicach oczu, ale jego delikatna formu\u0142a mo\u017ce by\u0107 r\u00f3wnie\u017c stosowana na drobne zmarszczki wok\u00f3\u0142 ust, je\u015bli zajdzie taka potrzeba.<\/span>&nbsp;<\/li>\n<li style=\"font-weight: 400;\" aria-level=\"1\"><b>Czy krem zawiera szkodliwe substancje chemiczne?<\/b><b><br \/>\n<\/b><span style=\"font-weight: 400;\">  Nie, YOU-NIVERSAL Eye Contour Cream zosta\u0142 opracowany z bezpiecznych, naturalnych sk\u0142adnik\u00f3w. Nie zawiera   <\/span><b>parabeny<\/b><span style=\"font-weight: 400;\">parabeny<\/span><b> siarczany<\/b><span style=\"font-weight: 400;\"> lub <\/span><b>ftalan\u00f3w.<\/b><span style=\"font-weight: 400;\"> Jego czysta, przyjazna dla \u015brodowiska formu\u0142a to zaleta dla Twojej sk\u00f3ry.<\/span>&nbsp;<\/li>\n<li style=\"font-weight: 400;\" aria-level=\"1\"><b>Jak d\u0142ugo wystarcza doniczka?<\/b><b><br \/>\n<\/b><span style=\"font-weight: 400;\">  Jeden s\u0142oiczek YOU-NIVERSAL Eye Contour Cream wystarcza na oko\u0142o 2 do 3 miesi\u0119cy codziennego stosowania. Jest to zatem doskona\u0142a inwestycja w d\u0142ugotrwa\u0142\u0105 piel\u0119gnacj\u0119 sk\u00f3ry. <\/span><span style=\"font-weight: 400;\"><br \/>\n<\/span>&nbsp;<\/li>\n<\/ol>\n<p>&nbsp;<\/p>\n","protected":false},"excerpt":{"rendered":"<p><span style=\"font-weight: 400;\">Masz do\u015b\u0107 work\u00f3w pod oczami i cieni pod oczami, kt\u00f3re sprawiaj\u0105, \u017ce wygl\u0105dasz na bardziej zm\u0119czon\u0105 ni\u017c jeste\u015b w rzeczywisto\u015bci? To te\u017c by\u0142a moja codzienna rutyna, zanim odkry\u0142am <\/span><b>  YOU-NIVERSAL Eye Contour Cream.<\/b><span style=\"font-weight: 400;\">  Moje oczy wygl\u0105da\u0142y zupe\u0142nie inaczej ju\u017c po kilku dniach stosowania. Ten krem towarzyszy mi wsz\u0119dzie, poniewa\u017c nie tylko leczy oznaki zm\u0119czenia.  Ona<\/span> <b> hydrat<\/b><span style=\"font-weight: 400;\">,<\/span><b> firmy<\/b><span style=\"font-weight: 400;\">i<\/span><b> natychmiast roz\u015bwietla<\/b><span style=\"font-weight: 400;\">  sk\u00f3r\u0119 pod oczami. Dzi\u0119ki jego   <\/span><b>aplikator ceramiczny<\/b><span style=\"font-weight: 400;\">Ceramiczny aplikator zamienia aplikacj\u0119 w chwil\u0119 relaksu, \u015bwie\u017co\u015bci i intensywnej piel\u0119gnacji.<\/span><\/p>\n","protected":false},"featured_media":11370,"comment_status":"open","ping_status":"closed","template":"","meta":{"_seopress_robots_primary_cat":"none","_seopress_titles_title":"","_seopress_titles_desc":"","_seopress_robots_index":"","site-sidebar-layout":"default","site-content-layout":"","ast-site-content-layout":"default","site-content-style":"default","site-sidebar-style":"default","ast-global-header-display":"","ast-banner-title-visibility":"","ast-main-header-display":"","ast-hfb-above-header-display":"","ast-hfb-below-header-display":"","ast-hfb-mobile-header-display":"","site-post-title":"","ast-breadcrumbs-content":"","ast-featured-img":"","footer-sml-layout":"","ast-disable-related-posts":"","theme-transparent-header-meta":"default","adv-header-id-meta":"","stick-header-meta":"","header-above-stick-meta":"","header-main-stick-meta":"","header-below-stick-meta":"","astra-migrate-meta-layouts":"default","ast-page-background-enabled":"default","ast-page-background-meta":{"desktop":{"background-color":"var(--ast-global-color-4)","background-image":"","background-repeat":"repeat","background-position":"center center","background-size":"auto","background-attachment":"scroll","background-type":"","background-media":"","overlay-type":"","overlay-color":"","overlay-opacity":"","overlay-gradient":""},"tablet":{"background-color":"","background-image":"","background-repeat":"repeat","background-position":"center center","background-size":"auto","background-attachment":"scroll","background-type":"","background-media":"","overlay-type":"","overlay-color":"","overlay-opacity":"","overlay-gradient":""},"mobile":{"background-color":"","background-image":"","background-repeat":"repeat","background-position":"center center","background-size":"auto","background-attachment":"scroll","background-type":"","background-media":"","overlay-type":"","overlay-color":"","overlay-opacity":"","overlay-gradient":""}},"ast-content-background-meta":{"desktop":{"background-color":"var(--ast-global-color-5)","background-image":"","background-repeat":"repeat","background-position":"center center","background-size":"auto","background-attachment":"scroll","background-type":"","background-media":"","overlay-type":"","overlay-color":"","overlay-opacity":"","overlay-gradient":""},"tablet":{"background-color":"var(--ast-global-color-5)","background-image":"","background-repeat":"repeat","background-position":"center center","background-size":"auto","background-attachment":"scroll","background-type":"","background-media":"","overlay-type":"","overlay-color":"","overlay-opacity":"","overlay-gradient":""},"mobile":{"background-color":"var(--ast-global-color-5)","background-image":"","background-repeat":"repeat","background-position":"center center","background-size":"auto","background-attachment":"scroll","background-type":"","background-media":"","overlay-type":"","overlay-color":"","overlay-opacity":"","overlay-gradient":""}}},"product_brand":[],"product_cat":[111],"product_tag":[],"class_list":{"0":"post-11365","1":"product","2":"type-product","3":"status-publish","4":"has-post-thumbnail","6":"product_cat-skora","7":"desktop-align-left","8":"tablet-align-left","9":"mobile-align-left","11":"first","12":"instock","13":"sale","14":"shipping-taxable","15":"product-type-external"},"_links":{"self":[{"href":"https:\/\/youniquebyemilie.com\/pl\/wp-json\/wp\/v2\/product\/11365","targetHints":{"allow":["GET"]}}],"collection":[{"href":"https:\/\/youniquebyemilie.com\/pl\/wp-json\/wp\/v2\/product"}],"about":[{"href":"https:\/\/youniquebyemilie.com\/pl\/wp-json\/wp\/v2\/types\/product"}],"replies":[{"embeddable":true,"href":"https:\/\/youniquebyemilie.com\/pl\/wp-json\/wp\/v2\/comments?post=11365"}],"wp:featuredmedia":[{"embeddable":true,"href":"https:\/\/youniquebyemilie.com\/pl\/wp-json\/wp\/v2\/media\/11370"}],"wp:attachment":[{"href":"https:\/\/youniquebyemilie.com\/pl\/wp-json\/wp\/v2\/media?parent=11365"}],"wp:term":[{"taxonomy":"product_brand","embeddable":true,"href":"https:\/\/youniquebyemilie.com\/pl\/wp-json\/wp\/v2\/product_brand?post=11365"},{"taxonomy":"product_cat","embeddable":true,"href":"https:\/\/youniquebyemilie.com\/pl\/wp-json\/wp\/v2\/product_cat?post=11365"},{"taxonomy":"product_tag","embeddable":true,"href":"https:\/\/youniquebyemilie.com\/pl\/wp-json\/wp\/v2\/product_tag?post=11365"}],"curies":[{"name":"wp","href":"https:\/\/api.w.org\/{rel}","templated":true}]}}