{"id":11375,"date":"2025-07-25T08:27:22","date_gmt":"2025-07-25T06:27:22","guid":{"rendered":"https:\/\/youniquebyemilie.com\/produit\/you-ology-odswiezajaca-maska-biocelulozowa\/"},"modified":"2025-11-28T15:54:27","modified_gmt":"2025-11-28T14:54:27","slug":"you-ology-odswiezajaca-maska-biocelulozowa","status":"publish","type":"product","link":"https:\/\/youniquebyemilie.com\/pl\/produit\/you-ology-odswiezajaca-maska-biocelulozowa\/","title":{"rendered":"YOU OLOGY od\u015bwie\u017caj\u0105ca maska biocelulozowa"},"content":{"rendered":"<p><span style=\"font-weight: 400;\">Czy czujesz, \u017ce Twoja sk\u00f3ra potrzebuje troch\u0119 zastrzyku energii, ale nie masz czasu na zabiegi spa? Wiem dok\u0142adnie, jak si\u0119 czujesz, by\u0142am w tej samej \u0142odzi, zanim natkn\u0119\u0142am si\u0119 na   <\/span><b>YOU-OLOGY od\u015bwie\u017caj\u0105ca maska biocelulozowa<\/b><span style=\"font-weight: 400;\">.<\/span><\/p>\n<p><span style=\"font-weight: 400;\">Ta maseczka to najlepsza chwila relaksu. W zaledwie   <\/span><b>15 minut<\/b><span style=\"font-weight: 400;\">Intensywnie nawil\u017ca i od\u015bwie\u017ca moj\u0105 sk\u00f3r\u0119. Nak\u0142ada si\u0119 samoistnie i wystarczy si\u0119 tylko zrelaksowa\u0107.  Jest to  <\/span><b>mi\u0119kki<\/b><span style=\"font-weight: 400;\">A bioceluloza pomaga sk\u0142adnikom aktywnym \u0142atwiej si\u0119 rozprowadza\u0107, zapewniaj\u0105c mojej sk\u00f3rze natychmiastowe nawil\u017cenie. Nigdy wi\u0119cej zm\u0119czonej, matowej sk\u00f3ry, tylko promienna, od\u015bwie\u017cona cera. Ka\u017cda aplikacja daje mi uczucie sp\u0119dzenia chwili w spa, bez k\u0142opot\u00f3w.  <\/span><\/p>\n<p>&nbsp;<\/p>\n<h2><span style=\"font-weight: 400;\">Dlaczego to pokochasz:<\/span><\/h2>\n<ul>\n<li style=\"font-weight: 400;\" aria-level=\"1\"><b>Natychmiastowe nawil\u017cenie<\/b><span style=\"font-weight: 400;\"> 93% u\u017cytkownik\u00f3w zauwa\u017cy\u0142o, \u017ce ich sk\u00f3ra by\u0142a natychmiast bardziej nawil\u017cona ju\u017c po 15 minutach.<\/span><\/li>\n<li style=\"font-weight: 400;\" aria-level=\"1\"><b>Bardziej mi\u0119kka, g\u0142adsza sk\u00f3ra<\/b><span style=\"font-weight: 400;\"> Sk\u00f3ra b\u0119dzie wyra\u017anie g\u0142adsza i bardziej mi\u0119kka, gotowa na kolejne rutynowe zabiegi.<\/span><\/li>\n<li style=\"font-weight: 400;\" aria-level=\"1\"><b>Natychmiastowe od\u015bwie\u017cenie<\/b><span style=\"font-weight: 400;\"> Ju\u017c po 15 minutach mo\u017cesz poczu\u0107 koj\u0105c\u0105 \u015bwie\u017co\u015b\u0107 i zrewitalizowan\u0105 sk\u00f3r\u0119.<\/span><\/li>\n<li style=\"font-weight: 400;\" aria-level=\"1\"><b>Naturalny blask<\/b><span style=\"font-weight: 400;\"> 87% u\u017cytkownik\u00f3w zg\u0142osi\u0142o bardziej promienn\u0105 sk\u00f3r\u0119 po u\u017cyciu maski.<\/span><\/li>\n<li style=\"font-weight: 400;\" aria-level=\"1\"><b>Szybka piel\u0119gnacja<\/b><span style=\"font-weight: 400;\"> Nie musisz sp\u0119dza\u0107 godzin na piel\u0119gnacji sk\u00f3ry, ta maseczka za\u0142atwia spraw\u0119 w mgnieniu oka.<\/span><\/li>\n<li style=\"font-weight: 400;\" aria-level=\"1\"><b>Szacunek dla sk\u00f3ry i \u015brodowiska<\/b><span style=\"font-weight: 400;\"> Opakowanie jest przyjazne dla planety, a formu\u0142a delikatna dla sk\u00f3ry.<\/span><\/li>\n<\/ul>\n<p>&nbsp;<\/p>\n<h2><span style=\"font-weight: 400;\">Sk\u0142adniki, kt\u00f3re robi\u0105 r\u00f3\u017cnic\u0119:<\/span><\/h2>\n<ul>\n<li style=\"font-weight: 400;\" aria-level=\"1\"><b>Hialuronian sodu<\/b><span style=\"font-weight: 400;\"> Hialuronian sodu: przyci\u0105ga wilgo\u0107 i zwi\u0119ksza nawil\u017cenie, zapewniaj\u0105c bardziej j\u0119drn\u0105 i \u015bwie\u017c\u0105 sk\u00f3r\u0119.<\/span><\/li>\n<li style=\"font-weight: 400;\" aria-level=\"1\"><b>Witamina C (etylowy kwas askorbinowy 3-O)<\/b><span style=\"font-weight: 400;\"> Silny przeciwutleniacz, kt\u00f3ry rozja\u015bnia cer\u0119 i zwi\u0119ksza produkcj\u0119 kolagenu.<\/span><\/li>\n<li style=\"font-weight: 400;\" aria-level=\"1\"><b>Pantenol (witamina B5)<\/b><span style=\"font-weight: 400;\"> Naturalny \u015brodek nawil\u017caj\u0105cy, kt\u00f3ry utrzymuje sk\u00f3r\u0119 mi\u0119kk\u0105 i \u0142agodzi podra\u017cnienia.<\/span><\/li>\n<li style=\"font-weight: 400;\" aria-level=\"1\"><b>Ekstrakt z li\u015bci Aloe Barbadensis<\/b><span style=\"font-weight: 400;\"> Nawil\u017ca i od\u015bwie\u017ca, zapewniaj\u0105c natychmiastowe uczucie \u015bwie\u017co\u015bci.<\/span><\/li>\n<li style=\"font-weight: 400;\" aria-level=\"1\"><b>Gliceryna<\/b><span style=\"font-weight: 400;\"> Pomaga zatrzyma\u0107 wilgo\u0107, pozostawiaj\u0105c sk\u00f3r\u0119 mi\u0119kk\u0105 i g\u0142adk\u0105.<\/span><\/li>\n<\/ul>\n<p>&nbsp;<\/p>\n<h2><span style=\"font-weight: 400;\">Jak \u0142atwo z niego korzysta\u0107:<\/span><\/h2>\n<ol>\n<li style=\"font-weight: 400;\" aria-level=\"1\"><span style=\"font-weight: 400;\">Otw\u00f3rz opakowanie i ostro\u017cnie zdejmij mask\u0119.<\/span>&nbsp;<\/li>\n<li style=\"font-weight: 400;\" aria-level=\"1\"><span style=\"font-weight: 400;\">Na\u0142\u00f3\u017c go na czyst\u0105, such\u0105 twarz, dostosowuj\u0105c do kszta\u0142tu twarzy.<\/span>&nbsp;<\/li>\n<li style=\"font-weight: 400;\" aria-level=\"1\"><span style=\"font-weight: 400;\">Pozostawi\u0107 na <\/span><b>10 do 15 minut<\/b><span style=\"font-weight: 400;\">Nast\u0119pnie zdejmij mask\u0119.<\/span>&nbsp;<\/li>\n<li style=\"font-weight: 400;\" aria-level=\"1\"><span style=\"font-weight: 400;\">Wmasuj nadmiar produktu do ca\u0142kowitego wch\u0142oni\u0119cia i kontynuuj rutynowe zabiegi piel\u0119gnacyjne.<\/span>&nbsp;<\/li>\n<\/ol>\n<p><span style=\"font-weight: 400;\">Chcesz mie\u0107 \u015bwie\u017c\u0105, zrewitalizowan\u0105 cer\u0119 w zaledwie 15 minut? Dodaj go do koszyka ju\u017c teraz i ciesz si\u0119 natychmiastowym nawil\u017ceniem i \u015bwie\u017co\u015bci\u0105! <\/span><\/p>\n<p>&nbsp;<\/p>\n<h2><span style=\"font-weight: 400;\">FAQ : YOU-OLOGY Od\u015bwie\u017caj\u0105ca maska biocelulozowa<\/span><\/h2>\n<ol>\n<li><b>  Czy ta maska jest odpowiednia dla sk\u00f3ry wra\u017cliwej?<\/b><b><br \/>\n<\/b><span style=\"font-weight: 400;\">  Tak, zosta\u0142 specjalnie zaprojektowany dla sk\u00f3ry wra\u017cliwej. Jego biocelulozowa otoczka jest niezwykle delikatna i nie podra\u017cnia nawet najbardziej wra\u017cliwej sk\u00f3ry. <\/span><\/li>\n<li><b>  Ile razy w tygodniu mog\u0119 stosowa\u0107 t\u0119 mask\u0119?<\/b><b><br \/>\n<\/b><span style=\"font-weight: 400;\">  Zalecam stosowanie go raz lub dwa razy w tygodniu, aby zapewni\u0107 sk\u00f3rze maksymaln\u0105 \u015bwie\u017co\u015b\u0107 i nawil\u017cenie. Idealnie nadaje si\u0119 do pobudzenia sk\u00f3ry po m\u0119cz\u0105cym dniu. <\/span><\/li>\n<li><b>  Czy ta maseczka jest odpowiednia dla sk\u00f3ry dojrza\u0142ej?<\/b><b><br \/>\n<\/b><span style=\"font-weight: 400;\">  Jak najbardziej! Dzi\u0119ki swoim w\u0142a\u015bciwo\u015bciom nawil\u017caj\u0105cym i rewitalizuj\u0105cym jest szczeg\u00f3lnie korzystny dla sk\u00f3ry dojrza\u0142ej, kt\u00f3ra potrzebuje zastrzyku blasku i nawil\u017cenia. <\/span><\/li>\n<li><b>  Czy mog\u0119 u\u017cywa\u0107 go jako zamiennika moich krem\u00f3w nawil\u017caj\u0105cych?<\/b><b><br \/>\n<\/b><span style=\"font-weight: 400;\">  Ta maseczka jest idealnym uzupe\u0142nieniem rutynowej piel\u0119gnacji sk\u00f3ry. Chocia\u017c zapewnia g\u0142\u0119bokie nawil\u017cenie, zalecamy stosowanie jej z kremem nawil\u017caj\u0105cym, aby zmaksymalizowa\u0107 efekty. <\/span><\/li>\n<li><b>  Czy mask\u0119 mo\u017cna stosowa\u0107 wok\u00f3\u0142 oczu?<\/b><b><br \/>\n<\/b><span style=\"font-weight: 400;\">  Mo\u017cna go stosowa\u0107 wok\u00f3\u0142 oczu, ale nale\u017cy unika\u0107 bezpo\u015bredniego kontaktu z oczami. Je\u015bli dojdzie do kontaktu produktu z oczami, nale\u017cy dok\u0142adnie przemy\u0107 je czyst\u0105 wod\u0105. <\/span><\/li>\n<li><b>  Czy ta maska usuwa makija\u017c?<\/b><b><br \/>\n<\/b><span style=\"font-weight: 400;\">  Ta maseczka ma na celu nawil\u017cenie i rewitalizacj\u0119 sk\u00f3ry, ale nie zast\u0119puje p\u0142ynu do demakija\u017cu. Aby uzyska\u0107 najlepsze rezultaty, nale\u017cy stosowa\u0107 j\u0105 po usuni\u0119ciu makija\u017cu. <\/span><\/li>\n<li><b>  Czy mog\u0119 u\u017cywa\u0107 tej maski przed lub po serum?<\/b><b><br \/>\n<\/b><span style=\"font-weight: 400;\">  Mo\u017cna go stosowa\u0107 po serum, aby zwi\u0119kszy\u0107 nawil\u017cenie i zmaksymalizowa\u0107 dzia\u0142anie produktu do piel\u0119gnacji sk\u00f3ry. Mo\u017ce by\u0107 r\u00f3wnie\u017c stosowany wcze\u015bniej, aby nawil\u017cy\u0107 i przygotowa\u0107 sk\u00f3r\u0119 przed na\u0142o\u017ceniem innych produkt\u00f3w do piel\u0119gnacji sk\u00f3ry. <\/span><\/li>\n<\/ol>\n<p><span style=\"font-weight: 400;\">Twoja sk\u00f3ra Ci podzi\u0119kuje! Dodaj t\u0119 nawil\u017caj\u0105c\u0105 maseczk\u0119 do koszyka i odkryj bardziej promienn\u0105 sk\u00f3r\u0119 w zaledwie kilka minut!   <\/span><b>15 minut<\/b><span style=\"font-weight: 400;\">.<\/span><\/p>\n<p>&nbsp;<\/p>\n","protected":false},"excerpt":{"rendered":"<p><span style=\"font-weight: 400;\">Czy czujesz, \u017ce Twoja sk\u00f3ra potrzebuje troch\u0119 zastrzyku energii, ale nie masz czasu na zabiegi spa? Wiem dok\u0142adnie, jak si\u0119 czujesz, by\u0142am w tej samej \u0142odzi, zanim natkn\u0119\u0142am si\u0119 na   <\/span><b>YOU-OLOGY od\u015bwie\u017caj\u0105ca maska biocelulozowa<\/b><span style=\"font-weight: 400;\">.<\/span><\/p>\n<p><span style=\"font-weight: 400;\">Ta maseczka to najlepsza chwila relaksu. W zaledwie   <\/span><b>15 minut<\/b><span style=\"font-weight: 400;\">Intensywnie nawil\u017ca i od\u015bwie\u017ca moj\u0105 sk\u00f3r\u0119. Nak\u0142ada si\u0119 samoistnie i wystarczy si\u0119 tylko zrelaksowa\u0107.  Jest to  <\/span><b>mi\u0119kki<\/b><span style=\"font-weight: 400;\">A bioceluloza pomaga sk\u0142adnikom aktywnym \u0142atwiej si\u0119 rozprowadza\u0107, zapewniaj\u0105c mojej sk\u00f3rze natychmiastowe nawil\u017cenie. Nigdy wi\u0119cej zm\u0119czonej, matowej sk\u00f3ry, tylko promienna, od\u015bwie\u017cona cera. Ka\u017cda aplikacja daje mi uczucie sp\u0119dzenia chwili w spa, bez k\u0142opot\u00f3w.  <\/span><\/p>\n","protected":false},"featured_media":11376,"comment_status":"open","ping_status":"closed","template":"","meta":{"_seopress_robots_primary_cat":"none","_seopress_titles_title":"","_seopress_titles_desc":"","_seopress_robots_index":"","site-sidebar-layout":"default","site-content-layout":"","ast-site-content-layout":"default","site-content-style":"default","site-sidebar-style":"default","ast-global-header-display":"","ast-banner-title-visibility":"","ast-main-header-display":"","ast-hfb-above-header-display":"","ast-hfb-below-header-display":"","ast-hfb-mobile-header-display":"","site-post-title":"","ast-breadcrumbs-content":"","ast-featured-img":"","footer-sml-layout":"","ast-disable-related-posts":"","theme-transparent-header-meta":"default","adv-header-id-meta":"","stick-header-meta":"","header-above-stick-meta":"","header-main-stick-meta":"","header-below-stick-meta":"","astra-migrate-meta-layouts":"default","ast-page-background-enabled":"default","ast-page-background-meta":{"desktop":{"background-color":"var(--ast-global-color-4)","background-image":"","background-repeat":"repeat","background-position":"center center","background-size":"auto","background-attachment":"scroll","background-type":"","background-media":"","overlay-type":"","overlay-color":"","overlay-opacity":"","overlay-gradient":""},"tablet":{"background-color":"","background-image":"","background-repeat":"repeat","background-position":"center center","background-size":"auto","background-attachment":"scroll","background-type":"","background-media":"","overlay-type":"","overlay-color":"","overlay-opacity":"","overlay-gradient":""},"mobile":{"background-color":"","background-image":"","background-repeat":"repeat","background-position":"center center","background-size":"auto","background-attachment":"scroll","background-type":"","background-media":"","overlay-type":"","overlay-color":"","overlay-opacity":"","overlay-gradient":""}},"ast-content-background-meta":{"desktop":{"background-color":"var(--ast-global-color-5)","background-image":"","background-repeat":"repeat","background-position":"center center","background-size":"auto","background-attachment":"scroll","background-type":"","background-media":"","overlay-type":"","overlay-color":"","overlay-opacity":"","overlay-gradient":""},"tablet":{"background-color":"var(--ast-global-color-5)","background-image":"","background-repeat":"repeat","background-position":"center center","background-size":"auto","background-attachment":"scroll","background-type":"","background-media":"","overlay-type":"","overlay-color":"","overlay-opacity":"","overlay-gradient":""},"mobile":{"background-color":"var(--ast-global-color-5)","background-image":"","background-repeat":"repeat","background-position":"center center","background-size":"auto","background-attachment":"scroll","background-type":"","background-media":"","overlay-type":"","overlay-color":"","overlay-opacity":"","overlay-gradient":""}}},"product_brand":[],"product_cat":[111],"product_tag":[],"class_list":{"0":"post-11375","1":"product","2":"type-product","3":"status-publish","4":"has-post-thumbnail","6":"product_cat-skora","7":"desktop-align-left","8":"tablet-align-left","9":"mobile-align-left","11":"first","12":"instock","13":"sale","14":"shipping-taxable","15":"product-type-external"},"_links":{"self":[{"href":"https:\/\/youniquebyemilie.com\/pl\/wp-json\/wp\/v2\/product\/11375","targetHints":{"allow":["GET"]}}],"collection":[{"href":"https:\/\/youniquebyemilie.com\/pl\/wp-json\/wp\/v2\/product"}],"about":[{"href":"https:\/\/youniquebyemilie.com\/pl\/wp-json\/wp\/v2\/types\/product"}],"replies":[{"embeddable":true,"href":"https:\/\/youniquebyemilie.com\/pl\/wp-json\/wp\/v2\/comments?post=11375"}],"wp:featuredmedia":[{"embeddable":true,"href":"https:\/\/youniquebyemilie.com\/pl\/wp-json\/wp\/v2\/media\/11376"}],"wp:attachment":[{"href":"https:\/\/youniquebyemilie.com\/pl\/wp-json\/wp\/v2\/media?parent=11375"}],"wp:term":[{"taxonomy":"product_brand","embeddable":true,"href":"https:\/\/youniquebyemilie.com\/pl\/wp-json\/wp\/v2\/product_brand?post=11375"},{"taxonomy":"product_cat","embeddable":true,"href":"https:\/\/youniquebyemilie.com\/pl\/wp-json\/wp\/v2\/product_cat?post=11375"},{"taxonomy":"product_tag","embeddable":true,"href":"https:\/\/youniquebyemilie.com\/pl\/wp-json\/wp\/v2\/product_tag?post=11375"}],"curies":[{"name":"wp","href":"https:\/\/api.w.org\/{rel}","templated":true}]}}