{"id":11429,"date":"2025-07-25T08:21:36","date_gmt":"2025-07-25T06:21:36","guid":{"rendered":"https:\/\/youniquebyemilie.com\/produit\/you-niversal-kremowa-maseczka-z-glinka-i-weglem-drzewnym\/"},"modified":"2025-07-25T08:21:36","modified_gmt":"2025-07-25T06:21:36","slug":"you-niversal-kremowa-maseczka-z-glinka-i-weglem-drzewnym","status":"publish","type":"product","link":"https:\/\/youniquebyemilie.com\/pl\/produit\/you-niversal-kremowa-maseczka-z-glinka-i-weglem-drzewnym\/","title":{"rendered":"YOU NIVERSAL kremowa maseczka z glink\u0105 i w\u0119glem drzewnym"},"content":{"rendered":"<p><span style=\"font-weight: 400;\">Czy kiedykolwiek pr\u00f3bowa\u0142a\u015b maseczki oczyszczaj\u0105cej, kt\u00f3ra naprawd\u0119 spe\u0142nia swoje zadanie? Nie tylko oczyszcza, ale tak\u017ce pozostawia sk\u00f3r\u0119 promienn\u0105 i g\u0142adk\u0105? Pozw\u00f3l, \u017ce opowiem Ci o    <\/span><b>YOU-NIVERSAL Kremowa maska z glink\u0105 i w\u0119glem drzewnym<\/b><span style=\"font-weight: 400;\">.<\/span><\/p>\n<p><span style=\"font-weight: 400;\">Ta maseczka jest jak powiew \u015bwie\u017cego powietrza dla Twojej sk\u00f3ry! Zosta\u0142a opracowana, aby <\/span> <b> wch\u0142aniaj\u0105 nadmiar sebum<\/b><span style=\"font-weight: 400;\">, <\/span><b>detoksykuj\u0105 i oczyszczaj\u0105 sk\u00f3r\u0119<\/b><span style=\"font-weight: 400;\">. Z<\/span> <b> glinka kaolinowa<\/b><span style=\"font-weight: 400;\"> i <\/span><b>w\u0119giel drzewny<\/b><span style=\"font-weight: 400;\">i w\u0119giel drzewny, wychwytuje wszystkie zanieczyszczenia i pozostawia sk\u00f3r\u0119 <\/span><b>\u015bwie\u017c\u0105 i czyst\u0105.<\/b><span style=\"font-weight: 400;\">. Ale to nie wszystko! Dzi\u0119ki ekstraktom z winogron i imbiru cera jest detoksyfikowana, a twarz ukojona i nawil\u017cona. <\/span><\/p>\n<p><span style=\"font-weight: 400;\">Mas\u0142o <\/span><b>mas\u0142o shea<\/b><span style=\"font-weight: 400;\"> i<\/span><b> niacynamid<\/b><span style=\"font-weight: 400;\">  zmi\u0119kczaj\u0105 i r\u00f3wnowa\u017c\u0105 sk\u00f3r\u0119, redukuj\u0105c zaczerwienienia. To idealne po\u0142\u0105czenie dla promiennej cery i g\u0142adkiej sk\u00f3ry. Koniec z widocznymi porami i nadmiernym b\u0142yszczeniem!  <\/span><\/p>\n<h2><span style=\"font-weight: 400;\">Dlaczego to pokochasz:<\/span><\/h2>\n<ul>\n<li style=\"font-weight: 400;\" aria-level=\"1\"><b>Natychmiastowa redukcja por\u00f3w<\/b><span style=\"font-weight: 400;\"> Ju\u017c po pierwszym zastosowaniu 93% u\u017cytkownik\u00f3w zauwa\u017cy\u0142o, \u017ce ich pory s\u0105 widocznie zmniejszone i odblokowane.<\/span>&nbsp;<\/li>\n<li style=\"font-weight: 400;\" aria-level=\"1\"><b>Bardziej mi\u0119kka i g\u0142adka sk\u00f3ra<\/b><span style=\"font-weight: 400;\"> Glinka kaolinowa i w\u0119giel drzewny w po\u0142\u0105czeniu z mas\u0142em shea pozostawiaj\u0105 sk\u00f3r\u0119 niewiarygodnie mi\u0119kk\u0105 i g\u0142adk\u0105.<\/span>&nbsp;<\/li>\n<li style=\"font-weight: 400;\" aria-level=\"1\"><b>Zr\u00f3wnowa\u017cona, \u015bwie\u017ca cera<\/b><span style=\"font-weight: 400;\"> Dzi\u0119ki niacynamidowi cera jest bardziej jednolita, a zaczerwienienia zredukowane.<\/span>&nbsp;<\/li>\n<li style=\"font-weight: 400;\" aria-level=\"1\"><b>Intensywna detoksykacja<\/b><span style=\"font-weight: 400;\"> Ekstrakty z winogron i imbiru usuwaj\u0105 toksyny i zanieczyszczenia ze sk\u00f3ry, jednocze\u015bnie j\u0105 od\u017cywiaj\u0105c.<\/span>&nbsp;<\/li>\n<li style=\"font-weight: 400;\" aria-level=\"1\"><b>\u0141atwa aplikacja<\/b><span style=\"font-weight: 400;\"> Aby uzyska\u0107 perfekcyjn\u0105 aplikacj\u0119, po\u0142\u0105cz z p\u0119dzlem do maseczek Younique, aby uzyska\u0107 optymalne rezultaty.<\/span>&nbsp;<\/li>\n<\/ul>\n<h3><span style=\"font-weight: 400;\">Kluczowe sk\u0142adniki :<\/span><\/h3>\n<ul>\n<li style=\"font-weight: 400;\" aria-level=\"1\"><b>Glinka kaolinowa<\/b><span style=\"font-weight: 400;\"> \u015arodek oczyszczaj\u0105cy, kt\u00f3ry oczyszcza i poch\u0142ania nadmiar sebum, pozostawiaj\u0105c sk\u00f3r\u0119 mi\u0119kk\u0105.<\/span>&nbsp;<\/li>\n<li style=\"font-weight: 400;\" aria-level=\"1\"><b>W\u0119giel aktywny<\/b><span style=\"font-weight: 400;\"> Wychwytuje zanieczyszczenia i pomaga odblokowa\u0107 pory.<\/span>&nbsp;<\/li>\n<li style=\"font-weight: 400;\" aria-level=\"1\"><b>Niacynamid<\/b><span style=\"font-weight: 400;\"> Poprawia tekstur\u0119 sk\u00f3ry i zmniejsza widoczno\u015b\u0107 zaczerwienie\u0144.<\/span>&nbsp;<\/li>\n<li style=\"font-weight: 400;\" aria-level=\"1\"><b>Mas\u0142o Shea<\/b><span style=\"font-weight: 400;\"> Nawil\u017ca i od\u017cywia sk\u00f3r\u0119, zapewniaj\u0105c uczucie komfortu.<\/span>&nbsp;<\/li>\n<li style=\"font-weight: 400;\" aria-level=\"1\"><b>Ekstrakt z winogron i imbiru<\/b><span style=\"font-weight: 400;\"> Silne przeciwutleniacze, kt\u00f3re odtruwaj\u0105 i rewitalizuj\u0105 sk\u00f3r\u0119.<\/span>&nbsp;<\/li>\n<\/ul>\n<h2><span style=\"font-weight: 400;\">Jak u\u017cywa\u0107 :<\/span><\/h2>\n<ol>\n<li style=\"font-weight: 400;\" aria-level=\"1\"><b>Na\u0142o\u017cy\u0107 r\u00f3wnomiern\u0105 warstw\u0119<\/b><span style=\"font-weight: 400;\"> na czyst\u0105 sk\u00f3r\u0119.<\/span>&nbsp;<\/li>\n<li style=\"font-weight: 400;\" aria-level=\"1\"><b>Lekko masowa\u0107<\/b><span style=\"font-weight: 400;\"> aby wymiesza\u0107 kulki w\u0119gla drzewnego z kremow\u0105 glink\u0105 i uwolni\u0107 ich zalety.<\/span>&nbsp;<\/li>\n<li style=\"font-weight: 400;\" aria-level=\"1\"><b>Pozostawi\u0107 do pracy<\/b><span style=\"font-weight: 400;\"> na 10 minut.<\/span>&nbsp;<\/li>\n<li style=\"font-weight: 400;\" aria-level=\"1\"><b>Sp\u0142uka\u0107<\/b><span style=\"font-weight: 400;\"> letni\u0105 wod\u0105, aby ods\u0142oni\u0107 czyst\u0105, \u015bwie\u017c\u0105 i g\u0142adk\u0105 sk\u00f3r\u0119!<\/span>&nbsp;<\/li>\n<\/ol>\n<h2><span style=\"font-weight: 400;\">Uczy\u0144 t\u0119 mask\u0119 cz\u0119\u015bci\u0105 swojej codziennej rutyny:<\/span><\/h2>\n<p><span style=\"font-weight: 400;\">Kremowa maseczka z glink\u0105 i w\u0119glem drzewnym YOU-NIVERSAL jest idealna, aby zapewni\u0107 sobie \u015bwie\u017cy zastrzyk energii w zaledwie <\/span><b>10 minut<\/b><span style=\"font-weight: 400;\"> ! U\u017cywaj jej <\/span><b>raz lub dwa razy w tygodniu<\/b><span style=\"font-weight: 400;\">  dla promiennej cery i oczyszczonej sk\u00f3ry. To najlepsze narz\u0119dzie do kontrolowania nadmiaru sebum i po\u017cegnania si\u0119 z widocznymi porami. A wszystko to bez wysi\u0142ku, bez kompromis\u00f3w w zakresie jako\u015bci!  <\/span><\/p>\n<p><span style=\"font-weight: 400;\">Dodaj go do koszyka ju\u017c teraz, aby cieszy\u0107 si\u0119 oczyszczon\u0105, mi\u0119kk\u0105 i promienn\u0105 sk\u00f3r\u0105!<\/span><\/p>\n<p>&nbsp;<\/p>\n","protected":false},"excerpt":{"rendered":"<p><span style=\"font-weight: 400;\">Czy kiedykolwiek pr\u00f3bowa\u0142a\u015b maseczki oczyszczaj\u0105cej, kt\u00f3ra naprawd\u0119 spe\u0142nia swoje zadanie? Nie tylko oczyszcza, ale tak\u017ce pozostawia sk\u00f3r\u0119 promienn\u0105 i g\u0142adk\u0105? Pozw\u00f3l, \u017ce opowiem Ci o    <\/span><b>YOU-NIVERSAL Kremowa maseczka z glink\u0105 i w\u0119glem drzewnym<\/b><span style=\"font-weight: 400;\">.<\/span><\/p>\n<p><span style=\"font-weight: 400;\">Ta maseczka jest jak powiew \u015bwie\u017cego powietrza dla Twojej sk\u00f3ry! Zosta\u0142a opracowana, aby <\/span> <b> wch\u0142aniaj\u0105 nadmiar sebum<\/b><span style=\"font-weight: 400;\">, <\/span><b>detoksykuj\u0105 i oczyszczaj\u0105 sk\u00f3r\u0119<\/b><span style=\"font-weight: 400;\">. Z<\/span> <b> glinka kaolinowa<\/b><span style=\"font-weight: 400;\"> i <\/span><b>w\u0119giel drzewny<\/b><span style=\"font-weight: 400;\">i w\u0119giel drzewny, wychwytuje wszystkie zanieczyszczenia i pozostawia sk\u00f3r\u0119 <\/span><b>\u015bwie\u017c\u0105 i czyst\u0105.<\/b><span style=\"font-weight: 400;\">. Ale to nie wszystko! Dzi\u0119ki ekstraktom z winogron i imbiru cera jest detoksyfikowana, a twarz ukojona i nawil\u017cona. <\/span><\/p>\n","protected":false},"featured_media":11450,"comment_status":"open","ping_status":"closed","template":"","meta":{"_seopress_robots_primary_cat":"none","_seopress_titles_title":"","_seopress_titles_desc":"","_seopress_robots_index":"","site-sidebar-layout":"default","site-content-layout":"","ast-site-content-layout":"default","site-content-style":"default","site-sidebar-style":"default","ast-global-header-display":"","ast-banner-title-visibility":"","ast-main-header-display":"","ast-hfb-above-header-display":"","ast-hfb-below-header-display":"","ast-hfb-mobile-header-display":"","site-post-title":"","ast-breadcrumbs-content":"","ast-featured-img":"","footer-sml-layout":"","ast-disable-related-posts":"","theme-transparent-header-meta":"default","adv-header-id-meta":"","stick-header-meta":"","header-above-stick-meta":"","header-main-stick-meta":"","header-below-stick-meta":"","astra-migrate-meta-layouts":"default","ast-page-background-enabled":"default","ast-page-background-meta":{"desktop":{"background-color":"var(--ast-global-color-4)","background-image":"","background-repeat":"repeat","background-position":"center center","background-size":"auto","background-attachment":"scroll","background-type":"","background-media":"","overlay-type":"","overlay-color":"","overlay-opacity":"","overlay-gradient":""},"tablet":{"background-color":"","background-image":"","background-repeat":"repeat","background-position":"center center","background-size":"auto","background-attachment":"scroll","background-type":"","background-media":"","overlay-type":"","overlay-color":"","overlay-opacity":"","overlay-gradient":""},"mobile":{"background-color":"","background-image":"","background-repeat":"repeat","background-position":"center center","background-size":"auto","background-attachment":"scroll","background-type":"","background-media":"","overlay-type":"","overlay-color":"","overlay-opacity":"","overlay-gradient":""}},"ast-content-background-meta":{"desktop":{"background-color":"var(--ast-global-color-5)","background-image":"","background-repeat":"repeat","background-position":"center center","background-size":"auto","background-attachment":"scroll","background-type":"","background-media":"","overlay-type":"","overlay-color":"","overlay-opacity":"","overlay-gradient":""},"tablet":{"background-color":"var(--ast-global-color-5)","background-image":"","background-repeat":"repeat","background-position":"center center","background-size":"auto","background-attachment":"scroll","background-type":"","background-media":"","overlay-type":"","overlay-color":"","overlay-opacity":"","overlay-gradient":""},"mobile":{"background-color":"var(--ast-global-color-5)","background-image":"","background-repeat":"repeat","background-position":"center center","background-size":"auto","background-attachment":"scroll","background-type":"","background-media":"","overlay-type":"","overlay-color":"","overlay-opacity":"","overlay-gradient":""}}},"product_brand":[],"product_cat":[111],"product_tag":[],"class_list":{"0":"post-11429","1":"product","2":"type-product","3":"status-publish","4":"has-post-thumbnail","6":"product_cat-skora","7":"desktop-align-left","8":"tablet-align-left","9":"mobile-align-left","11":"first","12":"instock","13":"sale","14":"shipping-taxable","15":"product-type-external"},"_links":{"self":[{"href":"https:\/\/youniquebyemilie.com\/pl\/wp-json\/wp\/v2\/product\/11429","targetHints":{"allow":["GET"]}}],"collection":[{"href":"https:\/\/youniquebyemilie.com\/pl\/wp-json\/wp\/v2\/product"}],"about":[{"href":"https:\/\/youniquebyemilie.com\/pl\/wp-json\/wp\/v2\/types\/product"}],"replies":[{"embeddable":true,"href":"https:\/\/youniquebyemilie.com\/pl\/wp-json\/wp\/v2\/comments?post=11429"}],"wp:featuredmedia":[{"embeddable":true,"href":"https:\/\/youniquebyemilie.com\/pl\/wp-json\/wp\/v2\/media\/11450"}],"wp:attachment":[{"href":"https:\/\/youniquebyemilie.com\/pl\/wp-json\/wp\/v2\/media?parent=11429"}],"wp:term":[{"taxonomy":"product_brand","embeddable":true,"href":"https:\/\/youniquebyemilie.com\/pl\/wp-json\/wp\/v2\/product_brand?post=11429"},{"taxonomy":"product_cat","embeddable":true,"href":"https:\/\/youniquebyemilie.com\/pl\/wp-json\/wp\/v2\/product_cat?post=11429"},{"taxonomy":"product_tag","embeddable":true,"href":"https:\/\/youniquebyemilie.com\/pl\/wp-json\/wp\/v2\/product_tag?post=11429"}],"curies":[{"name":"wp","href":"https:\/\/api.w.org\/{rel}","templated":true}]}}