{"id":11430,"date":"2025-07-24T19:06:04","date_gmt":"2025-07-24T17:06:04","guid":{"rendered":"https:\/\/youniquebyemilie.com\/produit\/kredka-do-ust-moodstruck-precision\/"},"modified":"2025-07-24T19:06:04","modified_gmt":"2025-07-24T17:06:04","slug":"kredka-do-ust-moodstruck-precision","status":"publish","type":"product","link":"https:\/\/youniquebyemilie.com\/pl\/produit\/kredka-do-ust-moodstruck-precision\/","title":{"rendered":"Kredka do ust MOODSTRUCK PRECISION"},"content":{"rendered":"<p><span style=\"font-weight: 400;\">Kiedy\u015b mia\u0142am problem ze znalezieniem kontur\u00f3wki do ust, kt\u00f3ra utrzymywa\u0142aby si\u0119 na miejscu przez ca\u0142y dzie\u0144. <\/span><b>Pozostaje na miejscu przez ca\u0142y dzie\u0144<\/b><span style=\"font-weight: 400;\">  bez wi\u0119dni\u0119cia lub blakni\u0119cia, wiesz co mam na my\u015bli? Ale odk\u0105d odkry\u0142em   <\/span><b>Kredka do ust MOODSTRUCK PRECISION<\/b><span style=\"font-weight: 400;\">zmieni\u0142a wszystko.<\/span><\/p>\n<p><span style=\"font-weight: 400;\">Ten o\u0142\u00f3wek jest <\/span><b>wysoce napigmentowany<\/b><span style=\"font-weight: 400;\"> i jego <\/span><b>niesamowita trwa\u0142o\u015b\u0107<\/b><span style=\"font-weight: 400;\">. Trwa do  <\/span><b>8 godzin<\/b><span style=\"font-weight: 400;\">  bez transferu. I szczerze m\u00f3wi\u0105c, to nie tylko kwestia koloru: to tak\u017ce kwestia   <\/span><b>hydraty<\/b><span style=\"font-weight: 400;\"> i <\/span><b>od\u017cywia<\/b><span style=\"font-weight: 400;\"> moje usta, dzi\u0119ki<\/span><b>olejkowi jojoba<\/b><span style=\"font-weight: 400;\"> i <\/span><b>witaminie C<\/b><span style=\"font-weight: 400;\">. <\/span><b>\u017badnego dyskomfortu<\/b><span style=\"font-weight: 400;\">po prostu mi\u0119kki <\/span><b>mi\u0119kki<\/b><span style=\"font-weight: 400;\"> i <\/span><b>\u015bwietlisty<\/b><span style=\"font-weight: 400;\">.<\/span><\/p>\n<p><span style=\"font-weight: 400;\">U\u017cywam go codziennie do <\/span><b>podkre\u015blenia ust<\/b><span style=\"font-weight: 400;\">ale tak\u017ce, gdy chc\u0119 doda\u0107 troch\u0119 <\/span><b>koloru<\/b><span style=\"font-weight: 400;\">  nie martwi\u0105c si\u0119 o zadziory. W zestawie   <\/span><b>chowana konstrukcja<\/b><span style=\"font-weight: 400;\"> Nie trzeba go przycina\u0107: jest gotowy do u\u017cycia. <\/span><b>gotowy do u\u017cycia<\/b><span style=\"font-weight: 400;\"> kiedy tylko chcesz.<\/span><\/p>\n<p>&nbsp;<\/p>\n<h2><span style=\"font-weight: 400;\">Dlaczego pokochasz kontur\u00f3wk\u0119 do ust MOODSTRUCK PRECISION:<\/span><\/h2>\n<ul>\n<li style=\"font-weight: 400;\" aria-level=\"1\"><b>Wysoka pigmentacja<\/b><span style=\"font-weight: 400;\"> Intensywny kolor, kt\u00f3ry <\/span><b>definiuje i koloryzuje usta<\/b><span style=\"font-weight: 400;\"> za jednym poci\u0105gni\u0119ciem.<\/span>&nbsp;<\/li>\n<li style=\"font-weight: 400;\" aria-level=\"1\"><b>D\u0142ugotrwa\u0142y<\/b><span style=\"font-weight: 400;\"> Do <\/span><b>8 godzin bez rozmazywania<\/b><span style=\"font-weight: 400;\">Idealnie podkre\u015blone usta przez ca\u0142y dzie\u0144.<\/span>&nbsp;<\/li>\n<li style=\"font-weight: 400;\" aria-level=\"1\"><b>Komfort przez ca\u0142y dzie\u0144<\/b><span style=\"font-weight: 400;\"> 94% u\u017cytkownik\u00f3w uwa\u017ca, \u017ce <\/span><b>wygodny<\/b><span style=\"font-weight: 400;\">lekki i nieklej\u0105cy.<\/span>&nbsp;<\/li>\n<li style=\"font-weight: 400;\" aria-level=\"1\"><b>Od\u017cywcza formu\u0142a<\/b><span style=\"font-weight: 400;\"> Wzbogacona o <\/span><b>olej jojoba<\/b><span style=\"font-weight: 400;\"> i <\/span><b>witamin\u0119 C<\/b><span style=\"font-weight: 400;\">nawil\u017ca i od\u017cywia usta, zapewniaj\u0105c jednocze\u015bnie schludne wyko\u0144czenie.<\/span>&nbsp;<\/li>\n<li style=\"font-weight: 400;\" aria-level=\"1\"><b>Praktyczny i chowany<\/b><span style=\"font-weight: 400;\"> Nie ma potrzeby przycinania, jest zawsze <\/span><b>zawsze gotowa do u\u017cycia<\/b><span style=\"font-weight: 400;\">nawet gdy jeste\u015b poza domem.<\/span>&nbsp;<\/li>\n<\/ul>\n<p>&nbsp;<\/p>\n<h3><span style=\"font-weight: 400;\">Dost\u0119pne odcienie kredki do ust MOODSTRUCK PRECISION :<\/span><\/h3>\n<ul>\n<li style=\"font-weight: 400;\" aria-level=\"1\"><b>Mi\u0119kka zabawka - Mauve poussi\u00e9re<\/b><span style=\"font-weight: 400;\"> Subtelny <\/span><b>subtelny fiolet<\/b><span style=\"font-weight: 400;\"> dla delikatnego, naturalnego wygl\u0105du.<\/span>&nbsp;<\/li>\n<li style=\"font-weight: 400;\" aria-level=\"1\"><b>Mo\u017cliwo\u015b\u0107 dostosowania - br\u0105zowe drewno<\/b><span style=\"font-weight: 400;\"> : <\/span><b>Ciep\u0142y br\u0105z<\/b><span style=\"font-weight: 400;\">Idealny do uzyskania wyrafinowanego efektu.<\/span>&nbsp;<\/li>\n<li style=\"font-weight: 400;\" aria-level=\"1\"><b>Evergreen - czerwonawo-br\u0105zowy<\/b><span style=\"font-weight: 400;\"> : <\/span><b>Intensywno\u015b\u0107<\/b><span style=\"font-weight: 400;\"> i ciep\u0142o, przyci\u0105gaj\u0105cy uwag\u0119 br\u0105z.<\/span>&nbsp;<\/li>\n<li style=\"font-weight: 400;\" aria-level=\"1\"><b>Uprzejmy - Lekki karmel<\/b><span style=\"font-weight: 400;\"> : <\/span><b>Mi\u0119kki karmel<\/b><span style=\"font-weight: 400;\">Idealny do naturalnego wyko\u0144czenia.<\/span>&nbsp;<\/li>\n<li style=\"font-weight: 400;\" aria-level=\"1\"><b>Patience - kremowy r\u00f3\u017c<\/b><span style=\"font-weight: 400;\"> : <\/span><b>Kremowy r\u00f3\u017c<\/b><span style=\"font-weight: 400;\">Kremowy r\u00f3\u017c, lekki i promienny dla \u015bwie\u017cego wygl\u0105du.<\/span>&nbsp;<\/li>\n<li style=\"font-weight: 400;\" aria-level=\"1\"><b>Gotowy - jasnor\u00f3\u017cowy<\/b><span style=\"font-weight: 400;\"> : <\/span><b>Wibruj\u0105cy r\u00f3\u017c<\/b><span style=\"font-weight: 400;\">Dla odwa\u017cnego, dynamicznego wygl\u0105du.<\/span>&nbsp;<\/li>\n<li style=\"font-weight: 400;\" aria-level=\"1\"><b>Peppy - G\u0142\u0119bokie jagody<\/b><span style=\"font-weight: 400;\"> : <\/span><b>G\u0142\u0119bokie jagody<\/b><span style=\"font-weight: 400;\">Idealny do uzyskania szykownego, seksownego efektu.<\/span>&nbsp;<\/li>\n<li style=\"font-weight: 400;\" aria-level=\"1\"><b>Pride - Red<\/b><span style=\"font-weight: 400;\"> : <\/span><b>Klasyczna czerwie\u0144<\/b><span style=\"font-weight: 400;\">seksowna i nieodparta.<\/span>&nbsp;<\/li>\n<li style=\"font-weight: 400;\" aria-level=\"1\"><b>Wysoka cena - Bezbarwna baza pod usta<\/b><span style=\"font-weight: 400;\"> : <\/span><b>Bezbarwna baza<\/b><span style=\"font-weight: 400;\">Idealna przed na\u0142o\u017ceniem pomadki.<\/span>&nbsp;<\/li>\n<\/ul>\n<h2><span style=\"font-weight: 400;\">Jak mo\u017cna go \u0142atwo u\u017cywa\u0107:<\/span><\/h2>\n<ul>\n<li style=\"font-weight: 400;\" aria-level=\"1\"><span style=\"font-weight: 400;\">Zacznij od narysowania <\/span><b>X<\/b><span style=\"font-weight: 400;\"> na \u0142uku Kupidyna, aby zaznaczy\u0107 \u015brodek ust i uzyska\u0107 precyzyjny kszta\u0142t. <\/span><b>precyzyjny kszta\u0142t<\/b><span style=\"font-weight: 400;\">.<\/span>&nbsp;<\/li>\n<li style=\"font-weight: 400;\" aria-level=\"1\"><span style=\"font-weight: 400;\">Obrysuj <\/span><b>zewn\u0119trzne k\u0105ciki<\/b><span style=\"font-weight: 400;\"> zewn\u0119trznych k\u0105cik\u00f3w ust i <\/span><b>doln\u0105 kraw\u0119d\u017a<\/b><span style=\"font-weight: 400;\"> aby stworzy\u0107 czysty, wyra\u017any kontur.<\/span>&nbsp;<\/li>\n<li style=\"font-weight: 400;\" aria-level=\"1\"><span style=\"font-weight: 400;\">Wype\u0142nij wn\u0119trze ust za pomoc\u0105 <\/span><b>kredk\u0105 do ust<\/b><span style=\"font-weight: 400;\"> MOODSTRUCK PRECISION, zgodnie z narysowanym konturem.<\/span><\/li>\n<\/ul>\n<p>&nbsp;<\/p>\n<h2><span style=\"font-weight: 400;\">Dlaczego polecam go bez wahania:<\/span><\/h2>\n<p><span style=\"font-weight: 400;\">Nie b\u0119d\u0119 owija\u0107 w bawe\u0142n\u0119: je\u015bli szukasz <\/span><b>kontur\u00f3wki do ust, kt\u00f3ra wytrzyma ca\u0142y dzie\u0144<\/b><span style=\"font-weight: 400;\">to <\/span><b>nie wysusza ust<\/b><span style=\"font-weight: 400;\"> i kt\u00f3ra <\/span><b>oferuje intensywny, precyzyjny kolor<\/b><span style=\"font-weight: 400;\">jest ten. To   <\/span><b>ma same zalety<\/b><span style=\"font-weight: 400;\">  \u0141atwo si\u0119 nak\u0142ada, nie rozmazuje si\u0119 i nawil\u017ca sk\u00f3r\u0119. Praktyczny do zabrania wsz\u0119dzie. <\/span><\/p>\n<p><span style=\"font-weight: 400;\">Dodaj j\u0105 do koszyka ju\u017c teraz i nadaj swoim ustom idealny kontur, kt\u00f3ry utrzyma si\u0119 przez ca\u0142y dzie\u0144.<\/span><\/p>\n<p>&nbsp;<\/p>\n","protected":false},"excerpt":{"rendered":"<p><span style=\"font-weight: 400;\">Kiedy\u015b mia\u0142am problem ze znalezieniem kontur\u00f3wki do ust, kt\u00f3ra utrzymywa\u0142aby si\u0119 na miejscu przez ca\u0142y dzie\u0144. <\/span><b>Pozostaje na miejscu przez ca\u0142y dzie\u0144<\/b><span style=\"font-weight: 400;\">  bez wi\u0119dni\u0119cia lub blakni\u0119cia, wiesz co mam na my\u015bli? Ale odk\u0105d odkry\u0142em   <\/span><b>Kredka do ust MOODSTRUCK PRECISION<\/b><span style=\"font-weight: 400;\">zmieni\u0142a wszystko.<\/span><\/p>\n<p><span style=\"font-weight: 400;\">Ten o\u0142\u00f3wek jest <\/span><b>wysoce napigmentowany<\/b><span style=\"font-weight: 400;\"> i jego <\/span><b>niesamowita trwa\u0142o\u015b\u0107<\/b><span style=\"font-weight: 400;\">. Trwa do  <\/span><b>8 godzin<\/b><span style=\"font-weight: 400;\">  bez transferu. I szczerze m\u00f3wi\u0105c, to nie tylko kwestia koloru: to tak\u017ce kwestia   <\/span><b>hydraty<\/b><span style=\"font-weight: 400;\"> i <\/span><b>od\u017cywia<\/b><span style=\"font-weight: 400;\"> moje usta, dzi\u0119ki<\/span><b>olejkowi jojoba<\/b><span style=\"font-weight: 400;\"> i <\/span><b>witaminie C<\/b><span style=\"font-weight: 400;\">. <\/span><b>\u017badnego dyskomfortu<\/b><span style=\"font-weight: 400;\">po prostu mi\u0119kki <\/span><b>mi\u0119kki<\/b><span style=\"font-weight: 400;\"> i <\/span><b>\u015bwietlisty<\/b><span style=\"font-weight: 400;\">.<\/span><\/p>\n","protected":false},"featured_media":11434,"comment_status":"open","ping_status":"closed","template":"","meta":{"_seopress_robots_primary_cat":"none","_seopress_titles_title":"","_seopress_titles_desc":"","_seopress_robots_index":"","site-sidebar-layout":"default","site-content-layout":"","ast-site-content-layout":"default","site-content-style":"default","site-sidebar-style":"default","ast-global-header-display":"","ast-banner-title-visibility":"","ast-main-header-display":"","ast-hfb-above-header-display":"","ast-hfb-below-header-display":"","ast-hfb-mobile-header-display":"","site-post-title":"","ast-breadcrumbs-content":"","ast-featured-img":"","footer-sml-layout":"","ast-disable-related-posts":"","theme-transparent-header-meta":"default","adv-header-id-meta":"","stick-header-meta":"","header-above-stick-meta":"","header-main-stick-meta":"","header-below-stick-meta":"","astra-migrate-meta-layouts":"default","ast-page-background-enabled":"default","ast-page-background-meta":{"desktop":{"background-color":"var(--ast-global-color-4)","background-image":"","background-repeat":"repeat","background-position":"center center","background-size":"auto","background-attachment":"scroll","background-type":"","background-media":"","overlay-type":"","overlay-color":"","overlay-opacity":"","overlay-gradient":""},"tablet":{"background-color":"","background-image":"","background-repeat":"repeat","background-position":"center center","background-size":"auto","background-attachment":"scroll","background-type":"","background-media":"","overlay-type":"","overlay-color":"","overlay-opacity":"","overlay-gradient":""},"mobile":{"background-color":"","background-image":"","background-repeat":"repeat","background-position":"center center","background-size":"auto","background-attachment":"scroll","background-type":"","background-media":"","overlay-type":"","overlay-color":"","overlay-opacity":"","overlay-gradient":""}},"ast-content-background-meta":{"desktop":{"background-color":"var(--ast-global-color-5)","background-image":"","background-repeat":"repeat","background-position":"center center","background-size":"auto","background-attachment":"scroll","background-type":"","background-media":"","overlay-type":"","overlay-color":"","overlay-opacity":"","overlay-gradient":""},"tablet":{"background-color":"var(--ast-global-color-5)","background-image":"","background-repeat":"repeat","background-position":"center center","background-size":"auto","background-attachment":"scroll","background-type":"","background-media":"","overlay-type":"","overlay-color":"","overlay-opacity":"","overlay-gradient":""},"mobile":{"background-color":"var(--ast-global-color-5)","background-image":"","background-repeat":"repeat","background-position":"center center","background-size":"auto","background-attachment":"scroll","background-type":"","background-media":"","overlay-type":"","overlay-color":"","overlay-opacity":"","overlay-gradient":""}}},"product_brand":[],"product_cat":[115],"product_tag":[],"class_list":{"0":"post-11430","1":"product","2":"type-product","3":"status-publish","4":"has-post-thumbnail","6":"product_cat-usta","7":"desktop-align-left","8":"tablet-align-left","9":"mobile-align-left","11":"first","12":"instock","13":"sale","14":"shipping-taxable","15":"product-type-external"},"_links":{"self":[{"href":"https:\/\/youniquebyemilie.com\/pl\/wp-json\/wp\/v2\/product\/11430","targetHints":{"allow":["GET"]}}],"collection":[{"href":"https:\/\/youniquebyemilie.com\/pl\/wp-json\/wp\/v2\/product"}],"about":[{"href":"https:\/\/youniquebyemilie.com\/pl\/wp-json\/wp\/v2\/types\/product"}],"replies":[{"embeddable":true,"href":"https:\/\/youniquebyemilie.com\/pl\/wp-json\/wp\/v2\/comments?post=11430"}],"wp:featuredmedia":[{"embeddable":true,"href":"https:\/\/youniquebyemilie.com\/pl\/wp-json\/wp\/v2\/media\/11434"}],"wp:attachment":[{"href":"https:\/\/youniquebyemilie.com\/pl\/wp-json\/wp\/v2\/media?parent=11430"}],"wp:term":[{"taxonomy":"product_brand","embeddable":true,"href":"https:\/\/youniquebyemilie.com\/pl\/wp-json\/wp\/v2\/product_brand?post=11430"},{"taxonomy":"product_cat","embeddable":true,"href":"https:\/\/youniquebyemilie.com\/pl\/wp-json\/wp\/v2\/product_cat?post=11430"},{"taxonomy":"product_tag","embeddable":true,"href":"https:\/\/youniquebyemilie.com\/pl\/wp-json\/wp\/v2\/product_tag?post=11430"}],"curies":[{"name":"wp","href":"https:\/\/api.w.org\/{rel}","templated":true}]}}