{"id":11572,"date":"2025-07-24T16:13:58","date_gmt":"2025-07-24T14:13:58","guid":{"rendered":"https:\/\/youniquebyemilie.com\/produit\/kredka-do-oczu-w-plynie-moodstruck-precision-odcien-perfect\/"},"modified":"2025-07-24T16:13:58","modified_gmt":"2025-07-24T14:13:58","slug":"kredka-do-oczu-w-plynie-moodstruck-precision-odcien-perfect","status":"publish","type":"product","link":"https:\/\/youniquebyemilie.com\/pl\/produit\/kredka-do-oczu-w-plynie-moodstruck-precision-odcien-perfect\/","title":{"rendered":"Kredka do oczu w p\u0142ynie MOODSTRUCK PRECISION - odcie\u0144 &#8222;Perfect&#8221;"},"content":{"rendered":"<p><span style=\"font-weight: 400;\">Znasz ten moment, kiedy tw\u00f3j eyeliner si\u0119 psuje i musisz powt\u00f3rzy\u0107 ca\u0142\u0105 g\u0142ow\u0119? Ja te\u017c, dop\u00f3ki nie odkry\u0142am   <\/span><b>PRECYZJA NASTROJU<\/b><span style=\"font-weight: 400;\">. Ten ma\u0142y klejnot zmieni\u0142 moj\u0105 rutyn\u0119 makija\u017cu:  <\/span><b>czysta, precyzyjna kreska, kt\u00f3ra utrzymuje si\u0119 przez ca\u0142y dzie\u0144<\/b><span style=\"font-weight: 400;\">nawet gdy jestem bardzo zaj\u0119ta.<\/span><\/p>\n<p><span style=\"font-weight: 400;\">Dzi\u0119ki <\/span><b>super praktyczna ko\u0144c\u00f3wka d\u0142uta<\/b><span style=\"font-weight: 400;\">Nareszcie mog\u0119 kontrolowa\u0107 swoje skrzyd\u0142a w mgnieniu oka, bez rozmazywania i retuszowania. Jego formu\u0142a   <\/span><b>wodoodporny <\/b><span style=\"font-weight: 400;\">i <\/span><b>zapobiegaj\u0105cy przenoszeniu<\/b><span style=\"font-weight: 400;\"> wytrzymuje do <\/span><b>do 10 godzin*.<\/b><span style=\"font-weight: 400;\">Spodoba ci si\u0119, gwarantuj\u0119! Spodoba ci si\u0119, gwarantuj\u0119! <\/span><\/p>\n<h2><span style=\"font-weight: 400;\">Co zyskujesz dzi\u0119ki eyelinerowi MOODSTRUCK PRECISION<\/span><\/h2>\n<ul>\n<li style=\"font-weight: 400;\" aria-level=\"1\"><b>Niezwykle intensywna pigmentacja<\/b><span style=\"font-weight: 400;\"> podkre\u015bla oczy g\u0142\u0119bok\u0105 czerni\u0105, zapewniaj\u0105c natychmiastowy efekt &#8222;wow&#8221;.<\/span>&nbsp;<\/li>\n<li style=\"font-weight: 400;\" aria-level=\"1\"><b>Szybka i p\u0142ynna aplikacja<\/b><span style=\"font-weight: 400;\">Dzi\u0119ki innowacyjnej, \u015bci\u0119tej ko\u0144c\u00f3wce, kt\u00f3ra sama si\u0119 nak\u0142ada i zapewnia doskona\u0142\u0105 kontrol\u0119.<\/span>&nbsp;<\/li>\n<li style=\"font-weight: 400;\" aria-level=\"1\"><b>D\u0142ugotrwa\u0142a wodoodporno\u015b\u0107<\/b><span style=\"font-weight: 400;\">Wodoodporny, odporny na pot, rozmazywanie i wod\u0119, zapewnia nieskazitelny makija\u017c od rana do wieczora.<\/span>&nbsp;<\/li>\n<li style=\"font-weight: 400;\" aria-level=\"1\"><b>Delikatna formu\u0142a<\/b><span style=\"font-weight: 400;\">Delikatna formu\u0142a, kt\u00f3ra nie wp\u0142ywa negatywnie na wra\u017cliw\u0105 sk\u00f3r\u0119 wok\u00f3\u0142 oczu.<\/span>&nbsp;<\/li>\n<\/ul>\n<h2><span style=\"font-weight: 400;\">Jak korzysta\u0107 z MOODSTRUCK PRECISION, aby uzyska\u0107 nieskazitelny wygl\u0105d?<\/span><\/h2>\n<ol>\n<li style=\"font-weight: 400;\" aria-level=\"1\"><span style=\"font-weight: 400;\">Dobrze wstrz\u0105\u015bnij butelk\u0105, aby aktywowa\u0107 magiczn\u0105 formu\u0142\u0119.<\/span>&nbsp;<\/li>\n<li style=\"font-weight: 400;\" aria-level=\"1\"><span style=\"font-weight: 400;\">Na czystej, suchej <\/span><b>czystej, suchej sk\u00f3rze<\/b><span style=\"font-weight: 400;\">narysuj cienk\u0105 lini\u0119 wzd\u0142u\u017c nasady g\u00f3rnych rz\u0119s, od wewn\u0119trznego k\u0105cika na zewn\u0105trz.<\/span>&nbsp;<\/li>\n<li style=\"font-weight: 400;\" aria-level=\"1\"><span style=\"font-weight: 400;\">Dostosuj grubo\u015b\u0107 do swojego nastroju: dyskretny na dzie\u0144, grubszy i bardziej dramatyczny na wiecz\u00f3r.<\/span>&nbsp;<\/li>\n<li style=\"font-weight: 400;\" aria-level=\"1\"><span style=\"font-weight: 400;\">Aby uzyska\u0107 efekt przydymionego oka, delikatnie rozetrzyj kresk\u0119 p\u0119dzelkiem lub palcami natychmiast po aplikacji.<\/span>&nbsp;<\/li>\n<li style=\"font-weight: 400;\" aria-level=\"1\"><span style=\"font-weight: 400;\">Pozostawi\u0107 do wyschni\u0119cia na kilka sekund bez mrugania.<\/span>&nbsp;<\/li>\n<li style=\"font-weight: 400;\" aria-level=\"1\"><span style=\"font-weight: 400;\">Nie zapomnij za\u0142o\u017cy\u0107 z powrotem nasadki, aby zachowa\u0107 \u015bwie\u017co\u015b\u0107 i skuteczno\u015b\u0107 ko\u0144c\u00f3wki.<\/span>&nbsp;<\/li>\n<\/ol>\n<h2><span style=\"font-weight: 400;\">Dlaczego MOODSTRUCK PRECISION jest niezb\u0119dny w Twojej kosmetyczce?<\/span><\/h2>\n<p><span style=\"font-weight: 400;\">Niezale\u017cnie od tego, czy jeste\u015b nowicjuszem w makija\u017cu, czy profesjonalist\u0105, ten eyeliner to prawdziwy ratunek. \u0141\u0105czy w sobie <\/span><b>  \u0142atwo\u015b\u0107, intensywno\u015b\u0107 i konkretny chwyt<\/b><span style=\"font-weight: 400;\">. Uwielbiam jego p\u0142ynn\u0105 konsystencj\u0119 i bogat\u0105 pigmentacj\u0119, nawet gdy si\u0119 spiesz\u0119. A poniewa\u017c szanuje Twoj\u0105 sk\u00f3r\u0119, jest idealny dla wra\u017cliwych oczu. Koniecznie dodaj j\u0105 do swojego zestawu - nie po\u017ca\u0142ujesz!  <\/span><\/p>\n<p>&nbsp;<\/p>\n<h2><span style=\"font-weight: 400;\">FAQ: Wszystko, co musisz wiedzie\u0107 o eyelinerze MOODSTRUCK PRECISION<\/span><\/h2>\n<ol>\n<li style=\"font-weight: 400;\" aria-level=\"1\"><b>Czy jest odpowiedni dla wra\u017cliwych oczu i os\u00f3b nosz\u0105cych soczewki kontaktowe?<\/b><b><br \/>\n<\/b><span style=\"font-weight: 400;\">  Tak, jego delikatna formu\u0142a zosta\u0142a przetestowana pod k\u0105tem minimalizowania podra\u017cnie\u0144, nawet w przypadku sk\u00f3ry wra\u017cliwej i os\u00f3b nosz\u0105cych soczewki kontaktowe.<\/span><\/li>\n<li style=\"font-weight: 400;\" aria-level=\"1\"><b>Czy mog\u0119 narysowa\u0107 kresk\u0119 po wewn\u0119trznej stronie powieki (linia wodna)?<\/b><b><br \/>\n<\/b><span style=\"font-weight: 400;\">  Tak, jest wystarczaj\u0105co mi\u0119kki i precyzyjny, aby mo\u017cna go by\u0142o nak\u0142ada\u0107 na wewn\u0119trzn\u0105 lini\u0119 rz\u0119s bez dyskomfortu.<\/span><\/li>\n<li style=\"font-weight: 400;\" aria-level=\"1\"><b>Czy mog\u0119 \u0142\u0105czy\u0107 go z innymi produktami YOUNIQUE?<\/b><b><br \/>\n<\/b><span style=\"font-weight: 400;\">  Doskonale komponuje si\u0119 z tuszem do rz\u0119s MOODSTRUCK EPIC i kompaktowymi cieniami do powiek MOODSTRUCK, zapewniaj\u0105c kompletny wygl\u0105d.<\/span><\/li>\n<li style=\"font-weight: 400;\" aria-level=\"1\"><b>Jak zachowa\u0107 jako\u015b\u0107 eyelinera?<\/b><b><br \/>\n<\/b><span style=\"font-weight: 400;\">  Przechowywa\u0107 z dala od \u017ar\u00f3de\u0142 ciep\u0142a i \u015bwiat\u0142a, a po ka\u017cdym u\u017cyciu szczelnie zamkn\u0105\u0107 nakr\u0119tk\u0119, aby zapobiec wysychaniu.<\/span><\/li>\n<\/ol>\n<p><span style=\"font-weight: 400;\">Gotowa, by przenie\u015b\u0107 sw\u00f3j wygl\u0105d na wy\u017cszy poziom? Zam\u00f3w kredk\u0119 MOODSTRUCK PRECISION ju\u017c teraz i odkryj moc perfekcyjnie kontrolowanego, czystego, intensywnego spojrzenia od rana do wieczora. Pokochasz j\u0105, to pewne!  <\/span><\/p>\n","protected":false},"excerpt":{"rendered":"<p><span style=\"font-weight: 400;\">Znasz ten moment, kiedy tw\u00f3j eyeliner si\u0119 psuje i musisz przerobi\u0107 ca\u0142\u0105 g\u0142ow\u0119? Ja te\u017c, dop\u00f3ki nie odkry\u0142am   <\/span><b>PRECYZJA NASTROJU<\/b><span style=\"font-weight: 400;\">. Ten ma\u0142y klejnot zmieni\u0142 moj\u0105 rutyn\u0119 makija\u017cu:  <\/span><b>czysta, precyzyjna kreska, kt\u00f3ra utrzymuje si\u0119 przez ca\u0142y dzie\u0144<\/b><span style=\"font-weight: 400;\">nawet gdy jestem bardzo zaj\u0119ta.<\/span><\/p>\n<p><span style=\"font-weight: 400;\">Dzi\u0119ki <\/span><b>super praktyczna ko\u0144c\u00f3wka d\u0142uta<\/b><span style=\"font-weight: 400;\">Nareszcie mog\u0119 kontrolowa\u0107 swoje skrzyd\u0142a w mgnieniu oka, bez rozmazywania i retuszowania. Jego formu\u0142a   <\/span><b>wodoodporny <\/b><span style=\"font-weight: 400;\">i <\/span><b>zapobiegaj\u0105cy przenoszeniu<\/b><span style=\"font-weight: 400;\"> wytrzymuje do <\/span><b>do 10 godzin*.<\/b><span style=\"font-weight: 400;\">Spodoba ci si\u0119, gwarantuj\u0119! Spodoba ci si\u0119, gwarantuj\u0119! <\/span><\/p>\n","protected":false},"featured_media":11573,"comment_status":"open","ping_status":"closed","template":"","meta":{"_seopress_robots_primary_cat":"none","_seopress_titles_title":"","_seopress_titles_desc":"","_seopress_robots_index":"","site-sidebar-layout":"default","site-content-layout":"","ast-site-content-layout":"default","site-content-style":"default","site-sidebar-style":"default","ast-global-header-display":"","ast-banner-title-visibility":"","ast-main-header-display":"","ast-hfb-above-header-display":"","ast-hfb-below-header-display":"","ast-hfb-mobile-header-display":"","site-post-title":"","ast-breadcrumbs-content":"","ast-featured-img":"","footer-sml-layout":"","ast-disable-related-posts":"","theme-transparent-header-meta":"default","adv-header-id-meta":"","stick-header-meta":"","header-above-stick-meta":"","header-main-stick-meta":"","header-below-stick-meta":"","astra-migrate-meta-layouts":"default","ast-page-background-enabled":"default","ast-page-background-meta":{"desktop":{"background-color":"var(--ast-global-color-4)","background-image":"","background-repeat":"repeat","background-position":"center center","background-size":"auto","background-attachment":"scroll","background-type":"","background-media":"","overlay-type":"","overlay-color":"","overlay-opacity":"","overlay-gradient":""},"tablet":{"background-color":"","background-image":"","background-repeat":"repeat","background-position":"center center","background-size":"auto","background-attachment":"scroll","background-type":"","background-media":"","overlay-type":"","overlay-color":"","overlay-opacity":"","overlay-gradient":""},"mobile":{"background-color":"","background-image":"","background-repeat":"repeat","background-position":"center center","background-size":"auto","background-attachment":"scroll","background-type":"","background-media":"","overlay-type":"","overlay-color":"","overlay-opacity":"","overlay-gradient":""}},"ast-content-background-meta":{"desktop":{"background-color":"var(--ast-global-color-5)","background-image":"","background-repeat":"repeat","background-position":"center center","background-size":"auto","background-attachment":"scroll","background-type":"","background-media":"","overlay-type":"","overlay-color":"","overlay-opacity":"","overlay-gradient":""},"tablet":{"background-color":"var(--ast-global-color-5)","background-image":"","background-repeat":"repeat","background-position":"center center","background-size":"auto","background-attachment":"scroll","background-type":"","background-media":"","overlay-type":"","overlay-color":"","overlay-opacity":"","overlay-gradient":""},"mobile":{"background-color":"var(--ast-global-color-5)","background-image":"","background-repeat":"repeat","background-position":"center center","background-size":"auto","background-attachment":"scroll","background-type":"","background-media":"","overlay-type":"","overlay-color":"","overlay-opacity":"","overlay-gradient":""}}},"product_brand":[],"product_cat":[95],"product_tag":[],"class_list":{"0":"post-11572","1":"product","2":"type-product","3":"status-publish","4":"has-post-thumbnail","6":"product_cat-oczy","7":"desktop-align-left","8":"tablet-align-left","9":"mobile-align-left","11":"first","12":"instock","13":"sale","14":"shipping-taxable","15":"product-type-external"},"_links":{"self":[{"href":"https:\/\/youniquebyemilie.com\/pl\/wp-json\/wp\/v2\/product\/11572","targetHints":{"allow":["GET"]}}],"collection":[{"href":"https:\/\/youniquebyemilie.com\/pl\/wp-json\/wp\/v2\/product"}],"about":[{"href":"https:\/\/youniquebyemilie.com\/pl\/wp-json\/wp\/v2\/types\/product"}],"replies":[{"embeddable":true,"href":"https:\/\/youniquebyemilie.com\/pl\/wp-json\/wp\/v2\/comments?post=11572"}],"wp:featuredmedia":[{"embeddable":true,"href":"https:\/\/youniquebyemilie.com\/pl\/wp-json\/wp\/v2\/media\/11573"}],"wp:attachment":[{"href":"https:\/\/youniquebyemilie.com\/pl\/wp-json\/wp\/v2\/media?parent=11572"}],"wp:term":[{"taxonomy":"product_brand","embeddable":true,"href":"https:\/\/youniquebyemilie.com\/pl\/wp-json\/wp\/v2\/product_brand?post=11572"},{"taxonomy":"product_cat","embeddable":true,"href":"https:\/\/youniquebyemilie.com\/pl\/wp-json\/wp\/v2\/product_cat?post=11572"},{"taxonomy":"product_tag","embeddable":true,"href":"https:\/\/youniquebyemilie.com\/pl\/wp-json\/wp\/v2\/product_tag?post=11572"}],"curies":[{"name":"wp","href":"https:\/\/api.w.org\/{rel}","templated":true}]}}