{"id":11580,"date":"2025-07-24T16:01:47","date_gmt":"2025-07-24T14:01:47","guid":{"rendered":"https:\/\/youniquebyemilie.com\/produit\/kredka-do-oczu-dip-draw\/"},"modified":"2025-07-24T16:01:47","modified_gmt":"2025-07-24T14:01:47","slug":"kredka-do-oczu-dip-draw","status":"publish","type":"product","link":"https:\/\/youniquebyemilie.com\/pl\/produit\/kredka-do-oczu-dip-draw\/","title":{"rendered":"Kredka do oczu DIP &amp; DRAW"},"content":{"rendered":"<p><span style=\"font-weight: 400;\">Potrzebujesz eyelinera, kt\u00f3ry nie zawiedzie Ci\u0119 nawet w deszczu lub po ca\u0142ym dniu maratonu? Wypr\u00f3bowa\u0142am   <\/span><b>DIP &amp; DRAW<\/b><span style=\"font-weight: 400;\">Od tamtej pory jest to m\u00f3j must-have. Jest wodoodporny do <\/span> <b> 18 godzin<\/b><span style=\"font-weight: 400;\"> zapewnia g\u0142\u0119boki, czysty wygl\u0105d bez rozmazywania.<\/span><\/p>\n<p><span style=\"font-weight: 400;\">Dzi\u0119ki <\/span><b>ultracienkiej ko\u0144c\u00f3wce<\/b><span style=\"font-weight: 400;\">Ta p\u0142ynna kredka jest niezwykle \u0142atwa do kontrolowania, dzi\u0119ki czemu mo\u017cesz stworzy\u0107 cienk\u0105 lini\u0119 lub odwa\u017cny przydymiony wygl\u0105d, tak jak lubisz. Ta p\u0142ynna kredka jest bardzo \u0142atwa do opanowania, idealna do po\u0142yskuj\u0105cego makija\u017cu bez zb\u0119dnego zamieszania. <\/span><\/p>\n<h2><span style=\"font-weight: 400;\">Co zyskujesz dzi\u0119ki eyelinerowi DIP &amp; DRAW<\/span><\/h2>\n<ul>\n<li style=\"font-weight: 400;\" aria-level=\"1\"><b>Niezr\u00f3wnana wodoodporno\u015b\u0107 i odporno\u015b\u0107 na pot<\/b><span style=\"font-weight: 400;\">Makija\u017c, kt\u00f3ry nie sp\u0142ywa, nie rozmazuje si\u0119 i utrzymuje si\u0119 od rana do wieczora, niezale\u017cnie od tempa.<\/span><\/li>\n<li style=\"font-weight: 400;\" aria-level=\"1\"><b>Bogate, intensywne kolory<\/b><span style=\"font-weight: 400;\">G\u0142\u0119boka czer\u0144 i niezwykle wyrafinowany matowy br\u0105z podkre\u015bl\u0105 ka\u017cd\u0105 stylizacj\u0119.<\/span><\/li>\n<li style=\"font-weight: 400;\" aria-level=\"1\"><b>Cienka, elastyczna ko\u0144c\u00f3wka<\/b><span style=\"font-weight: 400;\"> do \u0142atwego i precyzyjnego nak\u0142adania kresek, idealna nawet dla pocz\u0105tkuj\u0105cych.<\/span><\/li>\n<li style=\"font-weight: 400;\" aria-level=\"1\"><b>P\u0142ynna, szybkoschn\u0105ca konsystencja<\/b><span style=\"font-weight: 400;\">P\u0142ynna, szybkoschn\u0105ca konsystencja, kt\u00f3ra nie pozostawia smug i zapewnia profesjonalny efekt za ka\u017cdym razem.<\/span><\/li>\n<li style=\"font-weight: 400;\" aria-level=\"1\"><b>Praktyczna butelka, kt\u00f3r\u0105 mo\u017cna zabra\u0107 wsz\u0119dzie<\/b><span style=\"font-weight: 400;\">Do bezstresowego retuszu linii, gdziekolwiek jeste\u015b.<\/span><\/li>\n<\/ul>\n<h2><span style=\"font-weight: 400;\">Jak u\u017cywa\u0107 eyelinera DIP &amp; DRAW jak profesjonalista?<\/span><\/h2>\n<ol>\n<li style=\"font-weight: 400;\" aria-level=\"1\"><b>Dobrze wstrz\u0105\u015bnij butelk\u0105<\/b><span style=\"font-weight: 400;\"> aby aktywowa\u0107 magiczn\u0105 formu\u0142\u0119.<\/span><\/li>\n<li style=\"font-weight: 400;\" aria-level=\"1\"><span style=\"font-weight: 400;\">Na czystej, suchej sk\u00f3rze, <\/span><b>przesu\u0144 ko\u0144c\u00f3wk\u0119 wzd\u0142u\u017c nasady g\u00f3rnych rz\u0119s<\/b><span style=\"font-weight: 400;\">od wewn\u0119trznego k\u0105cika na zewn\u0105trz.<\/span><\/li>\n<li style=\"font-weight: 400;\" aria-level=\"1\"><span style=\"font-weight: 400;\">Aby uzyska\u0107 naturalny wygl\u0105d, narysuj cienk\u0105 lini\u0119. Aby uzyska\u0107 bardziej odwa\u017cny wygl\u0105d, nie wahaj si\u0119 nak\u0142ada\u0107 warstw. <\/span><\/li>\n<li style=\"font-weight: 400;\" aria-level=\"1\"><span style=\"font-weight: 400;\">Je\u015bli lubisz przydymione oczy, delikatnie rozetrzyj je p\u0119dzlem lub palcami tu\u017c po na\u0142o\u017ceniu.<\/span><\/li>\n<li style=\"font-weight: 400;\" aria-level=\"1\"><b>Pozostawi\u0107 do wyschni\u0119cia na kilka sekund bez mrugania<\/b><span style=\"font-weight: 400;\"> do idealnego ustawienia.<\/span><\/li>\n<li style=\"font-weight: 400;\" aria-level=\"1\"><span style=\"font-weight: 400;\">Zawsze wymieniaj nasadk\u0119, aby zachowa\u0107 jako\u015b\u0107 i trwa\u0142o\u015b\u0107 eyelinera.<\/span><\/li>\n<\/ol>\n<h2><span style=\"font-weight: 400;\">Dlaczego DIP &amp; DRAW jest Twoim niezb\u0119dnym sprzymierze\u0144cem w makija\u017cu?<\/span><\/h2>\n<p><span style=\"font-weight: 400;\">Niezale\u017cnie od tego, czy <\/span><b>Dopiero zaczynam i zmagam si\u0119 z problemami<\/b><span style=\"font-weight: 400;\"> lub <\/span><b>Naprawd\u0119 opanowa\u0142em makija\u017c<\/b><span style=\"font-weight: 400;\">DIP &amp; DRAW to o\u0142\u00f3wek w p\u0142ynie, kt\u00f3ry uratuje ka\u017cdy dzie\u0144. Jest precyzyjny, super napigmentowany i utrzymuje si\u0119 przez ca\u0142y dzie\u0144 bez rozmazywania i retuszowania.   <\/span><\/p>\n<p><span style=\"font-weight: 400;\">Powa\u017cnie, mo\u017cesz zapomnie\u0107 o retuszowaniu, blakni\u0119ciu lub ucieczce. Co wi\u0119cej, jest wodoodporny i miniaturowy, dzi\u0119ki czemu mo\u017cna go wsun\u0105\u0107 do torby i zabra\u0107 ze sob\u0105 wsz\u0119dzie: do pracy, na drinka, na festiwal, nawet gdy pada deszcz. Twoje oczy pozostan\u0105 intensywne i nieskazitelne przez ca\u0142y dzie\u0144. Prawdziwy ulubieniec.   <\/span><\/p>\n<p><b>Kolory, kt\u00f3re tworz\u0105 nastr\u00f3j<\/b><\/p>\n<ul>\n<li style=\"font-weight: 400;\" aria-level=\"1\"><b><i>Perfect Deep Black<\/i><\/b><b> : <\/b> <span style=\"font-weight: 400;\">Czer\u0144, kt\u00f3ra nadaje wygl\u0105d gwiazdy, intensywny i g\u0142\u0119boki. Klasyka, kt\u00f3ra zawsze si\u0119 sprawdza. <\/span><\/li>\n<li style=\"font-weight: 400;\" aria-level=\"1\"><b><i>W\u0142a\u015bciwa mata Marron<\/i><\/b><b> : <\/b> <span style=\"font-weight: 400;\">Delikatny, naturalny i elegancki. Idealny, gdy chcesz, aby makija\u017c by\u0142 \u0142atwy, ale wci\u0105\u017c efektowny. <\/span><\/li>\n<\/ul>\n<p><span style=\"font-weight: 400;\">Sekret idealnej linii? To DIP &amp; DRAW. Zam\u00f3w go szybko i b\u0105d\u017a gotowa b\u0142yszcze\u0107 bez poprawek, przez ca\u0142y dzie\u0144, ka\u017cdego dnia.  <\/span><\/p>\n<h2><span style=\"font-weight: 400;\">FAQ: Wszystko, co musisz wiedzie\u0107 o eyelinerze DIP &amp; DRAW<\/span><\/h2>\n<ol>\n<li><b>  Jaki jest najlepszy spos\u00f3b przechowywania eyelinera, aby by\u0142 trwalszy?<\/b><b><br \/>\n<\/b><span style=\"font-weight: 400;\">  Zawsze nale\u017cy przechowywa\u0107 go z dala od \u017ar\u00f3de\u0142 ciep\u0142a i bezpo\u015bredniego \u015bwiat\u0142a, a po ka\u017cdym u\u017cyciu nale\u017cy szczelnie zamkn\u0105\u0107 nasadk\u0119, aby zapobiec wysychaniu.<\/span><\/li>\n<li><b>  Czy eyeliner DIP &amp; DRAW jest odpowiedni dla wszystkich odcieni i typ\u00f3w sk\u00f3ry?<\/b><b><br \/>\n<\/b><span style=\"font-weight: 400;\">  Tak, dzi\u0119ki intensywnym pigmentom i delikatnej formule dostosowuje si\u0119 do wszystkich rodzaj\u00f3w sk\u00f3ry i roz\u015bwietla ka\u017cdy wygl\u0105d, od najja\u015bniejszego do najciemniejszego.<\/span><\/li>\n<li><b>  Czy mog\u0119 u\u017cywa\u0107 DIP &amp; DRAW, je\u015bli nosz\u0119 soczewki kontaktowe?<\/b><b><br \/>\n<\/b><span style=\"font-weight: 400;\">  Testowana dermatologicznie formu\u0142a jest bezpieczna dla os\u00f3b nosz\u0105cych soczewki kontaktowe, bez ryzyka podra\u017cnie\u0144 lub dyskomfortu.<\/span><\/li>\n<li><b>  Jak d\u0142ugo nale\u017cy pozostawi\u0107 eyeliner do wyschni\u0119cia, aby unikn\u0105\u0107 rozmazywania?<\/b><b><br \/>\n<\/b> <span style=\"font-weight: 400;\"> Og\u00f3lnie rzecz bior\u0105c, wystarczy kilka sekund (ok. <\/span><b>15-20 sekund<\/b><span style=\"font-weight: 400;\">). Unikaj zbyt szybkiego mrugania lub dotykania obszaru bezpo\u015brednio po aplikacji.<\/span><\/li>\n<li><b>  Czy DIP &amp; DRAW mo\u017ce by\u0107 u\u017cywany do \u0142atwego tworzenia efektu kociego oka?<\/b><b><br \/>\n<\/b><span style=\"font-weight: 400;\">  Tak, jego cienka, elastyczna ko\u0144c\u00f3wka oznacza, \u017ce mo\u017cesz narysowa\u0107 idealnie symetryczne skrzyd\u0142a, nawet je\u015bli nie jeste\u015b ekspertem od makija\u017cu.<\/span><\/li>\n<\/ol>\n<p><b>. Co nale\u017cy zrobi\u0107, je\u015bli ko\u0144c\u00f3wka eyelinera stanie si\u0119 nieco sucha lub zbyt mi\u0119kka?<\/b><b><br \/>\n<\/b><span style=\"font-weight: 400;\">  Mo\u017cesz spr\u00f3bowa\u0107 energicznie potrz\u0105sn\u0105\u0107 butelk\u0105, aby dobrze wymiesza\u0107 formu\u0142\u0119, lub doda\u0107 kropl\u0119 olejowego p\u0142ynu do demakija\u017cu do ko\u0144c\u00f3wki (ale r\u00f3b to ostro\u017cnie). Je\u015bli problem nie ust\u0105pi, skontaktuj si\u0119 z dzia\u0142em obs\u0142ugi klienta w celu wymiany produktu. <\/span><\/p>\n<p><b>Dodaj eyeliner DIP &amp; DRAW do koszyka ju\u017c teraz<\/b><span style=\"font-weight: 400;\">  i odkryj magi\u0119 perfekcyjnej, precyzyjnej i ultraodpornej kreski. Poniewa\u017c zniewalaj\u0105cy wygl\u0105d zmienia wszystko. <\/span><\/p>\n","protected":false},"excerpt":{"rendered":"<p><span style=\"font-weight: 400;\">Potrzebujesz eyelinera, kt\u00f3ry nie zawiedzie Ci\u0119 nawet w deszczu lub po ca\u0142ym dniu maratonu? Wypr\u00f3bowa\u0142am   <\/span><b>DIP &amp; DRAW<\/b><span style=\"font-weight: 400;\">Od tamtej pory jest to m\u00f3j must-have. Jest wodoodporny do <\/span> <b> 18 godzin<\/b><span style=\"font-weight: 400;\"> zapewnia g\u0142\u0119boki, czysty wygl\u0105d bez rozmazywania.<\/span><\/p>\n<p><span style=\"font-weight: 400;\">Dzi\u0119ki <\/span><b>ultracienkiej ko\u0144c\u00f3wce<\/b><span style=\"font-weight: 400;\">Ta p\u0142ynna kredka jest niezwykle \u0142atwa do kontrolowania, dzi\u0119ki czemu mo\u017cesz stworzy\u0107 cienk\u0105 lini\u0119 lub odwa\u017cny przydymiony wygl\u0105d, tak jak lubisz. Ta p\u0142ynna kredka jest bardzo \u0142atwa do opanowania, idealna do po\u0142yskuj\u0105cego makija\u017cu bez zb\u0119dnego zamieszania. <\/span><\/p>\n","protected":false},"featured_media":11581,"comment_status":"open","ping_status":"closed","template":"","meta":{"_seopress_robots_primary_cat":"none","_seopress_titles_title":"","_seopress_titles_desc":"","_seopress_robots_index":"","site-sidebar-layout":"default","site-content-layout":"","ast-site-content-layout":"default","site-content-style":"default","site-sidebar-style":"default","ast-global-header-display":"","ast-banner-title-visibility":"","ast-main-header-display":"","ast-hfb-above-header-display":"","ast-hfb-below-header-display":"","ast-hfb-mobile-header-display":"","site-post-title":"","ast-breadcrumbs-content":"","ast-featured-img":"","footer-sml-layout":"","ast-disable-related-posts":"","theme-transparent-header-meta":"default","adv-header-id-meta":"","stick-header-meta":"","header-above-stick-meta":"","header-main-stick-meta":"","header-below-stick-meta":"","astra-migrate-meta-layouts":"default","ast-page-background-enabled":"default","ast-page-background-meta":{"desktop":{"background-color":"var(--ast-global-color-4)","background-image":"","background-repeat":"repeat","background-position":"center center","background-size":"auto","background-attachment":"scroll","background-type":"","background-media":"","overlay-type":"","overlay-color":"","overlay-opacity":"","overlay-gradient":""},"tablet":{"background-color":"","background-image":"","background-repeat":"repeat","background-position":"center center","background-size":"auto","background-attachment":"scroll","background-type":"","background-media":"","overlay-type":"","overlay-color":"","overlay-opacity":"","overlay-gradient":""},"mobile":{"background-color":"","background-image":"","background-repeat":"repeat","background-position":"center center","background-size":"auto","background-attachment":"scroll","background-type":"","background-media":"","overlay-type":"","overlay-color":"","overlay-opacity":"","overlay-gradient":""}},"ast-content-background-meta":{"desktop":{"background-color":"var(--ast-global-color-5)","background-image":"","background-repeat":"repeat","background-position":"center center","background-size":"auto","background-attachment":"scroll","background-type":"","background-media":"","overlay-type":"","overlay-color":"","overlay-opacity":"","overlay-gradient":""},"tablet":{"background-color":"var(--ast-global-color-5)","background-image":"","background-repeat":"repeat","background-position":"center center","background-size":"auto","background-attachment":"scroll","background-type":"","background-media":"","overlay-type":"","overlay-color":"","overlay-opacity":"","overlay-gradient":""},"mobile":{"background-color":"var(--ast-global-color-5)","background-image":"","background-repeat":"repeat","background-position":"center center","background-size":"auto","background-attachment":"scroll","background-type":"","background-media":"","overlay-type":"","overlay-color":"","overlay-opacity":"","overlay-gradient":""}}},"product_brand":[],"product_cat":[95],"product_tag":[],"class_list":{"0":"post-11580","1":"product","2":"type-product","3":"status-publish","4":"has-post-thumbnail","6":"product_cat-oczy","7":"desktop-align-left","8":"tablet-align-left","9":"mobile-align-left","11":"first","12":"instock","13":"sale","14":"shipping-taxable","15":"product-type-external"},"_links":{"self":[{"href":"https:\/\/youniquebyemilie.com\/pl\/wp-json\/wp\/v2\/product\/11580","targetHints":{"allow":["GET"]}}],"collection":[{"href":"https:\/\/youniquebyemilie.com\/pl\/wp-json\/wp\/v2\/product"}],"about":[{"href":"https:\/\/youniquebyemilie.com\/pl\/wp-json\/wp\/v2\/types\/product"}],"replies":[{"embeddable":true,"href":"https:\/\/youniquebyemilie.com\/pl\/wp-json\/wp\/v2\/comments?post=11580"}],"wp:featuredmedia":[{"embeddable":true,"href":"https:\/\/youniquebyemilie.com\/pl\/wp-json\/wp\/v2\/media\/11581"}],"wp:attachment":[{"href":"https:\/\/youniquebyemilie.com\/pl\/wp-json\/wp\/v2\/media?parent=11580"}],"wp:term":[{"taxonomy":"product_brand","embeddable":true,"href":"https:\/\/youniquebyemilie.com\/pl\/wp-json\/wp\/v2\/product_brand?post=11580"},{"taxonomy":"product_cat","embeddable":true,"href":"https:\/\/youniquebyemilie.com\/pl\/wp-json\/wp\/v2\/product_cat?post=11580"},{"taxonomy":"product_tag","embeddable":true,"href":"https:\/\/youniquebyemilie.com\/pl\/wp-json\/wp\/v2\/product_tag?post=11580"}],"curies":[{"name":"wp","href":"https:\/\/api.w.org\/{rel}","templated":true}]}}