{"id":11587,"date":"2025-07-24T16:17:00","date_gmt":"2025-07-24T14:17:00","guid":{"rendered":"https:\/\/youniquebyemilie.com\/produit\/magnetyczny-eyeliner-moodstruck\/"},"modified":"2025-07-24T16:17:00","modified_gmt":"2025-07-24T14:17:00","slug":"magnetyczny-eyeliner-moodstruck","status":"publish","type":"product","link":"https:\/\/youniquebyemilie.com\/pl\/produit\/magnetyczny-eyeliner-moodstruck\/","title":{"rendered":"Magnetyczny eyeliner MOODSTRUCK"},"content":{"rendered":"<p><span style=\"font-weight: 400;\">Przesz\u0142a\u015b przez m\u0119k\u0119 sztucznych rz\u0119s, kt\u00f3re po prostu si\u0119 nie trzymaj\u0105? Ja te\u017c, dop\u00f3ki nie odkry\u0142am <\/span><b>  Magnetyczny eyeliner MOODSTRUCK<\/b><span style=\"font-weight: 400;\">. Od tego czasu aplikacja sztucznych rz\u0119s sta\u0142a si\u0119 dziecinnie prosta. Czysta kreska, idealne trzymanie i moje oczy wygl\u0105daj\u0105 perfekcyjnie przez ca\u0142y dzie\u0144, bez stresu. <\/span><\/p>\n<p><span style=\"font-weight: 400;\">Ten ma\u0142y czarny klejnot magnetyczny mocuje sztuczne rz\u0119sy MOODSTRUCK jak magia, a najlepsze jest to, \u017ce utrzymuje si\u0119 do <\/span><b>10 godzin*.<\/b><span style=\"font-weight: 400;\">. Sa  <\/span><b>ultraprecyzyjna ko\u0144c\u00f3wka filcowa<\/b><span style=\"font-weight: 400;\">  pozwala narysowa\u0107 czyst\u0105, prost\u0105 lub pogrubion\u0105 lini\u0119 do woli. Co wi\u0119cej, jego   <\/span><b>ultra-pigmentowana formu\u0142a <\/b><span style=\"font-weight: 400;\">wzbogacona o <\/span><b>witamin\u0105 E <\/b><span style=\"font-weight: 400;\">od\u017cywia wra\u017cliw\u0105 sk\u00f3r\u0119 i zapobiega rozmazywaniu.<\/span><\/p>\n<h2><span style=\"font-weight: 400;\">Co zyskujesz dzi\u0119ki magnetycznemu eyelinerowi MOODSTRUCK<\/span><\/h2>\n<ul>\n<li style=\"font-weight: 400;\" aria-level=\"1\"><span style=\"font-weight: 400;\">A <\/span><b>mocne, d\u0142ugotrwa\u0142e utrwalenie<\/b><span style=\"font-weight: 400;\"> doskonale utrzymuje sztuczne rz\u0119sy na miejscu, nawet w najbardziej pracowite dni.<\/span>&nbsp;<\/li>\n<li style=\"font-weight: 400;\" aria-level=\"1\"><span style=\"font-weight: 400;\">A <\/span><b>intensywny czarny kolor<\/b><span style=\"font-weight: 400;\">Ultra-pigmentowany czarny kolor, kt\u00f3ry podkre\u015bla lini\u0119 rz\u0119s za jednym poci\u0105gni\u0119ciem.<\/span>&nbsp;<\/li>\n<li style=\"font-weight: 400;\" aria-level=\"1\"><span style=\"font-weight: 400;\">A<\/span><b> \u0142atwa aplikacja<\/b><span style=\"font-weight: 400;\"> dzi\u0119ki \u015bci\u0119tej filcowej ko\u0144c\u00f3wce, idealnej nawet dla pocz\u0105tkuj\u0105cych.<\/span>&nbsp;<\/li>\n<li style=\"font-weight: 400;\" aria-level=\"1\"><span style=\"font-weight: 400;\">A<\/span><b> wodoodporny, odporny na przenoszenie<\/b><span style=\"font-weight: 400;\">i odporny na rozmazywanie.<\/span>&nbsp;<\/li>\n<li style=\"font-weight: 400;\" aria-level=\"1\"><span style=\"font-weight: 400;\">A<\/span><b> delikatna piel\u0119gnacja sk\u00f3ry<\/b><span style=\"font-weight: 400;\">Wzbogacony witamin\u0105 E nawil\u017ca i chroni sk\u00f3r\u0119.<\/span>&nbsp;<\/li>\n<\/ul>\n<h2><span style=\"font-weight: 400;\">Jak u\u017cywa\u0107 magnetycznego eyelinera MOODSTRUCK jak profesjonalista?<\/span><\/h2>\n<ol>\n<li style=\"font-weight: 400;\" aria-level=\"1\"><span style=\"font-weight: 400;\">Delikatnie zagnij pasek sztucznych rz\u0119s MOODSTRUCK, aby dopasowa\u0107 go do kszta\u0142tu oczu. W razie potrzeby przytnij. <\/span>&nbsp;<\/li>\n<li style=\"font-weight: 400;\" aria-level=\"1\"><span style=\"font-weight: 400;\">Podkr\u0119\u0107 swoje naturalne rz\u0119sy, aby uzyska\u0107 jeszcze bardziej intensywny efekt.<\/span>&nbsp;<\/li>\n<li style=\"font-weight: 400;\" aria-level=\"1\"><span style=\"font-weight: 400;\">Na\u0142o\u017cy\u0107 magnetyczny eyeliner na lini\u0119 rz\u0119s i pozostawi\u0107 do wyschni\u0119cia.<\/span><b> wyschni\u0119cia na 2-3 minuty <\/b><span style=\"font-weight: 400;\">(pami\u0119taj, aby mie\u0107 zamkni\u0119te oczy).<\/span>&nbsp;<\/li>\n<li style=\"font-weight: 400;\" aria-level=\"1\"><span style=\"font-weight: 400;\">Je\u015bli chcesz uzyska\u0107 wi\u0119ksz\u0105 obj\u0119to\u015b\u0107, u\u017cyj ulubionego tuszu do rz\u0119s.<\/span>&nbsp;<\/li>\n<li style=\"font-weight: 400;\" aria-level=\"1\"><span style=\"font-weight: 400;\">U\u017cywaj\u0105c aplikatora YOUNIQUE, najpierw na\u0142\u00f3\u017c rz\u0119s\u0119 w wewn\u0119trznym k\u0105ciku, a nast\u0119pnie przesu\u0144 j\u0105 na zewn\u0105trz, jak najbli\u017cej linii rz\u0119s.<\/span>&nbsp;<\/li>\n<li style=\"font-weight: 400;\" aria-level=\"1\"><span style=\"font-weight: 400;\">Delikatnie wci\u015bnij aplikator mi\u0119dzy sztuczne i naturalne rz\u0119sy, aby je utrwali\u0107.<\/span>&nbsp;<\/li>\n<li style=\"font-weight: 400;\" aria-level=\"1\"><span style=\"font-weight: 400;\">Rozczesz p\u0119dzelkiem aplikatora, aby uzyska\u0107 naturalny wygl\u0105d.<\/span>&nbsp;<\/li>\n<li style=\"font-weight: 400;\" aria-level=\"1\"><span style=\"font-weight: 400;\">Aby uzyska\u0107 jeszcze pewniejsze mocowanie, dodaj do\u0142\u0105czone kotwice magnetyczne pod naturalnymi rz\u0119sami.<\/span>&nbsp;<\/li>\n<li style=\"font-weight: 400;\" aria-level=\"1\"><span style=\"font-weight: 400;\">Aby usun\u0105\u0107, delikatnie poci\u0105gnij od zewn\u0119trznego rogu, bez naciskania.<\/span>&nbsp;<\/li>\n<\/ol>\n<h2><span style=\"font-weight: 400;\">Dbaj o swoje rz\u0119sy, aby by\u0142y pi\u0119kne<\/span><\/h2>\n<p><span style=\"font-weight: 400;\">Czy\u015b\u0107 je po ka\u017cdym u\u017cyciu <\/span><b>wacikiem nas\u0105czonym<\/b><span style=\"font-weight: 400;\"> w <\/span><b>bezolejowym p\u0142ynem do demakija\u017cu<\/b><span style=\"font-weight: 400;\">. Zdezynfekuj ta\u015bm\u0119 i magnesy za pomoc\u0105<\/span> <b> waciki nas\u0105czone 90% alkoholem<\/b><span style=\"font-weight: 400;\">Pozostawi\u0107 do wyschni\u0119cia, przeczesa\u0107 i przechowywa\u0107 w akrylowym etui.<\/span><\/p>\n<h2><span style=\"font-weight: 400;\">Dlaczego ten magnetyczny eyeliner MOODSTRUCK to pozycja obowi\u0105zkowa?<\/span><\/h2>\n<ul>\n<li style=\"font-weight: 400;\" aria-level=\"1\"><b>94 %<\/b><span style=\"font-weight: 400;\"> u\u017cytkownik\u00f3w potwierdzi\u0142o stabilne dzia\u0142anie do 10 godzin*.<\/span>&nbsp;<\/li>\n<li style=\"font-weight: 400;\" aria-level=\"1\"><b>91 %<\/b><span style=\"font-weight: 400;\"> nieskazitelnego wygl\u0105du bez smug i zaciek\u00f3w*.<\/span>&nbsp;<\/li>\n<li style=\"font-weight: 400;\" aria-level=\"1\"><span style=\"font-weight: 400;\">Zawiera <\/span><b>65% wega\u0144skiego jedwabiu<\/b><span style=\"font-weight: 400;\"> i wzbogacona o <\/span><b>witamin\u0105 E<\/b><span style=\"font-weight: 400;\">.<\/span>&nbsp;<\/li>\n<li style=\"font-weight: 400;\" aria-level=\"1\"><span style=\"font-weight: 400;\">Zaprojektowane tak, aby pasowa\u0142y do wszystkich kszta\u0142t\u00f3w oczu.<\/span>&nbsp;<\/li>\n<li style=\"font-weight: 400;\" aria-level=\"1\"><span style=\"font-weight: 400;\">\u0141atwy w u\u017cyciu, nawet je\u015bli dopiero zaczynasz.<\/span>&nbsp;<\/li>\n<\/ul>\n<h2><span style=\"font-weight: 400;\">FAQ: Wszystko, co musisz wiedzie\u0107 o magnetycznym eyelinerze MOODSTRUCK<\/span><\/h2>\n<ol>\n<li> <b> Ile razy mog\u0119 u\u017cywa\u0107 sztucznych rz\u0119s z tym eyelinerem?<\/b><b><br \/>\n<\/b><span style=\"font-weight: 400;\"> Przy odpowiedniej piel\u0119gnacji do <\/span><b>60 razy<\/b><span style=\"font-weight: 400;\"> ! Jest bardzo ekonomiczny.<\/span><\/li>\n<li><b>  Czy mog\u0119 nosi\u0107 soczewki kontaktowe?<\/b><b><br \/>\n<\/b><span style=\"font-weight: 400;\">  Tak, jego formu\u0142a zosta\u0142a przetestowana pod k\u0105tem minimalizowania podra\u017cnie\u0144 i jest idealna dla wra\u017cliwych oczu i os\u00f3b nosz\u0105cych soczewki kontaktowe.<\/span><\/li>\n<li><b>  Jak usun\u0105\u0107 magnetyczny eyeliner bez uszkadzania rz\u0119s?<\/b><b><br \/>\n<\/b><span style=\"font-weight: 400;\">  Delikatny bezolejowy p\u0142yn do demakija\u017cu to wszystko, czego potrzebujesz, podobnie jak klasyczny eyeliner.<\/span><\/li>\n<li><b>  Co zrobi\u0107, je\u015bli ko\u0144c\u00f3wka eyelinera wyschnie?<\/b><b><br \/>\n<\/b><span style=\"font-weight: 400;\">  Dobrze wstrz\u0105sn\u0105\u0107 butelk\u0105 lub skontaktowa\u0107 si\u0119 z dzia\u0142em obs\u0142ugi klienta w celu uzyskania porady lub wymiany.<\/span><\/li>\n<\/ol>\n<p><span style=\"font-weight: 400;\">Zr\u00f3b tak jak ja, upro\u015b\u0107 swoje \u017cycie, zaoszcz\u0119d\u017a czas i uzyskaj intensywne, regulowane, zawsze nieskazitelne oczy dzi\u0119ki magnetycznemu eyelinerowi MOODSTRUCK. Zam\u00f3w go ju\u017c teraz i zosta\u0144 profesjonalistk\u0105 w dziedzinie eyeliner\u00f3w! <\/span><\/p>\n","protected":false},"excerpt":{"rendered":"<p><span style=\"font-weight: 400;\">Przesz\u0142a\u015b przez m\u0119k\u0119 sztucznych rz\u0119s, kt\u00f3re po prostu si\u0119 nie trzymaj\u0105? Ja te\u017c, dop\u00f3ki nie odkry\u0142am <\/span><b>  Magnetyczny eyeliner MOODSTRUCK<\/b><span style=\"font-weight: 400;\">. Od tego czasu aplikacja sztucznych rz\u0119s sta\u0142a si\u0119 dziecinnie prosta. Czysta kreska, idealne trzymanie i moje oczy wygl\u0105daj\u0105 perfekcyjnie przez ca\u0142y dzie\u0144, bez stresu. <\/span><\/p>\n<p><span style=\"font-weight: 400;\">Ten ma\u0142y czarny klejnot magnetyczny mocuje sztuczne rz\u0119sy MOODSTRUCK jak magia, a najlepsze jest to, \u017ce utrzymuje si\u0119 do <\/span><b>10 godzin*.<\/b><span style=\"font-weight: 400;\">. Sa  <\/span><b>ultraprecyzyjna ko\u0144c\u00f3wka filcowa<\/b><span style=\"font-weight: 400;\">  pozwala narysowa\u0107 czyst\u0105, prost\u0105 lub pogrubion\u0105 lini\u0119 do woli. Co wi\u0119cej, jego   <\/span><b>ultra-pigmentowana formu\u0142a <\/b><span style=\"font-weight: 400;\">wzbogacona o <\/span><b>witamin\u0105 E <\/b><span style=\"font-weight: 400;\">od\u017cywia wra\u017cliw\u0105 sk\u00f3r\u0119 i zapobiega rozmazywaniu.<\/span><\/p>\n","protected":false},"featured_media":11591,"comment_status":"open","ping_status":"closed","template":"","meta":{"_seopress_robots_primary_cat":"none","_seopress_titles_title":"","_seopress_titles_desc":"","_seopress_robots_index":"","site-sidebar-layout":"default","site-content-layout":"","ast-site-content-layout":"default","site-content-style":"default","site-sidebar-style":"default","ast-global-header-display":"","ast-banner-title-visibility":"","ast-main-header-display":"","ast-hfb-above-header-display":"","ast-hfb-below-header-display":"","ast-hfb-mobile-header-display":"","site-post-title":"","ast-breadcrumbs-content":"","ast-featured-img":"","footer-sml-layout":"","ast-disable-related-posts":"","theme-transparent-header-meta":"default","adv-header-id-meta":"","stick-header-meta":"","header-above-stick-meta":"","header-main-stick-meta":"","header-below-stick-meta":"","astra-migrate-meta-layouts":"default","ast-page-background-enabled":"default","ast-page-background-meta":{"desktop":{"background-color":"var(--ast-global-color-4)","background-image":"","background-repeat":"repeat","background-position":"center center","background-size":"auto","background-attachment":"scroll","background-type":"","background-media":"","overlay-type":"","overlay-color":"","overlay-opacity":"","overlay-gradient":""},"tablet":{"background-color":"","background-image":"","background-repeat":"repeat","background-position":"center center","background-size":"auto","background-attachment":"scroll","background-type":"","background-media":"","overlay-type":"","overlay-color":"","overlay-opacity":"","overlay-gradient":""},"mobile":{"background-color":"","background-image":"","background-repeat":"repeat","background-position":"center center","background-size":"auto","background-attachment":"scroll","background-type":"","background-media":"","overlay-type":"","overlay-color":"","overlay-opacity":"","overlay-gradient":""}},"ast-content-background-meta":{"desktop":{"background-color":"var(--ast-global-color-5)","background-image":"","background-repeat":"repeat","background-position":"center center","background-size":"auto","background-attachment":"scroll","background-type":"","background-media":"","overlay-type":"","overlay-color":"","overlay-opacity":"","overlay-gradient":""},"tablet":{"background-color":"var(--ast-global-color-5)","background-image":"","background-repeat":"repeat","background-position":"center center","background-size":"auto","background-attachment":"scroll","background-type":"","background-media":"","overlay-type":"","overlay-color":"","overlay-opacity":"","overlay-gradient":""},"mobile":{"background-color":"var(--ast-global-color-5)","background-image":"","background-repeat":"repeat","background-position":"center center","background-size":"auto","background-attachment":"scroll","background-type":"","background-media":"","overlay-type":"","overlay-color":"","overlay-opacity":"","overlay-gradient":""}}},"product_brand":[],"product_cat":[95],"product_tag":[],"class_list":{"0":"post-11587","1":"product","2":"type-product","3":"status-publish","4":"has-post-thumbnail","6":"product_cat-oczy","7":"desktop-align-left","8":"tablet-align-left","9":"mobile-align-left","11":"first","12":"instock","13":"sale","14":"shipping-taxable","15":"product-type-external"},"_links":{"self":[{"href":"https:\/\/youniquebyemilie.com\/pl\/wp-json\/wp\/v2\/product\/11587","targetHints":{"allow":["GET"]}}],"collection":[{"href":"https:\/\/youniquebyemilie.com\/pl\/wp-json\/wp\/v2\/product"}],"about":[{"href":"https:\/\/youniquebyemilie.com\/pl\/wp-json\/wp\/v2\/types\/product"}],"replies":[{"embeddable":true,"href":"https:\/\/youniquebyemilie.com\/pl\/wp-json\/wp\/v2\/comments?post=11587"}],"wp:featuredmedia":[{"embeddable":true,"href":"https:\/\/youniquebyemilie.com\/pl\/wp-json\/wp\/v2\/media\/11591"}],"wp:attachment":[{"href":"https:\/\/youniquebyemilie.com\/pl\/wp-json\/wp\/v2\/media?parent=11587"}],"wp:term":[{"taxonomy":"product_brand","embeddable":true,"href":"https:\/\/youniquebyemilie.com\/pl\/wp-json\/wp\/v2\/product_brand?post=11587"},{"taxonomy":"product_cat","embeddable":true,"href":"https:\/\/youniquebyemilie.com\/pl\/wp-json\/wp\/v2\/product_cat?post=11587"},{"taxonomy":"product_tag","embeddable":true,"href":"https:\/\/youniquebyemilie.com\/pl\/wp-json\/wp\/v2\/product_tag?post=11587"}],"curies":[{"name":"wp","href":"https:\/\/api.w.org\/{rel}","templated":true}]}}