{"id":11616,"date":"2025-07-24T15:44:00","date_gmt":"2025-07-24T13:44:00","guid":{"rendered":"https:\/\/youniquebyemilie.com\/produit\/kredka-do-brwi-moodstruck-sculpting-eyebrow-pencil\/"},"modified":"2025-07-24T15:44:00","modified_gmt":"2025-07-24T13:44:00","slug":"kredka-do-brwi-moodstruck-sculpting-eyebrow-pencil","status":"publish","type":"product","link":"https:\/\/youniquebyemilie.com\/pl\/produit\/kredka-do-brwi-moodstruck-sculpting-eyebrow-pencil\/","title":{"rendered":"Kredka do brwi MOODSTRUCK Sculpting Eyebrow Pencil"},"content":{"rendered":"<p><span style=\"font-weight: 400;\">Je\u015bli masz do\u015b\u0107 brwi, kt\u00f3re robi\u0105, co chc\u0105, mam dobr\u0105 wiadomo\u015b\u0107: wypr\u00f3bowa\u0142am <b>kredk\u0119 do brwi MOODSTRUCK<\/b> i sta\u0142a si\u0119 ona moim niezb\u0119dnikiem. Jest idealna do uzyskania naturalnego lub dobrze zdefiniowanego wygl\u0105du, bez zamieszania i utrzymuje si\u0119 przez ca\u0142y dzie\u0144. I uwierz mi, nawet pocz\u0105tkuj\u0105cy \u015bwietnie sobie z ni\u0105 radz\u0105!  <\/span><\/p>\n<p><span style=\"font-weight: 400;\">Dzi\u0119ki<\/span><b> bogata, elastyczna formu\u0142a<\/b><span style=\"font-weight: 400;\"> i <\/span><b>odpornej na plamy<\/b><span style=\"font-weight: 400;\">zapewnia nieskazitelne rezultaty nawet przez <\/span><b>do 12 godzin<\/b><span style=\"font-weight: 400;\">bez przenoszenia i rozmazywania. Tr\u00f3jk\u0105tna ko\u0144c\u00f3wka tworzy <\/span><b>  Ultra-realistyczne funkcje<\/b><span style=\"font-weight: 400;\">  kt\u00f3re imituj\u0105 w\u0142osie, a p\u0142aska podstawa z \u0142atwo\u015bci\u0105 wype\u0142nia rzadkie obszary, zapewniaj\u0105c g\u0119sty, ale naturalny efekt. A wbudowana szczoteczka? Delikatnie wyg\u0142adza, rozczesuje i utrwala brwi, kt\u00f3re odzwierciedlaj\u0105 Ciebie.  <\/span><\/p>\n<h2><span style=\"font-weight: 400;\">Co zyskujesz dzi\u0119ki kredce do brwi MOODSTRUCK<\/span><\/h2>\n<ul>\n<li style=\"font-weight: 400;\" aria-level=\"1\"><span style=\"font-weight: 400;\">Naturalnie pe\u0142ne, idealnie ukszta\u0142towane brwi, nawet w rzadkich obszarach.<\/span><\/li>\n<li style=\"font-weight: 400;\" aria-level=\"1\"><span style=\"font-weight: 400;\">A <\/span><b>d\u0142ugotrwa\u0142e wodoodporne utrwalenie<\/b><span style=\"font-weight: 400;\"> kt\u00f3ry pozostaje czysty od rana do wieczora, bez retuszu.<\/span><\/li>\n<li style=\"font-weight: 400;\" aria-level=\"1\"><span style=\"font-weight: 400;\">Szybka i \u0142atwa aplikacja dzi\u0119ki \u0142atwej w rozcieraniu kredce do brwi, idealnej zar\u00f3wno dla pocz\u0105tkuj\u0105cych, jak i profesjonalist\u00f3w.<\/span><\/li>\n<li style=\"font-weight: 400;\" aria-level=\"1\"><span style=\"font-weight: 400;\">Formu\u0142a, kt\u00f3ra szanuje sk\u00f3r\u0119 i od\u017cywia brwi mieszank\u0105 naturalnych wosk\u00f3w i olejk\u00f3w.<\/span><\/li>\n<li style=\"font-weight: 400;\" aria-level=\"1\"><span style=\"font-weight: 400;\">Wygl\u0105d, kt\u00f3ry mo\u017cna dostosowa\u0107 do ka\u017cdego nastroju, od dyskretnie naturalnego po asertywnie stylowy.<\/span><\/li>\n<\/ul>\n<p>&nbsp;<\/p>\n<h2><span style=\"font-weight: 400;\">Jak u\u017cywa\u0107 o\u0142\u00f3wka MOODSTRUCK, aby uzyska\u0107 efekt wow?<\/span><\/h2>\n<ol>\n<li style=\"font-weight: 400;\" aria-level=\"1\"><span style=\"font-weight: 400;\">Obr\u00f3\u0107 ko\u0142o, aby ods\u0142oni\u0107 ma\u0142y punkt.<\/span><\/li>\n<li style=\"font-weight: 400;\" aria-level=\"1\"><span style=\"font-weight: 400;\">U\u017cywaj\u0105c p\u0142askiej kraw\u0119dzi, narysuj kontur dolnej cz\u0119\u015bci brwi.<\/span><\/li>\n<li style=\"font-weight: 400;\" aria-level=\"1\"><span style=\"font-weight: 400;\">Wype\u0142nij rzadkie obszary, rysuj\u0105c ma\u0142e linie w naturalnym kierunku w\u0142os\u00f3w za pomoc\u0105 tr\u00f3jk\u0105tnej ko\u0144c\u00f3wki.<\/span><\/li>\n<li style=\"font-weight: 400;\" aria-level=\"1\"><span style=\"font-weight: 400;\">Zako\u0144cz za pomoc\u0105 wbudowanego p\u0119dzelka, aby rozetrze\u0107, zdyscyplinowa\u0107 i utrwali\u0107 brwi.<\/span><\/li>\n<\/ol>\n<p><span style=\"font-weight: 400;\">Prosty gest, niewymagaj\u0105cy wysi\u0142ku wygl\u0105d.<\/span><\/p>\n<h2><span style=\"font-weight: 400;\">Sk\u0142adniki, kt\u00f3re piel\u0119gnuj\u0105 brwi<\/span><\/h2>\n<ul>\n<li style=\"font-weight: 400;\" aria-level=\"1\"><b>Woski mikrokrystaliczne i syntetyczny wosk pszczeli<\/b><span style=\"font-weight: 400;\"> Do utrwalania koloru i rze\u017abienia bez utwardzania.<\/span><\/li>\n<li style=\"font-weight: 400;\" aria-level=\"1\"><b>Olej z nasion s\u0142onecznika (Helianthus Annuus)<\/b><span style=\"font-weight: 400;\"> Bogaty w przeciwutleniacze, od\u017cywia i wyg\u0142adza kruche w\u0142osy.<\/span><\/li>\n<li style=\"font-weight: 400;\" aria-level=\"1\"><b>Bogate, d\u0142ugotrwa\u0142e pigmenty<\/b><span style=\"font-weight: 400;\"> Zapewnia intensywne, naturalne i d\u0142ugotrwa\u0142e wyko\u0144czenie.<\/span><\/li>\n<li style=\"font-weight: 400;\" aria-level=\"1\"><b>Formu\u0142a odporna na wod\u0119, przenoszenie i plamy<\/b><span style=\"font-weight: 400;\">Zapewnia nienaganne utrwalenie, nawet gdy jeste\u015b w ruchu.<\/span><\/li>\n<\/ul>\n<h2><span style=\"font-weight: 400;\">Dlaczego pokochasz ten o\u0142\u00f3wek<\/span><\/h2>\n<p><span style=\"font-weight: 400;\">U\u0142atwia \u017cycie, poprawia wygl\u0105d i dodaje pewno\u015bci siebie, nawet w te gor\u0105czkowe poranki. Nie musisz by\u0107 profesjonalistk\u0105, aby uzyska\u0107 najlepsze brwi, to wszystko robi za Ciebie. Ma\u0142y gest, kt\u00f3ry zmienia wszystko.  <\/span><\/p>\n<h2><span style=\"font-weight: 400;\">FAQ: Wszystko, co musisz wiedzie\u0107 o modeluj\u0105cej kredce do brwi MOODSTRUCK<\/span><\/h2>\n<h3><b>FAQ - Wszystko, co musisz wiedzie\u0107 o modeluj\u0105cej kredce do brwi MOODSTRUCK<\/b><\/h3>\n<ol>\n<li style=\"font-weight: 400;\" aria-level=\"1\"><b>Czy mog\u0119 u\u017cywa\u0107 tej kredki, je\u015bli mam wra\u017cliw\u0105 sk\u00f3r\u0119 wok\u00f3\u0142 brwi?<\/b><b><br \/>\n<\/b><span style=\"font-weight: 400;\">  Tak, jego delikatna formu\u0142a zosta\u0142a opracowana z my\u015bl\u0105 o wra\u017cliwej sk\u00f3rze, szczeg\u00f3lnie wok\u00f3\u0142 oczu, bez powodowania podra\u017cnie\u0144.<\/span><\/li>\n<li style=\"font-weight: 400;\" aria-level=\"1\"><b>Jak przyci\u0105\u0107 tr\u00f3jk\u0105tn\u0105 ko\u0144c\u00f3wk\u0119, je\u015bli stanie si\u0119 zbyt kr\u00f3tka?<\/b><b><br \/>\n<\/b><span style=\"font-weight: 400;\">  U\u017cyj klasycznej temper\u00f3wki do kredek do makija\u017cu, zwracaj\u0105c uwag\u0119 na zachowanie tr\u00f3jk\u0105tnego kszta\u0142tu w celu precyzyjnej aplikacji.<\/span><\/li>\n<li style=\"font-weight: 400;\" aria-level=\"1\"><b>Czy ten o\u0142\u00f3wek nadaje si\u0119 do wszystkich kolor\u00f3w w\u0142os\u00f3w?<\/b><b><br \/>\n<\/b><span style=\"font-weight: 400;\"> Tak, jest dost\u0119pna w <\/span><b>5 odcieniach<\/b><span style=\"font-weight: 400;\"> aby idealnie dopasowa\u0107 si\u0119 do naturalnego koloru w\u0142os\u00f3w blondynki, brunetki, rudow\u0142osej lub innego.<\/span><\/li>\n<li style=\"font-weight: 400;\" aria-level=\"1\"><b>Czy mog\u0119 u\u017cy\u0107 tej kredki do korekty kszta\u0142tu brwi, czy tylko do ich wype\u0142nienia?<\/b><b><br \/>\n<\/b><span style=\"font-weight: 400;\">  Jedno i drugie! P\u0142aska podstawa pozwala narysowa\u0107 precyzyjny kszta\u0142t, a tr\u00f3jk\u0105tna ko\u0144c\u00f3wka wype\u0142nia i zag\u0119szcza, zapewniaj\u0105c naturalny wygl\u0105d. <\/span><\/li>\n<li style=\"font-weight: 400;\" aria-level=\"1\"><b>Jak konserwowa\u0107 wbudowan\u0105 szczoteczk\u0119?<\/b><b><br \/>\n<\/b><span style=\"font-weight: 400;\">  Aby szczoteczka by\u0142a czysta i skuteczna, nale\u017cy j\u0105 regularnie my\u0107 \u0142agodnym myd\u0142em i pozostawi\u0107 do wyschni\u0119cia.<\/span><\/li>\n<li style=\"font-weight: 400;\" aria-level=\"1\"><b>Jaka jest \u015brednia \u017cywotno\u015b\u0107 o\u0142\u00f3wka po otwarciu?<\/b><b><br \/>\n<\/b><span style=\"font-weight: 400;\"> Ok. <\/span><b>12 miesi\u0119cy optymalnego<\/b><span style=\"font-weight: 400;\"> po otwarciu, pod warunkiem prawid\u0142owego zamkni\u0119cia nasadki.<\/span><\/li>\n<\/ol>\n<p>&nbsp;<\/p>\n<p><span style=\"font-weight: 400;\">Czy jeste\u015b gotowa, aby ods\u0142oni\u0107 idealnie wyrze\u017abione brwi bez \u017cadnego zamieszania? Dzi\u0119ki kredce do brwi MOODSTRUCK masz wszystko, czego potrzebujesz, aby uzyska\u0107 efektowny wygl\u0105d przez ca\u0142y dzie\u0144. Nie tra\u0107 ani sekundy, dodaj j\u0105 do swojej kosmetyczki i sta\u0144 si\u0119 profesjonalistk\u0105 w dziedzinie naturalnych, stylowych brwi. Zam\u00f3w ju\u017c teraz i poczuj r\u00f3\u017cnic\u0119 od pierwszego wejrzenia!   <\/span><\/p>\n<p>&nbsp;<\/p>\n","protected":false},"excerpt":{"rendered":"<p><span style=\"font-weight: 400;\">Je\u015bli masz do\u015b\u0107 brwi, kt\u00f3re robi\u0105, co chc\u0105, mam dobr\u0105 wiadomo\u015b\u0107: przetestowa\u0142em <\/span><b>O\u0142\u00f3wek do brwi MOODSTRUCK<\/b><span style=\"font-weight: 400;\">  i sta\u0142 si\u0119 moim niezb\u0119dnikiem. Jest idealny do uzyskania naturalnego lub dobrze wystylizowanego wygl\u0105du, kt\u00f3ry jest \u0142atwy w u\u017cyciu i utrzymuje si\u0119 przez ca\u0142y dzie\u0144. I uwierz mi, nawet pocz\u0105tkuj\u0105cy \u015bwietnie sobie z nim radz\u0105!  <\/span><\/p>\n","protected":false},"featured_media":11620,"comment_status":"open","ping_status":"closed","template":"","meta":{"_seopress_robots_primary_cat":"none","_seopress_titles_title":"","_seopress_titles_desc":"","_seopress_robots_index":"","site-sidebar-layout":"default","site-content-layout":"","ast-site-content-layout":"default","site-content-style":"default","site-sidebar-style":"default","ast-global-header-display":"","ast-banner-title-visibility":"","ast-main-header-display":"","ast-hfb-above-header-display":"","ast-hfb-below-header-display":"","ast-hfb-mobile-header-display":"","site-post-title":"","ast-breadcrumbs-content":"","ast-featured-img":"","footer-sml-layout":"","ast-disable-related-posts":"","theme-transparent-header-meta":"default","adv-header-id-meta":"","stick-header-meta":"","header-above-stick-meta":"","header-main-stick-meta":"","header-below-stick-meta":"","astra-migrate-meta-layouts":"default","ast-page-background-enabled":"default","ast-page-background-meta":{"desktop":{"background-color":"var(--ast-global-color-4)","background-image":"","background-repeat":"repeat","background-position":"center center","background-size":"auto","background-attachment":"scroll","background-type":"","background-media":"","overlay-type":"","overlay-color":"","overlay-opacity":"","overlay-gradient":""},"tablet":{"background-color":"","background-image":"","background-repeat":"repeat","background-position":"center center","background-size":"auto","background-attachment":"scroll","background-type":"","background-media":"","overlay-type":"","overlay-color":"","overlay-opacity":"","overlay-gradient":""},"mobile":{"background-color":"","background-image":"","background-repeat":"repeat","background-position":"center center","background-size":"auto","background-attachment":"scroll","background-type":"","background-media":"","overlay-type":"","overlay-color":"","overlay-opacity":"","overlay-gradient":""}},"ast-content-background-meta":{"desktop":{"background-color":"var(--ast-global-color-5)","background-image":"","background-repeat":"repeat","background-position":"center center","background-size":"auto","background-attachment":"scroll","background-type":"","background-media":"","overlay-type":"","overlay-color":"","overlay-opacity":"","overlay-gradient":""},"tablet":{"background-color":"var(--ast-global-color-5)","background-image":"","background-repeat":"repeat","background-position":"center center","background-size":"auto","background-attachment":"scroll","background-type":"","background-media":"","overlay-type":"","overlay-color":"","overlay-opacity":"","overlay-gradient":""},"mobile":{"background-color":"var(--ast-global-color-5)","background-image":"","background-repeat":"repeat","background-position":"center center","background-size":"auto","background-attachment":"scroll","background-type":"","background-media":"","overlay-type":"","overlay-color":"","overlay-opacity":"","overlay-gradient":""}}},"product_brand":[],"product_cat":[95],"product_tag":[],"class_list":{"0":"post-11616","1":"product","2":"type-product","3":"status-publish","4":"has-post-thumbnail","6":"product_cat-oczy","7":"desktop-align-left","8":"tablet-align-left","9":"mobile-align-left","11":"first","12":"instock","13":"sale","14":"shipping-taxable","15":"product-type-external"},"_links":{"self":[{"href":"https:\/\/youniquebyemilie.com\/pl\/wp-json\/wp\/v2\/product\/11616","targetHints":{"allow":["GET"]}}],"collection":[{"href":"https:\/\/youniquebyemilie.com\/pl\/wp-json\/wp\/v2\/product"}],"about":[{"href":"https:\/\/youniquebyemilie.com\/pl\/wp-json\/wp\/v2\/types\/product"}],"replies":[{"embeddable":true,"href":"https:\/\/youniquebyemilie.com\/pl\/wp-json\/wp\/v2\/comments?post=11616"}],"wp:featuredmedia":[{"embeddable":true,"href":"https:\/\/youniquebyemilie.com\/pl\/wp-json\/wp\/v2\/media\/11620"}],"wp:attachment":[{"href":"https:\/\/youniquebyemilie.com\/pl\/wp-json\/wp\/v2\/media?parent=11616"}],"wp:term":[{"taxonomy":"product_brand","embeddable":true,"href":"https:\/\/youniquebyemilie.com\/pl\/wp-json\/wp\/v2\/product_brand?post=11616"},{"taxonomy":"product_cat","embeddable":true,"href":"https:\/\/youniquebyemilie.com\/pl\/wp-json\/wp\/v2\/product_cat?post=11616"},{"taxonomy":"product_tag","embeddable":true,"href":"https:\/\/youniquebyemilie.com\/pl\/wp-json\/wp\/v2\/product_tag?post=11616"}],"curies":[{"name":"wp","href":"https:\/\/api.w.org\/{rel}","templated":true}]}}