{"id":11641,"date":"2025-06-16T16:31:47","date_gmt":"2025-06-16T16:31:47","guid":{"rendered":"https:\/\/youniquebyemilie.com\/produit\/baza-do-rzes-moodstruck-epic\/"},"modified":"2025-06-16T16:31:47","modified_gmt":"2025-06-16T14:31:47","slug":"baza-do-rzes-moodstruck-epic","status":"publish","type":"product","link":"https:\/\/youniquebyemilie.com\/pl\/produit\/baza-do-rzes-moodstruck-epic\/","title":{"rendered":"Baza do rz\u0119s MOODSTRUCK EPIC"},"content":{"rendered":"<p><span style=\"font-weight: 400;\">Czy chcesz, aby Tw\u00f3j tusz do rz\u0119s wygl\u0105da\u0142 jak najlepiej, ale czujesz, \u017ce Twoje rz\u0119sy potrzebuj\u0105 ma\u0142ego wzmocnienia? Mam rad\u0119, kt\u00f3r\u0105 pokochasz:   <\/span><b>Baza danych MOODSTRUCK EPIC<\/b><span style=\"font-weight: 400;\">.<\/span><\/p>\n<p><span style=\"font-weight: 400;\">Dzi\u0119ki zakrzywionej szczoteczce, kt\u00f3ra chwyta wszystkie rz\u0119sy jednym ruchem, od\u017cywia je i wzmacnia oraz doskonale przygotowuje baz\u0119 pod obj\u0119to\u015b\u0107 XXL i d\u0142ugotrwa\u0142e utrwalenie. Rezultat: intensywne spojrzenie i d\u0142u\u017csze rz\u0119sy bez grudek od rana do wieczora. <\/span><\/p>\n<h2><span style=\"font-weight: 400;\">Co naprawd\u0119 zyskujesz dzi\u0119ki bazie MOODSTRUCK EPIC<\/span><\/h2>\n<ul>\n<li style=\"font-weight: 400;\" aria-level=\"1\"><span style=\"font-weight: 400;\">A <\/span><b>szybka i \u0142atwa aplikacja<\/b><span style=\"font-weight: 400;\"> kt\u00f3ry chwyta wszystkie rz\u0119sy jednym ruchem, zapewniaj\u0105c efekt obj\u0119to\u015bci XXL.<\/span><\/li>\n<li style=\"font-weight: 400;\" aria-level=\"1\"><span style=\"font-weight: 400;\">Twoje rz\u0119sy s\u0105 <\/span><b>od\u017cywione, wzmocnione i chronione<\/b><span style=\"font-weight: 400;\">gotowe do na\u0142o\u017cenia tuszu do rz\u0119s.<\/span><\/li>\n<li style=\"font-weight: 400;\" aria-level=\"1\"><span style=\"font-weight: 400;\">Tusz do rz\u0119s <\/span><b>trzyma si\u0119 lepiej, d\u0142u\u017cej<\/b><span style=\"font-weight: 400;\">\u015awie\u017cy wygl\u0105d od rana do wieczora.<\/span><\/li>\n<li style=\"font-weight: 400;\" aria-level=\"1\"><span style=\"font-weight: 400;\">Lekka konsystencja, <\/span><b>nieklej\u0105ca<\/b><span style=\"font-weight: 400;\">\u0141atwy do na\u0142o\u017cenia i usuni\u0119cia.<\/span><\/li>\n<li style=\"font-weight: 400;\" aria-level=\"1\"><span style=\"font-weight: 400;\">Czysta, naturalna formu\u0142a, wolna od paraben\u00f3w i siarczan\u00f3w, zapewniaj\u0105ca delikatn\u0105 i skuteczn\u0105 piel\u0119gnacj\u0119 sk\u00f3ry.<\/span><\/li>\n<\/ul>\n<h2><span style=\"font-weight: 400;\">Kluczowe sk\u0142adniki do piel\u0119gnacji rz\u0119s<\/span><\/h2>\n<p><span style=\"font-weight: 400;\">Baza zawiera mieszank\u0119 sk\u0142adnik\u00f3w dobranych tak, aby od\u017cywia\u0107 i chroni\u0107 rz\u0119sy:<\/span><\/p>\n<ul>\n<li style=\"font-weight: 400;\" aria-level=\"1\"><b>Woda<\/b><span style=\"font-weight: 400;\"> dla uzyskania lekkiej konsystencji.<\/span><\/li>\n<li style=\"font-weight: 400;\" aria-level=\"1\"><b>Naturalne woski<\/b><span style=\"font-weight: 400;\"> (ry\u017c, wosk pszczeli, karnauba), kt\u00f3re tworz\u0105 baz\u0119 i chroni\u0105 rz\u0119sy.<\/span><\/li>\n<li style=\"font-weight: 400;\" aria-level=\"1\"><b>Polyquaternium-10<\/b><span style=\"font-weight: 400;\"> dla efektu filmotw\u00f3rczego, kt\u00f3ry przygotowuje rz\u0119sy na przyj\u0119cie tuszu.<\/span><\/li>\n<li style=\"font-weight: 400;\" aria-level=\"1\"><b>Naturalne olejki i ekstrakty<\/b><span style=\"font-weight: 400;\"> kt\u00f3re nawil\u017caj\u0105 i wzmacniaj\u0105 w\u0142\u00f3kno rz\u0119s.<\/span><\/li>\n<li style=\"font-weight: 400;\" aria-level=\"1\"><b>\u015arodki zag\u0119szczaj\u0105ce<\/b><span style=\"font-weight: 400;\"> dla r\u00f3wnomiernej aplikacji i nieskazitelnego wyko\u0144czenia.<\/span><span style=\"font-weight: 400;\"><br \/>\n<\/span><span style=\"font-weight: 400;\"> <\/span><\/li>\n<\/ul>\n<p><span style=\"font-weight: 400;\">Bez paraben\u00f3w, siarczan\u00f3w i agresywnych sk\u0142adnik\u00f3w.<\/span><\/p>\n<p>&nbsp;<\/p>\n<h3><span style=\"font-weight: 400;\">Jak u\u017cywa\u0107 bazy MOODSTRUCK EPIC, aby uzyska\u0107 gwiazdorski wygl\u0105d?<\/span><\/h3>\n<p><span style=\"font-weight: 400;\">Nic nie mo\u017ce by\u0107 prostsze:<\/span><\/p>\n<ol>\n<li style=\"font-weight: 400;\" aria-level=\"1\"><span style=\"font-weight: 400;\">Przeci\u0105gnij szczoteczk\u0119 wzd\u0142u\u017c nasady naturalnych rz\u0119s.<\/span><\/li>\n<li style=\"font-weight: 400;\" aria-level=\"1\"><span style=\"font-weight: 400;\">Delikatnymi ruchami przeczesuj w\u0142osy a\u017c po same ko\u0144ce.<\/span><\/li>\n<li style=\"font-weight: 400;\" aria-level=\"1\"><span style=\"font-weight: 400;\">Pozostaw do wyschni\u0119cia, a nast\u0119pnie na\u0142\u00f3\u017c tusz do rz\u0119s MOODSTRUCK EPIC lub sw\u00f3j ulubiony.<\/span><\/li>\n<\/ol>\n<p><b>Nie pomijaj tego kroku<\/b><span style=\"font-weight: 400;\"> Twoja rutyna makija\u017cowa ju\u017c nigdy nie b\u0119dzie taka sama.<\/span><\/p>\n<p><span style=\"font-weight: 400;\">Podk\u0142ad MOODSTRUCK EPIC to r\u00f3\u017cnica mi\u0119dzy uczciwym a zniewalaj\u0105cym wygl\u0105dem. Szybka aplikacja, osza\u0142amiaj\u0105cy efekt. Dodaj j\u0105 do swojego zestawu i zam\u00f3w ju\u017c teraz. Twoje oczy zas\u0142uguj\u0105 na to, co najlepsze.   <\/span><\/p>\n<h2><span style=\"font-weight: 400;\">FAQ : Podk\u0142ad do rz\u0119s MOODSTRUCK EPIC  <\/span><\/h2>\n<ol>\n<li><b>  Czy ta baza dzia\u0142a ze wszystkimi tuszami do rz\u0119s?<\/b><b><br \/>\n<\/b><span style=\"font-weight: 400;\">  Tak, mimo \u017ce zosta\u0142 zaprojektowany dla MOODSTRUCK EPIC, doskonale nadaje si\u0119 do wszystkich tusz\u00f3w do rz\u0119s, aby zwi\u0119kszy\u0107 ich trwa\u0142o\u015b\u0107 i obj\u0119to\u015b\u0107.<\/span><\/li>\n<li> <b> Czy mog\u0119 u\u017cywa\u0107 tej bazy codziennie?<\/b><b><br \/>\n<\/b><span style=\"font-weight: 400;\"> Oczywi\u015bcie, jest przeznaczona do <\/span><b>codziennego u\u017cytku<\/b><span style=\"font-weight: 400;\">Delikatnie od\u017cywia rz\u0119sy, nie obci\u0105\u017caj\u0105c ich.<\/span><\/li>\n<li><b>  Czy ta baza mo\u017ce powodowa\u0107 podra\u017cnienia lub alergie?<\/b><b><br \/>\n<\/b><span style=\"font-weight: 400;\">  Nie, nie zawiera agresywnych sk\u0142adnik\u00f3w i jest testowany dermatologicznie, ale je\u015bli masz znan\u0105 alergi\u0119, wykonaj test na ma\u0142ej powierzchni.<\/span><\/li>\n<li><b>  Czy mo\u017cna go u\u017cywa\u0107 bez tuszu do rz\u0119s?<\/b><b><br \/>\n<\/b><span style=\"font-weight: 400;\">  Mo\u017cna go u\u017cywa\u0107 samodzielnie, aby od\u017cywi\u0107 rz\u0119sy, ale jego efekt obj\u0119to\u015bciowy jest zoptymalizowany z tuszem do rz\u0119s.<\/span><\/li>\n<li> <b> Jak d\u0142ugo wystarcza butelka przy normalnym u\u017cytkowaniu?<\/b><b><br \/>\n<\/b><span style=\"font-weight: 400;\"> Przy codziennym u\u017cytkowaniu butelka wystarcza na oko\u0142o <\/span><b>2 do 3 miesi\u0119cy<\/b><span style=\"font-weight: 400;\">.<\/span><\/li>\n<\/ol>\n<p>&nbsp;<\/p>\n","protected":false},"excerpt":{"rendered":"<p>Baza <strong>do rz\u0119s MOODSTRUCK EPIC<\/strong> odmienia rutyn\u0119 makija\u017cu. Dzi\u0119ki <g id=\"gid_1\">zakrzywionej szczoteczce<\/g> przygotowuje rz\u0119sy za jednym poci\u0105gni\u0119ciem, zapewniaj\u0105c <g id=\"gid_2\">obj\u0119to\u015b\u0107 XXL<\/g> i <g id=\"gid_3\">d\u0142ugotrwa\u0142e utr<\/g>walenie. <strong>Od\u017cywia<\/strong> i <strong>wzmacnia<\/strong> rz\u0119sy, nadaj\u0105c spojrzeniu intensywniejszy i trwalszy wygl\u0105d bez grudek i rozmazywania.  <\/p>\n<p>\u0141atwa w aplikacji, o lekkiej, nieklej\u0105cej konsystencji, ta baza jest idealna do noszenia przez ca\u0142y dzie\u0144. Jej formu\u0142a bez <g id=\"gid_0\">paraben\u00f3w<\/g> i <g id=\"gid_1\">siarczan\u00f3w<\/g> szanuje nawet najbardziej wra\u017cliwe rz\u0119sy. U\u017cywaj jej codziennie, aby uzyska\u0107 pi\u0119kne, od\u017cywione rz\u0119sy, kt\u00f3re s\u0105 gotowe na przyj\u0119cie tuszu.  <\/p>\n","protected":false},"featured_media":11669,"comment_status":"open","ping_status":"closed","template":"","meta":{"_seopress_robots_primary_cat":"none","_seopress_titles_title":"","_seopress_titles_desc":"","_seopress_robots_index":"","site-sidebar-layout":"default","site-content-layout":"","ast-site-content-layout":"default","site-content-style":"default","site-sidebar-style":"default","ast-global-header-display":"","ast-banner-title-visibility":"","ast-main-header-display":"","ast-hfb-above-header-display":"","ast-hfb-below-header-display":"","ast-hfb-mobile-header-display":"","site-post-title":"","ast-breadcrumbs-content":"","ast-featured-img":"","footer-sml-layout":"","ast-disable-related-posts":"","theme-transparent-header-meta":"default","adv-header-id-meta":"","stick-header-meta":"","header-above-stick-meta":"","header-main-stick-meta":"","header-below-stick-meta":"","astra-migrate-meta-layouts":"default","ast-page-background-enabled":"default","ast-page-background-meta":{"desktop":{"background-color":"var(--ast-global-color-4)","background-image":"","background-repeat":"repeat","background-position":"center center","background-size":"auto","background-attachment":"scroll","background-type":"","background-media":"","overlay-type":"","overlay-color":"","overlay-opacity":"","overlay-gradient":""},"tablet":{"background-color":"","background-image":"","background-repeat":"repeat","background-position":"center center","background-size":"auto","background-attachment":"scroll","background-type":"","background-media":"","overlay-type":"","overlay-color":"","overlay-opacity":"","overlay-gradient":""},"mobile":{"background-color":"","background-image":"","background-repeat":"repeat","background-position":"center center","background-size":"auto","background-attachment":"scroll","background-type":"","background-media":"","overlay-type":"","overlay-color":"","overlay-opacity":"","overlay-gradient":""}},"ast-content-background-meta":{"desktop":{"background-color":"var(--ast-global-color-5)","background-image":"","background-repeat":"repeat","background-position":"center center","background-size":"auto","background-attachment":"scroll","background-type":"","background-media":"","overlay-type":"","overlay-color":"","overlay-opacity":"","overlay-gradient":""},"tablet":{"background-color":"var(--ast-global-color-5)","background-image":"","background-repeat":"repeat","background-position":"center center","background-size":"auto","background-attachment":"scroll","background-type":"","background-media":"","overlay-type":"","overlay-color":"","overlay-opacity":"","overlay-gradient":""},"mobile":{"background-color":"var(--ast-global-color-5)","background-image":"","background-repeat":"repeat","background-position":"center center","background-size":"auto","background-attachment":"scroll","background-type":"","background-media":"","overlay-type":"","overlay-color":"","overlay-opacity":"","overlay-gradient":""}}},"product_brand":[],"product_cat":[95],"product_tag":[],"class_list":{"0":"post-11641","1":"product","2":"type-product","3":"status-publish","4":"has-post-thumbnail","6":"product_cat-oczy","7":"desktop-align-left","8":"tablet-align-left","9":"mobile-align-left","11":"first","12":"instock","13":"sale","14":"shipping-taxable","15":"product-type-external"},"_links":{"self":[{"href":"https:\/\/youniquebyemilie.com\/pl\/wp-json\/wp\/v2\/product\/11641","targetHints":{"allow":["GET"]}}],"collection":[{"href":"https:\/\/youniquebyemilie.com\/pl\/wp-json\/wp\/v2\/product"}],"about":[{"href":"https:\/\/youniquebyemilie.com\/pl\/wp-json\/wp\/v2\/types\/product"}],"replies":[{"embeddable":true,"href":"https:\/\/youniquebyemilie.com\/pl\/wp-json\/wp\/v2\/comments?post=11641"}],"wp:featuredmedia":[{"embeddable":true,"href":"https:\/\/youniquebyemilie.com\/pl\/wp-json\/wp\/v2\/media\/11669"}],"wp:attachment":[{"href":"https:\/\/youniquebyemilie.com\/pl\/wp-json\/wp\/v2\/media?parent=11641"}],"wp:term":[{"taxonomy":"product_brand","embeddable":true,"href":"https:\/\/youniquebyemilie.com\/pl\/wp-json\/wp\/v2\/product_brand?post=11641"},{"taxonomy":"product_cat","embeddable":true,"href":"https:\/\/youniquebyemilie.com\/pl\/wp-json\/wp\/v2\/product_cat?post=11641"},{"taxonomy":"product_tag","embeddable":true,"href":"https:\/\/youniquebyemilie.com\/pl\/wp-json\/wp\/v2\/product_tag?post=11641"}],"curies":[{"name":"wp","href":"https:\/\/api.w.org\/{rel}","templated":true}]}}