{"id":11646,"date":"2025-06-16T16:34:54","date_gmt":"2025-06-16T16:34:54","guid":{"rendered":"https:\/\/youniquebyemilie.com\/produit\/moodstruck-kompaktowy-cien-do-powiek-w-pojedynczej-kasetce\/"},"modified":"2025-06-16T16:34:54","modified_gmt":"2025-06-16T14:34:54","slug":"moodstruck-kompaktowy-cien-do-powiek-w-pojedynczej-kasetce","status":"publish","type":"product","link":"https:\/\/youniquebyemilie.com\/pl\/produit\/moodstruck-kompaktowy-cien-do-powiek-w-pojedynczej-kasetce\/","title":{"rendered":"MOODSTRUCK kompaktowy cie\u0144 do powiek w pojedynczej kasetce"},"content":{"rendered":"<p><span style=\"font-weight: 400;\">Szukasz kompaktowego<\/span><b> kompaktowy<\/b><span style=\"font-weight: 400;\">, <\/span><b>wielokrotnego nape\u0142niania<\/b><span style=\"font-weight: 400;\">,<\/span><b> \u0142atwy do zastosowania<\/b><span style=\"font-weight: 400;\">  i utrzymuje si\u0119 przez ca\u0142y dzie\u0144 bez konieczno\u015bci martwienia si\u0119 o niego? Cienie w kompakcie MOODSTRUCK to m\u00f3j must-have. Ich aksamitna konsystencja to prawdziwa przyjemno\u015b\u0107 z aplikacji, a trwa\u0142o\u015b\u0107? Do     <\/span><b>12 godzin bez retuszu<\/b><span style=\"font-weight: 400;\">. <\/span> <\/p>\n<p><span style=\"font-weight: 400;\">Niezale\u017cnie od tego, czy preferujesz dyskretny, naturalny wygl\u0105d, czy te\u017c niezwykle efektowny, przydymiony look, pokochasz rezultaty. A ma\u0142y dodatek, kt\u00f3ry robi r\u00f3\u017cnic\u0119: kasetka jest wielokrotnego nape\u0142niania, wi\u0119c mo\u017cesz zmienia\u0107 kolory, kiedy tylko chcesz, bez utraty ulubionego odcienia. <\/span><\/p>\n<h2><span style=\"font-weight: 400;\">Co zyskujesz dzi\u0119ki kompaktowemu etui MOODSTRUCK<\/span><\/h2>\n<ul>\n<li style=\"font-weight: 400;\" aria-level=\"1\"><span style=\"font-weight: 400;\">A <\/span><b>konkretna trwa\u0142o\u015b\u0107 do 12 godzin<\/b><span style=\"font-weight: 400;\"> dzi\u0119ki zintegrowanej bazie, kt\u00f3ra wychwytuje kolor.<\/span><\/li>\n<li style=\"font-weight: 400;\" aria-level=\"1\"><span style=\"font-weight: 400;\">A<\/span><b> ultra delikatna, regulowana konsystencja<\/b><span style=\"font-weight: 400;\">Nak\u0142ada si\u0119 i rozprowadza w mgnieniu oka.<\/span><\/li>\n<li style=\"font-weight: 400;\" aria-level=\"1\"><span style=\"font-weight: 400;\">A <\/span><b>kompaktowe etui z mo\u017cliwo\u015bci\u0105 \u0142adowania<\/b><span style=\"font-weight: 400;\">Jest bardzo przydatny do prze\u0142\u0105czania si\u0119 mi\u0119dzy ulubionymi stylizacjami.<\/span><\/li>\n<li style=\"font-weight: 400;\" aria-level=\"1\"><span style=\"font-weight: 400;\">Z<\/span><b> bogatych, intensywnych pigment\u00f3w<\/b><span style=\"font-weight: 400;\"> kt\u00f3re rozbudzaj\u0105 oczy i utrzymuj\u0105 si\u0119 przez ca\u0142y dzie\u0144, nawet gdy jeste\u015b w biegu.<\/span><\/li>\n<li style=\"font-weight: 400;\" aria-level=\"1\"><span style=\"font-weight: 400;\">A<\/span><b> Czysta formu\u0142a, wolna od paraben\u00f3w i agresywnych sk\u0142adnik\u00f3w,<\/b><span style=\"font-weight: 400;\"> aby rozpieszcza\u0107 wra\u017cliw\u0105 sk\u00f3r\u0119.<\/span><\/li>\n<\/ul>\n<h2><span style=\"font-weight: 400;\">Jak u\u017cywa\u0107 kompaktowego cienia MOODSTRUCK i wygrywa\u0107 za ka\u017cdym razem?<\/span><\/h2>\n<ol>\n<li style=\"font-weight: 400;\" aria-level=\"1\"><span style=\"font-weight: 400;\">Na\u0142\u00f3\u017c baz\u0119 MOODSTRUCK na powieki i brwi, aby przygotowa\u0107 sk\u00f3r\u0119 i zwi\u0119kszy\u0107 trwa\u0142o\u015b\u0107.<\/span><\/li>\n<li style=\"font-weight: 400;\" aria-level=\"1\"><span style=\"font-weight: 400;\">Z ulubionym <\/span><b>ulubionego p\u0119dzelka YOUNIQUE<\/b><span style=\"font-weight: 400;\">na\u0142\u00f3\u017c kompaktowy cie\u0144 na powiek\u0119 i \u0142uk brwiowy.<\/span><\/li>\n<li style=\"font-weight: 400;\" aria-level=\"1\"><span style=\"font-weight: 400;\">Dobrze wymieszaj, aby uzyska\u0107 harmonijny efekt, i nak\u0142adaj warstwami, je\u015bli chcesz uzyska\u0107 wi\u0119cej mocy.<\/span><\/li>\n<li style=\"font-weight: 400;\" aria-level=\"1\"><span style=\"font-weight: 400;\">Zmie\u0144 kolor, kiedy tylko chcesz, po prostu \u0142aduj\u0105c swoje pude\u0142ko.<\/span><\/li>\n<\/ol>\n<p><span style=\"font-weight: 400;\">Wystarczy kilka prostych krok\u00f3w, aby Twoje oczy sta\u0142y si\u0119 wyraziste przez ca\u0142y dzie\u0144.<\/span><\/p>\n<p>&nbsp;<\/p>\n<h2><span style=\"font-weight: 400;\">Sk\u0142adniki, kt\u00f3re dbaj\u0105 o Ciebie<\/span><\/h2>\n<ul>\n<li style=\"font-weight: 400;\" aria-level=\"1\"><b>Dimetikon<\/b><span style=\"font-weight: 400;\">Zapewnia mi\u0119kk\u0105, g\u0142adk\u0105 tekstur\u0119, kt\u00f3ra jest wygodna w noszeniu.<\/span><\/li>\n<li style=\"font-weight: 400;\" aria-level=\"1\"><b>Naturalne woski<\/b><span style=\"font-weight: 400;\"> (carnauba, candelilla, wosk pszczeli), kt\u00f3re utrwalaj\u0105 puder i gwarantuj\u0105 doskona\u0142\u0105 trwa\u0142o\u015b\u0107.<\/span><\/li>\n<li style=\"font-weight: 400;\" aria-level=\"1\"><b>\u015arodki b\u0142onotw\u00f3rcze<\/b><span style=\"font-weight: 400;\"> zapewniaj\u0105 p\u0142ynn\u0105 aplikacj\u0119 i intensywne wyko\u0144czenie.<\/span><\/li>\n<li style=\"font-weight: 400;\" aria-level=\"1\"><b>Naturalne pigmenty i tlenki<\/b><span style=\"font-weight: 400;\"> dla \u017cywych, bogatych kolor\u00f3w, kt\u00f3re szanuj\u0105 delikatn\u0105 sk\u00f3r\u0119.<\/span><\/li>\n<li style=\"font-weight: 400;\" aria-level=\"1\"><span style=\"font-weight: 400;\">Bez paraben\u00f3w i agresywnych substancji, poniewa\u017c Twoja sk\u00f3ra zas\u0142uguje na to, co najlepsze.<\/span><\/li>\n<\/ul>\n<p><span style=\"font-weight: 400;\">Dzi\u0119ki tej prostej kasetce z cieniami do powiek MOODSTRUCK masz wszystko, czego potrzebujesz, aby rozja\u015bni\u0107 oczy, zaoszcz\u0119dzi\u0107 czas i uzyska\u0107 wygl\u0105d, kt\u00f3ry jest taki jak Ty, bez stresu. Dodaj go do swojego zestawu, a nie po\u017ca\u0142ujesz. <\/span><\/p>\n<h2><span style=\"font-weight: 400;\">FAQ: Wszystko, co musisz wiedzie\u0107 o prostej kasetce na cienie do powiek MOODSTRUCK<\/span><\/h2>\n<ol>\n<li><b>  Czy to kompaktowe etui jest kompatybilne ze wszystkimi odcieniami MOODSTRUCK?<\/b><b><br \/>\n<\/b><span style=\"font-weight: 400;\">  Tak, ta kasetka zosta\u0142a zaprojektowana tak, aby idealnie pasowa\u0142a do wszystkich kompaktowych cieni do powiek MOODSTRUCK, dzi\u0119ki czemu mo\u017cesz spersonalizowa\u0107 sw\u00f3j makija\u017c do woli.<\/span><\/li>\n<li><b>  Czy \u0142atwo jest zmieni\u0107 cie\u0144 w obudowie bez jej uszkodzenia?<\/b><b><br \/>\n<\/b><span style=\"font-weight: 400;\">  Tak, system uzupe\u0142niania jest prosty i czysty. Mo\u017cesz zmieni\u0107 odcie\u0144 w mgnieniu oka, bez marnowania produktu. <\/span><\/li>\n<li><b>  Czy etui zawiera lusterko lub aplikator?<\/b><b><br \/>\n<\/b><span style=\"font-weight: 400;\">  Prosta obudowa jest minimalistyczna, bez lusterka i aplikatora, dzi\u0119ki czemu jest lekka i bardzo praktyczna. Mo\u017cesz u\u017cy\u0107 swoich ulubionych p\u0119dzli YOUNIQUE, aby uzyska\u0107 profesjonalny wygl\u0105d. <\/span><\/li>\n<li><b>  Czy mog\u0119 zebra\u0107 kilka wk\u0142ad\u00f3w w tym samym pude\u0142ku?<\/b><b><br \/>\n<\/b><span style=\"font-weight: 400;\">  Absolutnie, jest do tego stworzony! Mo\u017cesz mie\u0107 kilka wk\u0142ad\u00f3w i zmienia\u0107 je w zale\u017cno\u015bci od nastroju i stylu. <\/span><\/li>\n<li><b>  Co powinienem zrobi\u0107, je\u015bli z czasem zamkni\u0119cie pude\u0142ka stanie si\u0119 mniej skuteczne?<\/b><\/li>\n<\/ol>\n<p><span style=\"font-weight: 400;\">Nie panikuj, niewielkie wyczyszczenie klips\u00f3w i kraw\u0119dzi obudowy mi\u0119kk\u0105 szmatk\u0105 to cz\u0119sto wszystko, czego potrzeba, aby przywr\u00f3ci\u0107 idealn\u0105 szczelno\u015b\u0107.<\/span><\/p>\n<p><span style=\"font-weight: 400;\">Dodaj to kompaktowe etui z akumulatorem MOODSTRUCK do swojego zestawu ju\u017c teraz. Zmieniaj sw\u00f3j wygl\u0105d jak tylko chcesz.   <\/span><b>d\u0142ugoterminowy<\/b><span style=\"font-weight: 400;\">  i pi\u0119kne, wolne od stresu oczy przez ca\u0142y dzie\u0144. Zr\u00f3b to, pokochasz to ma\u0142e wzmocnienie urody, kt\u00f3re zmienia wszystko! <\/span><\/p>\n","protected":false},"excerpt":{"rendered":"<p>Szukasz \u0142atwych w aplikacji <strong>cieni do powie<\/strong> k, kt\u00f3re utrzymaj\u0105 si\u0119 przez ca\u0142y dzie\u0144 bez konieczno\u015bci poprawek? <strong>Cienie w kompakcie MOODSTRUCK<\/strong> s\u0105 dla Ciebie! Ich aksamitna konsystencja jest bardzo przyjemna w aplikacji, a jak d\u0142ugo si\u0119 utrzymuj\u0105? Do 12 godzin, bez przemieszczania si\u0119. Praktyczne i <strong>wielokrotnego nape\u0142<\/strong>niania, mo\u017cna zmieni\u0107 kolor w zale\u017cno\u015bci od nastroju, bez utraty ulubionego odcienia.    <\/p>\n<h3><strong>Dlaczego pokochasz kompaktowe cienie MOODSTRUCK<\/strong>:<\/h3>\n<ul>\n<li><strong>D\u0142ugotrwa\u0142e dzia\u0142anie<\/strong> do 12 godzin dzi\u0119ki wbudowanej podstawce.<\/li>\n<li><strong>Mi\u0119kka, regulowana konsystencja<\/strong>: \u0142atwa do nak\u0142adania i mieszania.<\/li>\n<li><strong>Obudowa z akumulatorem<\/strong> umo\u017cliwia zmian\u0119 koloru w dowolnym momencie.<\/li>\n<li><strong>Intensywne pigmenty<\/strong> zapewniaj\u0105 \u017cywe spojrzenie i d\u0142ugotrwa\u0142y efekt.<\/li>\n<li><strong>Czysta formu\u0142a<\/strong> bez paraben\u00f3w i agresywnych substancji.<\/li>\n<\/ul>\n<p>Dodaj je do swojego zestawu i ciesz si\u0119 nieskazitelnym, bezstresowym wygl\u0105dem.<\/p>\n","protected":false},"featured_media":11647,"comment_status":"open","ping_status":"closed","template":"","meta":{"_seopress_robots_primary_cat":"none","_seopress_titles_title":"","_seopress_titles_desc":"","_seopress_robots_index":"","site-sidebar-layout":"default","site-content-layout":"","ast-site-content-layout":"default","site-content-style":"default","site-sidebar-style":"default","ast-global-header-display":"","ast-banner-title-visibility":"","ast-main-header-display":"","ast-hfb-above-header-display":"","ast-hfb-below-header-display":"","ast-hfb-mobile-header-display":"","site-post-title":"","ast-breadcrumbs-content":"","ast-featured-img":"","footer-sml-layout":"","ast-disable-related-posts":"","theme-transparent-header-meta":"default","adv-header-id-meta":"","stick-header-meta":"","header-above-stick-meta":"","header-main-stick-meta":"","header-below-stick-meta":"","astra-migrate-meta-layouts":"default","ast-page-background-enabled":"default","ast-page-background-meta":{"desktop":{"background-color":"var(--ast-global-color-4)","background-image":"","background-repeat":"repeat","background-position":"center center","background-size":"auto","background-attachment":"scroll","background-type":"","background-media":"","overlay-type":"","overlay-color":"","overlay-opacity":"","overlay-gradient":""},"tablet":{"background-color":"","background-image":"","background-repeat":"repeat","background-position":"center center","background-size":"auto","background-attachment":"scroll","background-type":"","background-media":"","overlay-type":"","overlay-color":"","overlay-opacity":"","overlay-gradient":""},"mobile":{"background-color":"","background-image":"","background-repeat":"repeat","background-position":"center center","background-size":"auto","background-attachment":"scroll","background-type":"","background-media":"","overlay-type":"","overlay-color":"","overlay-opacity":"","overlay-gradient":""}},"ast-content-background-meta":{"desktop":{"background-color":"var(--ast-global-color-5)","background-image":"","background-repeat":"repeat","background-position":"center center","background-size":"auto","background-attachment":"scroll","background-type":"","background-media":"","overlay-type":"","overlay-color":"","overlay-opacity":"","overlay-gradient":""},"tablet":{"background-color":"var(--ast-global-color-5)","background-image":"","background-repeat":"repeat","background-position":"center center","background-size":"auto","background-attachment":"scroll","background-type":"","background-media":"","overlay-type":"","overlay-color":"","overlay-opacity":"","overlay-gradient":""},"mobile":{"background-color":"var(--ast-global-color-5)","background-image":"","background-repeat":"repeat","background-position":"center center","background-size":"auto","background-attachment":"scroll","background-type":"","background-media":"","overlay-type":"","overlay-color":"","overlay-opacity":"","overlay-gradient":""}}},"product_brand":[],"product_cat":[95],"product_tag":[],"class_list":{"0":"post-11646","1":"product","2":"type-product","3":"status-publish","4":"has-post-thumbnail","6":"product_cat-oczy","7":"desktop-align-left","8":"tablet-align-left","9":"mobile-align-left","11":"first","12":"instock","13":"shipping-taxable","14":"product-type-external"},"_links":{"self":[{"href":"https:\/\/youniquebyemilie.com\/pl\/wp-json\/wp\/v2\/product\/11646","targetHints":{"allow":["GET"]}}],"collection":[{"href":"https:\/\/youniquebyemilie.com\/pl\/wp-json\/wp\/v2\/product"}],"about":[{"href":"https:\/\/youniquebyemilie.com\/pl\/wp-json\/wp\/v2\/types\/product"}],"replies":[{"embeddable":true,"href":"https:\/\/youniquebyemilie.com\/pl\/wp-json\/wp\/v2\/comments?post=11646"}],"wp:featuredmedia":[{"embeddable":true,"href":"https:\/\/youniquebyemilie.com\/pl\/wp-json\/wp\/v2\/media\/11647"}],"wp:attachment":[{"href":"https:\/\/youniquebyemilie.com\/pl\/wp-json\/wp\/v2\/media?parent=11646"}],"wp:term":[{"taxonomy":"product_brand","embeddable":true,"href":"https:\/\/youniquebyemilie.com\/pl\/wp-json\/wp\/v2\/product_brand?post=11646"},{"taxonomy":"product_cat","embeddable":true,"href":"https:\/\/youniquebyemilie.com\/pl\/wp-json\/wp\/v2\/product_cat?post=11646"},{"taxonomy":"product_tag","embeddable":true,"href":"https:\/\/youniquebyemilie.com\/pl\/wp-json\/wp\/v2\/product_tag?post=11646"}],"curies":[{"name":"wp","href":"https:\/\/api.w.org\/{rel}","templated":true}]}}