{"id":11717,"date":"2025-07-27T16:13:22","date_gmt":"2025-07-27T14:13:22","guid":{"rendered":"https:\/\/youniquebyemilie.com\/produit\/younique-daily-you-liquid-collagen-care-30-saszetek\/"},"modified":"2026-02-09T14:40:02","modified_gmt":"2026-02-09T13:40:02","slug":"younique-daily-you-liquid-collagen-care-30-saszetek","status":"publish","type":"product","link":"https:\/\/youniquebyemilie.com\/pl\/produit\/younique-daily-you-liquid-collagen-care-30-saszetek\/","title":{"rendered":"YOUNIQUE DAILY-YOU Liquid Collagen Care - 30 saszetek"},"content":{"rendered":"<p><span style=\"font-weight: 400;\">Wiesz, ostatnio naprawd\u0119 czu\u0142am, \u017ce moja sk\u00f3ra jest mniej \u015bwietlista, bardziej sucha, a ma\u0142e zmarszczki zacz\u0119\u0142y mi przeszkadza\u0107. Przetestowa\u0142am   <\/span><b>YOUNIQUE DAILY-YOU<\/b><span style=\"font-weight: 400;\">I to mi bardzo pomog\u0142o. Nie by\u0142o pustych obietnic, tylko prawdziwe uczucie elastycznej, promiennej sk\u00f3ry, bez \u017cadnego zamieszania. <\/span><\/p>\n<p><span style=\"font-weight: 400;\">Codziennie rano pij\u0119 m\u00f3j ma\u0142y shot mango-cytrusowy, kt\u00f3ry jest \u0142atwy do prze\u0142kni\u0119cia, a w ci\u0105gu zaledwie kilku tygodni naprawd\u0119 zauwa\u017cy\u0142am, \u017ce moja sk\u00f3ra sta\u0142a si\u0119 j\u0119drniejsza. Dla mnie sta\u0142 si\u0119 to prosty, szybki gest, kt\u00f3ry robi prawdziw\u0105 r\u00f3\u017cnic\u0119. <\/span><\/p>\n<h3><span style=\"font-weight: 400;\">Co YOUNIQUE DAILY-YOU zrobi\u0142o dla mnie i co zrobi r\u00f3wnie\u017c dla Ciebie<\/span><\/h3>\n<ul>\n<li style=\"font-weight: 400;\" aria-level=\"1\"><b>Bardziej nawil\u017cona, \u015bwietlista sk\u00f3ra<\/b><span style=\"font-weight: 400;\"> Tekstura sk\u00f3ry staje si\u0119 g\u0142adsza i bardziej promienna, jak filtr na Instagramie, ale w prawdziwym \u017cyciu.<\/span><\/li>\n<li style=\"font-weight: 400;\" aria-level=\"1\"><b>Widoczna redukcja drobnych linii i zmarszczek<\/b><span style=\"font-weight: 400;\"> W ci\u0105gu <\/span><b>8 tygodni,<\/b><span style=\"font-weight: 400;\">  sk\u00f3ra jest j\u0119drniejsza i wygl\u0105da m\u0142odziej. Oznaki up\u0142ywu czasu znikaj\u0105, a cera wygl\u0105da bardziej \u015bwie\u017co. <\/span><\/li>\n<li style=\"font-weight: 400;\" aria-level=\"1\"><b>Koniec z such\u0105, szorstk\u0105 sk\u00f3r\u0105<\/b><span style=\"font-weight: 400;\"> Od\u017cywiona, elastyczna i mi\u0119kka sk\u00f3ra dzi\u0119ki formule skoncentrowanej na kolagenie morskim i hialuronianie sodu.<\/span><\/li>\n<li style=\"font-weight: 400;\" aria-level=\"1\"><b>Praktyczny i pyszny zastrzyk<\/b><span style=\"font-weight: 400;\"> W 25 ml znajduje si\u0119 5000 mg kolagenu morskiego i silne substancje wzmacniaj\u0105ce sk\u00f3r\u0119.<\/span><\/li>\n<li style=\"font-weight: 400;\" aria-level=\"1\"><b>W 100% naturalne, zdrowe sk\u0142adniki<\/b><span style=\"font-weight: 400;\">  Bezglutenowy, bez soi, bez GMO, bez nabia\u0142u i bez sztucznych barwnik\u00f3w. Produkt do piel\u0119gnacji sk\u00f3ry, kt\u00f3ry szanuje Twoj\u0105 sk\u00f3r\u0119 i Twoje warto\u015bci. <\/span><\/li>\n<\/ul>\n<h3><span style=\"font-weight: 400;\">Sk\u0142adniki, kt\u00f3re robi\u0105 r\u00f3\u017cnic\u0119:<\/span><\/h3>\n<ul>\n<li style=\"font-weight: 400;\" aria-level=\"1\"><b>Kolagen morski<\/b><span style=\"font-weight: 400;\"> 5000 mg na saszetk\u0119, aby poprawi\u0107 j\u0119drno\u015b\u0107 i blask sk\u00f3ry.<\/span><\/li>\n<li style=\"font-weight: 400;\" aria-level=\"1\"><b>Hialuronian sodu<\/b><span style=\"font-weight: 400;\"> Zwi\u0119ksza nawil\u017cenie i zmniejsza sucho\u015b\u0107 sk\u00f3ry, nadaj\u0105c jej spr\u0119\u017cysto\u015b\u0107.<\/span><\/li>\n<li style=\"font-weight: 400;\" aria-level=\"1\"><b>Ocet jab\u0142kowy<\/b><span style=\"font-weight: 400;\"> i <\/span><b>Aloe Vera<\/b><span style=\"font-weight: 400;\"> Intensywne nawil\u017cenie i rewitalizacja dla promiennej sk\u00f3ry.<\/span><\/li>\n<li style=\"font-weight: 400;\" aria-level=\"1\"><b>Kwas jab\u0142kowy i kwas cytrynowy<\/b><span style=\"font-weight: 400;\"> Odnawiaj\u0105 sk\u00f3r\u0119, zmniejszaj\u0105 szorstko\u015b\u0107 i zapewniaj\u0105 g\u0142adk\u0105 tekstur\u0119.<\/span><\/li>\n<\/ul>\n<h3><span style=\"font-weight: 400;\">Rewolucja kosmetyczna, na kt\u00f3r\u0105 czeka\u0142a\u015b, wreszcie nadesz\u0142a<\/span><\/h3>\n<p><span style=\"font-weight: 400;\">Jak to dzia\u0142a? To bardzo proste! <\/span><\/p>\n<ol>\n<li style=\"font-weight: 400;\" aria-level=\"1\"><b>Otw\u00f3rz<\/b><span style=\"font-weight: 400;\"> torebk\u0119 za pomoc\u0105 \u0142atwej do rozerwania ko\u0144c\u00f3wki.<\/span><\/li>\n<li style=\"font-weight: 400;\" aria-level=\"1\"><b>\u0141yk<\/b><span style=\"font-weight: 400;\"> p\u0142ynny kolagen bezpo\u015brednio z saszetki lub <\/span><b>wymiesza\u0107<\/b><span style=\"font-weight: 400;\"> z ulubionym napojem (np. wod\u0105, sokiem owocowym lub koktajlem, takim jak nasz przepis na &#8222;Sunrise&#8221;).<\/span><\/li>\n<li style=\"font-weight: 400;\" aria-level=\"1\"><b>Ciesz si\u0119<\/b><span style=\"font-weight: 400;\"> korzy\u015bci p\u0142yn\u0105ce z praktycznego, pysznego zastrzyku, kt\u00f3ry mo\u017cna przyjmowa\u0107 ka\u017cdego dnia.<\/span><\/li>\n<\/ol>\n<p><span style=\"font-weight: 400;\">Dbaj o siebie bez wysi\u0142ku.  <\/span><b>YOUNIQUE DAILY-YOU<\/b><span style=\"font-weight: 400;\">  jest \u0142atwy do w\u0142\u0105czenia do rutyny i tak pyszny, \u017ce nie b\u0119dziesz mie\u0107 wym\u00f3wki, aby go nie u\u017cywa\u0107. Zafunduj sobie idealn\u0105 sk\u00f3r\u0119,   <\/span><b>zam\u00f3w teraz i zab\u0142y\u015bnij od \u015brodka<\/b><span style=\"font-weight: 400;\"> !<\/span><\/p>\n<h3><span style=\"font-weight: 400;\">Dlaczego polecam YOUNIQUE DAILY-YOU<\/span><\/h3>\n<p><span style=\"font-weight: 400;\">Poniewa\u017c jest <\/span><b>proste<\/b><span style=\"font-weight: 400;\">, <\/span><b>skuteczny<\/b><span style=\"font-weight: 400;\"> i <\/span><b>pe\u0142en szacunku<\/b><span style=\"font-weight: 400;\">. Wyprodukowano w certyfikowanych warunkach  <\/span><b>Halal<\/b><span style=\"font-weight: 400;\"> i <\/span><b>koszerny<\/b><span style=\"font-weight: 400;\">testowane dermatologicznie i wolne od niepo\u017c\u0105danych substancji chemicznych, <\/span><b>YOUNIQUE DAILY-YOU<\/b><span style=\"font-weight: 400;\"> zapewnia <\/span><b>najlepsze sk\u0142adniki<\/b><span style=\"font-weight: 400;\">  dla zrewitalizowanej, promiennej i m\u0142odziej wygl\u0105daj\u0105cej sk\u00f3ry. Nie masz nic do stracenia, mo\u017cesz tylko zyska\u0107. <\/span><\/p>\n<h3><span style=\"font-weight: 400;\">FAQ YOUNIQUE DAILY-YOU :<\/span><\/h3>\n<ol>\n<li><b>  Czy ten produkt jest odpowiedni dla wszystkich rodzaj\u00f3w sk\u00f3ry?<\/b><b><br \/>\n<\/b><span style=\"font-weight: 400;\">  Tak, jest odpowiedni dla wszystkich rodzaj\u00f3w sk\u00f3ry, nawet najbardziej wra\u017cliwej, i zapewnia natychmiastowe nawil\u017cenie i mi\u0119kko\u015b\u0107.<\/span><\/li>\n<li> <b> Jak d\u0142ugo trzeba czeka\u0107 na widoczne rezultaty?<\/b><b><br \/>\n<\/b><span style=\"font-weight: 400;\"> Widoczne rezultaty ju\u017c po <\/span><b>4 tygodnie<\/b><span style=\"font-weight: 400;\"> ! Ja\u015bniejsza, bardziej mi\u0119kka sk\u00f3ra i po <\/span><b>8<\/b> <b>tygodniach<\/b><span style=\"font-weight: 400;\">zauwa\u017cysz wyra\u017an\u0105 r\u00f3\u017cnic\u0119 w zmarszczkach i j\u0119drno\u015bci sk\u00f3ry.<\/span><\/li>\n<li><b>  Czy mog\u0119 go zabra\u0107 ze sob\u0105, gdziekolwiek si\u0119 udam?<\/b><b><br \/>\n<\/b><span style=\"font-weight: 400;\">  Absolutnie! Ka\u017cda saszetka jest wst\u0119pnie odmierzona i \u0142atwa do zabrania ze sob\u0105. To idealne rozwi\u0105zanie nawet w podr\u00f3\u017cy.  <\/span><\/li>\n<li><b>  Czy ten produkt zawiera alergeny?<\/b><b><br \/>\n<\/b><span style=\"font-weight: 400;\">  Nie, jest bezglutenowy, bez soi, bez GMO i bez nabia\u0142u, aby spe\u0142ni\u0107 wszystkie wymagania dietetyczne.<\/span><\/li>\n<li><b>  Ile saszetek znajduje si\u0119 w opakowaniu?<\/b><b><br \/>\n<\/b><span style=\"font-weight: 400;\">  Ka\u017cde opakowanie zawiera 30 saszetek, czyli miesi\u0119czn\u0105 kuracj\u0119 dla widocznie m\u0142odszej, bardziej promiennej sk\u00f3ry!<\/span><\/li>\n<\/ol>\n<p><span style=\"font-weight: 400;\">Nie pozostawiaj swojego pi\u0119kna przypadkowi. Kliknij i zam\u00f3w   <\/span><b>YOUNIQUE DAILY-YOU<\/b><span style=\"font-weight: 400;\"> teraz dla m\u0142odszej, pi\u0119kniejszej sk\u00f3ry, ju\u017c dzi\u015b!<\/span><\/p>\n","protected":false},"excerpt":{"rendered":"<p>Zm\u0119czona matow\u0105, such\u0105 sk\u00f3r\u0105? Znalaz\u0142am rozwi\u0105zanie dzi\u0119ki <strong>Younique DAILY-YOU<\/strong>. Ten pyszny zastrzyk z mango i cytrus\u00f3w pom\u00f3g\u0142 mi odzyska\u0107 j\u0119drniejsz\u0105, ja\u015bniejsz\u0105 i bardziej nawil\u017con\u0105 sk\u00f3r\u0119 w ci\u0105gu zaledwie kilku tygodni. Dzi\u0119ki formule skoncentrowanej na <strong>kolagenie morskim<\/strong> i <strong>hialuronianie sodu<\/strong> moja sk\u00f3ra jest g\u0142adsza, zmarszczki zredukowane i bardziej elastyczna ni\u017c kiedykolwiek.   <\/p>\n<p>\u0141atwy do w\u0142\u0105czenia do mojej rutyny, ten praktyczny, naturalny produkt do piel\u0119gnacji sk\u00f3ry jest zgodny z moimi warto\u015bciami: bezglutenowy, bez soi i bez chemikali\u00f3w. Je\u015bli chcesz mie\u0107 promienn\u0105, od\u017cywion\u0105 i m\u0142odo wygl\u0105daj\u0105c\u0105 sk\u00f3r\u0119, wypr\u00f3buj go! <\/p>\n","protected":false},"featured_media":11718,"comment_status":"open","ping_status":"closed","template":"","meta":{"_seopress_robots_primary_cat":"none","_seopress_titles_title":"","_seopress_titles_desc":"","_seopress_robots_index":"","site-sidebar-layout":"default","site-content-layout":"","ast-site-content-layout":"default","site-content-style":"default","site-sidebar-style":"default","ast-global-header-display":"","ast-banner-title-visibility":"","ast-main-header-display":"","ast-hfb-above-header-display":"","ast-hfb-below-header-display":"","ast-hfb-mobile-header-display":"","site-post-title":"","ast-breadcrumbs-content":"","ast-featured-img":"","footer-sml-layout":"","ast-disable-related-posts":"","theme-transparent-header-meta":"default","adv-header-id-meta":"","stick-header-meta":"","header-above-stick-meta":"","header-main-stick-meta":"","header-below-stick-meta":"","astra-migrate-meta-layouts":"default","ast-page-background-enabled":"default","ast-page-background-meta":{"desktop":{"background-color":"var(--ast-global-color-4)","background-image":"","background-repeat":"repeat","background-position":"center center","background-size":"auto","background-attachment":"scroll","background-type":"","background-media":"","overlay-type":"","overlay-color":"","overlay-opacity":"","overlay-gradient":""},"tablet":{"background-color":"","background-image":"","background-repeat":"repeat","background-position":"center center","background-size":"auto","background-attachment":"scroll","background-type":"","background-media":"","overlay-type":"","overlay-color":"","overlay-opacity":"","overlay-gradient":""},"mobile":{"background-color":"","background-image":"","background-repeat":"repeat","background-position":"center center","background-size":"auto","background-attachment":"scroll","background-type":"","background-media":"","overlay-type":"","overlay-color":"","overlay-opacity":"","overlay-gradient":""}},"ast-content-background-meta":{"desktop":{"background-color":"var(--ast-global-color-5)","background-image":"","background-repeat":"repeat","background-position":"center center","background-size":"auto","background-attachment":"scroll","background-type":"","background-media":"","overlay-type":"","overlay-color":"","overlay-opacity":"","overlay-gradient":""},"tablet":{"background-color":"var(--ast-global-color-5)","background-image":"","background-repeat":"repeat","background-position":"center center","background-size":"auto","background-attachment":"scroll","background-type":"","background-media":"","overlay-type":"","overlay-color":"","overlay-opacity":"","overlay-gradient":""},"mobile":{"background-color":"var(--ast-global-color-5)","background-image":"","background-repeat":"repeat","background-position":"center center","background-size":"auto","background-attachment":"scroll","background-type":"","background-media":"","overlay-type":"","overlay-color":"","overlay-opacity":"","overlay-gradient":""}}},"product_brand":[],"product_cat":[98],"product_tag":[],"class_list":{"0":"post-11717","1":"product","2":"type-product","3":"status-publish","4":"has-post-thumbnail","6":"product_cat-suplementy","7":"desktop-align-left","8":"tablet-align-left","9":"mobile-align-left","11":"first","12":"instock","13":"sale","14":"shipping-taxable","15":"product-type-external"},"_links":{"self":[{"href":"https:\/\/youniquebyemilie.com\/pl\/wp-json\/wp\/v2\/product\/11717","targetHints":{"allow":["GET"]}}],"collection":[{"href":"https:\/\/youniquebyemilie.com\/pl\/wp-json\/wp\/v2\/product"}],"about":[{"href":"https:\/\/youniquebyemilie.com\/pl\/wp-json\/wp\/v2\/types\/product"}],"replies":[{"embeddable":true,"href":"https:\/\/youniquebyemilie.com\/pl\/wp-json\/wp\/v2\/comments?post=11717"}],"wp:featuredmedia":[{"embeddable":true,"href":"https:\/\/youniquebyemilie.com\/pl\/wp-json\/wp\/v2\/media\/11718"}],"wp:attachment":[{"href":"https:\/\/youniquebyemilie.com\/pl\/wp-json\/wp\/v2\/media?parent=11717"}],"wp:term":[{"taxonomy":"product_brand","embeddable":true,"href":"https:\/\/youniquebyemilie.com\/pl\/wp-json\/wp\/v2\/product_brand?post=11717"},{"taxonomy":"product_cat","embeddable":true,"href":"https:\/\/youniquebyemilie.com\/pl\/wp-json\/wp\/v2\/product_cat?post=11717"},{"taxonomy":"product_tag","embeddable":true,"href":"https:\/\/youniquebyemilie.com\/pl\/wp-json\/wp\/v2\/product_tag?post=11717"}],"curies":[{"name":"wp","href":"https:\/\/api.w.org\/{rel}","templated":true}]}}