{"id":11787,"date":"2025-07-24T17:12:13","date_gmt":"2025-07-24T15:12:13","guid":{"rendered":"https:\/\/youniquebyemilie.com\/produit\/kompaktowy-wklad-do-cieni-do-powiek-moodstruck\/"},"modified":"2025-07-24T17:12:13","modified_gmt":"2025-07-24T15:12:13","slug":"kompaktowy-wklad-do-cieni-do-powiek-moodstruck","status":"publish","type":"product","link":"https:\/\/youniquebyemilie.com\/pl\/produit\/kompaktowy-wklad-do-cieni-do-powiek-moodstruck\/","title":{"rendered":"Kompaktowy wk\u0142ad do cieni do powiek MOODSTRUCK"},"content":{"rendered":"<p><span style=\"font-weight: 400;\">Wiesz, czego czasami brakuje w Twojej kosmetyczce? Cienia do powiek, kt\u00f3ry utrzymuje si\u0119 przez ca\u0142y dzie\u0144, jest \u0142atwy w aplikacji i ma uderzaj\u0105c\u0105 pigmentacj\u0119! La    <\/span><b>Kompaktowy wk\u0142ad do cieni do powiek MOODSTRUCK<\/b><span style=\"font-weight: 400;\"> jest tutaj, aby u\u0142atwi\u0107 Ci \u017cycie i sprawi\u0107, by Twoje oczy wygl\u0105da\u0142y jak najlepiej w mgnieniu oka. <\/span> <\/p>\n<h2><span style=\"font-weight: 400;\">Dlaczego pokochasz ten wk\u0142ad?<\/span><\/h2>\n<ul>\n<li style=\"font-weight: 400;\" aria-level=\"1\"><b>D\u0142ugotrwa\u0142a trwa\u0142o\u015b\u0107<\/b><span style=\"font-weight: 400;\"> Dzi\u0119ki technologii bazowej cie\u0144 utrzymuje si\u0119 do <\/span><b>12 godzin<\/b><span style=\"font-weight: 400;\"> bez marszczenia, zapewniaj\u0105c nieskazitelny makija\u017c przez ca\u0142y dzie\u0144.<\/span>&nbsp;<\/li>\n<li style=\"font-weight: 400;\" aria-level=\"1\"><b>Gama kolor\u00f3w<\/b><span style=\"font-weight: 400;\"> od <\/span><b>aksamitny mat<\/b><span style=\"font-weight: 400;\"> do <\/span><b>po\u0142yskuj\u0105cy metalik<\/b><span style=\"font-weight: 400;\">ka\u017cdy znajdzie co\u015b dla siebie, od <\/span><b>intensywno\u015b\u0107<\/b><span style=\"font-weight: 400;\"> \u00e0 <\/span><b>delikatny<\/b><span style=\"font-weight: 400;\">na ka\u017cd\u0105 okazj\u0119 i ka\u017cdy nastr\u00f3j.<\/span>&nbsp;<\/li>\n<li style=\"font-weight: 400;\" aria-level=\"1\"><b>Personalizacja<\/b><span style=\"font-weight: 400;\">  Magnetyczne wk\u0142ady: dostosuj palet\u0119 do swojej osobowo\u015bci. Stw\u00f3rz w\u0142asn\u0105 gam\u0119 kolor\u00f3w dopasowan\u0105 do Twojego nastroju. <\/span>&nbsp;<\/li>\n<li style=\"font-weight: 400;\" aria-level=\"1\"><b>\u0141atwa aplikacja<\/b><span style=\"font-weight: 400;\"> Dzi\u0119ki jedwabistej formule cie\u0144 doskonale si\u0119 rozciera i mo\u017cna go nak\u0142ada\u0107 p\u0119dzelkiem Younique, aby uzyska\u0107 naturalne lub intensywne wyko\u0144czenie, w zale\u017cno\u015bci od nastroju.<\/span>&nbsp;<\/li>\n<\/ul>\n<h2><span style=\"font-weight: 400;\">Dost\u0119pne kolory (i ich magia!)<\/span><\/h2>\n<ul>\n<li style=\"font-weight: 400;\" aria-level=\"1\"><b>Dociekliwy<\/b><span style=\"font-weight: 400;\"> Satynowy koral, zapewniaj\u0105cy odrobin\u0119 \u015bwietlistej mi\u0119kko\u015bci.<\/span>&nbsp;<\/li>\n<li style=\"font-weight: 400;\" aria-level=\"1\"><b>Niepoj\u0119ty<\/b><span style=\"font-weight: 400;\"> Szmaragdowy: b\u0142yszcz\u0105cy szmaragd, idealny do odwa\u017cnych stylizacji.<\/span>&nbsp;<\/li>\n<li style=\"font-weight: 400;\" aria-level=\"1\"><b>Zazzy<\/b><span style=\"font-weight: 400;\"> Zazzy: metaliczna z\u0142ota ziele\u0144, niezb\u0119dna dla odwa\u017cnego, oryginalnego wygl\u0105du.<\/span>&nbsp;<\/li>\n<li style=\"font-weight: 400;\" aria-level=\"1\"><b>Wizjonerski<\/b><span style=\"font-weight: 400;\"> miedziano-z\u0142oty metalik, odrobina natychmiastowego blasku.<\/span>&nbsp;<\/li>\n<li style=\"font-weight: 400;\" aria-level=\"1\"><b>Covetous<\/b><span style=\"font-weight: 400;\"> brzoskwiniowy nude metalik, zapewniaj\u0105cy delikatne, ale urzekaj\u0105ce wyko\u0144czenie.<\/span>&nbsp;<\/li>\n<li style=\"font-weight: 400;\" aria-level=\"1\"><b>Por\u0119czny<\/b><span style=\"font-weight: 400;\"> Mied\u017a metaliczna, niezb\u0119dna do uzyskania po\u0142ysku.<\/span>&nbsp;<\/li>\n<li style=\"font-weight: 400;\" aria-level=\"1\"><b>Pyszny<\/b><span style=\"font-weight: 400;\"> Przydymiony br\u0105z metaliczny: idealny cie\u0144 do eleganckiego przydymionego wygl\u0105du.<\/span>&nbsp;<\/li>\n<li style=\"font-weight: 400;\" aria-level=\"1\"><b>Terrestrial<\/b><span style=\"font-weight: 400;\"> Satynowy pekanowy br\u0105z, najbardziej naturalny odcie\u0144.<\/span>&nbsp;<\/li>\n<li style=\"font-weight: 400;\" aria-level=\"1\"><b>W zestawie<\/b><span style=\"font-weight: 400;\"> Brzoskwiniowy r\u00f3\u017c o satynowym wyko\u0144czeniu, naturalny blask dla \u015bwie\u017cego makija\u017cu.<\/span>&nbsp;<\/li>\n<li style=\"font-weight: 400;\" aria-level=\"1\"><b>Dauntless<\/b><span style=\"font-weight: 400;\"> Dauntless: matowa piaskowa opalenizna, idealna dla dyskretnego, ale uporz\u0105dkowanego wygl\u0105du.<\/span>&nbsp;<\/li>\n<li style=\"font-weight: 400;\" aria-level=\"1\"><b>Impish<\/b><span style=\"font-weight: 400;\"> ciemnobrzoskwiniowy mat, zapewniaj\u0105cy g\u0142\u0119boki, wyrafinowany efekt.<\/span>&nbsp;<\/li>\n<li style=\"font-weight: 400;\" aria-level=\"1\"><b>Melodyjny<\/b><span style=\"font-weight: 400;\"> Delikatna, klasyczna, matowa brzoskwinia.<\/span>&nbsp;<\/li>\n<li style=\"font-weight: 400;\" aria-level=\"1\"><b>Absurd<\/b><span style=\"font-weight: 400;\"> Matowy br\u0105zowy r\u00f3\u017c, nowoczesny akcent dla szykownego wygl\u0105du.<\/span>&nbsp;<\/li>\n<li style=\"font-weight: 400;\" aria-level=\"1\"><b>Merveilleux<\/b><span style=\"font-weight: 400;\"> Ciemny matowy br\u0105z, codzienny cie\u0144 do powiek o intensywnym kolorze.<\/span>&nbsp;<\/li>\n<li style=\"font-weight: 400;\" aria-level=\"1\"><b>Legendarny<\/b><span style=\"font-weight: 400;\"> Matowa czer\u0144 dla nieskazitelnego wieczorowego wygl\u0105du.<\/span>&nbsp;<\/li>\n<\/ul>\n<h2><span style=\"font-weight: 400;\">Kluczowe sk\u0142adniki, kt\u00f3re robi\u0105 r\u00f3\u017cnic\u0119  <\/span><\/h2>\n<p><span style=\"font-weight: 400;\">Wybieraj\u0105c ten cie\u0144 do powiek MOODSTRUCK, wybierasz znacznie wi\u0119cej ni\u017c tylko kolor. Ka\u017cdy sk\u0142adnik zosta\u0142 dobrany tak, aby zapewni\u0107 idealn\u0105 aplikacj\u0119 i nieskazitelny efekt. Zobacz, co ka\u017cdy sk\u0142adnik ma do zaoferowania:  <\/span><\/p>\n<ul>\n<li style=\"font-weight: 400;\" aria-level=\"1\"><b>Talk<\/b><span style=\"font-weight: 400;\"> Ten klasyczny kosmetyk u\u0142atwia rozprowadzanie pudru na sk\u00f3rze, zapewniaj\u0105c g\u0142adk\u0105, bezszwow\u0105 aplikacj\u0119.<\/span>&nbsp;<\/li>\n<li style=\"font-weight: 400;\" aria-level=\"1\"><b>Dimethicone<\/b><span style=\"font-weight: 400;\"> Gwarantuje super g\u0142adk\u0105 tekstur\u0119 na sk\u00f3rze, jednocze\u015bnie zapewniaj\u0105c, \u017ce makija\u017c pozostanie na swoim miejscu przez ca\u0142y dzie\u0144, bez przemieszczania si\u0119.<\/span>&nbsp;<\/li>\n<li style=\"font-weight: 400;\" aria-level=\"1\"><b>Stearynian oktylododecylostearylu<\/b><span style=\"font-weight: 400;\"> Ten niewielki sk\u0142adnik sprawia, \u017ce aplikacja jest jeszcze \u0142atwiejsza, a puder pozostaje na swoim miejscu nawet w najd\u0142u\u017csze dni.<\/span>&nbsp;<\/li>\n<li style=\"font-weight: 400;\" aria-level=\"1\"><b>Glikol kaprylowy i fenoksyetanol<\/b><span style=\"font-weight: 400;\"> Te substancje nawil\u017caj\u0105ce i konserwuj\u0105ce utrzymuj\u0105 \u015bwie\u017co\u015b\u0107 produktu, dzi\u0119ki czemu mo\u017cesz cieszy\u0107 si\u0119 jego jako\u015bci\u0105 do ostatniej chwili.<\/span>&nbsp;<\/li>\n<li style=\"font-weight: 400;\" aria-level=\"1\"><b>Mika<\/b><span style=\"font-weight: 400;\"> Mika: Dodaje powiekom subtelnego blasku, zapewniaj\u0105c naturalny po\u0142ysk i \u015bwietlisty kolor, kt\u00f3ry nie pozostanie niezauwa\u017cony.<\/span>&nbsp;<\/li>\n<li style=\"font-weight: 400;\" aria-level=\"1\"><b>Tlenki \u017celaza<\/b><span style=\"font-weight: 400;\"> Te mineralne pigmenty s\u0105 niezb\u0119dne do nadania intensywnego koloru i d\u0142ugotrwa\u0142ej trwa\u0142o\u015bci, aby oczy przyci\u0105ga\u0142y uwag\u0119.<\/span>&nbsp;<\/li>\n<\/ul>\n<p><span style=\"font-weight: 400;\">Dzi\u0119ki tym sk\u0142adnikom uzyskujesz nie tylko wspania\u0142y kolor, ale tak\u017ce mi\u0119kk\u0105, \u0142atw\u0105 do rozcierania konsystencj\u0119 i trwa\u0142y makija\u017c.  <\/span><\/p>\n<p>&nbsp;<\/p>\n<h2><span style=\"font-weight: 400;\">Jak nak\u0142ada\u0107 cienie do powiek MOODSTRUCK, aby uzyska\u0107 perfekcyjny wygl\u0105d?<\/span><\/h2>\n<ol>\n<li style=\"font-weight: 400;\" aria-level=\"1\"><b>Przygotuj<\/b><span style=\"font-weight: 400;\"> powieki za pomoc\u0105 bazy pod oczy MOODSTRUCK.<\/span>&nbsp;<\/li>\n<li style=\"font-weight: 400;\" aria-level=\"1\"><b>Na\u0142o\u017cy\u0107<\/b><span style=\"font-weight: 400;\"> wybrany kolor na powieki i \u0142uk brwiowy za pomoc\u0105 ulubionego p\u0119dzelka Younique.<\/span>&nbsp;<\/li>\n<li style=\"font-weight: 400;\" aria-level=\"1\"><b>Mieszanie<\/b><span style=\"font-weight: 400;\"> i mieszaj odcienie, aby uzyska\u0107 naturalny lub odwa\u017cniejszy wygl\u0105d, w zale\u017cno\u015bci od nastroju.<\/span>&nbsp;<\/li>\n<li style=\"font-weight: 400;\" aria-level=\"1\"><b>Zintensyfikuj<\/b><span style=\"font-weight: 400;\"> oczy ciemnym cieniem w zewn\u0119trznym k\u0105ciku, aby uzyska\u0107 g\u0142\u0119boki efekt.<\/span>&nbsp;<\/li>\n<\/ol>\n<h2><span style=\"font-weight: 400;\">Dlaczego warto wybra\u0107 ten wk\u0142ad MOODSTRUCK?<\/span><\/h2>\n<p><span style=\"font-weight: 400;\">\u0141\u0105czy w sobie wszystko, czego szukasz w produkcie kosmetycznym: <\/span><b>jako\u015b\u0107<\/b><span style=\"font-weight: 400;\">, <\/span><b>wydajno\u015b\u0107<\/b><span style=\"font-weight: 400;\"> i <\/span><b>dostosowanie<\/b><span style=\"font-weight: 400;\">. \u0141atwy w u\u017cyciu, ten wk\u0142ad to prawdziwy niezb\u0119dnik do szybkiego makija\u017cu, kt\u00f3ry utrzymuje si\u0119 przez ca\u0142y dzie\u0144. A dzi\u0119ki formule niezawieraj\u0105cej talku i wysokiej jako\u015bci sk\u0142adnikom mo\u017cesz nak\u0142ada\u0107 makija\u017c z ca\u0142kowit\u0105 pewno\u015bci\u0105. Do\u0142\u0105cz do mnie i dodaj ten wk\u0142ad MOODSTRUCK do swojego zestawu kosmetyk\u00f3w, aby uzyska\u0107 wspania\u0142e oczy przy ka\u017cdej aplikacji!    <\/span><\/p>\n<h4><span style=\"font-weight: 400;\">Zam\u00f3w teraz kompaktowy wk\u0142ad do cieni do powiek MOODSTRUCK i spersonalizuj sw\u00f3j wygl\u0105d dzi\u0119ki intensywnemu kolorowi, kt\u00f3ry utrzymuje si\u0119 przez ca\u0142y dzie\u0144!<\/span><\/h4>\n<p>&nbsp;<\/p>\n<h2><span style=\"font-weight: 400;\">FAQ: Wszystko, co musisz wiedzie\u0107 o kompaktowym wk\u0142adzie do cieni do powiek MOODSTRUCK<\/span><\/h2>\n<ol>\n<li style=\"font-weight: 400;\" aria-level=\"1\"><b>Czy ten cie\u0144 jest odpowiedni dla sk\u00f3ry wra\u017cliwej?<\/b><b><br \/>\n<\/b><span style=\"font-weight: 400;\"> Tak, zosta\u0142 opracowany bez talku i zawiera delikatne sk\u0142adniki, takie jak <\/span><b>glikol kaprylowy<\/b><span style=\"font-weight: 400;\"> dzi\u0119ki czemu nadaje si\u0119 do ka\u017cdego rodzaju sk\u00f3ry, nawet najbardziej wra\u017cliwej.<\/span><\/li>\n<\/ol>\n<p>&nbsp;<\/p>\n<ol>\n<li style=\"font-weight: 400;\" aria-level=\"1\"><b>Czy mog\u0119 miesza\u0107 kilka odcieni tego wk\u0142adu?<\/b><b><br \/>\n<\/b><span style=\"font-weight: 400;\">  Tak, te cienie s\u0105 \u0142atwe w blendowaniu, a ich modu\u0142owa tekstura oznacza, \u017ce mo\u017cesz tworzy\u0107 subtelne lub odwa\u017cne efekty, kt\u00f3re pasuj\u0105 do Twojego wygl\u0105du.<\/span>&nbsp;<\/li>\n<li style=\"font-weight: 400;\" aria-level=\"1\"><b>Jak wyczy\u015bci\u0107 p\u0119dzel po u\u017cyciu tego cienia?<\/b><b><br \/>\n<\/b><span style=\"font-weight: 400;\">  Aby zapewni\u0107 optymaln\u0105 aplikacj\u0119, pami\u0119taj o regularnym czyszczeniu p\u0119dzla \u0142agodnym myd\u0142em lub specjalnym \u015brodkiem do czyszczenia p\u0119dzli.<\/span>&nbsp;<\/li>\n<li style=\"font-weight: 400;\" aria-level=\"1\"><b>Czy mo\u017cna je stosowa\u0107 do makija\u017cu wieczorowego?<\/b><b><br \/>\n<\/b><span style=\"font-weight: 400;\"> Absolutnie, te kolory nadaj\u0105 si\u0119 do wszystkich styl\u00f3w, od <\/span><b>naturalny makija\u017c dzienny<\/b><span style=\"font-weight: 400;\"> do <\/span><b>intensywne przydymione oko<\/b><span style=\"font-weight: 400;\"> na wiecz\u00f3r.<\/span><span style=\"font-weight: 400;\"><br \/>\n<\/span><\/li>\n<\/ol>\n","protected":false},"excerpt":{"rendered":"<p><span style=\"font-weight: 400;\">Wiesz, czego czasami brakuje w Twojej kosmetyczce? Cienia do powiek, kt\u00f3ry utrzymuje si\u0119 przez ca\u0142y dzie\u0144, jest \u0142atwy w aplikacji i ma uderzaj\u0105c\u0105 pigmentacj\u0119! La    <\/span><b>Kompaktowy wk\u0142ad do cieni do powiek MOODSTRUCK<\/b><span style=\"font-weight: 400;\"> jest tutaj, aby u\u0142atwi\u0107 Ci \u017cycie i sprawi\u0107, by Twoje oczy wygl\u0105da\u0142y jak najlepiej w mgnieniu oka. <\/span> <\/p>\n","protected":false},"featured_media":11790,"comment_status":"open","ping_status":"closed","template":"","meta":{"_seopress_robots_primary_cat":"none","_seopress_titles_title":"","_seopress_titles_desc":"","_seopress_robots_index":"","site-sidebar-layout":"default","site-content-layout":"","ast-site-content-layout":"default","site-content-style":"default","site-sidebar-style":"default","ast-global-header-display":"","ast-banner-title-visibility":"","ast-main-header-display":"","ast-hfb-above-header-display":"","ast-hfb-below-header-display":"","ast-hfb-mobile-header-display":"","site-post-title":"","ast-breadcrumbs-content":"","ast-featured-img":"","footer-sml-layout":"","ast-disable-related-posts":"","theme-transparent-header-meta":"default","adv-header-id-meta":"","stick-header-meta":"","header-above-stick-meta":"","header-main-stick-meta":"","header-below-stick-meta":"","astra-migrate-meta-layouts":"default","ast-page-background-enabled":"default","ast-page-background-meta":{"desktop":{"background-color":"var(--ast-global-color-4)","background-image":"","background-repeat":"repeat","background-position":"center center","background-size":"auto","background-attachment":"scroll","background-type":"","background-media":"","overlay-type":"","overlay-color":"","overlay-opacity":"","overlay-gradient":""},"tablet":{"background-color":"","background-image":"","background-repeat":"repeat","background-position":"center center","background-size":"auto","background-attachment":"scroll","background-type":"","background-media":"","overlay-type":"","overlay-color":"","overlay-opacity":"","overlay-gradient":""},"mobile":{"background-color":"","background-image":"","background-repeat":"repeat","background-position":"center center","background-size":"auto","background-attachment":"scroll","background-type":"","background-media":"","overlay-type":"","overlay-color":"","overlay-opacity":"","overlay-gradient":""}},"ast-content-background-meta":{"desktop":{"background-color":"var(--ast-global-color-5)","background-image":"","background-repeat":"repeat","background-position":"center center","background-size":"auto","background-attachment":"scroll","background-type":"","background-media":"","overlay-type":"","overlay-color":"","overlay-opacity":"","overlay-gradient":""},"tablet":{"background-color":"var(--ast-global-color-5)","background-image":"","background-repeat":"repeat","background-position":"center center","background-size":"auto","background-attachment":"scroll","background-type":"","background-media":"","overlay-type":"","overlay-color":"","overlay-opacity":"","overlay-gradient":""},"mobile":{"background-color":"var(--ast-global-color-5)","background-image":"","background-repeat":"repeat","background-position":"center center","background-size":"auto","background-attachment":"scroll","background-type":"","background-media":"","overlay-type":"","overlay-color":"","overlay-opacity":"","overlay-gradient":""}}},"product_brand":[],"product_cat":[95],"product_tag":[],"class_list":{"0":"post-11787","1":"product","2":"type-product","3":"status-publish","4":"has-post-thumbnail","6":"product_cat-oczy","7":"desktop-align-left","8":"tablet-align-left","9":"mobile-align-left","11":"first","12":"instock","13":"sale","14":"shipping-taxable","15":"product-type-external"},"_links":{"self":[{"href":"https:\/\/youniquebyemilie.com\/pl\/wp-json\/wp\/v2\/product\/11787","targetHints":{"allow":["GET"]}}],"collection":[{"href":"https:\/\/youniquebyemilie.com\/pl\/wp-json\/wp\/v2\/product"}],"about":[{"href":"https:\/\/youniquebyemilie.com\/pl\/wp-json\/wp\/v2\/types\/product"}],"replies":[{"embeddable":true,"href":"https:\/\/youniquebyemilie.com\/pl\/wp-json\/wp\/v2\/comments?post=11787"}],"wp:featuredmedia":[{"embeddable":true,"href":"https:\/\/youniquebyemilie.com\/pl\/wp-json\/wp\/v2\/media\/11790"}],"wp:attachment":[{"href":"https:\/\/youniquebyemilie.com\/pl\/wp-json\/wp\/v2\/media?parent=11787"}],"wp:term":[{"taxonomy":"product_brand","embeddable":true,"href":"https:\/\/youniquebyemilie.com\/pl\/wp-json\/wp\/v2\/product_brand?post=11787"},{"taxonomy":"product_cat","embeddable":true,"href":"https:\/\/youniquebyemilie.com\/pl\/wp-json\/wp\/v2\/product_cat?post=11787"},{"taxonomy":"product_tag","embeddable":true,"href":"https:\/\/youniquebyemilie.com\/pl\/wp-json\/wp\/v2\/product_tag?post=11787"}],"curies":[{"name":"wp","href":"https:\/\/api.w.org\/{rel}","templated":true}]}}