{"id":11797,"date":"2025-07-24T17:07:32","date_gmt":"2025-07-24T15:07:32","guid":{"rendered":"https:\/\/youniquebyemilie.com\/produit\/niezbedna-paleta-moodstruck\/"},"modified":"2025-07-24T17:07:32","modified_gmt":"2025-07-24T15:07:32","slug":"niezbedna-paleta-moodstruck","status":"publish","type":"product","link":"https:\/\/youniquebyemilie.com\/pl\/produit\/niezbedna-paleta-moodstruck\/","title":{"rendered":"Niezb\u0119dna paleta MOODSTRUCK"},"content":{"rendered":"<p><span style=\"font-weight: 400;\">Szczerze m\u00f3wi\u0105c, kiedy odkry\u0142em <\/span><b>MOODSTRUCK essential palette<\/b><span style=\"font-weight: 400;\">To zmieni\u0142o moj\u0105 rutyn\u0119 makija\u017cu. Nie musz\u0119 ju\u017c szuka\u0107 tysi\u0105ca kolor\u00f3w, wszystko jest na miejscu, proste i skuteczne. Nazwy odcieni m\u00f3wi\u0105 same za siebie:    <\/span><b>Przygotowa\u0107<\/b><span style=\"font-weight: 400;\">, <\/span><b>mieszanka<\/b><span style=\"font-weight: 400;\">, <\/span><b>Pod\u015bwietlenie<\/b><span style=\"font-weight: 400;\">,<\/span><b> Intensyfikacja<\/b><span style=\"font-weight: 400;\"> Pomaga dok\u0142adnie wiedzie\u0107, co robi\u0107, nawet je\u015bli nie jeste\u015b profesjonalist\u0105 w dziedzinie makija\u017cu.<\/span><\/p>\n<p><span style=\"font-weight: 400;\">Niezale\u017cnie od tego, czy chcesz uzyska\u0107 \u015bwie\u017cy, naturalny wygl\u0105d do pracy, czy te\u017c efektowne przydymione oko na wyj\u015bcie, ta paleta pasuje wsz\u0119dzie. I uwielbiam fakt, \u017ce formu\u0142y nie zawieraj\u0105 talku, co naprawd\u0119 szanuje moj\u0105 wra\u017cliw\u0105 sk\u00f3r\u0119, a pigmentacja jest na najwy\u017cszym poziomie. To prawdziwy niezb\u0119dnik w Twojej kosmetyczce, obiecuj\u0119, \u017ce j\u0105 pokochasz!  <\/span><\/p>\n<p><b>Dost\u0119pne s\u0105 cztery kolekcje kolor\u00f3w<\/b><span style=\"font-weight: 400;\"> Dost\u0119pne s\u0105 cztery kolekcje kolor\u00f3w, kt\u00f3re idealnie pasuj\u0105 do odcienia sk\u00f3ry i stylu:<\/span><\/p>\n<ul>\n<li style=\"font-weight: 400;\" aria-level=\"1\"><b>Ciep\u0142e odcienie<\/b><span style=\"font-weight: 400;\">Ciep\u0142e i otulaj\u0105ce, idealne do uzyskania mi\u0119kkiego, \u015bwietlistego wygl\u0105du.<\/span><\/li>\n<li style=\"font-weight: 400;\" aria-level=\"1\"><b>Ch\u0142odne odcienie<\/b><span style=\"font-weight: 400;\">Idealny dla wyrafinowanego, eleganckiego wygl\u0105du.<\/span><\/li>\n<li style=\"font-weight: 400;\" aria-level=\"1\"><b>R\u00f3\u017cowe odcienie<\/b><span style=\"font-weight: 400;\">dla \u015bwie\u017cego, kobiecego akcentu, kt\u00f3ry roz\u015bwietla oczy.<\/span><\/li>\n<li style=\"font-weight: 400;\" aria-level=\"1\"><b>Brzoskwiniowe odcienie<\/b><span style=\"font-weight: 400;\">Te delikatne, nowoczesne odcienie s\u0105 idealne do o\u017cywienia cery.<\/span><\/li>\n<\/ul>\n<h2><span style=\"font-weight: 400;\">Co zyskujesz dzi\u0119ki podstawowej palecie MOODSTRUCK<\/span><\/h2>\n<ul>\n<li style=\"font-weight: 400;\" aria-level=\"1\"><span style=\"font-weight: 400;\">A <\/span><b>formu\u0142a bez talku<\/b><span style=\"font-weight: 400;\"> dla lekkiego, zdrowego makija\u017cu, kt\u00f3ry szanuje Twoj\u0105 sk\u00f3r\u0119.<\/span><\/li>\n<li style=\"font-weight: 400;\" aria-level=\"1\"><span style=\"font-weight: 400;\">Wysoko napigmentowany <\/span><b>wysoce napigmentowany<\/b><span style=\"font-weight: 400;\"> z prawdziwym, \u0142atwym do roztarcia kolorem.<\/span><\/li>\n<li style=\"font-weight: 400;\" aria-level=\"1\"><span style=\"font-weight: 400;\">A <\/span><b>g\u0142adka aplikacja<\/b><span style=\"font-weight: 400;\"> dzi\u0119ki wysokiej jako\u015bci sk\u0142adnikom, takim jak mika, dimetikon i mirystynian magnezu.<\/span><\/li>\n<li style=\"font-weight: 400;\" aria-level=\"1\"><span style=\"font-weight: 400;\">Kompaktowa, funkcjonalna paleta, kt\u00f3r\u0105 mo\u017cna zabra\u0107 ze sob\u0105 wsz\u0119dzie.<\/span><\/li>\n<li style=\"font-weight: 400;\" aria-level=\"1\"><span style=\"font-weight: 400;\">Mo\u017cliwo\u015b\u0107 tworzenia <\/span><b>naturalnych przej\u015b\u0107<\/b><span style=\"font-weight: 400;\"> i efekt\u00f3w g\u0142\u0119bi, kt\u00f3re wzbogac\u0105 ka\u017cdy wygl\u0105d.<\/span><\/li>\n<\/ul>\n<h2><span style=\"font-weight: 400;\">Jak mo\u017cna poprawi\u0107 wygl\u0105d oczu ka\u017cdego dnia<\/span><\/h2>\n<ul>\n<li style=\"font-weight: 400;\" aria-level=\"1\"><b>Przygotuj<\/b><span style=\"font-weight: 400;\"> Przygotuj powiek\u0119 cieniem &#8222;Prep&#8221;, aby wyr\u00f3wna\u0107 koloryt makija\u017cu i zapewni\u0107 jego trwa\u0142o\u015b\u0107.<\/span><\/li>\n<li style=\"font-weight: 400;\" aria-level=\"1\"><b>Rozetrzyj<\/b><span style=\"font-weight: 400;\"> za pomoc\u0105 &#8222;Blend&#8221; w za\u0142amaniu powieki, aby nada\u0107 jej wymiar.<\/span><\/li>\n<li style=\"font-weight: 400;\" aria-level=\"1\"><b>Pod\u015bwietlenie<\/b><span style=\"font-weight: 400;\"> za pomoc\u0105 opcji &#8222;Illuminate&#8221; na \u015brodku lub w k\u0105cikach oczu, aby uzyska\u0107 efekt naturalnego o\u015bwietlenia.<\/span><\/li>\n<li style=\"font-weight: 400;\" aria-level=\"1\"><b>Intensyfikacja<\/b><span style=\"font-weight: 400;\"> z &#8222;Intensify&#8221; na linii rz\u0119s lub w zewn\u0119trznym k\u0105ciku, aby uzyska\u0107 wyrze\u017abiony, zniewalaj\u0105cy wygl\u0105d.<\/span><\/li>\n<\/ul>\n<h2><span style=\"font-weight: 400;\">Dobrze strze\u017cone sekrety jego formu\u0142y<\/span><\/h2>\n<p><span style=\"font-weight: 400;\">Ta paleta to znacznie wi\u0119cej ni\u017c tylko makija\u017c, to subtelna piel\u0119gnacja:<\/span><\/p>\n<ul>\n<li style=\"font-weight: 400;\" aria-level=\"1\"><span style=\"font-weight: 400;\">The <\/span><b>mika<\/b><span style=\"font-weight: 400;\"> i <\/span><b>syntetyczny fluoroflogopit<\/b><span style=\"font-weight: 400;\"> dodaj\u0105 naturalnego blasku i jedwabistej tekstury.<\/span><\/li>\n<li style=\"font-weight: 400;\" aria-level=\"1\"><span style=\"font-weight: 400;\">Myrystynian magnezu <\/span><b>mirystynian magnezu<\/b><span style=\"font-weight: 400;\"> i <\/span><b>dimetikon<\/b><span style=\"font-weight: 400;\"> sprawiaj\u0105, \u017ce konsystencja jest kremowa, mi\u0119kka i \u0142atwa w u\u017cyciu.<\/span><\/li>\n<li style=\"font-weight: 400;\" aria-level=\"1\"><span style=\"font-weight: 400;\">Glikol kaprylowy <\/span><b>glikol kaprylowy<\/b><span style=\"font-weight: 400;\"> i<\/span><b>etyloheksylogliceryna<\/b><span style=\"font-weight: 400;\"> chroni\u0105 i nawil\u017caj\u0105 sk\u00f3r\u0119, utrzymuj\u0105c \u015bwie\u017co\u015b\u0107 produktu.<\/span><\/li>\n<li style=\"font-weight: 400;\" aria-level=\"1\"><span style=\"font-weight: 400;\">Boro-krzemian wapnia <\/span><b>borokrzemian wapniowo-glinowy<\/b><span style=\"font-weight: 400;\"> zapewnia intensywn\u0105, d\u0142ugotrwa\u0142\u0105 pigmentacj\u0119.<\/span><\/li>\n<\/ul>\n<h2><span style=\"font-weight: 400;\">Dlaczego ta paleta szybko stanie si\u0119 Twoj\u0105 ulubion\u0105<\/span><\/h2>\n<p><span style=\"font-weight: 400;\">Zosta\u0142 zaprojektowany, aby u\u0142atwi\u0107 Ci \u017cycie. Dzi\u0119ki kolorom dopasowanym do wszystkich odcieni sk\u00f3ry i nazwom upraszczaj\u0105cym rutyn\u0119, b\u0119dziesz mie\u0107 pewno\u015b\u0107, \u017ce za ka\u017cdym razem wykonasz makija\u017c prawid\u0142owo, bez stresu i straty czasu.   <\/span><b>Mo\u017cliwo\u015b\u0107 wielokrotnego nape\u0142niania<\/b><span style=\"font-weight: 400;\">Jest to r\u00f3wnie\u017c odpowiedzialna opcja, kt\u00f3ra trwa przez d\u0142ugi czas i gwarantuje nienagann\u0105 jako\u015b\u0107.<\/span><\/p>\n<p><b>Zam\u00f3w palet\u0119 MOODSTRUCK<\/b><span style=\"font-weight: 400;\"> i odkryj prostot\u0119 makija\u017cu, kt\u00f3ry dostosowuje si\u0119 do ka\u017cdego nastroju, zapewniaj\u0105c \u015bwietliste, naturalne i d\u0142ugotrwa\u0142e wyko\u0144czenie.<\/span><\/p>\n<h2><span style=\"font-weight: 400;\">FAQ: Wszystko, co musisz wiedzie\u0107 o swojej podstawowej palecie MOODSTRUCK<\/span><\/h2>\n<ol>\n<li><b>  Czy kolory utrzymuj\u0105 si\u0119 przez ca\u0142y dzie\u0144?<\/b><b><br \/>\n<\/b><span style=\"font-weight: 400;\">  Absolutnie. Dzi\u0119ki wbudowanej bazie i sk\u0142adnikom utrwalaj\u0105cym kolor, powieka pozostaje nieskazitelna od rana do wieczora, bez konieczno\u015bci poprawek. <\/span><\/li>\n<li><b>  Jak czy\u015bci\u0107 szczoteczki, aby uzyska\u0107 optymalne rezultaty?<\/b><b><br \/>\n<\/b><span style=\"font-weight: 400;\">  Zaleca si\u0119 regularne mycie \u0142agodnym myd\u0142em lub specjalnym \u015brodkiem do czyszczenia szczoteczek, aby zapobiec powstawaniu bakterii i zapewni\u0107 idealn\u0105 aplikacj\u0119.<\/span><\/li>\n<li><b>  Jakie \u015brodki ostro\u017cno\u015bci nale\u017cy podj\u0105\u0107, aby zachowa\u0107 pigmentacj\u0119 cieni do powiek?<\/b><b><br \/>\n<\/b><span style=\"font-weight: 400;\">  Przechowuj palet\u0119 w suchym miejscu, unikaj d\u0142ugotrwa\u0142ej ekspozycji na \u015bwiat\u0142o s\u0142oneczne i szczelnie zamykaj wieczko po ka\u017cdym u\u017cyciu.<\/span><\/li>\n<li><b>  Czy ta paleta nadaje si\u0119 r\u00f3wnie\u017c do makija\u017cu fotograficznego lub wideo?<\/b><b><br \/>\n<\/b><span style=\"font-weight: 400;\">  Tak, jego intensywna pigmentacja i metaliczne wyko\u0144czenie zapewniaj\u0105 \u015bwietliste wyko\u0144czenie, kt\u00f3re jest idealne do aparatu, bez efektu pudrowo\u015bci.<\/span><\/li>\n<li><b>  Czy palety mo\u017cna u\u017cywa\u0107 do innych obszar\u00f3w twarzy, takich jak brwi lub wewn\u0119trzne k\u0105ciki oczu?<\/b><b><br \/>\n<\/b><span style=\"font-weight: 400;\">  Tak, jasne odcienie, takie jak &#8222;Illuminate&#8221;, s\u0105 idealne do roz\u015bwietlenia i otwarcia oczu w tych obszarach.<\/span><\/li>\n<\/ol>\n<p><span style=\"font-weight: 400;\">Nie pozostawiaj swojej rutyny piel\u0119gnacyjnej przypadkowi. Zam\u00f3w swoj\u0105 niezb\u0119dn\u0105 palet\u0119 MOODSTRUCK ju\u017c teraz i odmie\u0144 sw\u00f3j wygl\u0105d w mgnieniu oka. \u015amia\u0142o, Tw\u00f3j nowy makija\u017cowy sprzymierzeniec czeka na Ciebie!  <\/span><\/p>\n","protected":false},"excerpt":{"rendered":"<p><span style=\"font-weight: 400;\">Szczerze m\u00f3wi\u0105c, kiedy odkry\u0142em <\/span><b>MOODSTRUCK essential palette<\/b><span style=\"font-weight: 400;\">To zmieni\u0142o moj\u0105 rutyn\u0119 makija\u017cu. Nie musz\u0119 ju\u017c szuka\u0107 tysi\u0105ca kolor\u00f3w, wszystko jest na miejscu, proste i skuteczne. Nazwy odcieni m\u00f3wi\u0105 same za siebie:    <\/span><b>Przygotowa\u0107<\/b><span style=\"font-weight: 400;\">, <\/span><b>mieszanka<\/b><span style=\"font-weight: 400;\">, <\/span><b>Pod\u015bwietlenie<\/b><span style=\"font-weight: 400;\">,<\/span><b> Intensyfikacja<\/b><span style=\"font-weight: 400;\"> Pomaga dok\u0142adnie wiedzie\u0107, co robi\u0107, nawet je\u015bli nie jeste\u015b profesjonalist\u0105 w dziedzinie makija\u017cu.<\/span><\/p>\n<p><span style=\"font-weight: 400;\">Niezale\u017cnie od tego, czy chcesz uzyska\u0107 \u015bwie\u017cy, naturalny wygl\u0105d do pracy, czy te\u017c efektowne przydymione oko na wyj\u015bcie, ta paleta pasuje wsz\u0119dzie. I uwielbiam fakt, \u017ce formu\u0142y nie zawieraj\u0105 talku, co naprawd\u0119 szanuje moj\u0105 wra\u017cliw\u0105 sk\u00f3r\u0119, a pigmentacja jest na najwy\u017cszym poziomie. To prawdziwy niezb\u0119dnik w Twojej kosmetyczce, obiecuj\u0119, \u017ce j\u0105 pokochasz!  <\/span><\/p>\n","protected":false},"featured_media":11798,"comment_status":"open","ping_status":"closed","template":"","meta":{"_seopress_robots_primary_cat":"none","_seopress_titles_title":"","_seopress_titles_desc":"","_seopress_robots_index":"","site-sidebar-layout":"default","site-content-layout":"","ast-site-content-layout":"default","site-content-style":"default","site-sidebar-style":"default","ast-global-header-display":"","ast-banner-title-visibility":"","ast-main-header-display":"","ast-hfb-above-header-display":"","ast-hfb-below-header-display":"","ast-hfb-mobile-header-display":"","site-post-title":"","ast-breadcrumbs-content":"","ast-featured-img":"","footer-sml-layout":"","ast-disable-related-posts":"","theme-transparent-header-meta":"default","adv-header-id-meta":"","stick-header-meta":"","header-above-stick-meta":"","header-main-stick-meta":"","header-below-stick-meta":"","astra-migrate-meta-layouts":"default","ast-page-background-enabled":"default","ast-page-background-meta":{"desktop":{"background-color":"var(--ast-global-color-4)","background-image":"","background-repeat":"repeat","background-position":"center center","background-size":"auto","background-attachment":"scroll","background-type":"","background-media":"","overlay-type":"","overlay-color":"","overlay-opacity":"","overlay-gradient":""},"tablet":{"background-color":"","background-image":"","background-repeat":"repeat","background-position":"center center","background-size":"auto","background-attachment":"scroll","background-type":"","background-media":"","overlay-type":"","overlay-color":"","overlay-opacity":"","overlay-gradient":""},"mobile":{"background-color":"","background-image":"","background-repeat":"repeat","background-position":"center center","background-size":"auto","background-attachment":"scroll","background-type":"","background-media":"","overlay-type":"","overlay-color":"","overlay-opacity":"","overlay-gradient":""}},"ast-content-background-meta":{"desktop":{"background-color":"var(--ast-global-color-5)","background-image":"","background-repeat":"repeat","background-position":"center center","background-size":"auto","background-attachment":"scroll","background-type":"","background-media":"","overlay-type":"","overlay-color":"","overlay-opacity":"","overlay-gradient":""},"tablet":{"background-color":"var(--ast-global-color-5)","background-image":"","background-repeat":"repeat","background-position":"center center","background-size":"auto","background-attachment":"scroll","background-type":"","background-media":"","overlay-type":"","overlay-color":"","overlay-opacity":"","overlay-gradient":""},"mobile":{"background-color":"var(--ast-global-color-5)","background-image":"","background-repeat":"repeat","background-position":"center center","background-size":"auto","background-attachment":"scroll","background-type":"","background-media":"","overlay-type":"","overlay-color":"","overlay-opacity":"","overlay-gradient":""}}},"product_brand":[],"product_cat":[95],"product_tag":[],"class_list":{"0":"post-11797","1":"product","2":"type-product","3":"status-publish","4":"has-post-thumbnail","6":"product_cat-oczy","7":"desktop-align-left","8":"tablet-align-left","9":"mobile-align-left","11":"first","12":"instock","13":"sale","14":"shipping-taxable","15":"product-type-external"},"_links":{"self":[{"href":"https:\/\/youniquebyemilie.com\/pl\/wp-json\/wp\/v2\/product\/11797","targetHints":{"allow":["GET"]}}],"collection":[{"href":"https:\/\/youniquebyemilie.com\/pl\/wp-json\/wp\/v2\/product"}],"about":[{"href":"https:\/\/youniquebyemilie.com\/pl\/wp-json\/wp\/v2\/types\/product"}],"replies":[{"embeddable":true,"href":"https:\/\/youniquebyemilie.com\/pl\/wp-json\/wp\/v2\/comments?post=11797"}],"wp:featuredmedia":[{"embeddable":true,"href":"https:\/\/youniquebyemilie.com\/pl\/wp-json\/wp\/v2\/media\/11798"}],"wp:attachment":[{"href":"https:\/\/youniquebyemilie.com\/pl\/wp-json\/wp\/v2\/media?parent=11797"}],"wp:term":[{"taxonomy":"product_brand","embeddable":true,"href":"https:\/\/youniquebyemilie.com\/pl\/wp-json\/wp\/v2\/product_brand?post=11797"},{"taxonomy":"product_cat","embeddable":true,"href":"https:\/\/youniquebyemilie.com\/pl\/wp-json\/wp\/v2\/product_cat?post=11797"},{"taxonomy":"product_tag","embeddable":true,"href":"https:\/\/youniquebyemilie.com\/pl\/wp-json\/wp\/v2\/product_tag?post=11797"}],"curies":[{"name":"wp","href":"https:\/\/api.w.org\/{rel}","templated":true}]}}