{"id":11830,"date":"2025-07-24T20:02:47","date_gmt":"2025-07-24T18:02:47","guid":{"rendered":"https:\/\/youniquebyemilie.com\/produit\/plyn-do-demakijazu-you-ology\/"},"modified":"2025-07-24T20:02:47","modified_gmt":"2025-07-24T18:02:47","slug":"plyn-do-demakijazu-you-ology","status":"publish","type":"product","link":"https:\/\/youniquebyemilie.com\/pl\/produit\/plyn-do-demakijazu-you-ology\/","title":{"rendered":"P\u0142yn do demakija\u017cu YOU OLOGY"},"content":{"rendered":"<p><span style=\"font-weight: 400;\">Przez d\u0142ugi czas znajdowa\u0142am si\u0119 w takiej sytuacji, wiesz, te dni, kiedy czujesz si\u0119 zm\u0119czona, a po zako\u0144czeniu dnia my\u015bl o usuni\u0119ciu makija\u017cu staje si\u0119 obowi\u0105zkiem. Ale to by\u0142o zanim odkry\u0142am <\/span><b>  P\u0142yn do demakija\u017cu YOU-OLOGY<\/b><span style=\"font-weight: 400;\">. Szczerze m\u00f3wi\u0105c, zmieni\u0142 dla mnie wszystko. On jest   <\/span><b>szybki, wygodny<\/b><span style=\"font-weight: 400;\">i pozostawia moj\u0105 sk\u00f3r\u0119 czyst\u0105 i \u015bwie\u017c\u0105, bez t\u0142ustych \u015blad\u00f3w.<\/span><\/p>\n<p><span style=\"font-weight: 400;\">Usuwa nawet najbardziej uporczywy makija\u017c bez konieczno\u015bci pocierania. Co mi si\u0119 w nim podoba? Jest bardzo praktyczny!    <\/span><b>Nie trzeba sp\u0142ukiwa\u0107<\/b><span style=\"font-weight: 400;\">Pozostawia moj\u0105 sk\u00f3r\u0119 \u015bwie\u017c\u0105 i gotow\u0105 na reszt\u0119 rutyny. A dzi\u0119ki bezzapachowej formule jest idealny nawet dla najbardziej wra\u017cliwej sk\u00f3ry. Obowi\u0105zek demakija\u017cu dobieg\u0142 ko\u0144ca, a prostota jest na wyci\u0105gni\u0119cie r\u0119ki.  <\/span><\/p>\n<h2><span style=\"font-weight: 400;\">Dlaczego to pokochasz:<\/span><\/h2>\n<ul>\n<li style=\"font-weight: 400;\" aria-level=\"1\"><b>Skuteczny demakija\u017c bez sp\u0142ukiwania<\/b><span style=\"font-weight: 400;\">  97% u\u017cytkownik\u00f3w stwierdzi\u0142o, \u017ce po u\u017cyciu sk\u00f3ra jest czysta i nie pozostawia t\u0142ustego filmu. Sk\u00f3ra doskonale oczyszczona z zanieczyszcze\u0144 i makija\u017cu. <\/span>&nbsp;<\/li>\n<li style=\"font-weight: 400;\" aria-level=\"1\"><b>Nawodnienie i komfort<\/b><span style=\"font-weight: 400;\">  P\u0142yn do demakija\u017cu oczyszcza sk\u00f3r\u0119, nie wysuszaj\u0105c jej. Pozostawia sk\u00f3r\u0119 mi\u0119kk\u0105 i nawil\u017con\u0105, bez uczucia \u015bci\u0105gni\u0119cia. <\/span>&nbsp;<\/li>\n<li style=\"font-weight: 400;\" aria-level=\"1\"><b>Praktyczny i szybki<\/b><span style=\"font-weight: 400;\">  Koniec z czasoch\u0142onnym usuwaniem makija\u017cu. Ten produkt upraszcza rutyn\u0119, a jednocze\u015bnie jest delikatny dla sk\u00f3ry. <\/span>&nbsp;<\/li>\n<li style=\"font-weight: 400;\" aria-level=\"1\"><b>Szacunek dla sk\u00f3ry i planety<\/b><span style=\"font-weight: 400;\"> Wolna od okrucie\u0144stwa, bezzapachowa formu\u0142a i przyjazne dla \u015brodowiska opakowanie.<\/span>&nbsp;<\/li>\n<\/ul>\n<h2><span style=\"font-weight: 400;\">Sk\u0142adniki, kt\u00f3re sprawiaj\u0105, \u017ce ten p\u0142yn do demakija\u017cu jest wyj\u0105tkowy:<\/span><\/h2>\n<ul>\n<li style=\"font-weight: 400;\" aria-level=\"1\"><b>Micelarny \u015brodek powierzchniowo czynny<\/b><span style=\"font-weight: 400;\"> G\u0142\u0119boko oczyszcza, usuwa makija\u017c i zanieczyszczenia, jednocze\u015bnie chroni\u0105c sk\u00f3r\u0119.<\/span>&nbsp;<\/li>\n<li style=\"font-weight: 400;\" aria-level=\"1\"><b>Glukozyd decylowy<\/b><span style=\"font-weight: 400;\"> Delikatny, biodegradowalny \u015brodek oczyszczaj\u0105cy, kt\u00f3ry usuwa makija\u017c i sebum bez wysuszania sk\u00f3ry.<\/span>&nbsp;<\/li>\n<li style=\"font-weight: 400;\" aria-level=\"1\"><b>Glicerydy kaprylowe\/kaprynowe PEG-6<\/b><span style=\"font-weight: 400;\"> Rozpuszczaj\u0105 sebum i delikatnie usuwaj\u0105 makija\u017c, pozostawiaj\u0105c sk\u00f3r\u0119 czyst\u0105 i komfortow\u0105.<\/span>&nbsp;<\/li>\n<\/ul>\n<h2><span style=\"font-weight: 400;\">Jak \u0142atwo z niego korzysta\u0107:<\/span><\/h2>\n<ol>\n<li style=\"font-weight: 400;\" aria-level=\"1\"><b>Wstrz\u0105sn\u0105\u0107<\/b><span style=\"font-weight: 400;\"> Dobrze wstrz\u0105sn\u0105\u0107 przed u\u017cyciem.<\/span>&nbsp;<\/li>\n<li style=\"font-weight: 400;\" aria-level=\"1\"><b>Stosowanie<\/b><span style=\"font-weight: 400;\"> Niewielk\u0105 ilo\u015b\u0107 produktu nanie\u015b\u0107 na p\u0142atek kosmetyczny i delikatnie przetrze\u0107 twarz, zwracaj\u0105c szczeg\u00f3ln\u0105 uwag\u0119 na miejsca pokryte makija\u017cem.<\/span>&nbsp;<\/li>\n<li style=\"font-weight: 400;\" aria-level=\"1\"><b>Sukces<\/b><span style=\"font-weight: 400;\"> Twoja twarz jest doskonale oczyszczona i gotowa do nast\u0119pnego zabiegu.<\/span>&nbsp;<\/li>\n<\/ol>\n<p><span style=\"font-weight: 400;\">Koniec skomplikowanego demakija\u017cu! Dodaj <\/span> <b> P\u0142yn do demakija\u017cu YOU-OLOGY do koszyka <\/b><span style=\"font-weight: 400;\">i usu\u0144 wszystkie \u015blady makija\u017cu w jednym kroku.<\/span><\/p>\n<p>&nbsp;<\/p>\n<h2><span style=\"font-weight: 400;\">FAQ : P\u0142yn do demakija\u017cu YOU-OLOGY<\/span><\/h2>\n<ol>\n<li><b>  Czy ten p\u0142yn do demakija\u017cu jest odpowiedni dla sk\u00f3ry wra\u017cliwej?<\/b><b><br \/>\n<\/b><span style=\"font-weight: 400;\">  Tak, p\u0142yn do demakija\u017cu YOU-OLOGY zosta\u0142 zaprojektowany tak, aby by\u0142 delikatny i koj\u0105cy nawet dla wra\u017cliwej sk\u00f3ry. Jego formu\u0142a nie zawiera alkoholu ani substancji zapachowych. <\/span><\/li>\n<li><b>  Czy mo\u017cna go u\u017cywa\u0107 do usuwania makija\u017cu oczu?<\/b><b><br \/>\n<\/b><span style=\"font-weight: 400;\">  Chocia\u017c jest skuteczny na ca\u0142ej twarzy, najlepiej unika\u0107 bezpo\u015bredniego kontaktu z oczami. Je\u015bli produkt wejdzie w kontakt z oczami, nale\u017cy dok\u0142adnie przemy\u0107 je czyst\u0105 wod\u0105. <\/span><\/li>\n<li><b>  Czy p\u0142yn do demakija\u017cu YOU-OLOGY mo\u017ce usun\u0105\u0107 wodoodporny makija\u017c?<\/b><b><br \/>\n<\/b><span style=\"font-weight: 400;\">  Tak, jest przeznaczony do usuwania wszystkich rodzaj\u00f3w makija\u017cu, w tym d\u0142ugotrwa\u0142ego i wodoodpornego, bez konieczno\u015bci szorowania lub nak\u0142adania dodatkowych produkt\u00f3w.<\/span><\/li>\n<li><b>  Czy jest skuteczny w przypadku sk\u00f3ry t\u0142ustej?<\/b><b><br \/>\n<\/b><span style=\"font-weight: 400;\">  Absolutnie! P\u0142yn do demakija\u017cu YOU-OLOGY reguluje wydzielanie sebum i oczyszcza sk\u00f3r\u0119, nie wysuszaj\u0105c jej, dzi\u0119ki czemu jest idealny dla cery t\u0142ustej. <\/span><\/li>\n<li><b>  Czy p\u0142yn do demakija\u017cu zawiera szkodliwe substancje chemiczne?<\/b><b><br \/>\n<\/b><span style=\"font-weight: 400;\">  Nie, ten produkt zosta\u0142 opracowany z delikatnych, przyjaznych dla sk\u00f3ry sk\u0142adnik\u00f3w. Nie zawiera paraben\u00f3w, siarczan\u00f3w ani ftalan\u00f3w, dzi\u0119ki czemu jest idealny do stosowania na wszystkich rodzajach sk\u00f3ry. <\/span><\/li>\n<li><b>  Czy produkt by\u0142 testowany na zwierz\u0119tach?<\/b><b><br \/>\n<\/b><span style=\"font-weight: 400;\">  Nie, p\u0142yn do demakija\u017cu YOU-OLOGY jest w 100% wolny od okrucie\u0144stwa. Zosta\u0142 przetestowany dermatologicznie i opracowany zgodnie z zasadami etycznymi firmy Younique, kt\u00f3ra nie przeprowadza test\u00f3w na zwierz\u0119tach. <\/span><\/li>\n<\/ol>\n<p>&nbsp;<\/p>\n<p><span style=\"font-weight: 400;\">Nie pozw\u00f3l, aby makija\u017c stan\u0105\u0142 Ci na drodze. Dodaj   <\/span><b>P\u0142yn do demakija\u017cu YOU-OLOGY<\/b><span style=\"font-weight: 400;\"> i odkryj szybki, delikatny demakija\u017c bez kompromis\u00f3w.<\/span><\/p>\n","protected":false},"excerpt":{"rendered":"<p><span style=\"font-weight: 400;\">Przez d\u0142ugi czas znajdowa\u0142am si\u0119 w takiej sytuacji, wiesz, te dni, kiedy czujesz si\u0119 zm\u0119czona, a po zako\u0144czeniu dnia my\u015bl o usuni\u0119ciu makija\u017cu staje si\u0119 obowi\u0105zkiem. Ale to by\u0142o zanim odkry\u0142am <\/span><b>  P\u0142yn do demakija\u017cu YOU-OLOGY<\/b><span style=\"font-weight: 400;\">. Szczerze m\u00f3wi\u0105c, zmieni\u0142 dla mnie wszystko. On jest   <\/span><b>szybki, wygodny<\/b><span style=\"font-weight: 400;\">i pozostawia moj\u0105 sk\u00f3r\u0119 czyst\u0105 i \u015bwie\u017c\u0105, bez t\u0142ustych \u015blad\u00f3w.<\/span><\/p>\n<p><span style=\"font-weight: 400;\">Usuwa nawet najbardziej uporczywy makija\u017c bez konieczno\u015bci pocierania. Co mi si\u0119 w nim podoba? Jest bardzo praktyczny!    <\/span><b>Nie trzeba sp\u0142ukiwa\u0107<\/b><span style=\"font-weight: 400;\">Pozostawia moj\u0105 sk\u00f3r\u0119 \u015bwie\u017c\u0105 i gotow\u0105 na reszt\u0119 rutyny. A dzi\u0119ki bezzapachowej formule jest idealny nawet dla najbardziej wra\u017cliwej sk\u00f3ry. Obowi\u0105zek demakija\u017cu dobieg\u0142 ko\u0144ca, a prostota jest na wyci\u0105gni\u0119cie r\u0119ki.  <\/span><\/p>\n","protected":false},"featured_media":11832,"comment_status":"open","ping_status":"closed","template":"","meta":{"_seopress_robots_primary_cat":"none","_seopress_titles_title":"","_seopress_titles_desc":"","_seopress_robots_index":"","site-sidebar-layout":"default","site-content-layout":"","ast-site-content-layout":"default","site-content-style":"default","site-sidebar-style":"default","ast-global-header-display":"","ast-banner-title-visibility":"","ast-main-header-display":"","ast-hfb-above-header-display":"","ast-hfb-below-header-display":"","ast-hfb-mobile-header-display":"","site-post-title":"","ast-breadcrumbs-content":"","ast-featured-img":"","footer-sml-layout":"","ast-disable-related-posts":"","theme-transparent-header-meta":"default","adv-header-id-meta":"","stick-header-meta":"","header-above-stick-meta":"","header-main-stick-meta":"","header-below-stick-meta":"","astra-migrate-meta-layouts":"default","ast-page-background-enabled":"default","ast-page-background-meta":{"desktop":{"background-color":"var(--ast-global-color-4)","background-image":"","background-repeat":"repeat","background-position":"center center","background-size":"auto","background-attachment":"scroll","background-type":"","background-media":"","overlay-type":"","overlay-color":"","overlay-opacity":"","overlay-gradient":""},"tablet":{"background-color":"","background-image":"","background-repeat":"repeat","background-position":"center center","background-size":"auto","background-attachment":"scroll","background-type":"","background-media":"","overlay-type":"","overlay-color":"","overlay-opacity":"","overlay-gradient":""},"mobile":{"background-color":"","background-image":"","background-repeat":"repeat","background-position":"center center","background-size":"auto","background-attachment":"scroll","background-type":"","background-media":"","overlay-type":"","overlay-color":"","overlay-opacity":"","overlay-gradient":""}},"ast-content-background-meta":{"desktop":{"background-color":"var(--ast-global-color-5)","background-image":"","background-repeat":"repeat","background-position":"center center","background-size":"auto","background-attachment":"scroll","background-type":"","background-media":"","overlay-type":"","overlay-color":"","overlay-opacity":"","overlay-gradient":""},"tablet":{"background-color":"var(--ast-global-color-5)","background-image":"","background-repeat":"repeat","background-position":"center center","background-size":"auto","background-attachment":"scroll","background-type":"","background-media":"","overlay-type":"","overlay-color":"","overlay-opacity":"","overlay-gradient":""},"mobile":{"background-color":"var(--ast-global-color-5)","background-image":"","background-repeat":"repeat","background-position":"center center","background-size":"auto","background-attachment":"scroll","background-type":"","background-media":"","overlay-type":"","overlay-color":"","overlay-opacity":"","overlay-gradient":""}}},"product_brand":[],"product_cat":[111],"product_tag":[],"class_list":{"0":"post-11830","1":"product","2":"type-product","3":"status-publish","4":"has-post-thumbnail","6":"product_cat-skora","7":"desktop-align-left","8":"tablet-align-left","9":"mobile-align-left","11":"first","12":"instock","13":"sale","14":"shipping-taxable","15":"product-type-external"},"_links":{"self":[{"href":"https:\/\/youniquebyemilie.com\/pl\/wp-json\/wp\/v2\/product\/11830","targetHints":{"allow":["GET"]}}],"collection":[{"href":"https:\/\/youniquebyemilie.com\/pl\/wp-json\/wp\/v2\/product"}],"about":[{"href":"https:\/\/youniquebyemilie.com\/pl\/wp-json\/wp\/v2\/types\/product"}],"replies":[{"embeddable":true,"href":"https:\/\/youniquebyemilie.com\/pl\/wp-json\/wp\/v2\/comments?post=11830"}],"wp:featuredmedia":[{"embeddable":true,"href":"https:\/\/youniquebyemilie.com\/pl\/wp-json\/wp\/v2\/media\/11832"}],"wp:attachment":[{"href":"https:\/\/youniquebyemilie.com\/pl\/wp-json\/wp\/v2\/media?parent=11830"}],"wp:term":[{"taxonomy":"product_brand","embeddable":true,"href":"https:\/\/youniquebyemilie.com\/pl\/wp-json\/wp\/v2\/product_brand?post=11830"},{"taxonomy":"product_cat","embeddable":true,"href":"https:\/\/youniquebyemilie.com\/pl\/wp-json\/wp\/v2\/product_cat?post=11830"},{"taxonomy":"product_tag","embeddable":true,"href":"https:\/\/youniquebyemilie.com\/pl\/wp-json\/wp\/v2\/product_tag?post=11830"}],"curies":[{"name":"wp","href":"https:\/\/api.w.org\/{rel}","templated":true}]}}