{"id":11876,"date":"2025-07-24T08:48:33","date_gmt":"2025-07-24T06:48:33","guid":{"rendered":"https:\/\/youniquebyemilie.com\/produit\/magnetyczne-rzesy-moodstruck\/"},"modified":"2025-07-24T08:48:33","modified_gmt":"2025-07-24T06:48:33","slug":"magnetyczne-rzesy-moodstruck","status":"publish","type":"product","link":"https:\/\/youniquebyemilie.com\/pl\/produit\/magnetyczne-rzesy-moodstruck\/","title":{"rendered":"Magnetyczne rz\u0119sy MOODSTRUCK"},"content":{"rendered":"<p><span style=\"font-weight: 400;\">Chcesz mie\u0107 wymarzone rz\u0119sy, kt\u00f3re s\u0105 \u0142atwe w aplikacji i bardzo wygodne w noszeniu? Na pocz\u0105tku by\u0142am nieco sceptyczna, ale   <\/span><b>Magnetyczne sztuczne rz\u0119sy MOODSTRUCK<\/b><span style=\"font-weight: 400;\">  naprawd\u0119 u\u0142atwi\u0142y mi \u017cycie. Wykonane z   <\/span><b>wega\u0144skie w\u0142\u00f3kna jedwabiu<\/b><span style=\"font-weight: 400;\"> Super lekkie, zapewniaj\u0105 <\/span><b>naturalny wygl\u0105d<\/b><span style=\"font-weight: 400;\"> lub <\/span><b>ultra efektowny wygl\u0105d<\/b><span style=\"font-weight: 400;\">bez sklejania lub uszkadzania prawdziwych rz\u0119s.<\/span><\/p>\n<p><span style=\"font-weight: 400;\">Z ich <\/span><b>10 mini-magnes\u00f3w<\/b><span style=\"font-weight: 400;\"> (tak, dwa razy wi\u0119cej ni\u017c konwencjonalne rz\u0119sy magnetyczne), te magnetyczne rz\u0119sy wielokrotnego u\u017cytku <\/span><b>rz\u0119sy magnetyczne<\/b><span style=\"font-weight: 400;\">  Idealnie przylegaj\u0105 do magnetycznego eyelinera MOODSTRUCK. Utrzymuj\u0105 <\/span><b>  do 10 godzin<\/b><span style=\"font-weight: 400;\">*Nawet gdy jest mokra. Co najlepsze? S\u0105 regulowane, modu\u0142owe i \u0142atwe do przyci\u0119cia, aby dopasowa\u0107 je do unikalnego kszta\u0142tu oczu.  <\/span><\/p>\n<h2><span style=\"font-weight: 400;\">Dlaczego pokochasz swoje nowe rz\u0119sy MOODSTRUCK?<\/span><\/h2>\n<ul>\n<li style=\"font-weight: 400;\" aria-level=\"1\"><b>D\u0142ugotrwa\u0142e trzymanie i optymalny komfort<\/b><span style=\"font-weight: 400;\"> Solidne zapi\u0119cie, kt\u00f3re nie obci\u0105\u017ca ani nie przeszkadza, zapewniaj\u0105c beztroski dzie\u0144.<\/span><\/li>\n<li style=\"font-weight: 400;\" aria-level=\"1\"><b>Dwa style pasuj\u0105ce do ka\u017cdego nastroju<\/b><span style=\"font-weight: 400;\"> :<\/span><span style=\"font-weight: 400;\"><br \/>\n<\/span><\/p>\n<ul>\n<li style=\"font-weight: 400;\" aria-level=\"2\"><i><span style=\"font-weight: 400;\">Zach\u0119caj\u0105cy<\/span><\/i><span style=\"font-weight: 400;\"> Delikatny, naturalny wygl\u0105d idealny na co dzie\u0144.<\/span><\/li>\n<li style=\"font-weight: 400;\" aria-level=\"2\"><i><span style=\"font-weight: 400;\">Inspiruj\u0105ce<\/span><\/i><span style=\"font-weight: 400;\"> Hollywoodzki glamour bez przesady.<\/span><\/li>\n<\/ul>\n<\/li>\n<li style=\"font-weight: 400;\" aria-level=\"1\"><b>Ultra-dyskretny przezroczysty pasek<\/b><span style=\"font-weight: 400;\"> Doskonale komponuje si\u0119 z makija\u017cem, zapewniaj\u0105c bardzo naturalny wygl\u0105d.<\/span><\/li>\n<li style=\"font-weight: 400;\" aria-level=\"1\"><b>10 magnetycznych minikotwic<\/b><span style=\"font-weight: 400;\"> aby wzmocni\u0107 mocowanie bez ryzyka po\u015blizgu.<\/span><\/li>\n<li style=\"font-weight: 400;\" aria-level=\"1\"><b>Magnetyczne akrylowe etui<\/b><span style=\"font-weight: 400;\"> Bardzo por\u0119czne, aby Twoje rz\u0119sy wygl\u0105da\u0142y jak najlepiej, gdziekolwiek jeste\u015b.<\/span><\/li>\n<\/ul>\n<h2><span style=\"font-weight: 400;\">Jak nak\u0142ada\u0107 magnetyczne rz\u0119sy MOODSTRUCK jak profesjonalista?<\/span><\/h2>\n<ol>\n<li style=\"font-weight: 400;\" aria-level=\"1\"><span style=\"font-weight: 400;\">Delikatnie wygnij pasek sztucznych rz\u0119s, aby dopasowa\u0107 go do kszta\u0142tu oczu. Za d\u0142ugie? Przytnij je r\u00f3wno z nast\u0119pnym magnesem.  <\/span><\/li>\n<li style=\"font-weight: 400;\" aria-level=\"1\"><span style=\"font-weight: 400;\">Podkr\u0119\u0107 swoje naturalne rz\u0119sy, aby uzyska\u0107 jeszcze bardziej osza\u0142amiaj\u0105cy efekt.<\/span><\/li>\n<li style=\"font-weight: 400;\" aria-level=\"1\"><span style=\"font-weight: 400;\">Zastosowanie<\/span><b> magnetyczny eyeliner MOODSTRUCK<\/b><span style=\"font-weight: 400;\"> u nasady rz\u0119s, a nast\u0119pnie pozostaw do wyschni\u0119cia <\/span><b>suszy\u0107 przez 2-3 minuty<\/b><span style=\"font-weight: 400;\">. <\/span> <\/li>\n<\/ol>\n<p><b>Wskaz\u00f3wka od przyjaciela:<\/b><span style=\"font-weight: 400;\"> Trzymaj oczy zamkni\u0119te podczas suszenia, aby unikn\u0105\u0107 smug.<\/span><\/p>\n<p>&nbsp;<\/p>\n<ol>\n<li style=\"font-weight: 400;\" aria-level=\"1\"><span style=\"font-weight: 400;\">Na\u0142\u00f3\u017c odrobin\u0119 tuszu do rz\u0119s, je\u015bli chcesz uzyska\u0107 wi\u0119ksz\u0105 obj\u0119to\u015b\u0107.<\/span><\/li>\n<li style=\"font-weight: 400;\" aria-level=\"1\"><span style=\"font-weight: 400;\">U\u017cywaj\u0105c aplikatora YOUNIQUE, najpierw na\u0142\u00f3\u017c rz\u0119s\u0119 w wewn\u0119trznym k\u0105ciku, a nast\u0119pnie przesu\u0144 na zewn\u0105trz, pozostaj\u0105c r\u00f3wno z lini\u0105 rz\u0119s.  <\/span><b>Sp\u00f3jrz w lustro, to naprawd\u0119 pomaga!<\/b><\/li>\n<li style=\"font-weight: 400;\" aria-level=\"1\"><span style=\"font-weight: 400;\">Delikatnie wci\u015bnij zakrzywion\u0105 cz\u0119\u015b\u0107 aplikatora mi\u0119dzy sztuczne rz\u0119sy a naturalne rz\u0119sy, aby je utrwali\u0107.<\/span><\/li>\n<li style=\"font-weight: 400;\" aria-level=\"1\"><span style=\"font-weight: 400;\">Rozczesz i rozetrzyj za pomoc\u0105 p\u0119dzelka aplikatora, aby uzyska\u0107 ultra-naturalne wyko\u0144czenie.<\/span><\/li>\n<li style=\"font-weight: 400;\" aria-level=\"1\"><span style=\"font-weight: 400;\">Aby uzyska\u0107 mocniejsze trzymanie, dodaj do\u0142\u0105czone magnetyczne kotwice pod naturalnymi rz\u0119sami, aby zapewni\u0107 d\u0142ugotrwa\u0142e trzymanie bez po\u015blizgu.<\/span><\/li>\n<li style=\"font-weight: 400;\" aria-level=\"1\"><span style=\"font-weight: 400;\">Aby zdj\u0105\u0107 opask\u0119, nale\u017cy delikatnie poci\u0105gn\u0105\u0107 j\u0105 za zewn\u0119trzny r\u00f3g, bez naciskania.<\/span><\/li>\n<\/ol>\n<h3><span style=\"font-weight: 400;\">Jak dba\u0107 o rz\u0119sy magnetyczne MOODSTRUCK, aby by\u0142y trwa\u0142e?<\/span><\/h3>\n<ul>\n<li style=\"font-weight: 400;\" aria-level=\"1\"><span style=\"font-weight: 400;\">Czy\u015b\u0107 je po ka\u017cdym u\u017cyciu <\/span><b>wacikiem nas\u0105czonym<\/b><span style=\"font-weight: 400;\"> bezolejowym p\u0142ynem do demakija\u017cu w celu usuni\u0119cia makija\u017cu.<\/span><\/li>\n<li style=\"font-weight: 400;\" aria-level=\"1\"><span style=\"font-weight: 400;\">Dezynfekuje <\/span><b>i <\/b><span style=\"font-weight: 400;\">i <\/span><b>magnesy <\/b><span style=\"font-weight: 400;\">za pomoc\u0105 <\/span><b>wacikiem<\/b><span style=\"font-weight: 400;\"> i<\/span><b> 90% alkoholem<\/b><span style=\"font-weight: 400;\"> w celu usuni\u0119cia bakterii.<\/span><\/li>\n<li style=\"font-weight: 400;\" aria-level=\"1\"><span style=\"font-weight: 400;\">Pozostaw je do wyschni\u0119cia na powietrzu, przeczesz aplikatorem, a nast\u0119pnie przechowuj w akrylowym etui, aby zachowa\u0142y sw\u00f3j kszta\u0142t.<\/span><\/li>\n<li style=\"font-weight: 400;\" aria-level=\"1\"><span style=\"font-weight: 400;\">Nie wystawiaj ich na bezpo\u015brednie dzia\u0142anie promieni s\u0142onecznych, aby zachowa\u0107 ich jako\u015b\u0107.<\/span><\/li>\n<\/ul>\n<h2><span style=\"font-weight: 400;\">Drobne dodatki, kt\u00f3re wyr\u00f3\u017cniaj\u0105 MOODSTRUCK<\/span><\/h2>\n<ul>\n<li style=\"font-weight: 400;\" aria-level=\"1\"><span style=\"font-weight: 400;\">Wykonane z <\/span><b>65% wega\u0144skiego jedwabiu (politereftalan butylenu), 25% nylonu<\/b><span style=\"font-weight: 400;\">i <\/span><b>10% magnes\u00f3w neodymowych<\/b><span style=\"font-weight: 400;\"> Dzi\u0119ki ultra mocnym magnesom neodymowym rz\u0119sy te s\u0105 lekkie, mocne i zachowuj\u0105 sw\u00f3j kszta\u0142t nawet w ekstremalnych warunkach.<\/span><\/li>\n<li style=\"font-weight: 400;\" aria-level=\"1\"><span style=\"font-weight: 400;\">Technologia zaprojektowana, aby dostosowa\u0107 si\u0119 do <\/span><b>wszystkie kszta\u0142ty i rozmiary oczu<\/b><span style=\"font-weight: 400;\">.<\/span><\/li>\n<li style=\"font-weight: 400;\" aria-level=\"1\"><span style=\"font-weight: 400;\">Szybka i \u0142atwa aplikacja, nawet dla pocz\u0105tkuj\u0105cych.<\/span><\/li>\n<li style=\"font-weight: 400;\" aria-level=\"1\"><b>94% u\u017cytkownik\u00f3w uwa\u017ca je za \u0142atwe do usuni\u0119cia po 10 godzinach noszenia.<\/b><\/li>\n<li style=\"font-weight: 400;\" aria-level=\"1\"><b>91% twierdzi, \u017ce doskonale trzymaj\u0105 si\u0119 nawet w wilgotnych warunkach.<\/b><\/li>\n<\/ul>\n<p>&nbsp;<\/p>\n<p><span style=\"font-weight: 400;\">Zapomnij o k\u0142opotach zwi\u0105zanych z tradycyjnymi sztucznymi rz\u0119sami i postaw na prostot\u0119 i wygod\u0119 magnetycznych rz\u0119s MOODSTRUCK. Twoja rutyna piel\u0119gnacyjna stanie si\u0119 prawdziw\u0105 przyjemno\u015bci\u0105, szybk\u0105, bezstresow\u0105 i zawsze nienagann\u0105. Po prostu kliknij, zam\u00f3w i przygotuj si\u0119 na zawr\u00f3t g\u0142owy!    <\/span><\/p>\n<h2><span style=\"font-weight: 400;\">FAQ: Wszystko, co musisz wiedzie\u0107 o magnetycznych rz\u0119sach MOODSTRUCK<\/span><\/h2>\n<ol>\n<li> <b> Jak cz\u0119sto mog\u0119 u\u017cywa\u0107 moich rz\u0119s magnetycznych?<\/b><b><br \/>\n<\/b><span style=\"font-weight: 400;\"> Przy odpowiedniej piel\u0119gnacji mo\u017cna je nosi\u0107 do<\/span><b> 20 do 30 razy<\/b><span style=\"font-weight: 400;\">co czyni je naprawd\u0119 ekonomicznymi w por\u00f3wnaniu z konwencjonalnymi sztucznymi rz\u0119sami.<\/span><\/li>\n<li><b>  Czy magnetyczny eyeliner MOODSTRUCK jest \u0142atwy do usuni\u0119cia?<\/b><b><br \/>\n<\/b><span style=\"font-weight: 400;\">  Tak, mo\u017cna go usun\u0105\u0107 tak jak klasyczny eyeliner, za pomoc\u0105 delikatnego bezolejowego p\u0142ynu do demakija\u017cu, bez uszkadzania sk\u00f3ry i rz\u0119s.<\/span><\/li>\n<li><b>  Czy mog\u0119 na\u0142o\u017cy\u0107 tusz na magnetyczne rz\u0119sy MOODSTRUCK?<\/b><b><br \/>\n<\/b><span style=\"font-weight: 400;\">  Mo\u017cesz, ale nie musisz: maj\u0105 ju\u017c du\u017c\u0105 naturaln\u0105 obj\u0119to\u015b\u0107. Je\u015bli chcesz uzyska\u0107 wi\u0119ksz\u0105 intensywno\u015b\u0107, wystarczy odrobina przezroczystego tuszu do rz\u0119s. <\/span><\/li>\n<li><b>  Co nale\u017cy zrobi\u0107, je\u015bli magnes od\u0142\u0105czy si\u0119 lub straci swoj\u0105 si\u0142\u0119?<\/b><b><br \/>\n<\/b><span style=\"font-weight: 400;\">  Skontaktuj si\u0119 z dzia\u0142em obs\u0142ugi klienta YOUNIQUE, kt\u00f3ry b\u0119dzie w stanie pom\u00f3c Ci w wymianie lub doradzi\u0107, jak przed\u0142u\u017cy\u0107 jego \u017cywotno\u015b\u0107.<\/span><\/li>\n<li><b>  Czy style Inspiruj\u0105cy i Zach\u0119caj\u0105cy mo\u017cna \u0142\u0105czy\u0107 w celu uzyskania mieszanego efektu?<\/b><b><br \/>\n<\/b><span style=\"font-weight: 400;\">  Oczywi\u015bcie, \u017ce mo\u017cesz! Mo\u017cesz bawi\u0107 si\u0119 stylami w zale\u017cno\u015bci od nastroju, mieszaj\u0105c rz\u0119sy, aby uzyska\u0107 niepowtarzalny, spersonalizowany wygl\u0105d. <\/span><\/li>\n<\/ol>\n<p><span style=\"font-weight: 400;\">Upro\u015b\u0107 swoje \u017cycie, zaoszcz\u0119d\u017a czas i uzyskaj intensywny, wszechstronny i zawsze nieskazitelny wygl\u0105d dzi\u0119ki magnetycznym rz\u0119som MOODSTRUCK. Zam\u00f3w je ju\u017c teraz i sta\u0144 si\u0119 profesjonalist\u0105! <\/span><\/p>\n","protected":false},"excerpt":{"rendered":"<p><span style=\"font-weight: 400;\">Chcesz mie\u0107 wymarzone rz\u0119sy, kt\u00f3re s\u0105 \u0142atwe w aplikacji i bardzo wygodne w noszeniu? Na pocz\u0105tku by\u0142am nieco sceptyczna, ale   <\/span><b>Magnetyczne sztuczne rz\u0119sy MOODSTRUCK<\/b><span style=\"font-weight: 400;\">  naprawd\u0119 u\u0142atwi\u0142y mi \u017cycie. Wykonane z   <\/span><b>wega\u0144skie w\u0142\u00f3kna jedwabiu<\/b><span style=\"font-weight: 400;\"> Super lekkie, zapewniaj\u0105 <\/span><b>naturalny wygl\u0105d<\/b><span style=\"font-weight: 400;\"> lub <\/span><b>ultra efektowny wygl\u0105d<\/b><span style=\"font-weight: 400;\">bez sklejania lub uszkadzania prawdziwych rz\u0119s.<\/span><\/p>\n<p><span style=\"font-weight: 400;\">Z ich <\/span><b>10 mini-magnes\u00f3w<\/b><span style=\"font-weight: 400;\"> (tak, dwa razy wi\u0119cej ni\u017c konwencjonalne rz\u0119sy magnetyczne), te magnetyczne rz\u0119sy wielokrotnego u\u017cytku <\/span><b>rz\u0119sy magnetyczne<\/b><span style=\"font-weight: 400;\">  Idealnie przylegaj\u0105 do magnetycznego eyelinera MOODSTRUCK. Utrzymuj\u0105 <\/span><b>  do 10 godzin<\/b><span style=\"font-weight: 400;\">*Nawet gdy jest mokra. Co najlepsze? S\u0105 regulowane, modu\u0142owe i \u0142atwe do przyci\u0119cia w celu dopasowania do unikalnego kszta\u0142tu oczu.  <\/span><\/p>\n","protected":false},"featured_media":11880,"comment_status":"open","ping_status":"closed","template":"","meta":{"_seopress_robots_primary_cat":"none","_seopress_titles_title":"","_seopress_titles_desc":"","_seopress_robots_index":"","site-sidebar-layout":"default","site-content-layout":"","ast-site-content-layout":"default","site-content-style":"default","site-sidebar-style":"default","ast-global-header-display":"","ast-banner-title-visibility":"","ast-main-header-display":"","ast-hfb-above-header-display":"","ast-hfb-below-header-display":"","ast-hfb-mobile-header-display":"","site-post-title":"","ast-breadcrumbs-content":"","ast-featured-img":"","footer-sml-layout":"","ast-disable-related-posts":"","theme-transparent-header-meta":"default","adv-header-id-meta":"","stick-header-meta":"","header-above-stick-meta":"","header-main-stick-meta":"","header-below-stick-meta":"","astra-migrate-meta-layouts":"default","ast-page-background-enabled":"default","ast-page-background-meta":{"desktop":{"background-color":"var(--ast-global-color-4)","background-image":"","background-repeat":"repeat","background-position":"center center","background-size":"auto","background-attachment":"scroll","background-type":"","background-media":"","overlay-type":"","overlay-color":"","overlay-opacity":"","overlay-gradient":""},"tablet":{"background-color":"","background-image":"","background-repeat":"repeat","background-position":"center center","background-size":"auto","background-attachment":"scroll","background-type":"","background-media":"","overlay-type":"","overlay-color":"","overlay-opacity":"","overlay-gradient":""},"mobile":{"background-color":"","background-image":"","background-repeat":"repeat","background-position":"center center","background-size":"auto","background-attachment":"scroll","background-type":"","background-media":"","overlay-type":"","overlay-color":"","overlay-opacity":"","overlay-gradient":""}},"ast-content-background-meta":{"desktop":{"background-color":"var(--ast-global-color-5)","background-image":"","background-repeat":"repeat","background-position":"center center","background-size":"auto","background-attachment":"scroll","background-type":"","background-media":"","overlay-type":"","overlay-color":"","overlay-opacity":"","overlay-gradient":""},"tablet":{"background-color":"var(--ast-global-color-5)","background-image":"","background-repeat":"repeat","background-position":"center center","background-size":"auto","background-attachment":"scroll","background-type":"","background-media":"","overlay-type":"","overlay-color":"","overlay-opacity":"","overlay-gradient":""},"mobile":{"background-color":"var(--ast-global-color-5)","background-image":"","background-repeat":"repeat","background-position":"center center","background-size":"auto","background-attachment":"scroll","background-type":"","background-media":"","overlay-type":"","overlay-color":"","overlay-opacity":"","overlay-gradient":""}}},"product_brand":[],"product_cat":[95],"product_tag":[],"class_list":{"0":"post-11876","1":"product","2":"type-product","3":"status-publish","4":"has-post-thumbnail","6":"product_cat-oczy","7":"desktop-align-left","8":"tablet-align-left","9":"mobile-align-left","11":"first","12":"instock","13":"sale","14":"shipping-taxable","15":"product-type-external"},"_links":{"self":[{"href":"https:\/\/youniquebyemilie.com\/pl\/wp-json\/wp\/v2\/product\/11876","targetHints":{"allow":["GET"]}}],"collection":[{"href":"https:\/\/youniquebyemilie.com\/pl\/wp-json\/wp\/v2\/product"}],"about":[{"href":"https:\/\/youniquebyemilie.com\/pl\/wp-json\/wp\/v2\/types\/product"}],"replies":[{"embeddable":true,"href":"https:\/\/youniquebyemilie.com\/pl\/wp-json\/wp\/v2\/comments?post=11876"}],"wp:featuredmedia":[{"embeddable":true,"href":"https:\/\/youniquebyemilie.com\/pl\/wp-json\/wp\/v2\/media\/11880"}],"wp:attachment":[{"href":"https:\/\/youniquebyemilie.com\/pl\/wp-json\/wp\/v2\/media?parent=11876"}],"wp:term":[{"taxonomy":"product_brand","embeddable":true,"href":"https:\/\/youniquebyemilie.com\/pl\/wp-json\/wp\/v2\/product_brand?post=11876"},{"taxonomy":"product_cat","embeddable":true,"href":"https:\/\/youniquebyemilie.com\/pl\/wp-json\/wp\/v2\/product_cat?post=11876"},{"taxonomy":"product_tag","embeddable":true,"href":"https:\/\/youniquebyemilie.com\/pl\/wp-json\/wp\/v2\/product_tag?post=11876"}],"curies":[{"name":"wp","href":"https:\/\/api.w.org\/{rel}","templated":true}]}}