{"id":11894,"date":"2025-07-24T19:16:53","date_gmt":"2025-07-24T17:16:53","guid":{"rendered":"https:\/\/youniquebyemilie.com\/produit\/bita-pianka-do-opalania-beachfront\/"},"modified":"2025-07-24T19:16:53","modified_gmt":"2025-07-24T17:16:53","slug":"bita-pianka-do-opalania-beachfront","status":"publish","type":"product","link":"https:\/\/youniquebyemilie.com\/pl\/produit\/bita-pianka-do-opalania-beachfront\/","title":{"rendered":"Bita pianka do opalania BEACHFRONT"},"content":{"rendered":"<p><span style=\"font-weight: 400;\">Wiesz, zesz\u0142ego lata chcia\u0142am si\u0119 opali\u0107, ale nie mia\u0142am czasu ani energii na sp\u0119dzanie godzin na s\u0142o\u0144cu. A z dw\u00f3jk\u0105 dzieci do opieki, sp\u0119dzenie dnia na pla\u017cy by\u0142o niemo\u017cliwe. Jednak, jak wiele kobiet, pragn\u0119\u0142am \u015bwie\u017cej, mu\u015bni\u0119tej s\u0142o\u0144cem opalenizny. Zwr\u00f3ci\u0142am si\u0119 wi\u0119c do     <\/span><b>Bita pianka do opalania BEACHFRONT<\/b><span style=\"font-weight: 400;\">.<\/span><\/p>\n<p><span style=\"font-weight: 400;\">Szczerze m\u00f3wi\u0105c, na pocz\u0105tku nie by\u0142em przekonany. Ale po jego u\u017cyciu zauwa\u017cy\u0142em   <\/span><b>natychmiastowa r\u00f3\u017cnica<\/b><span style=\"font-weight: 400;\"> ! Moja sk\u00f3ra by\u0142a nie tylko <\/span><b>r\u00f3wnomiernie opalona<\/b><span style=\"font-weight: 400;\">ale mia\u0142a ten <\/span><b>naturalny blask<\/b><span style=\"font-weight: 400;\">  czego mi brakowa\u0142o. W ci\u0105gu zaledwie kilku minut da\u0142em sobie   <\/span><b>promienny br\u0105z<\/b><span style=\"font-weight: 400;\">  bez wychodzenia z domu. A wszystko to o przyjemnym, nie pozostawiaj\u0105cym smug zapachu! <\/span><\/p>\n<p>&nbsp;<\/p>\n<h2><span style=\"font-weight: 400;\">Dlaczego to pokochasz:<\/span><\/h2>\n<ul>\n<li style=\"font-weight: 400;\" aria-level=\"1\"><b>Natychmiastowa, r\u00f3wnomierna opalenizna<\/b><span style=\"font-weight: 400;\"> Ten mus tworzy <\/span><b>natychmiastowy br\u0105z<\/b><span style=\"font-weight: 400;\"> kt\u00f3ry rozwija si\u0119 w ci\u0105gu <\/span><b>24 godziny<\/b><span style=\"font-weight: 400;\">dla \u015bwietlistej <\/span><b>\u015bwietlisty<\/b><span style=\"font-weight: 400;\"> i <\/span><b>r\u00f3wnomiern\u0105 cer\u0119<\/b><span style=\"font-weight: 400;\"> bez wysi\u0142ku.<\/span><\/li>\n<li style=\"font-weight: 400;\" aria-level=\"1\"><b>Nawil\u017cenie i piel\u0119gnacja<\/b><span style=\"font-weight: 400;\"> Wzbogacony o <\/span><b>olej kokosowy<\/b><span style=\"font-weight: 400;\"> i <\/span><b>oleje z awokado<\/b><span style=\"font-weight: 400;\">nawil\u017ca sk\u00f3r\u0119 i pozostawia na niej <\/span><b>mi\u0119kk\u0105, elastyczn\u0105 tekstur\u0119<\/b><span style=\"font-weight: 400;\">.<\/span><\/li>\n<li style=\"font-weight: 400;\" aria-level=\"1\"><b>\u0141atwo\u015b\u0107 aplikacji<\/b><span style=\"font-weight: 400;\"> Pianka jest lekka i <\/span><b>\u0142atwa do rozprowadzenia<\/b><span style=\"font-weight: 400;\">. Szybka aplikacja za pomoc\u0105  <\/span><b>r\u0119kawica samoopalaj\u0105ca<\/b><span style=\"font-weight: 400;\">i ju\u017c mo\u017cesz b\u0142yszcze\u0107!<\/span><\/li>\n<li style=\"font-weight: 400;\" aria-level=\"1\"><b>Przyjemny zapach<\/b><span style=\"font-weight: 400;\"> Jego <\/span><b>s\u0142odki zapach<\/b><span style=\"font-weight: 400;\"> melona <\/span><b>melona i wanilii<\/b><span style=\"font-weight: 400;\"> daje wra\u017cenie <\/span><b>spa<\/b><span style=\"font-weight: 400;\"> do\u015bwiadczenie.<\/span><\/li>\n<li style=\"font-weight: 400;\" aria-level=\"1\"><b>Szacunek dla sk\u00f3ry i planety<\/b><span style=\"font-weight: 400;\"> Ten mus nie tylko zapewnia <\/span><b>naturalny br\u0105z<\/b><span style=\"font-weight: 400;\">ale jest r\u00f3wnie\u017c wykonany w spos\u00f3b, kt\u00f3ry jest <\/span><b>odpowiedzialny<\/b><span style=\"font-weight: 400;\">ze sk\u0142adnik\u00f3w, kt\u00f3re szanuj\u0105 Twoj\u0105 sk\u00f3r\u0119.<\/span><\/li>\n<\/ul>\n<p>&nbsp;<\/p>\n<h2><span style=\"font-weight: 400;\">Jak u\u017cywa\u0107 :<\/span><\/h2>\n<ol>\n<li style=\"font-weight: 400;\" aria-level=\"1\"><span style=\"font-weight: 400;\">Przed na\u0142o\u017ceniem musu zacznij od u\u017cycia <\/span><b>BEACHFRONT peeling do cia\u0142a<\/b><span style=\"font-weight: 400;\"> aby uzyska\u0107 <\/span><b>r\u00f3wnomierny koloryt sk\u00f3ry<\/b><span style=\"font-weight: 400;\">.<\/span><\/li>\n<li style=\"font-weight: 400;\" aria-level=\"1\"><span style=\"font-weight: 400;\">Prasa<\/span><b> 2 do 3 dawek musu<\/b><span style=\"font-weight: 400;\"> na <\/span><b>r\u0119kawicy samoopalaj\u0105cej BEACHFRONT<\/b><span style=\"font-weight: 400;\">. Na\u0142\u00f3\u017c piank\u0119 przez  <\/span><b>d\u0142ugie, p\u0142ynne ruchy<\/b><span style=\"font-weight: 400;\"> na czystej, suchej sk\u00f3rze, zaczynaj\u0105c od <\/span><b>kostek<\/b><span style=\"font-weight: 400;\"> i pracuj\u0105c w g\u00f3r\u0119.<\/span><\/li>\n<li style=\"font-weight: 400;\" aria-level=\"1\"><span style=\"font-weight: 400;\">Przed ubraniem si\u0119 poczekaj, a\u017c pianka ca\u0142kowicie wyschnie. Pozostawi\u0107 do wyschni\u0119cia na   <\/span><b>4 do 8 godzin<\/b><span style=\"font-weight: 400;\"> przed wzi\u0119ciem prysznica.<\/span><\/li>\n<li style=\"font-weight: 400;\" aria-level=\"1\"><span style=\"font-weight: 400;\">Umy\u0107 r\u0119kawic\u0119<\/span><b> ciep\u0142\u0105 wod\u0105<\/b><span style=\"font-weight: 400;\"> i <\/span><b>myd\u0142em<\/b><span style=\"font-weight: 400;\"> po ka\u017cdym u\u017cyciu, aby by\u0142y czyste i gotowe do u\u017cycia.<\/span><\/li>\n<\/ol>\n<p>&nbsp;<\/p>\n<h2><span style=\"font-weight: 400;\">Co m\u00f3wi\u0105 u\u017cytkownicy:<\/span><\/h2>\n<ul>\n<li style=\"font-weight: 400;\" aria-level=\"1\"><b>94%<\/b><span style=\"font-weight: 400;\"> u\u017cytkownik\u00f3w stwierdzi\u0142o, \u017ce pianka zosta\u0142a na\u0142o\u017cona <\/span><b>r\u00f3wnomiernie<\/b><span style=\"font-weight: 400;\"> i <\/span><b>bez smug<\/b><span style=\"font-weight: 400;\">.<\/span><\/li>\n<li style=\"font-weight: 400;\" aria-level=\"1\"><b>91%<\/b><span style=\"font-weight: 400;\"> twierdzi, \u017ce ich sk\u00f3ra jest <\/span><b>natychmiast bardziej opalona<\/b><span style=\"font-weight: 400;\">.<\/span><\/li>\n<li style=\"font-weight: 400;\" aria-level=\"1\"><b>88%<\/b><span style=\"font-weight: 400;\"> twierdzi, \u017ce ich <\/span><b>cera jest bardziej wyr\u00f3wnana<\/b><span style=\"font-weight: 400;\"> a kolor rozwija si\u0119 naturalnie.<\/span><\/li>\n<li style=\"font-weight: 400;\" aria-level=\"1\"><b>76%<\/b><span style=\"font-weight: 400;\"> u\u017cytkownik\u00f3w zauwa\u017ca ciemniejszy <\/span><b>ciemniejszy<\/b><span style=\"font-weight: 400;\"> ni\u017c ich naturalny odcie\u0144 sk\u00f3ry po aplikacji.<\/span><\/li>\n<\/ul>\n<p>&nbsp;<\/p>\n<h2><span style=\"font-weight: 400;\">Sk\u0142adniki, kt\u00f3re tworz\u0105 magi\u0119 peelingu do cia\u0142a BEACHFRONT:<\/span><\/h2>\n<ul>\n<li style=\"font-weight: 400;\" aria-level=\"1\"><b>Dihydroksyaceton (DHA)<\/b><span style=\"font-weight: 400;\"> A <\/span><b>zwi\u0105zek pochodz\u0105cy z cukru<\/b><span style=\"font-weight: 400;\"> kt\u00f3ry stymuluje produkcj\u0119 <\/span><b>melanoid\u00f3w<\/b><span style=\"font-weight: 400;\">tworz\u0105c naturalny, tymczasowy <\/span><b>tymczasowy<\/b><span style=\"font-weight: 400;\"> bez ekspozycji na s\u0142o\u0144ce.<\/span><\/li>\n<li style=\"font-weight: 400;\" aria-level=\"1\"><b>Olej kokosowy<\/b><span style=\"font-weight: 400;\"> : <\/span><b>Nawil\u017ca<\/b><span style=\"font-weight: 400;\"> i pozostawia sk\u00f3r\u0119 <\/span><b>mi\u0119kk\u0105<\/b><span style=\"font-weight: 400;\"> i <\/span><b>elastyczn\u0105<\/b><span style=\"font-weight: 400;\">jednocze\u015bnie <\/span><b>od\u017cywiaj\u0105c<\/b><span style=\"font-weight: 400;\"> sk\u00f3r\u0119 od wewn\u0105trz.<\/span><\/li>\n<li style=\"font-weight: 400;\" aria-level=\"1\"><b>Olej z awokado<\/b><span style=\"font-weight: 400;\"> : <\/span><b>Regeneruje<\/b><span style=\"font-weight: 400;\"> sk\u00f3r\u0119 i <\/span><b>chroni<\/b><span style=\"font-weight: 400;\"> przed czynnikami zewn\u0119trznymi, jednocze\u015bnie poprawiaj\u0105c jej <\/span><b>blask<\/b><span style=\"font-weight: 400;\"> blask.<\/span><\/li>\n<li style=\"font-weight: 400;\" aria-level=\"1\"><b>Gliceryna<\/b><span style=\"font-weight: 400;\"> : <\/span><b>Nawil\u017ca<\/b><span style=\"font-weight: 400;\"> i utrzymuje r\u00f3wnowag\u0119 nawil\u017cenia sk\u00f3ry, pozostawiaj\u0105c j\u0105 <\/span><b>g\u0142adk\u0105<\/b><span style=\"font-weight: 400;\"> i <\/span><b>promienn\u0105 sk\u00f3r\u0119<\/b><span style=\"font-weight: 400;\">.<\/span><\/li>\n<li style=\"font-weight: 400;\" aria-level=\"1\"><b>Ekstrakt z opuncji figowej<\/b><span style=\"font-weight: 400;\"> : <\/span><b>\u0141agodzi<\/b><span style=\"font-weight: 400;\"> i <\/span><b>nawil\u017ca<\/b><span style=\"font-weight: 400;\">jednocze\u015bnie poprawiaj\u0105c<\/span><b>elastyczno\u015b\u0107<\/b><span style=\"font-weight: 400;\"> elastyczno\u015b\u0107 sk\u00f3ry i <\/span><b>j\u0119drniejszy wygl\u0105d<\/b><span style=\"font-weight: 400;\">.<\/span><\/li>\n<li style=\"font-weight: 400;\" aria-level=\"1\"><b>Ekstrakt z grejpfruta<\/b><span style=\"font-weight: 400;\"> : <\/span><b>Z\u0142uszcza<\/b><span style=\"font-weight: 400;\"> delikatnie, <\/span><b>zmniejsza<\/b><span style=\"font-weight: 400;\"> wygl\u0105d por\u00f3w i nadaje sk\u00f3rze bardziej r\u00f3wnomiern\u0105 <\/span><b>tekstur\u0119<\/b><span style=\"font-weight: 400;\"> i <\/span><b>\u015bwietlist\u0105 tekstur\u0119<\/b><span style=\"font-weight: 400;\">.<\/span><\/li>\n<\/ul>\n<p><span style=\"font-weight: 400;\">Idealna opalenizna czeka na Ciebie, wi\u0119c nie pozw\u00f3l, aby ta szansa Ci umkn\u0119\u0142a. <\/span><b>Dodaj mus opalaj\u0105cy do koszyka<\/b><span style=\"font-weight: 400;\">i zacznij si\u0119 opala\u0107 jeszcze zanim wzejdzie s\u0142o\u0144ce!<\/span><\/p>\n<p>&nbsp;<\/p>\n<h2><span style=\"font-weight: 400;\">FAQ : Pianka do opalania BEACHFRONT Whipped Tanning Mousse<\/span><\/h2>\n<ol>\n<li><b>  Czym ten mus do opalania r\u00f3\u017cni si\u0119 od tradycyjnych samoopalaczy?<\/b><b><br \/>\n<\/b> <span style=\"font-weight: 400;\"> Ta pianka gwarantuje <\/span><b>natychmiastowy br\u0105z<\/b><span style=\"font-weight: 400;\"> kt\u00f3ry rozwija si\u0119 w ci\u0105gu <\/span><b>24 godziny<\/b><span style=\"font-weight: 400;\"> dla <\/span><b>r\u00f3wnomiern\u0105, \u015bwietlist\u0105 cer\u0119<\/b><span style=\"font-weight: 400;\">. W przeciwie\u0144stwie do innych produkt\u00f3w  <\/span><b>\u0142atwy do zastosowania<\/b><span style=\"font-weight: 400;\"> i <\/span><b>nie pozostawia \u015blad\u00f3w<\/b><span style=\"font-weight: 400;\">. Ona  <\/span><b>nawil\u017ca<\/b><span style=\"font-weight: 400;\"> i od\u017cywia sk\u00f3r\u0119 dzi\u0119ki sk\u0142adnikom takim jak<\/span><b>olej kokosowy<\/b><span style=\"font-weight: 400;\"> i<\/span><b>awokado<\/b><span style=\"font-weight: 400;\">.<\/span><\/li>\n<li><b>  Czy mog\u0119 go u\u017cywa\u0107, je\u015bli mam wra\u017cliw\u0105 sk\u00f3r\u0119?<\/b><b><br \/>\n<\/b> <span style=\"font-weight: 400;\"> Tak, <\/span><b>BEACHFRONT Whipped Tanning Mousse<\/b><span style=\"font-weight: 400;\">  jest idealny dla wszystkich rodzaj\u00f3w sk\u00f3ry, w tym sk\u00f3ry wra\u017cliwej. Jest   <\/span><b>Formu\u0142a zawieraj\u0105ca sk\u0142adniki nawil\u017caj\u0105ce<\/b><span style=\"font-weight: 400;\"> i <\/span><b>sk\u0142adnik\u00f3w od\u017cywczych<\/b><span style=\"font-weight: 400;\">aby zagwarantowa\u0107 naturaln\u0105 <\/span><b>naturaln\u0105 opalenizn\u0119<\/b><span style=\"font-weight: 400;\"> i <\/span><b>pe\u0142n\u0105 szacunku<\/b><span style=\"font-weight: 400;\"> sk\u00f3ry.<\/span><\/li>\n<li><b>  Czy opalenizna jest trwa\u0142a?<\/b><b><br \/>\n<\/b><span style=\"font-weight: 400;\">  Nie, to tymczasowe.  <\/span><b>Opalenizna utrzymuje si\u0119 przez oko\u0142o 5 do 7 dni<\/b><span style=\"font-weight: 400;\">i mo\u017cna ponownie na\u0142o\u017cy\u0107 mus, aby utrzyma\u0107 kolor. Jest to idealne rozwi\u0105zanie dla os\u00f3b, kt\u00f3re chc\u0105 uzyska\u0107 szybk\u0105 opalenizn\u0119 bez konieczno\u015bci przebywania na s\u0142o\u0144cu. <\/span><\/li>\n<li><b>  Czy mog\u0119 u\u017cywa\u0107 tego musu bez r\u0119kawicy samoopalaj\u0105cej?<\/b><b><br \/>\n<\/b> <span style=\"font-weight: 400;\"> Chocia\u017c mo\u017ce by\u0107 u\u017cywany bez r\u0119kawicy, dla bardziej r\u00f3wnomiernego <\/span><b>bardziej jednolity wynik<\/b><span style=\"font-weight: 400;\">zaleca si\u0119 stosowanie <\/span><b>R\u0119kawica samoopalaj\u0105ca BEACHFRONT<\/b><span style=\"font-weight: 400;\">. Gwarantuje  <\/span><b>p\u0142ynna aplikacja<\/b><span style=\"font-weight: 400;\"> bez smug, czyni\u0105c proces jeszcze \u0142atwiejszym.<\/span><\/li>\n<li><b>  Czy pianka pozostawia na sk\u00f3rze nieprzyjemny zapach?<\/b><b><br \/>\n<\/b> <span style=\"font-weight: 400;\"> Nie, ma <\/span><b>s\u0142odki zapach melona i wanilii<\/b><span style=\"font-weight: 400;\"> kt\u00f3ry jest <\/span><b>bardzo przyjemny<\/b><span style=\"font-weight: 400;\">  i nie obci\u0105\u017ca sk\u00f3ry. Pozostawia uczucie \u015bwie\u017co\u015bci i dobrego samopoczucia. <\/span><\/li>\n<\/ol>\n<p>&nbsp;<\/p>\n","protected":false},"excerpt":{"rendered":"<p><span style=\"font-weight: 400;\">Wiesz, zesz\u0142ego lata chcia\u0142am si\u0119 opali\u0107, ale nie mia\u0142am czasu ani energii na sp\u0119dzanie godzin na s\u0142o\u0144cu. A z dw\u00f3jk\u0105 dzieci do opieki, sp\u0119dzenie dnia na pla\u017cy by\u0142o niemo\u017cliwe. Jednak, jak wiele kobiet, pragn\u0119\u0142am \u015bwie\u017cej, mu\u015bni\u0119tej s\u0142o\u0144cem opalenizny. Zwr\u00f3ci\u0142am si\u0119 wi\u0119c do     <\/span><b>Bita pianka do opalania BEACHFRONT<\/b><span style=\"font-weight: 400;\">.<\/span><\/p>\n","protected":false},"featured_media":11898,"comment_status":"open","ping_status":"closed","template":"","meta":{"_seopress_robots_primary_cat":"none","_seopress_titles_title":"","_seopress_titles_desc":"","_seopress_robots_index":"","site-sidebar-layout":"default","site-content-layout":"","ast-site-content-layout":"default","site-content-style":"default","site-sidebar-style":"default","ast-global-header-display":"","ast-banner-title-visibility":"","ast-main-header-display":"","ast-hfb-above-header-display":"","ast-hfb-below-header-display":"","ast-hfb-mobile-header-display":"","site-post-title":"","ast-breadcrumbs-content":"","ast-featured-img":"","footer-sml-layout":"","ast-disable-related-posts":"","theme-transparent-header-meta":"default","adv-header-id-meta":"","stick-header-meta":"","header-above-stick-meta":"","header-main-stick-meta":"","header-below-stick-meta":"","astra-migrate-meta-layouts":"default","ast-page-background-enabled":"default","ast-page-background-meta":{"desktop":{"background-color":"var(--ast-global-color-4)","background-image":"","background-repeat":"repeat","background-position":"center center","background-size":"auto","background-attachment":"scroll","background-type":"","background-media":"","overlay-type":"","overlay-color":"","overlay-opacity":"","overlay-gradient":""},"tablet":{"background-color":"","background-image":"","background-repeat":"repeat","background-position":"center center","background-size":"auto","background-attachment":"scroll","background-type":"","background-media":"","overlay-type":"","overlay-color":"","overlay-opacity":"","overlay-gradient":""},"mobile":{"background-color":"","background-image":"","background-repeat":"repeat","background-position":"center center","background-size":"auto","background-attachment":"scroll","background-type":"","background-media":"","overlay-type":"","overlay-color":"","overlay-opacity":"","overlay-gradient":""}},"ast-content-background-meta":{"desktop":{"background-color":"var(--ast-global-color-5)","background-image":"","background-repeat":"repeat","background-position":"center center","background-size":"auto","background-attachment":"scroll","background-type":"","background-media":"","overlay-type":"","overlay-color":"","overlay-opacity":"","overlay-gradient":""},"tablet":{"background-color":"var(--ast-global-color-5)","background-image":"","background-repeat":"repeat","background-position":"center center","background-size":"auto","background-attachment":"scroll","background-type":"","background-media":"","overlay-type":"","overlay-color":"","overlay-opacity":"","overlay-gradient":""},"mobile":{"background-color":"var(--ast-global-color-5)","background-image":"","background-repeat":"repeat","background-position":"center center","background-size":"auto","background-attachment":"scroll","background-type":"","background-media":"","overlay-type":"","overlay-color":"","overlay-opacity":"","overlay-gradient":""}}},"product_brand":[],"product_cat":[119],"product_tag":[],"class_list":{"0":"post-11894","1":"product","2":"type-product","3":"status-publish","4":"has-post-thumbnail","6":"product_cat-cialo","7":"desktop-align-left","8":"tablet-align-left","9":"mobile-align-left","11":"first","12":"instock","13":"sale","14":"shipping-taxable","15":"product-type-external"},"_links":{"self":[{"href":"https:\/\/youniquebyemilie.com\/pl\/wp-json\/wp\/v2\/product\/11894","targetHints":{"allow":["GET"]}}],"collection":[{"href":"https:\/\/youniquebyemilie.com\/pl\/wp-json\/wp\/v2\/product"}],"about":[{"href":"https:\/\/youniquebyemilie.com\/pl\/wp-json\/wp\/v2\/types\/product"}],"replies":[{"embeddable":true,"href":"https:\/\/youniquebyemilie.com\/pl\/wp-json\/wp\/v2\/comments?post=11894"}],"wp:featuredmedia":[{"embeddable":true,"href":"https:\/\/youniquebyemilie.com\/pl\/wp-json\/wp\/v2\/media\/11898"}],"wp:attachment":[{"href":"https:\/\/youniquebyemilie.com\/pl\/wp-json\/wp\/v2\/media?parent=11894"}],"wp:term":[{"taxonomy":"product_brand","embeddable":true,"href":"https:\/\/youniquebyemilie.com\/pl\/wp-json\/wp\/v2\/product_brand?post=11894"},{"taxonomy":"product_cat","embeddable":true,"href":"https:\/\/youniquebyemilie.com\/pl\/wp-json\/wp\/v2\/product_cat?post=11894"},{"taxonomy":"product_tag","embeddable":true,"href":"https:\/\/youniquebyemilie.com\/pl\/wp-json\/wp\/v2\/product_tag?post=11894"}],"curies":[{"name":"wp","href":"https:\/\/api.w.org\/{rel}","templated":true}]}}